{"id":22540,"date":"2023-10-04T15:55:37","date_gmt":"2023-10-04T15:55:37","guid":{"rendered":"https:\/\/vintagefrenchfinds.com\/?post_type=product&#038;p=22540"},"modified":"2025-03-17T16:06:03","modified_gmt":"2025-03-17T16:06:03","slug":"ancienne-assiette-faiencerie-uc-de-sarreguemines-feria-avec-support","status":"publish","type":"product","link":"https:\/\/vintagefrenchfinds.com\/en\/product\/ancienne-assiette-faiencerie-uc-de-sarreguemines-feria-avec-support","title":{"rendered":"Ancienne Assiette Fa\u00efencerie U&#038;C de Sarreguemines &#8211; Feria avec Support"},"content":{"rendered":"<p>Assiette \u00e0 dessert \/ fromage vintage en c\u00e9ramique de Utzschneider &amp; Cie<\/p>\n<p>\u00e0 Sarreguemines avec son support mural en m\u00e9tal.<\/p>\n<p>&nbsp;<\/p>\n<p>Un d\u00e9cor floral bleu sur un fond blanc avec un d\u00e9licat liser\u00e9 en feuilles de tr\u00e8fles.<\/p>\n<p>&nbsp;<\/p>\n<p>Estampill\u00e9 sur le revers et encadr\u00e9 par un rectangle\u00a0: FERIA U&amp;C SARREGUMINES<\/p>\n<p>&nbsp;<\/p>\n<p>C\u2019est en 1900 que Paul Utzscheider rach\u00e8te la manufacture de Sarregumeines dont l\u2019activit\u00e9 remonte \u00e0 1790. Dans le but de redynamiser de l\u2019activit\u00e9, Utzschneider fait appelle \u00e0 des techniques de production anglaises. Gr\u00e2ce \u00e0 l\u2019impression, il industrialise sa manufacture et \u00e9conomise sur la production.<\/p>\n<p>&nbsp;<\/p>\n<p>Traces et t\u00e2ches mais pas d\u2019\u00e9clat ni f\u00ealure<\/p>\n<p>&nbsp;<\/p>\n<p>Pour les amateurs de l\u2019art de la table d\u2019antan.<\/p>\n<p>&nbsp;<\/p>\n<p>D 20,5 cm<\/p>\n<p>&nbsp;<\/p>","protected":false},"excerpt":{"rendered":"<p>Assiette \u00e0 dessert \/ fromage vintage en c\u00e9ramique de Utzschneider &amp; Cie \u00e0 Sarreguemines avec son support mural en m\u00e9tal. &nbsp; Un d\u00e9cor floral bleu sur un fond blanc avec un d\u00e9licat liser\u00e9 en feuilles de tr\u00e8fles. &nbsp; Estampill\u00e9 sur le revers et encadr\u00e9 par un rectangle\u00a0: FERIA U&amp;C SARREGUMINES &nbsp; C\u2019est en 1900 que [&hellip;]<\/p>\n","protected":false},"featured_media":22541,"template":"","meta":{"site-sidebar-layout":"default","site-content-layout":"default","ast-site-content-layout":"default","site-content-style":"default","site-sidebar-style":"default","ast-global-header-display":"","ast-banner-title-visibility":"","ast-main-header-display":"","ast-hfb-above-header-display":"","ast-hfb-below-header-display":"","ast-hfb-mobile-header-display":"","site-post-title":"","ast-breadcrumbs-content":"","ast-featured-img":"","footer-sml-layout":"","ast-disable-related-posts":"","theme-transparent-header-meta":"default","adv-header-id-meta":"","stick-header-meta":"","header-above-stick-meta":"","header-main-stick-meta":"","header-below-stick-meta":"","astra-migrate-meta-layouts":"default","ast-page-background-enabled":"default","ast-page-background-meta":{"desktop":{"background-color":"var(--ast-global-color-4)","background-image":"","background-repeat":"repeat","background-position":"center center","background-size":"auto","background-attachment":"scroll","background-type":"","background-media":"","overlay-type":"","overlay-color":"","overlay-opacity":"","overlay-gradient":""},"tablet":{"background-color":"","background-image":"","background-repeat":"repeat","background-position":"center center","background-size":"auto","background-attachment":"scroll","background-type":"","background-media":"","overlay-type":"","overlay-color":"","overlay-opacity":"","overlay-gradient":""},"mobile":{"background-color":"","background-image":"","background-repeat":"repeat","background-position":"center center","background-size":"auto","background-attachment":"scroll","background-type":"","background-media":"","overlay-type":"","overlay-color":"","overlay-opacity":"","overlay-gradient":""}},"ast-content-background-meta":{"desktop":{"background-color":"var(--ast-global-color-5)","background-image":"","background-repeat":"repeat","background-position":"center center","background-size":"auto","background-attachment":"scroll","background-type":"","background-media":"","overlay-type":"","overlay-color":"","overlay-opacity":"","overlay-gradient":""},"tablet":{"background-color":"var(--ast-global-color-5)","background-image":"","background-repeat":"repeat","background-position":"center center","background-size":"auto","background-attachment":"scroll","background-type":"","background-media":"","overlay-type":"","overlay-color":"","overlay-opacity":"","overlay-gradient":""},"mobile":{"background-color":"var(--ast-global-color-5)","background-image":"","background-repeat":"repeat","background-position":"center center","background-size":"auto","background-attachment":"scroll","background-type":"","background-media":"","overlay-type":"","overlay-color":"","overlay-opacity":"","overlay-gradient":""}}},"product_cat":[3542,3546],"product_tag":[1197,1115,1845,1501,1920,1174,1155,1011],"yoast_head":"<!-- This site is optimized with the Yoast SEO plugin v20.8 - https:\/\/yoast.com\/wordpress\/plugins\/seo\/ -->\n<title>Ancienne Assiette Fa\u00efencerie U&amp;C de Sarreguemines - Feria avec Support - Vintage French Finds<\/title>\n<meta name=\"description\" content=\"The best of French vintage delivered to your doorstep direct from France : fashion, furniture, decoration, table art, curiosities, collections and art work.\" \/>\n<meta name=\"robots\" content=\"index, follow, max-snippet:-1, max-image-preview:large, max-video-preview:-1\" \/>\n<link rel=\"canonical\" href=\"https:\/\/vintagefrenchfinds.com\/en\/product\/ancienne-assiette-faiencerie-uc-de-sarreguemines-feria-avec-support\/\" \/>\n<meta property=\"og:locale\" content=\"en_GB\" \/>\n<meta property=\"og:type\" content=\"article\" \/>\n<meta property=\"og:title\" content=\"Ancienne Assiette Fa\u00efencerie U&amp;C de Sarreguemines - Feria avec Support - Vintage French Finds\" \/>\n<meta property=\"og:description\" content=\"The best of French vintage delivered to your doorstep direct from France : fashion, furniture, decoration, table art, curiosities, collections and art work.\" \/>\n<meta property=\"og:url\" content=\"https:\/\/vintagefrenchfinds.com\/en\/product\/ancienne-assiette-faiencerie-uc-de-sarreguemines-feria-avec-support\/\" \/>\n<meta property=\"og:site_name\" content=\"Vintage French Finds\" \/>\n<meta property=\"article:modified_time\" content=\"2025-03-17T16:06:03+00:00\" \/>\n<meta property=\"og:image\" content=\"https:\/\/vintagefrenchfinds.com\/wp-content\/uploads\/2023\/10\/DSCN1751.jpg\" \/>\n\t<meta property=\"og:image:width\" content=\"721\" \/>\n\t<meta property=\"og:image:height\" content=\"651\" \/>\n\t<meta property=\"og:image:type\" content=\"image\/jpeg\" \/>\n<meta name=\"twitter:card\" content=\"summary_large_image\" \/>\n<meta name=\"twitter:label1\" content=\"Estimated reading time\" \/>\n\t<meta name=\"twitter:data1\" content=\"1 minute\" \/>\n<script type=\"application\/ld+json\" class=\"yoast-schema-graph\">{\"@context\":\"https:\/\/schema.org\",\"@graph\":[{\"@type\":\"WebPage\",\"@id\":\"https:\/\/vintagefrenchfinds.com\/product\/ancienne-assiette-faiencerie-uc-de-sarreguemines-feria-avec-support\",\"url\":\"https:\/\/vintagefrenchfinds.com\/product\/ancienne-assiette-faiencerie-uc-de-sarreguemines-feria-avec-support\",\"name\":\"Ancienne Assiette Fa\u00efencerie U&C de Sarreguemines - Feria avec Support - Vintage French Finds\",\"isPartOf\":{\"@id\":\"https:\/\/vintagefrenchfinds.com\/#website\"},\"datePublished\":\"2023-10-04T15:55:37+00:00\",\"dateModified\":\"2025-03-17T16:06:03+00:00\",\"description\":\"The best of French vintage delivered to your doorstep direct from France : fashion, furniture, decoration, table art, curiosities, collections and art work.\",\"breadcrumb\":{\"@id\":\"https:\/\/vintagefrenchfinds.com\/product\/ancienne-assiette-faiencerie-uc-de-sarreguemines-feria-avec-support#breadcrumb\"},\"inLanguage\":\"en-GB\",\"potentialAction\":[{\"@type\":\"ReadAction\",\"target\":[\"https:\/\/vintagefrenchfinds.com\/product\/ancienne-assiette-faiencerie-uc-de-sarreguemines-feria-avec-support\"]}]},{\"@type\":\"BreadcrumbList\",\"@id\":\"https:\/\/vintagefrenchfinds.com\/product\/ancienne-assiette-faiencerie-uc-de-sarreguemines-feria-avec-support#breadcrumb\",\"itemListElement\":[{\"@type\":\"ListItem\",\"position\":1,\"name\":\"Home\",\"item\":\"https:\/\/vintagefrenchfinds.com\/\"},{\"@type\":\"ListItem\",\"position\":2,\"name\":\"BOUTIQUE\",\"item\":\"https:\/\/vintagefrenchfinds.com\/shop\"},{\"@type\":\"ListItem\",\"position\":3,\"name\":\"Ancienne Assiette Fa\u00efencerie U&#038;C de Sarreguemines &#8211; Feria avec Support\"}]},{\"@type\":\"WebSite\",\"@id\":\"https:\/\/vintagefrenchfinds.com\/#website\",\"url\":\"https:\/\/vintagefrenchfinds.com\/\",\"name\":\"Vintage French Finds\",\"description\":\"The best of French vintage delivered to your doorstep direct from France : fashion, furniture, decoration, table art, curiosities, collections and art work.\",\"potentialAction\":[{\"@type\":\"SearchAction\",\"target\":{\"@type\":\"EntryPoint\",\"urlTemplate\":\"https:\/\/vintagefrenchfinds.com\/?s={search_term_string}\"},\"query-input\":\"required name=search_term_string\"}],\"inLanguage\":\"en-GB\"}]}<\/script>\n<!-- \/ Yoast SEO plugin. -->","yoast_head_json":{"title":"Ancienne Assiette Fa\u00efencerie U&C de Sarreguemines - Feria avec Support - Vintage French Finds","description":"The best of French vintage delivered to your doorstep direct from France : fashion, furniture, decoration, table art, curiosities, collections and art work.","robots":{"index":"index","follow":"follow","max-snippet":"max-snippet:-1","max-image-preview":"max-image-preview:large","max-video-preview":"max-video-preview:-1"},"canonical":"https:\/\/vintagefrenchfinds.com\/en\/product\/ancienne-assiette-faiencerie-uc-de-sarreguemines-feria-avec-support\/","og_locale":"en_GB","og_type":"article","og_title":"Ancienne Assiette Fa\u00efencerie U&C de Sarreguemines - Feria avec Support - Vintage French Finds","og_description":"The best of French vintage delivered to your doorstep direct from France : fashion, furniture, decoration, table art, curiosities, collections and art work.","og_url":"https:\/\/vintagefrenchfinds.com\/en\/product\/ancienne-assiette-faiencerie-uc-de-sarreguemines-feria-avec-support\/","og_site_name":"Vintage French Finds","article_modified_time":"2025-03-17T16:06:03+00:00","og_image":[{"width":721,"height":651,"url":"https:\/\/vintagefrenchfinds.com\/wp-content\/uploads\/2023\/10\/DSCN1751.jpg","type":"image\/jpeg"}],"twitter_card":"summary_large_image","twitter_misc":{"Estimated reading time":"1 minute"},"schema":{"@context":"https:\/\/schema.org","@graph":[{"@type":"WebPage","@id":"https:\/\/vintagefrenchfinds.com\/product\/ancienne-assiette-faiencerie-uc-de-sarreguemines-feria-avec-support","url":"https:\/\/vintagefrenchfinds.com\/product\/ancienne-assiette-faiencerie-uc-de-sarreguemines-feria-avec-support","name":"Ancienne Assiette Fa\u00efencerie U&C de Sarreguemines - Feria avec Support - Vintage French Finds","isPartOf":{"@id":"https:\/\/vintagefrenchfinds.com\/#website"},"datePublished":"2023-10-04T15:55:37+00:00","dateModified":"2025-03-17T16:06:03+00:00","description":"The best of French vintage delivered to your doorstep direct from France : fashion, furniture, decoration, table art, curiosities, collections and art work.","breadcrumb":{"@id":"https:\/\/vintagefrenchfinds.com\/product\/ancienne-assiette-faiencerie-uc-de-sarreguemines-feria-avec-support#breadcrumb"},"inLanguage":"en-GB","potentialAction":[{"@type":"ReadAction","target":["https:\/\/vintagefrenchfinds.com\/product\/ancienne-assiette-faiencerie-uc-de-sarreguemines-feria-avec-support"]}]},{"@type":"BreadcrumbList","@id":"https:\/\/vintagefrenchfinds.com\/product\/ancienne-assiette-faiencerie-uc-de-sarreguemines-feria-avec-support#breadcrumb","itemListElement":[{"@type":"ListItem","position":1,"name":"Home","item":"https:\/\/vintagefrenchfinds.com\/"},{"@type":"ListItem","position":2,"name":"BOUTIQUE","item":"https:\/\/vintagefrenchfinds.com\/shop"},{"@type":"ListItem","position":3,"name":"Ancienne Assiette Fa\u00efencerie U&#038;C de Sarreguemines &#8211; Feria avec Support"}]},{"@type":"WebSite","@id":"https:\/\/vintagefrenchfinds.com\/#website","url":"https:\/\/vintagefrenchfinds.com\/","name":"Vintage French Finds\u00a0","description":"The best of French vintage delivered to your doorstep direct from France : fashion, furniture, decoration, table art, curiosities, collections and art work.","potentialAction":[{"@type":"SearchAction","target":{"@type":"EntryPoint","urlTemplate":"https:\/\/vintagefrenchfinds.com\/?s={search_term_string}"},"query-input":"required name=search_term_string"}],"inLanguage":"en-GB"}]}},"post_mailing_queue_ids":[],"_links":{"self":[{"href":"https:\/\/vintagefrenchfinds.com\/en\/wp-json\/wp\/v2\/product\/22540"}],"collection":[{"href":"https:\/\/vintagefrenchfinds.com\/en\/wp-json\/wp\/v2\/product"}],"about":[{"href":"https:\/\/vintagefrenchfinds.com\/en\/wp-json\/wp\/v2\/types\/product"}],"wp:featuredmedia":[{"embeddable":true,"href":"https:\/\/vintagefrenchfinds.com\/en\/wp-json\/wp\/v2\/media\/22541"}],"wp:attachment":[{"href":"https:\/\/vintagefrenchfinds.com\/en\/wp-json\/wp\/v2\/media?parent=22540"}],"wp:term":[{"taxonomy":"product_cat","embeddable":true,"href":"https:\/\/vintagefrenchfinds.com\/en\/wp-json\/wp\/v2\/product_cat?post=22540"},{"taxonomy":"product_tag","embeddable":true,"href":"https:\/\/vintagefrenchfinds.com\/en\/wp-json\/wp\/v2\/product_tag?post=22540"}],"curies":[{"name":"wp","href":"https:\/\/api.w.org\/{rel}","templated":true}]}}