{"id":23303,"date":"2024-01-09T17:40:33","date_gmt":"2024-01-09T17:40:33","guid":{"rendered":"https:\/\/vintagefrenchfinds.com\/?post_type=product&#038;p=23303"},"modified":"2025-10-07T12:31:10","modified_gmt":"2025-10-07T12:31:10","slug":"2-anciens-salerons-en-cristal-signes-daum","status":"publish","type":"product","link":"https:\/\/vintagefrenchfinds.com\/en\/product\/2-anciens-salerons-en-cristal-signes-daum","title":{"rendered":"2 Anciens Salerons en Cristal Sign\u00e9s Daum"},"content":{"rendered":"<p>Paire de sali\u00e8res vintage en cristal de forme arrondie avec leur cuill\u00e8re assortie.<\/p>\n<p>&nbsp;<\/p>\n<p>Signature grav\u00e9e\u00a0: Daum France<\/p>\n<p>&nbsp;<\/p>\n<p>L\u2019histoire commence en 1871, lorsque le notaire Jean Daum s\u2019\u00e9tablit \u00e0 Nancy, et rach\u00e8te une modeste verrerie. Le fils, Antonin reprend vite l\u2019affaire, peaufine la technique de la p\u00e2te de verre et commence \u00e0 produire des pi\u00e8ces s\u2019inscrivant pleinement dans la tendance de l\u2019Art Nouveau. La reconnaissance du milieu artistique ne tarde pas \u00e0 venir, et les d\u00e9licates cr\u00e9ations Daum trouvent une place de choix dans les diff\u00e9rentes Expositions universelles qui se tiennent entre 1894\u00a0et 1897.<\/p>\n<p>&nbsp;<\/p>\n<p>La maison de verrerie ouvre sa propre \u00e9cole de dessin et de gravure, en vue de former ses propres futurs d\u00e9corateurs. Et pr\u00e8s la Premi\u00e8re Guerre Mondiale, la maison se tourne vers l\u2019Art D\u00e9co, alors en plein essor,<\/p>\n<p>&nbsp;<\/p>\n<p>C\u2019est avec Jacques Daum qu\u2019\u00e0 partir de 1965, la cristallerie de luxe commence \u00e0 s\u2019entourer de grands noms de l\u2019art moderne et contemporain\u00a0; apportant de fait un nouveau souffle \u00e0 la production. \u00c0 compter de cette \u00e9poque, Daum ne cesse de collaborer avec de grands noms de l\u2019art contemporain, des designers et autres cr\u00e9ateurs d\u00e9sireux d\u2019associer leur \u00ab\u00a0patte\u00a0\u00bb \u00e0 la p\u00e2te de verre sigl\u00e9e Daum.<\/p>\n<p>&nbsp;<\/p>\n<p>Ce duo de sali\u00e8res est en bon \u00e9tat g\u00e9n\u00e9ral ; il est pr\u00e9sent\u00e9 dans sa bo\u00eete d\u2019origine (avec traces visibles).<\/p>\n<p>&nbsp;<\/p>\n<p>Un beau cadeau pour les amateurs de l\u2019art de la table ancienne.<\/p>\n<p>&nbsp;<\/p>\n<p>LO 7 x H 3,5 x LA 5,5 cm<\/p>","protected":false},"excerpt":{"rendered":"<p>Paire de sali\u00e8res vintage en cristal de forme arrondie avec leur cuill\u00e8re assortie. &nbsp; Signature grav\u00e9e\u00a0: Daum France &nbsp; L\u2019histoire commence en 1871, lorsque le notaire Jean Daum s\u2019\u00e9tablit \u00e0 Nancy, et rach\u00e8te une modeste verrerie. Le fils, Antonin reprend vite l\u2019affaire, peaufine la technique de la p\u00e2te de verre et commence \u00e0 produire des [&hellip;]<\/p>\n","protected":false},"featured_media":23306,"template":"","meta":{"site-sidebar-layout":"default","site-content-layout":"default","ast-site-content-layout":"default","site-content-style":"default","site-sidebar-style":"default","ast-global-header-display":"","ast-banner-title-visibility":"","ast-main-header-display":"","ast-hfb-above-header-display":"","ast-hfb-below-header-display":"","ast-hfb-mobile-header-display":"","site-post-title":"","ast-breadcrumbs-content":"","ast-featured-img":"","footer-sml-layout":"","ast-disable-related-posts":"","theme-transparent-header-meta":"default","adv-header-id-meta":"","stick-header-meta":"","header-above-stick-meta":"","header-main-stick-meta":"","header-below-stick-meta":"","astra-migrate-meta-layouts":"set","ast-page-background-enabled":"default","ast-page-background-meta":{"desktop":{"background-color":"var(--ast-global-color-4)","background-image":"","background-repeat":"repeat","background-position":"center center","background-size":"auto","background-attachment":"scroll","background-type":"","background-media":"","overlay-type":"","overlay-color":"","overlay-opacity":"","overlay-gradient":""},"tablet":{"background-color":"","background-image":"","background-repeat":"repeat","background-position":"center center","background-size":"auto","background-attachment":"scroll","background-type":"","background-media":"","overlay-type":"","overlay-color":"","overlay-opacity":"","overlay-gradient":""},"mobile":{"background-color":"","background-image":"","background-repeat":"repeat","background-position":"center center","background-size":"auto","background-attachment":"scroll","background-type":"","background-media":"","overlay-type":"","overlay-color":"","overlay-opacity":"","overlay-gradient":""}},"ast-content-background-meta":{"desktop":{"background-color":"var(--ast-global-color-5)","background-image":"","background-repeat":"repeat","background-position":"center center","background-size":"auto","background-attachment":"scroll","background-type":"","background-media":"","overlay-type":"","overlay-color":"","overlay-opacity":"","overlay-gradient":""},"tablet":{"background-color":"var(--ast-global-color-5)","background-image":"","background-repeat":"repeat","background-position":"center center","background-size":"auto","background-attachment":"scroll","background-type":"","background-media":"","overlay-type":"","overlay-color":"","overlay-opacity":"","overlay-gradient":""},"mobile":{"background-color":"var(--ast-global-color-5)","background-image":"","background-repeat":"repeat","background-position":"center center","background-size":"auto","background-attachment":"scroll","background-type":"","background-media":"","overlay-type":"","overlay-color":"","overlay-opacity":"","overlay-gradient":""}}},"product_cat":[3542,3559],"product_tag":[1197,1115,1193,1920,2287,1662,3707,1011],"yoast_head":"<!-- This site is optimized with the Yoast SEO plugin v20.8 - https:\/\/yoast.com\/wordpress\/plugins\/seo\/ -->\n<title>2 Anciens Salerons en Cristal Sign\u00e9s Daum - Vintage French Finds<\/title>\n<meta name=\"description\" content=\"The best of French vintage delivered to your doorstep direct from France : fashion, furniture, decoration, table art, curiosities, collections and art work.\" \/>\n<meta name=\"robots\" content=\"index, follow, max-snippet:-1, max-image-preview:large, max-video-preview:-1\" \/>\n<link rel=\"canonical\" href=\"https:\/\/vintagefrenchfinds.com\/en\/product\/2-anciens-salerons-en-cristal-signes-daum\/\" \/>\n<meta property=\"og:locale\" content=\"en_GB\" \/>\n<meta property=\"og:type\" content=\"article\" \/>\n<meta property=\"og:title\" content=\"2 Anciens Salerons en Cristal Sign\u00e9s Daum - Vintage French Finds\" \/>\n<meta property=\"og:description\" content=\"The best of French vintage delivered to your doorstep direct from France : fashion, furniture, decoration, table art, curiosities, collections and art work.\" \/>\n<meta property=\"og:url\" content=\"https:\/\/vintagefrenchfinds.com\/en\/product\/2-anciens-salerons-en-cristal-signes-daum\/\" \/>\n<meta property=\"og:site_name\" content=\"Vintage French Finds\" \/>\n<meta property=\"article:modified_time\" content=\"2025-10-07T12:31:10+00:00\" \/>\n<meta property=\"og:image\" content=\"https:\/\/vintagefrenchfinds.com\/wp-content\/uploads\/2024\/01\/DSCN2300.jpg\" \/>\n\t<meta property=\"og:image:width\" content=\"778\" \/>\n\t<meta property=\"og:image:height\" content=\"555\" \/>\n\t<meta property=\"og:image:type\" content=\"image\/jpeg\" \/>\n<meta name=\"twitter:card\" content=\"summary_large_image\" \/>\n<meta name=\"twitter:label1\" content=\"Estimated reading time\" \/>\n\t<meta name=\"twitter:data1\" content=\"2 minutes\" \/>\n<script type=\"application\/ld+json\" class=\"yoast-schema-graph\">{\"@context\":\"https:\/\/schema.org\",\"@graph\":[{\"@type\":\"WebPage\",\"@id\":\"https:\/\/vintagefrenchfinds.com\/product\/2-anciens-salerons-en-cristal-signes-daum\",\"url\":\"https:\/\/vintagefrenchfinds.com\/product\/2-anciens-salerons-en-cristal-signes-daum\",\"name\":\"2 Anciens Salerons en Cristal Sign\u00e9s Daum - Vintage French Finds\",\"isPartOf\":{\"@id\":\"https:\/\/vintagefrenchfinds.com\/#website\"},\"datePublished\":\"2024-01-09T17:40:33+00:00\",\"dateModified\":\"2025-10-07T12:31:10+00:00\",\"description\":\"The best of French vintage delivered to your doorstep direct from France : fashion, furniture, decoration, table art, curiosities, collections and art work.\",\"breadcrumb\":{\"@id\":\"https:\/\/vintagefrenchfinds.com\/product\/2-anciens-salerons-en-cristal-signes-daum#breadcrumb\"},\"inLanguage\":\"en-GB\",\"potentialAction\":[{\"@type\":\"ReadAction\",\"target\":[\"https:\/\/vintagefrenchfinds.com\/product\/2-anciens-salerons-en-cristal-signes-daum\"]}]},{\"@type\":\"BreadcrumbList\",\"@id\":\"https:\/\/vintagefrenchfinds.com\/product\/2-anciens-salerons-en-cristal-signes-daum#breadcrumb\",\"itemListElement\":[{\"@type\":\"ListItem\",\"position\":1,\"name\":\"Home\",\"item\":\"https:\/\/vintagefrenchfinds.com\/\"},{\"@type\":\"ListItem\",\"position\":2,\"name\":\"BOUTIQUE\",\"item\":\"https:\/\/vintagefrenchfinds.com\/shop\"},{\"@type\":\"ListItem\",\"position\":3,\"name\":\"2 Anciens Salerons en Cristal Sign\u00e9s Daum\"}]},{\"@type\":\"WebSite\",\"@id\":\"https:\/\/vintagefrenchfinds.com\/#website\",\"url\":\"https:\/\/vintagefrenchfinds.com\/\",\"name\":\"Vintage French Finds\",\"description\":\"The best of French vintage delivered to your doorstep direct from France : fashion, furniture, decoration, table art, curiosities, collections and art work.\",\"potentialAction\":[{\"@type\":\"SearchAction\",\"target\":{\"@type\":\"EntryPoint\",\"urlTemplate\":\"https:\/\/vintagefrenchfinds.com\/?s={search_term_string}\"},\"query-input\":\"required name=search_term_string\"}],\"inLanguage\":\"en-GB\"}]}<\/script>\n<!-- \/ Yoast SEO plugin. -->","yoast_head_json":{"title":"2 Anciens Salerons en Cristal Sign\u00e9s Daum - Vintage French Finds","description":"The best of French vintage delivered to your doorstep direct from France : fashion, furniture, decoration, table art, curiosities, collections and art work.","robots":{"index":"index","follow":"follow","max-snippet":"max-snippet:-1","max-image-preview":"max-image-preview:large","max-video-preview":"max-video-preview:-1"},"canonical":"https:\/\/vintagefrenchfinds.com\/en\/product\/2-anciens-salerons-en-cristal-signes-daum\/","og_locale":"en_GB","og_type":"article","og_title":"2 Anciens Salerons en Cristal Sign\u00e9s Daum - Vintage French Finds","og_description":"The best of French vintage delivered to your doorstep direct from France : fashion, furniture, decoration, table art, curiosities, collections and art work.","og_url":"https:\/\/vintagefrenchfinds.com\/en\/product\/2-anciens-salerons-en-cristal-signes-daum\/","og_site_name":"Vintage French Finds","article_modified_time":"2025-10-07T12:31:10+00:00","og_image":[{"width":778,"height":555,"url":"https:\/\/vintagefrenchfinds.com\/wp-content\/uploads\/2024\/01\/DSCN2300.jpg","type":"image\/jpeg"}],"twitter_card":"summary_large_image","twitter_misc":{"Estimated reading time":"2 minutes"},"schema":{"@context":"https:\/\/schema.org","@graph":[{"@type":"WebPage","@id":"https:\/\/vintagefrenchfinds.com\/product\/2-anciens-salerons-en-cristal-signes-daum","url":"https:\/\/vintagefrenchfinds.com\/product\/2-anciens-salerons-en-cristal-signes-daum","name":"2 Anciens Salerons en Cristal Sign\u00e9s Daum - Vintage French Finds","isPartOf":{"@id":"https:\/\/vintagefrenchfinds.com\/#website"},"datePublished":"2024-01-09T17:40:33+00:00","dateModified":"2025-10-07T12:31:10+00:00","description":"The best of French vintage delivered to your doorstep direct from France : fashion, furniture, decoration, table art, curiosities, collections and art work.","breadcrumb":{"@id":"https:\/\/vintagefrenchfinds.com\/product\/2-anciens-salerons-en-cristal-signes-daum#breadcrumb"},"inLanguage":"en-GB","potentialAction":[{"@type":"ReadAction","target":["https:\/\/vintagefrenchfinds.com\/product\/2-anciens-salerons-en-cristal-signes-daum"]}]},{"@type":"BreadcrumbList","@id":"https:\/\/vintagefrenchfinds.com\/product\/2-anciens-salerons-en-cristal-signes-daum#breadcrumb","itemListElement":[{"@type":"ListItem","position":1,"name":"Home","item":"https:\/\/vintagefrenchfinds.com\/"},{"@type":"ListItem","position":2,"name":"BOUTIQUE","item":"https:\/\/vintagefrenchfinds.com\/shop"},{"@type":"ListItem","position":3,"name":"2 Anciens Salerons en Cristal Sign\u00e9s Daum"}]},{"@type":"WebSite","@id":"https:\/\/vintagefrenchfinds.com\/#website","url":"https:\/\/vintagefrenchfinds.com\/","name":"Vintage French Finds\u00a0","description":"The best of French vintage delivered to your doorstep direct from France : fashion, furniture, decoration, table art, curiosities, collections and art work.","potentialAction":[{"@type":"SearchAction","target":{"@type":"EntryPoint","urlTemplate":"https:\/\/vintagefrenchfinds.com\/?s={search_term_string}"},"query-input":"required name=search_term_string"}],"inLanguage":"en-GB"}]}},"post_mailing_queue_ids":[],"_links":{"self":[{"href":"https:\/\/vintagefrenchfinds.com\/en\/wp-json\/wp\/v2\/product\/23303"}],"collection":[{"href":"https:\/\/vintagefrenchfinds.com\/en\/wp-json\/wp\/v2\/product"}],"about":[{"href":"https:\/\/vintagefrenchfinds.com\/en\/wp-json\/wp\/v2\/types\/product"}],"wp:featuredmedia":[{"embeddable":true,"href":"https:\/\/vintagefrenchfinds.com\/en\/wp-json\/wp\/v2\/media\/23306"}],"wp:attachment":[{"href":"https:\/\/vintagefrenchfinds.com\/en\/wp-json\/wp\/v2\/media?parent=23303"}],"wp:term":[{"taxonomy":"product_cat","embeddable":true,"href":"https:\/\/vintagefrenchfinds.com\/en\/wp-json\/wp\/v2\/product_cat?post=23303"},{"taxonomy":"product_tag","embeddable":true,"href":"https:\/\/vintagefrenchfinds.com\/en\/wp-json\/wp\/v2\/product_tag?post=23303"}],"curies":[{"name":"wp","href":"https:\/\/api.w.org\/{rel}","templated":true}]}}