{"id":23391,"date":"2024-01-18T07:33:58","date_gmt":"2024-01-18T07:33:58","guid":{"rendered":"https:\/\/vintagefrenchfinds.com\/?post_type=product&#038;p=23391"},"modified":"2025-03-17T09:05:46","modified_gmt":"2025-03-17T09:05:46","slug":"ancienne-chaise-datelier-pivotable-en-skai-metal","status":"publish","type":"product","link":"https:\/\/vintagefrenchfinds.com\/en\/product\/ancienne-chaise-datelier-pivotable-en-skai-metal","title":{"rendered":"Ancienne Chaise d&rsquo;Atelier Pivotable en Skai &#038; M\u00e9tal"},"content":{"rendered":"<p>Chaise pivotable d&rsquo;atelier vintage en ska\u00ef et m\u00e9tal, alliant le charme du mobilier r\u00e9tro \u00e0 l&rsquo;esth\u00e9tique distinctive de l&rsquo;\u00e8re industrielle.<\/p>\n<p>&nbsp;<\/p>\n<p>&nbsp;<\/p>\n<p>Le si\u00e8ge de forme carr\u00e9 est rev\u00eatu de ska\u00ef couleur marron carr\u00e9e, ce qui conf\u00e8re \u00e0 cette chaise un caract\u00e8re distinctif et une touche chaleureuse. Son dossier et son assise offrent un confort optimal pendant le travail.<\/p>\n<p>&nbsp;<\/p>\n<p>&nbsp;<\/p>\n<p>La chaise est dot\u00e9e de 4 roues offrant une mobilit\u00e9 ais\u00e9e, elle est \u00e9galement r\u00e9glable en hauteur, ce qui vous garantit une adaptation parfaite \u00e0 vos besoins, tout en assurant stabilit\u00e9 et solidit\u00e9, id\u00e9ale pour ceux recherchant un mobilier \u00e0 la fois \u00e9l\u00e9gant et fonctionnel.<\/p>\n<p>&nbsp;<\/p>\n<p>&nbsp;<\/p>\n<p>Bon \u00e9tat g\u00e9n\u00e9ral mais les molettes de r\u00e9glage ont besoin d\u2019\u00eatre d\u00e9gripp\u00e9es.<\/p>\n<p>&nbsp;<\/p>\n<p>&nbsp;<\/p>\n<p>H 87 x LA 41,5 x P 42,5 cm<\/p>","protected":false},"excerpt":{"rendered":"<p>Chaise pivotable d&rsquo;atelier vintage en ska\u00ef et m\u00e9tal, alliant le charme du mobilier r\u00e9tro \u00e0 l&rsquo;esth\u00e9tique distinctive de l&rsquo;\u00e8re industrielle. &nbsp; &nbsp; Le si\u00e8ge de forme carr\u00e9 est rev\u00eatu de ska\u00ef couleur marron carr\u00e9e, ce qui conf\u00e8re \u00e0 cette chaise un caract\u00e8re distinctif et une touche chaleureuse. Son dossier et son assise offrent un confort [&hellip;]<\/p>\n","protected":false},"featured_media":23392,"template":"","meta":{"site-sidebar-layout":"default","site-content-layout":"default","ast-site-content-layout":"default","site-content-style":"default","site-sidebar-style":"default","ast-global-header-display":"","ast-banner-title-visibility":"","ast-main-header-display":"","ast-hfb-above-header-display":"","ast-hfb-below-header-display":"","ast-hfb-mobile-header-display":"","site-post-title":"","ast-breadcrumbs-content":"","ast-featured-img":"","footer-sml-layout":"","ast-disable-related-posts":"","theme-transparent-header-meta":"default","adv-header-id-meta":"","stick-header-meta":"","header-above-stick-meta":"","header-main-stick-meta":"","header-below-stick-meta":"","astra-migrate-meta-layouts":"default","ast-page-background-enabled":"default","ast-page-background-meta":{"desktop":{"background-color":"var(--ast-global-color-4)","background-image":"","background-repeat":"repeat","background-position":"center center","background-size":"auto","background-attachment":"scroll","background-type":"","background-media":"","overlay-type":"","overlay-color":"","overlay-opacity":"","overlay-gradient":""},"tablet":{"background-color":"","background-image":"","background-repeat":"repeat","background-position":"center center","background-size":"auto","background-attachment":"scroll","background-type":"","background-media":"","overlay-type":"","overlay-color":"","overlay-opacity":"","overlay-gradient":""},"mobile":{"background-color":"","background-image":"","background-repeat":"repeat","background-position":"center center","background-size":"auto","background-attachment":"scroll","background-type":"","background-media":"","overlay-type":"","overlay-color":"","overlay-opacity":"","overlay-gradient":""}},"ast-content-background-meta":{"desktop":{"background-color":"var(--ast-global-color-5)","background-image":"","background-repeat":"repeat","background-position":"center center","background-size":"auto","background-attachment":"scroll","background-type":"","background-media":"","overlay-type":"","overlay-color":"","overlay-opacity":"","overlay-gradient":""},"tablet":{"background-color":"var(--ast-global-color-5)","background-image":"","background-repeat":"repeat","background-position":"center center","background-size":"auto","background-attachment":"scroll","background-type":"","background-media":"","overlay-type":"","overlay-color":"","overlay-opacity":"","overlay-gradient":""},"mobile":{"background-color":"var(--ast-global-color-5)","background-image":"","background-repeat":"repeat","background-position":"center center","background-size":"auto","background-attachment":"scroll","background-type":"","background-media":"","overlay-type":"","overlay-color":"","overlay-opacity":"","overlay-gradient":""}}},"product_cat":[22,3531],"product_tag":[1197,1863,1609,2476,1011],"yoast_head":"<!-- This site is optimized with the Yoast SEO plugin v20.8 - https:\/\/yoast.com\/wordpress\/plugins\/seo\/ -->\n<title>Ancienne Chaise d&#039;Atelier Pivotable en Skai &amp; M\u00e9tal - Vintage French Finds<\/title>\n<meta name=\"description\" content=\"The best of French vintage delivered to your doorstep direct from France : fashion, furniture, decoration, table art, curiosities, collections and art work.\" \/>\n<meta name=\"robots\" content=\"index, follow, max-snippet:-1, max-image-preview:large, max-video-preview:-1\" \/>\n<link rel=\"canonical\" href=\"https:\/\/vintagefrenchfinds.com\/en\/product\/ancienne-chaise-datelier-pivotable-en-skai-metal\/\" \/>\n<meta property=\"og:locale\" content=\"en_GB\" \/>\n<meta property=\"og:type\" content=\"article\" \/>\n<meta property=\"og:title\" content=\"Ancienne Chaise d&#039;Atelier Pivotable en Skai &amp; M\u00e9tal - Vintage French Finds\" \/>\n<meta property=\"og:description\" content=\"The best of French vintage delivered to your doorstep direct from France : fashion, furniture, decoration, table art, curiosities, collections and art work.\" \/>\n<meta property=\"og:url\" content=\"https:\/\/vintagefrenchfinds.com\/en\/product\/ancienne-chaise-datelier-pivotable-en-skai-metal\/\" \/>\n<meta property=\"og:site_name\" content=\"Vintage French Finds\" \/>\n<meta property=\"article:modified_time\" content=\"2025-03-17T09:05:46+00:00\" \/>\n<meta property=\"og:image\" content=\"https:\/\/vintagefrenchfinds.com\/wp-content\/uploads\/2024\/01\/DSCN2478.jpg\" \/>\n\t<meta property=\"og:image:width\" content=\"554\" \/>\n\t<meta property=\"og:image:height\" content=\"649\" \/>\n\t<meta property=\"og:image:type\" content=\"image\/jpeg\" \/>\n<meta name=\"twitter:card\" content=\"summary_large_image\" \/>\n<meta name=\"twitter:label1\" content=\"Estimated reading time\" \/>\n\t<meta name=\"twitter:data1\" content=\"1 minute\" \/>\n<script type=\"application\/ld+json\" class=\"yoast-schema-graph\">{\"@context\":\"https:\/\/schema.org\",\"@graph\":[{\"@type\":\"WebPage\",\"@id\":\"https:\/\/vintagefrenchfinds.com\/product\/ancienne-chaise-datelier-pivotable-en-skai-metal\",\"url\":\"https:\/\/vintagefrenchfinds.com\/product\/ancienne-chaise-datelier-pivotable-en-skai-metal\",\"name\":\"Ancienne Chaise d'Atelier Pivotable en Skai & M\u00e9tal - Vintage French Finds\",\"isPartOf\":{\"@id\":\"https:\/\/vintagefrenchfinds.com\/#website\"},\"datePublished\":\"2024-01-18T07:33:58+00:00\",\"dateModified\":\"2025-03-17T09:05:46+00:00\",\"description\":\"The best of French vintage delivered to your doorstep direct from France : fashion, furniture, decoration, table art, curiosities, collections and art work.\",\"breadcrumb\":{\"@id\":\"https:\/\/vintagefrenchfinds.com\/product\/ancienne-chaise-datelier-pivotable-en-skai-metal#breadcrumb\"},\"inLanguage\":\"en-GB\",\"potentialAction\":[{\"@type\":\"ReadAction\",\"target\":[\"https:\/\/vintagefrenchfinds.com\/product\/ancienne-chaise-datelier-pivotable-en-skai-metal\"]}]},{\"@type\":\"BreadcrumbList\",\"@id\":\"https:\/\/vintagefrenchfinds.com\/product\/ancienne-chaise-datelier-pivotable-en-skai-metal#breadcrumb\",\"itemListElement\":[{\"@type\":\"ListItem\",\"position\":1,\"name\":\"Home\",\"item\":\"https:\/\/vintagefrenchfinds.com\/\"},{\"@type\":\"ListItem\",\"position\":2,\"name\":\"BOUTIQUE\",\"item\":\"https:\/\/vintagefrenchfinds.com\/shop\"},{\"@type\":\"ListItem\",\"position\":3,\"name\":\"Ancienne Chaise d&rsquo;Atelier Pivotable en Skai &#038; M\u00e9tal\"}]},{\"@type\":\"WebSite\",\"@id\":\"https:\/\/vintagefrenchfinds.com\/#website\",\"url\":\"https:\/\/vintagefrenchfinds.com\/\",\"name\":\"Vintage French Finds\",\"description\":\"The best of French vintage delivered to your doorstep direct from France : fashion, furniture, decoration, table art, curiosities, collections and art work.\",\"potentialAction\":[{\"@type\":\"SearchAction\",\"target\":{\"@type\":\"EntryPoint\",\"urlTemplate\":\"https:\/\/vintagefrenchfinds.com\/?s={search_term_string}\"},\"query-input\":\"required name=search_term_string\"}],\"inLanguage\":\"en-GB\"}]}<\/script>\n<!-- \/ Yoast SEO plugin. -->","yoast_head_json":{"title":"Ancienne Chaise d'Atelier Pivotable en Skai & M\u00e9tal - Vintage French Finds","description":"The best of French vintage delivered to your doorstep direct from France : fashion, furniture, decoration, table art, curiosities, collections and art work.","robots":{"index":"index","follow":"follow","max-snippet":"max-snippet:-1","max-image-preview":"max-image-preview:large","max-video-preview":"max-video-preview:-1"},"canonical":"https:\/\/vintagefrenchfinds.com\/en\/product\/ancienne-chaise-datelier-pivotable-en-skai-metal\/","og_locale":"en_GB","og_type":"article","og_title":"Ancienne Chaise d'Atelier Pivotable en Skai & M\u00e9tal - Vintage French Finds","og_description":"The best of French vintage delivered to your doorstep direct from France : fashion, furniture, decoration, table art, curiosities, collections and art work.","og_url":"https:\/\/vintagefrenchfinds.com\/en\/product\/ancienne-chaise-datelier-pivotable-en-skai-metal\/","og_site_name":"Vintage French Finds","article_modified_time":"2025-03-17T09:05:46+00:00","og_image":[{"width":554,"height":649,"url":"https:\/\/vintagefrenchfinds.com\/wp-content\/uploads\/2024\/01\/DSCN2478.jpg","type":"image\/jpeg"}],"twitter_card":"summary_large_image","twitter_misc":{"Estimated reading time":"1 minute"},"schema":{"@context":"https:\/\/schema.org","@graph":[{"@type":"WebPage","@id":"https:\/\/vintagefrenchfinds.com\/product\/ancienne-chaise-datelier-pivotable-en-skai-metal","url":"https:\/\/vintagefrenchfinds.com\/product\/ancienne-chaise-datelier-pivotable-en-skai-metal","name":"Ancienne Chaise d'Atelier Pivotable en Skai & M\u00e9tal - Vintage French Finds","isPartOf":{"@id":"https:\/\/vintagefrenchfinds.com\/#website"},"datePublished":"2024-01-18T07:33:58+00:00","dateModified":"2025-03-17T09:05:46+00:00","description":"The best of French vintage delivered to your doorstep direct from France : fashion, furniture, decoration, table art, curiosities, collections and art work.","breadcrumb":{"@id":"https:\/\/vintagefrenchfinds.com\/product\/ancienne-chaise-datelier-pivotable-en-skai-metal#breadcrumb"},"inLanguage":"en-GB","potentialAction":[{"@type":"ReadAction","target":["https:\/\/vintagefrenchfinds.com\/product\/ancienne-chaise-datelier-pivotable-en-skai-metal"]}]},{"@type":"BreadcrumbList","@id":"https:\/\/vintagefrenchfinds.com\/product\/ancienne-chaise-datelier-pivotable-en-skai-metal#breadcrumb","itemListElement":[{"@type":"ListItem","position":1,"name":"Home","item":"https:\/\/vintagefrenchfinds.com\/"},{"@type":"ListItem","position":2,"name":"BOUTIQUE","item":"https:\/\/vintagefrenchfinds.com\/shop"},{"@type":"ListItem","position":3,"name":"Ancienne Chaise d&rsquo;Atelier Pivotable en Skai &#038; M\u00e9tal"}]},{"@type":"WebSite","@id":"https:\/\/vintagefrenchfinds.com\/#website","url":"https:\/\/vintagefrenchfinds.com\/","name":"Vintage French Finds\u00a0","description":"The best of French vintage delivered to your doorstep direct from France : fashion, furniture, decoration, table art, curiosities, collections and art work.","potentialAction":[{"@type":"SearchAction","target":{"@type":"EntryPoint","urlTemplate":"https:\/\/vintagefrenchfinds.com\/?s={search_term_string}"},"query-input":"required name=search_term_string"}],"inLanguage":"en-GB"}]}},"post_mailing_queue_ids":[],"_links":{"self":[{"href":"https:\/\/vintagefrenchfinds.com\/en\/wp-json\/wp\/v2\/product\/23391"}],"collection":[{"href":"https:\/\/vintagefrenchfinds.com\/en\/wp-json\/wp\/v2\/product"}],"about":[{"href":"https:\/\/vintagefrenchfinds.com\/en\/wp-json\/wp\/v2\/types\/product"}],"wp:featuredmedia":[{"embeddable":true,"href":"https:\/\/vintagefrenchfinds.com\/en\/wp-json\/wp\/v2\/media\/23392"}],"wp:attachment":[{"href":"https:\/\/vintagefrenchfinds.com\/en\/wp-json\/wp\/v2\/media?parent=23391"}],"wp:term":[{"taxonomy":"product_cat","embeddable":true,"href":"https:\/\/vintagefrenchfinds.com\/en\/wp-json\/wp\/v2\/product_cat?post=23391"},{"taxonomy":"product_tag","embeddable":true,"href":"https:\/\/vintagefrenchfinds.com\/en\/wp-json\/wp\/v2\/product_tag?post=23391"}],"curies":[{"name":"wp","href":"https:\/\/api.w.org\/{rel}","templated":true}]}}