{"id":23599,"date":"2024-01-26T16:30:00","date_gmt":"2024-01-26T16:30:00","guid":{"rendered":"https:\/\/vintagefrenchfinds.com\/?post_type=product&#038;p=23599"},"modified":"2025-03-17T09:19:27","modified_gmt":"2025-03-17T09:19:27","slug":"ancien-grand-pot-a-graisse-en-gres-emaille-h-29-cm","status":"publish","type":"product","link":"https:\/\/vintagefrenchfinds.com\/en\/product\/ancien-grand-pot-a-graisse-en-gres-emaille-h-29-cm","title":{"rendered":"Ancien Grand Pot \u00e0 Graisse en Gr\u00e8s Emaill\u00e9 H 29 cm"},"content":{"rendered":"<p>D\u00e9couvrez l&rsquo;\u00e9l\u00e9gance intemporelle de ce grand pot en gr\u00e8s au teint marron clair<\/p>\n<p>&nbsp;<\/p>\n<p>Longtemps consid\u00e9r\u00e9 comme plus noble que la terre cuite, le gr\u00e8s est particuli\u00e8rement \u00e0 la mode \u00e0 la fin du 19\u00e8me si\u00e8cle. Dot\u00e9 d\u2019une grande \u00e9tanch\u00e9it\u00e9, il est parfait pour stocker du lait, du beurre, de la cr\u00e8me, des salaisons, des condiments, et des liquides tels que l\u2019huile, le vinaigre et l\u2019alcohol.<\/p>\n<p>&nbsp;<\/p>\n<p>Ces r\u00e9cipients peuvent \u00eatre d\u00e9tourn\u00e9s en pots \u00e0 farine \/ sucre \/ caf\u00e9 \/ cotons. Ils apporteront une jolie touche rustique et r\u00e9tro \u00e0 votre cuisine ou salle de bains<\/p>\n<p>&nbsp;<\/p>\n<p>Un bel objet qui incarne l&rsquo;authenticit\u00e9 et l&rsquo;histoire, et qui peut s\u2019int\u00e9grer \u00e0 tout d\u00e9cor vintage ou r\u00e9tro.<\/p>\n<p>&nbsp;<\/p>\n<p>Il fera \u00e9galement un beau cadeau pour les amateurs de la poterie ancienne.<\/p>\n<p>&nbsp;<\/p>\n<p>Vendu dans son jus, avec quelques traces d\u2019usure.<\/p>\n<p>&nbsp;<\/p>\n<p>H 29 x D 24 x LA 33 cm<\/p>","protected":false},"excerpt":{"rendered":"<p>D\u00e9couvrez l&rsquo;\u00e9l\u00e9gance intemporelle de ce grand pot en gr\u00e8s au teint marron clair &nbsp; Longtemps consid\u00e9r\u00e9 comme plus noble que la terre cuite, le gr\u00e8s est particuli\u00e8rement \u00e0 la mode \u00e0 la fin du 19\u00e8me si\u00e8cle. Dot\u00e9 d\u2019une grande \u00e9tanch\u00e9it\u00e9, il est parfait pour stocker du lait, du beurre, de la cr\u00e8me, des salaisons, des [&hellip;]<\/p>\n","protected":false},"featured_media":23600,"template":"","meta":{"site-sidebar-layout":"default","site-content-layout":"default","ast-site-content-layout":"default","site-content-style":"default","site-sidebar-style":"default","ast-global-header-display":"","ast-banner-title-visibility":"","ast-main-header-display":"","ast-hfb-above-header-display":"","ast-hfb-below-header-display":"","ast-hfb-mobile-header-display":"","site-post-title":"","ast-breadcrumbs-content":"","ast-featured-img":"","footer-sml-layout":"","ast-disable-related-posts":"","theme-transparent-header-meta":"default","adv-header-id-meta":"","stick-header-meta":"","header-above-stick-meta":"","header-main-stick-meta":"","header-below-stick-meta":"","astra-migrate-meta-layouts":"set","ast-page-background-enabled":"default","ast-page-background-meta":{"desktop":{"background-color":"var(--ast-global-color-4)","background-image":"","background-repeat":"repeat","background-position":"center center","background-size":"auto","background-attachment":"scroll","background-type":"","background-media":"","overlay-type":"","overlay-color":"","overlay-opacity":"","overlay-gradient":""},"tablet":{"background-color":"","background-image":"","background-repeat":"repeat","background-position":"center center","background-size":"auto","background-attachment":"scroll","background-type":"","background-media":"","overlay-type":"","overlay-color":"","overlay-opacity":"","overlay-gradient":""},"mobile":{"background-color":"","background-image":"","background-repeat":"repeat","background-position":"center center","background-size":"auto","background-attachment":"scroll","background-type":"","background-media":"","overlay-type":"","overlay-color":"","overlay-opacity":"","overlay-gradient":""}},"ast-content-background-meta":{"desktop":{"background-color":"var(--ast-global-color-5)","background-image":"","background-repeat":"repeat","background-position":"center center","background-size":"auto","background-attachment":"scroll","background-type":"","background-media":"","overlay-type":"","overlay-color":"","overlay-opacity":"","overlay-gradient":""},"tablet":{"background-color":"var(--ast-global-color-5)","background-image":"","background-repeat":"repeat","background-position":"center center","background-size":"auto","background-attachment":"scroll","background-type":"","background-media":"","overlay-type":"","overlay-color":"","overlay-opacity":"","overlay-gradient":""},"mobile":{"background-color":"var(--ast-global-color-5)","background-image":"","background-repeat":"repeat","background-position":"center center","background-size":"auto","background-attachment":"scroll","background-type":"","background-media":"","overlay-type":"","overlay-color":"","overlay-opacity":"","overlay-gradient":""}}},"product_cat":[30,3532],"product_tag":[1197,3870,1030,1442,3055,1011],"yoast_head":"<!-- This site is optimized with the Yoast SEO plugin v20.8 - https:\/\/yoast.com\/wordpress\/plugins\/seo\/ -->\n<title>Ancien Grand Pot \u00e0 Graisse en Gr\u00e8s Emaill\u00e9 H 29 cm - Vintage French Finds<\/title>\n<meta name=\"description\" content=\"The best of French vintage delivered to your doorstep direct from France : fashion, furniture, decoration, table art, curiosities, collections and art work.\" \/>\n<meta name=\"robots\" content=\"index, follow, max-snippet:-1, max-image-preview:large, max-video-preview:-1\" \/>\n<link rel=\"canonical\" href=\"https:\/\/vintagefrenchfinds.com\/en\/product\/ancien-grand-pot-a-graisse-en-gres-emaille-h-29-cm\/\" \/>\n<meta property=\"og:locale\" content=\"en_GB\" \/>\n<meta property=\"og:type\" content=\"article\" \/>\n<meta property=\"og:title\" content=\"Ancien Grand Pot \u00e0 Graisse en Gr\u00e8s Emaill\u00e9 H 29 cm - Vintage French Finds\" \/>\n<meta property=\"og:description\" content=\"The best of French vintage delivered to your doorstep direct from France : fashion, furniture, decoration, table art, curiosities, collections and art work.\" \/>\n<meta property=\"og:url\" content=\"https:\/\/vintagefrenchfinds.com\/en\/product\/ancien-grand-pot-a-graisse-en-gres-emaille-h-29-cm\/\" \/>\n<meta property=\"og:site_name\" content=\"Vintage French Finds\" \/>\n<meta property=\"article:modified_time\" content=\"2025-03-17T09:19:27+00:00\" \/>\n<meta property=\"og:image\" content=\"https:\/\/vintagefrenchfinds.com\/wp-content\/uploads\/2024\/01\/DSCN2568.jpg\" \/>\n\t<meta property=\"og:image:width\" content=\"886\" \/>\n\t<meta property=\"og:image:height\" content=\"868\" \/>\n\t<meta property=\"og:image:type\" content=\"image\/jpeg\" \/>\n<meta name=\"twitter:card\" content=\"summary_large_image\" \/>\n<meta name=\"twitter:label1\" content=\"Estimated reading time\" \/>\n\t<meta name=\"twitter:data1\" content=\"1 minute\" \/>\n<script type=\"application\/ld+json\" class=\"yoast-schema-graph\">{\"@context\":\"https:\/\/schema.org\",\"@graph\":[{\"@type\":\"WebPage\",\"@id\":\"https:\/\/vintagefrenchfinds.com\/product\/ancien-grand-pot-a-graisse-en-gres-emaille-h-29-cm\",\"url\":\"https:\/\/vintagefrenchfinds.com\/product\/ancien-grand-pot-a-graisse-en-gres-emaille-h-29-cm\",\"name\":\"Ancien Grand Pot \u00e0 Graisse en Gr\u00e8s Emaill\u00e9 H 29 cm - Vintage French Finds\",\"isPartOf\":{\"@id\":\"https:\/\/vintagefrenchfinds.com\/#website\"},\"datePublished\":\"2024-01-26T16:30:00+00:00\",\"dateModified\":\"2025-03-17T09:19:27+00:00\",\"description\":\"The best of French vintage delivered to your doorstep direct from France : fashion, furniture, decoration, table art, curiosities, collections and art work.\",\"breadcrumb\":{\"@id\":\"https:\/\/vintagefrenchfinds.com\/product\/ancien-grand-pot-a-graisse-en-gres-emaille-h-29-cm#breadcrumb\"},\"inLanguage\":\"en-GB\",\"potentialAction\":[{\"@type\":\"ReadAction\",\"target\":[\"https:\/\/vintagefrenchfinds.com\/product\/ancien-grand-pot-a-graisse-en-gres-emaille-h-29-cm\"]}]},{\"@type\":\"BreadcrumbList\",\"@id\":\"https:\/\/vintagefrenchfinds.com\/product\/ancien-grand-pot-a-graisse-en-gres-emaille-h-29-cm#breadcrumb\",\"itemListElement\":[{\"@type\":\"ListItem\",\"position\":1,\"name\":\"Home\",\"item\":\"https:\/\/vintagefrenchfinds.com\/\"},{\"@type\":\"ListItem\",\"position\":2,\"name\":\"BOUTIQUE\",\"item\":\"https:\/\/vintagefrenchfinds.com\/shop\"},{\"@type\":\"ListItem\",\"position\":3,\"name\":\"Ancien Grand Pot \u00e0 Graisse en Gr\u00e8s Emaill\u00e9 H 29 cm\"}]},{\"@type\":\"WebSite\",\"@id\":\"https:\/\/vintagefrenchfinds.com\/#website\",\"url\":\"https:\/\/vintagefrenchfinds.com\/\",\"name\":\"Vintage French Finds\",\"description\":\"The best of French vintage delivered to your doorstep direct from France : fashion, furniture, decoration, table art, curiosities, collections and art work.\",\"potentialAction\":[{\"@type\":\"SearchAction\",\"target\":{\"@type\":\"EntryPoint\",\"urlTemplate\":\"https:\/\/vintagefrenchfinds.com\/?s={search_term_string}\"},\"query-input\":\"required name=search_term_string\"}],\"inLanguage\":\"en-GB\"}]}<\/script>\n<!-- \/ Yoast SEO plugin. -->","yoast_head_json":{"title":"Ancien Grand Pot \u00e0 Graisse en Gr\u00e8s Emaill\u00e9 H 29 cm - Vintage French Finds","description":"The best of French vintage delivered to your doorstep direct from France : fashion, furniture, decoration, table art, curiosities, collections and art work.","robots":{"index":"index","follow":"follow","max-snippet":"max-snippet:-1","max-image-preview":"max-image-preview:large","max-video-preview":"max-video-preview:-1"},"canonical":"https:\/\/vintagefrenchfinds.com\/en\/product\/ancien-grand-pot-a-graisse-en-gres-emaille-h-29-cm\/","og_locale":"en_GB","og_type":"article","og_title":"Ancien Grand Pot \u00e0 Graisse en Gr\u00e8s Emaill\u00e9 H 29 cm - Vintage French Finds","og_description":"The best of French vintage delivered to your doorstep direct from France : fashion, furniture, decoration, table art, curiosities, collections and art work.","og_url":"https:\/\/vintagefrenchfinds.com\/en\/product\/ancien-grand-pot-a-graisse-en-gres-emaille-h-29-cm\/","og_site_name":"Vintage French Finds","article_modified_time":"2025-03-17T09:19:27+00:00","og_image":[{"width":886,"height":868,"url":"https:\/\/vintagefrenchfinds.com\/wp-content\/uploads\/2024\/01\/DSCN2568.jpg","type":"image\/jpeg"}],"twitter_card":"summary_large_image","twitter_misc":{"Estimated reading time":"1 minute"},"schema":{"@context":"https:\/\/schema.org","@graph":[{"@type":"WebPage","@id":"https:\/\/vintagefrenchfinds.com\/product\/ancien-grand-pot-a-graisse-en-gres-emaille-h-29-cm","url":"https:\/\/vintagefrenchfinds.com\/product\/ancien-grand-pot-a-graisse-en-gres-emaille-h-29-cm","name":"Ancien Grand Pot \u00e0 Graisse en Gr\u00e8s Emaill\u00e9 H 29 cm - Vintage French Finds","isPartOf":{"@id":"https:\/\/vintagefrenchfinds.com\/#website"},"datePublished":"2024-01-26T16:30:00+00:00","dateModified":"2025-03-17T09:19:27+00:00","description":"The best of French vintage delivered to your doorstep direct from France : fashion, furniture, decoration, table art, curiosities, collections and art work.","breadcrumb":{"@id":"https:\/\/vintagefrenchfinds.com\/product\/ancien-grand-pot-a-graisse-en-gres-emaille-h-29-cm#breadcrumb"},"inLanguage":"en-GB","potentialAction":[{"@type":"ReadAction","target":["https:\/\/vintagefrenchfinds.com\/product\/ancien-grand-pot-a-graisse-en-gres-emaille-h-29-cm"]}]},{"@type":"BreadcrumbList","@id":"https:\/\/vintagefrenchfinds.com\/product\/ancien-grand-pot-a-graisse-en-gres-emaille-h-29-cm#breadcrumb","itemListElement":[{"@type":"ListItem","position":1,"name":"Home","item":"https:\/\/vintagefrenchfinds.com\/"},{"@type":"ListItem","position":2,"name":"BOUTIQUE","item":"https:\/\/vintagefrenchfinds.com\/shop"},{"@type":"ListItem","position":3,"name":"Ancien Grand Pot \u00e0 Graisse en Gr\u00e8s Emaill\u00e9 H 29 cm"}]},{"@type":"WebSite","@id":"https:\/\/vintagefrenchfinds.com\/#website","url":"https:\/\/vintagefrenchfinds.com\/","name":"Vintage French Finds\u00a0","description":"The best of French vintage delivered to your doorstep direct from France : fashion, furniture, decoration, table art, curiosities, collections and art work.","potentialAction":[{"@type":"SearchAction","target":{"@type":"EntryPoint","urlTemplate":"https:\/\/vintagefrenchfinds.com\/?s={search_term_string}"},"query-input":"required name=search_term_string"}],"inLanguage":"en-GB"}]}},"post_mailing_queue_ids":[],"_links":{"self":[{"href":"https:\/\/vintagefrenchfinds.com\/en\/wp-json\/wp\/v2\/product\/23599"}],"collection":[{"href":"https:\/\/vintagefrenchfinds.com\/en\/wp-json\/wp\/v2\/product"}],"about":[{"href":"https:\/\/vintagefrenchfinds.com\/en\/wp-json\/wp\/v2\/types\/product"}],"wp:featuredmedia":[{"embeddable":true,"href":"https:\/\/vintagefrenchfinds.com\/en\/wp-json\/wp\/v2\/media\/23600"}],"wp:attachment":[{"href":"https:\/\/vintagefrenchfinds.com\/en\/wp-json\/wp\/v2\/media?parent=23599"}],"wp:term":[{"taxonomy":"product_cat","embeddable":true,"href":"https:\/\/vintagefrenchfinds.com\/en\/wp-json\/wp\/v2\/product_cat?post=23599"},{"taxonomy":"product_tag","embeddable":true,"href":"https:\/\/vintagefrenchfinds.com\/en\/wp-json\/wp\/v2\/product_tag?post=23599"}],"curies":[{"name":"wp","href":"https:\/\/api.w.org\/{rel}","templated":true}]}}