{"id":2378,"date":"2020-06-18T17:41:54","date_gmt":"2020-06-18T17:41:54","guid":{"rendered":"http:\/\/vintagefrenchfinds.com\/?post_type=product&#038;p=2378"},"modified":"2025-03-19T15:18:53","modified_gmt":"2025-03-19T15:18:53","slug":"cageot-vintage-de-brosses-et-tetes-de-balai-en-paille","status":"publish","type":"product","link":"https:\/\/vintagefrenchfinds.com\/en\/product\/cageot-vintage-de-brosses-et-tetes-de-balai-en-paille","title":{"rendered":"Vintage French Crate of Brushes and Straw Broom Heads"},"content":{"rendered":"<div class=\"_1FTz3 cell\">\n<div dir=\"ltr\">\n<section class=\"_2RbVQ\" data-hook=\"description-wrapper\">\n<div class=\"_3nbVj\">\n<div class=\"_3cRjW\" data-hook=\"content-wrapper\">\n<div class=\"_1FTz3 cell\">\n<div dir=\"ltr\">\n<section class=\"_2RbVQ\" data-hook=\"description-wrapper\">\n<div class=\"_3nbVj\">\n<div class=\"_3cRjW\" data-hook=\"content-wrapper\">\n<div class=\"_1FTz3 cell\">\n<div dir=\"ltr\">\n<section class=\"_2RbVQ\" data-hook=\"description-wrapper\">\n<div class=\"_3nbVj\">\n<div class=\"_3cRjW\" data-hook=\"content-wrapper\">\n<div class=\"_1FTz3 cell\">\n<div dir=\"ltr\">\n<section class=\"_2RbVQ\" data-hook=\"description-wrapper\">\n<div class=\"_3nbVj\">\n<div class=\"_3cRjW\" data-hook=\"content-wrapper\">\n<div class=\"_1FTz3 cell\">\n<div dir=\"ltr\">\n<section class=\"_2RbVQ\" data-hook=\"description-wrapper\">\n<div class=\"_3nbVj\">\n<div class=\"_3cRjW\" data-hook=\"content-wrapper\">\n<div class=\"_1FTz3 cell\">\n<div dir=\"ltr\">\n<section class=\"_2RbVQ\" data-hook=\"description-wrapper\">\n<div class=\"_3nbVj\">\n<div class=\"_3cRjW\" data-hook=\"content-wrapper\">\n<div class=\"_1FTz3 cell\">\n<div dir=\"ltr\">\n<section class=\"_2RbVQ\" data-hook=\"description-wrapper\">\n<div class=\"_3nbVj\">\n<div class=\"_3cRjW\" data-hook=\"content-wrapper\">\n<div class=\"_1FTz3 cell\">\n<div dir=\"ltr\">\n<section class=\"_2RbVQ\" data-hook=\"description-wrapper\">\n<div class=\"_3nbVj\">\n<div class=\"_3cRjW\" data-hook=\"content-wrapper\">\n<div class=\"_1FTz3 cell\">\n<div dir=\"ltr\">\n<section class=\"_2RbVQ\" data-hook=\"description-wrapper\">\n<div class=\"_3nbVj\">\n<div class=\"_3cRjW\" data-hook=\"content-wrapper\">\n<div class=\"_1FTz3 cell\">\n<div dir=\"ltr\">\n<section class=\"_2RbVQ\" data-hook=\"description-wrapper\">\n<div class=\"_3nbVj\">\n<div class=\"_3cRjW\" data-hook=\"content-wrapper\">\n<div class=\"_1FTz3 cell\">\n<div dir=\"ltr\">\n<section class=\"_2RbVQ\" data-hook=\"description-wrapper\">\n<div class=\"_3nbVj\">\n<div class=\"_3cRjW\" data-hook=\"content-wrapper\">\n<div class=\"_1FTz3 cell\">\n<div dir=\"ltr\">\n<section class=\"_2RbVQ\" data-hook=\"description-wrapper\">\n<div class=\"_3nbVj\">\n<div class=\"_3cRjW\" data-hook=\"content-wrapper\">\n<div class=\"_1FTz3 cell\">\n<div dir=\"ltr\">\n<section class=\"_2RbVQ\" data-hook=\"description-wrapper\">\n<div class=\"_3nbVj\">\n<div class=\"_3cRjW\" data-hook=\"content-wrapper\">\n<div class=\"_1FTz3 cell\">\n<div dir=\"ltr\">\n<section class=\"_2RbVQ\" data-hook=\"description-wrapper\">\n<div class=\"_3nbVj\">\n<div class=\"_3cRjW\" data-hook=\"content-wrapper\">\n<div class=\"_1FTz3 cell\">\n<div dir=\"ltr\">\n<section class=\"_2RbVQ\" data-hook=\"description-wrapper\">\n<div class=\"_3nbVj\">\n<div class=\"_3cRjW\" data-hook=\"content-wrapper\">\n<div class=\"_1FTz3 cell\">\n<div dir=\"ltr\">\n<section class=\"_2RbVQ\" data-hook=\"description-wrapper\">\n<div class=\"_3nbVj\">\n<div class=\"_3cRjW\" data-hook=\"content-wrapper\">\n<div class=\"_1FTz3 cell\">\n<div dir=\"ltr\">\n<section class=\"_2RbVQ\" data-hook=\"description-wrapper\">\n<div class=\"_3nbVj\">\n<div class=\"_3cRjW\" data-hook=\"content-wrapper\">\n<div class=\"_1FTz3 cell\">\n<div dir=\"ltr\">\n<section class=\"_2RbVQ\" data-hook=\"description-wrapper\">\n<div class=\"_3nbVj\">\n<div class=\"_3cRjW\" data-hook=\"content-wrapper\">\n<div class=\"_1FTz3 cell\">\n<div dir=\"ltr\">\n<section class=\"_2RbVQ\" data-hook=\"description-wrapper\">\n<div class=\"_3nbVj\">\n<div class=\"_3cRjW\" data-hook=\"content-wrapper\">\n<div class=\"_1FTz3 cell\">\n<div dir=\"ltr\">\n<section class=\"_2RbVQ\" data-hook=\"description-wrapper\">\n<div class=\"_3nbVj\">\n<div class=\"_3cRjW\" data-hook=\"content-wrapper\">\n<div class=\"_1FTz3 cell\">\n<div dir=\"ltr\">\n<section class=\"_2RbVQ\" data-hook=\"description-wrapper\">\n<div class=\"_3nbVj\">\n<div class=\"_3cRjW\" data-hook=\"content-wrapper\">\n<div class=\"_1FTz3 cell\">\n<div dir=\"ltr\">\n<section class=\"_2RbVQ\" data-hook=\"description-wrapper\">\n<div class=\"_3nbVj\">\n<div class=\"_3cRjW\" data-hook=\"content-wrapper\">\n<p>This antique French wooden crate and its assortment of brushes and broom heads will bring rustic character to your interior. It may be used as a storage box or simply display it as a vintage decorative accessory. It contains 9 PIERROT Broom heads, 2 hedgehog heads, and 3 bundles.<\/p>\n<p>&nbsp;<\/p>\n<p>Sold as is.<\/p>\n<p>&nbsp;<\/p>\n<p>Case: Width 55.5 x Depth 35 x Height 23 cm<\/p>\n<\/div>\n<\/div>\n<\/section>\n<\/div>\n<\/div>\n<\/div>\n<\/div>\n<\/section>\n<\/div>\n<\/div>\n<\/div>\n<\/div>\n<\/section>\n<\/div>\n<\/div>\n<\/div>\n<\/div>\n<\/section>\n<\/div>\n<\/div>\n<\/div>\n<\/div>\n<\/section>\n<\/div>\n<\/div>\n<\/div>\n<\/div>\n<\/section>\n<\/div>\n<\/div>\n<\/div>\n<\/div>\n<\/section>\n<\/div>\n<\/div>\n<\/div>\n<\/div>\n<\/section>\n<\/div>\n<\/div>\n<\/div>\n<\/div>\n<\/section>\n<\/div>\n<\/div>\n<\/div>\n<\/div>\n<\/section>\n<\/div>\n<\/div>\n<\/div>\n<\/div>\n<\/section>\n<\/div>\n<\/div>\n<\/div>\n<\/div>\n<\/section>\n<\/div>\n<\/div>\n<\/div>\n<\/div>\n<\/section>\n<\/div>\n<\/div>\n<\/div>\n<\/div>\n<\/section>\n<\/div>\n<\/div>\n<\/div>\n<\/div>\n<\/section>\n<\/div>\n<\/div>\n<\/div>\n<\/div>\n<\/section>\n<\/div>\n<\/div>\n<\/div>\n<\/div>\n<\/section>\n<\/div>\n<\/div>\n<\/div>\n<\/div>\n<\/section>\n<\/div>\n<\/div>\n<\/div>\n<\/div>\n<\/section>\n<\/div>\n<\/div>\n<\/div>\n<\/div>\n<\/section>\n<\/div>\n<\/div>\n<\/div>\n<\/div>\n<\/section>\n<\/div>\n<\/div>\n<\/div>\n<\/div>\n<\/section>\n<\/div>\n<\/div>","protected":false},"excerpt":{"rendered":"<p>Ce cageot ancien en bois et son assortiment de brosses et t\u00eates \u00e0 balai apporteront un cachet rustique et authentique \u00e0 vos am\u00e9nagements. Vous pourrez \u00e0 la fois l\u2019utiliser comme bo\u00eete de rangement ou simplement l\u2019exposer comme un accessoire d\u00e9co vintage. Il contient 9 t\u00eates de Balai PIERROT, 2 t\u00eates de h\u00e9risson et 3 fagots. [&hellip;]<\/p>\n","protected":false},"featured_media":2376,"template":"","meta":{"site-sidebar-layout":"default","site-content-layout":"","ast-site-content-layout":"default","site-content-style":"default","site-sidebar-style":"default","ast-global-header-display":"","ast-banner-title-visibility":"","ast-main-header-display":"","ast-hfb-above-header-display":"","ast-hfb-below-header-display":"","ast-hfb-mobile-header-display":"","site-post-title":"","ast-breadcrumbs-content":"","ast-featured-img":"","footer-sml-layout":"","ast-disable-related-posts":"","theme-transparent-header-meta":"","adv-header-id-meta":"","stick-header-meta":"","header-above-stick-meta":"","header-main-stick-meta":"","header-below-stick-meta":"","astra-migrate-meta-layouts":"default","ast-page-background-enabled":"default","ast-page-background-meta":{"desktop":{"background-color":"var(--ast-global-color-4)","background-image":"","background-repeat":"repeat","background-position":"center center","background-size":"auto","background-attachment":"scroll","background-type":"","background-media":"","overlay-type":"","overlay-color":"","overlay-opacity":"","overlay-gradient":""},"tablet":{"background-color":"","background-image":"","background-repeat":"repeat","background-position":"center center","background-size":"auto","background-attachment":"scroll","background-type":"","background-media":"","overlay-type":"","overlay-color":"","overlay-opacity":"","overlay-gradient":""},"mobile":{"background-color":"","background-image":"","background-repeat":"repeat","background-position":"center center","background-size":"auto","background-attachment":"scroll","background-type":"","background-media":"","overlay-type":"","overlay-color":"","overlay-opacity":"","overlay-gradient":""}},"ast-content-background-meta":{"desktop":{"background-color":"var(--ast-global-color-5)","background-image":"","background-repeat":"repeat","background-position":"center center","background-size":"auto","background-attachment":"scroll","background-type":"","background-media":"","overlay-type":"","overlay-color":"","overlay-opacity":"","overlay-gradient":""},"tablet":{"background-color":"var(--ast-global-color-5)","background-image":"","background-repeat":"repeat","background-position":"center center","background-size":"auto","background-attachment":"scroll","background-type":"","background-media":"","overlay-type":"","overlay-color":"","overlay-opacity":"","overlay-gradient":""},"mobile":{"background-color":"var(--ast-global-color-5)","background-image":"","background-repeat":"repeat","background-position":"center center","background-size":"auto","background-attachment":"scroll","background-type":"","background-media":"","overlay-type":"","overlay-color":"","overlay-opacity":"","overlay-gradient":""}}},"product_cat":[31,3589],"product_tag":[1197,3953,3796,1601,1011],"yoast_head":"<!-- This site is optimized with the Yoast SEO plugin v20.8 - https:\/\/yoast.com\/wordpress\/plugins\/seo\/ -->\n<title>Cageot Vintage de Brosses et T\u00eates de Balai en Paille - Vintage French Finds<\/title>\n<meta name=\"description\" content=\"The best of French vintage delivered to your doorstep direct from France : fashion, furniture, decoration, table art, curiosities, collections and art work.\" \/>\n<meta name=\"robots\" content=\"index, follow, max-snippet:-1, max-image-preview:large, max-video-preview:-1\" \/>\n<link rel=\"canonical\" href=\"https:\/\/vintagefrenchfinds.com\/en\/product\/cageot-vintage-de-brosses-et-tetes-de-balai-en-paille\/\" \/>\n<meta property=\"og:locale\" content=\"en_GB\" \/>\n<meta property=\"og:type\" content=\"article\" \/>\n<meta property=\"og:title\" content=\"Cageot Vintage de Brosses et T\u00eates de Balai en Paille - Vintage French Finds\" \/>\n<meta property=\"og:description\" content=\"The best of French vintage delivered to your doorstep direct from France : fashion, furniture, decoration, table art, curiosities, collections and art work.\" \/>\n<meta property=\"og:url\" content=\"https:\/\/vintagefrenchfinds.com\/en\/product\/cageot-vintage-de-brosses-et-tetes-de-balai-en-paille\/\" \/>\n<meta property=\"og:site_name\" content=\"Vintage French Finds\" \/>\n<meta property=\"article:modified_time\" content=\"2025-03-19T15:18:53+00:00\" \/>\n<meta property=\"og:image\" content=\"https:\/\/vintagefrenchfinds.com\/wp-content\/uploads\/2020\/06\/DSCN8147.jpg\" \/>\n\t<meta property=\"og:image:width\" content=\"886\" \/>\n\t<meta property=\"og:image:height\" content=\"591\" \/>\n\t<meta property=\"og:image:type\" content=\"image\/jpeg\" \/>\n<meta name=\"twitter:card\" content=\"summary_large_image\" \/>\n<script type=\"application\/ld+json\" class=\"yoast-schema-graph\">{\"@context\":\"https:\/\/schema.org\",\"@graph\":[{\"@type\":\"WebPage\",\"@id\":\"https:\/\/vintagefrenchfinds.com\/product\/cageot-vintage-de-brosses-et-tetes-de-balai-en-paille\",\"url\":\"https:\/\/vintagefrenchfinds.com\/product\/cageot-vintage-de-brosses-et-tetes-de-balai-en-paille\",\"name\":\"Cageot Vintage de Brosses et T\u00eates de Balai en Paille - Vintage French Finds\",\"isPartOf\":{\"@id\":\"https:\/\/vintagefrenchfinds.com\/#website\"},\"datePublished\":\"2020-06-18T17:41:54+00:00\",\"dateModified\":\"2025-03-19T15:18:53+00:00\",\"description\":\"The best of French vintage delivered to your doorstep direct from France : fashion, furniture, decoration, table art, curiosities, collections and art work.\",\"breadcrumb\":{\"@id\":\"https:\/\/vintagefrenchfinds.com\/product\/cageot-vintage-de-brosses-et-tetes-de-balai-en-paille#breadcrumb\"},\"inLanguage\":\"en-GB\",\"potentialAction\":[{\"@type\":\"ReadAction\",\"target\":[\"https:\/\/vintagefrenchfinds.com\/product\/cageot-vintage-de-brosses-et-tetes-de-balai-en-paille\"]}]},{\"@type\":\"BreadcrumbList\",\"@id\":\"https:\/\/vintagefrenchfinds.com\/product\/cageot-vintage-de-brosses-et-tetes-de-balai-en-paille#breadcrumb\",\"itemListElement\":[{\"@type\":\"ListItem\",\"position\":1,\"name\":\"Home\",\"item\":\"https:\/\/vintagefrenchfinds.com\/\"},{\"@type\":\"ListItem\",\"position\":2,\"name\":\"BOUTIQUE\",\"item\":\"https:\/\/vintagefrenchfinds.com\/shop\"},{\"@type\":\"ListItem\",\"position\":3,\"name\":\"Cageot Vintage de Brosses et T\u00eates de Balai en Paille\"}]},{\"@type\":\"WebSite\",\"@id\":\"https:\/\/vintagefrenchfinds.com\/#website\",\"url\":\"https:\/\/vintagefrenchfinds.com\/\",\"name\":\"Vintage French Finds\",\"description\":\"The best of French vintage delivered to your doorstep direct from France : fashion, furniture, decoration, table art, curiosities, collections and art work.\",\"potentialAction\":[{\"@type\":\"SearchAction\",\"target\":{\"@type\":\"EntryPoint\",\"urlTemplate\":\"https:\/\/vintagefrenchfinds.com\/?s={search_term_string}\"},\"query-input\":\"required name=search_term_string\"}],\"inLanguage\":\"en-GB\"}]}<\/script>\n<!-- \/ Yoast SEO plugin. -->","yoast_head_json":{"title":"Cageot Vintage de Brosses et T\u00eates de Balai en Paille - Vintage French Finds","description":"The best of French vintage delivered to your doorstep direct from France : fashion, furniture, decoration, table art, curiosities, collections and art work.","robots":{"index":"index","follow":"follow","max-snippet":"max-snippet:-1","max-image-preview":"max-image-preview:large","max-video-preview":"max-video-preview:-1"},"canonical":"https:\/\/vintagefrenchfinds.com\/en\/product\/cageot-vintage-de-brosses-et-tetes-de-balai-en-paille\/","og_locale":"en_GB","og_type":"article","og_title":"Cageot Vintage de Brosses et T\u00eates de Balai en Paille - Vintage French Finds","og_description":"The best of French vintage delivered to your doorstep direct from France : fashion, furniture, decoration, table art, curiosities, collections and art work.","og_url":"https:\/\/vintagefrenchfinds.com\/en\/product\/cageot-vintage-de-brosses-et-tetes-de-balai-en-paille\/","og_site_name":"Vintage French Finds","article_modified_time":"2025-03-19T15:18:53+00:00","og_image":[{"width":886,"height":591,"url":"https:\/\/vintagefrenchfinds.com\/wp-content\/uploads\/2020\/06\/DSCN8147.jpg","type":"image\/jpeg"}],"twitter_card":"summary_large_image","schema":{"@context":"https:\/\/schema.org","@graph":[{"@type":"WebPage","@id":"https:\/\/vintagefrenchfinds.com\/product\/cageot-vintage-de-brosses-et-tetes-de-balai-en-paille","url":"https:\/\/vintagefrenchfinds.com\/product\/cageot-vintage-de-brosses-et-tetes-de-balai-en-paille","name":"Cageot Vintage de Brosses et T\u00eates de Balai en Paille - Vintage French Finds","isPartOf":{"@id":"https:\/\/vintagefrenchfinds.com\/#website"},"datePublished":"2020-06-18T17:41:54+00:00","dateModified":"2025-03-19T15:18:53+00:00","description":"The best of French vintage delivered to your doorstep direct from France : fashion, furniture, decoration, table art, curiosities, collections and art work.","breadcrumb":{"@id":"https:\/\/vintagefrenchfinds.com\/product\/cageot-vintage-de-brosses-et-tetes-de-balai-en-paille#breadcrumb"},"inLanguage":"en-GB","potentialAction":[{"@type":"ReadAction","target":["https:\/\/vintagefrenchfinds.com\/product\/cageot-vintage-de-brosses-et-tetes-de-balai-en-paille"]}]},{"@type":"BreadcrumbList","@id":"https:\/\/vintagefrenchfinds.com\/product\/cageot-vintage-de-brosses-et-tetes-de-balai-en-paille#breadcrumb","itemListElement":[{"@type":"ListItem","position":1,"name":"Home","item":"https:\/\/vintagefrenchfinds.com\/"},{"@type":"ListItem","position":2,"name":"BOUTIQUE","item":"https:\/\/vintagefrenchfinds.com\/shop"},{"@type":"ListItem","position":3,"name":"Cageot Vintage de Brosses et T\u00eates de Balai en Paille"}]},{"@type":"WebSite","@id":"https:\/\/vintagefrenchfinds.com\/#website","url":"https:\/\/vintagefrenchfinds.com\/","name":"Vintage French Finds\u00a0","description":"The best of French vintage delivered to your doorstep direct from France : fashion, furniture, decoration, table art, curiosities, collections and art work.","potentialAction":[{"@type":"SearchAction","target":{"@type":"EntryPoint","urlTemplate":"https:\/\/vintagefrenchfinds.com\/?s={search_term_string}"},"query-input":"required name=search_term_string"}],"inLanguage":"en-GB"}]}},"post_mailing_queue_ids":[],"_links":{"self":[{"href":"https:\/\/vintagefrenchfinds.com\/en\/wp-json\/wp\/v2\/product\/2378"}],"collection":[{"href":"https:\/\/vintagefrenchfinds.com\/en\/wp-json\/wp\/v2\/product"}],"about":[{"href":"https:\/\/vintagefrenchfinds.com\/en\/wp-json\/wp\/v2\/types\/product"}],"wp:featuredmedia":[{"embeddable":true,"href":"https:\/\/vintagefrenchfinds.com\/en\/wp-json\/wp\/v2\/media\/2376"}],"wp:attachment":[{"href":"https:\/\/vintagefrenchfinds.com\/en\/wp-json\/wp\/v2\/media?parent=2378"}],"wp:term":[{"taxonomy":"product_cat","embeddable":true,"href":"https:\/\/vintagefrenchfinds.com\/en\/wp-json\/wp\/v2\/product_cat?post=2378"},{"taxonomy":"product_tag","embeddable":true,"href":"https:\/\/vintagefrenchfinds.com\/en\/wp-json\/wp\/v2\/product_tag?post=2378"}],"curies":[{"name":"wp","href":"https:\/\/api.w.org\/{rel}","templated":true}]}}