{"id":24113,"date":"2024-02-13T13:52:05","date_gmt":"2024-02-13T13:52:05","guid":{"rendered":"https:\/\/vintagefrenchfinds.com\/?post_type=product&#038;p=24113"},"modified":"2026-03-06T14:33:31","modified_gmt":"2026-03-06T14:33:31","slug":"ancienne-assiette-coq-en-faience-st-clement-france","status":"publish","type":"product","link":"https:\/\/vintagefrenchfinds.com\/en\/product\/ancienne-assiette-coq-en-faience-st-clement-france","title":{"rendered":"Ancienne Assiette Coq en Fa\u00efence &#8211; St Cl\u00e9ment France"},"content":{"rendered":"<p>Jolie assiette vintage en c\u00e9ramique au d\u00e9cor de coq au sign\u00e9 \u00a0St Cl\u00e9ment<\/p>\n<p>&nbsp;<\/p>\n<p>L\u2019usine de c\u00e9ramique de Saint-Cl\u00e9ment a \u00e9t\u00e9 cr\u00e9\u00e9e en 1758 par M. Chambrette, alors propri\u00e9taire de la\u00a0Fa\u00efencerie de Lun\u00e9ville, situ\u00e9e \u00e0 12 km de l\u00e0. \u00a0Ce nouvel \u00e9tablissement \u00e9tait alors consacr\u00e9 aux pi\u00e8ces haut de gamme et de prestige.<\/p>\n<p>La Fa\u00efencerie de Saint-Cl\u00e9ment, entre autres, fut nomm\u00e9e fournisseur officiel du Trianon sous Marie-Antoinette.<\/p>\n<p>&nbsp;<\/p>\n<p>La manufacture produit une grande diversit\u00e9 de produits, de la\u00a0barbotine\u00a0aux poteries m\u00e9nag\u00e8res plus ordinaires, en passant par des imitations de d\u00e9cors multicolores de Strasbourg, et m\u00eame le style Art D\u00e9co.<\/p>\n<p>&nbsp;<\/p>\n<p>Estampill\u00e9e sur le revers : St Cl\u00e9ment FRANCE 63<\/p>\n<p>&nbsp;<\/p>\n<p>Id\u00e9al pour les amateurs de vaisselle ancienne<\/p>\n<p>&nbsp;<\/p>\n<p>Good condition.<\/p>\n<p>&nbsp;<\/p>\n<p>D 24.5cm<\/p>","protected":false},"excerpt":{"rendered":"<p>Jolie assiette vintage en c\u00e9ramique au d\u00e9cor de coq au sign\u00e9 \u00a0St Cl\u00e9ment &nbsp; L\u2019usine de c\u00e9ramique de Saint-Cl\u00e9ment a \u00e9t\u00e9 cr\u00e9\u00e9e en 1758 par M. Chambrette, alors propri\u00e9taire de la\u00a0Fa\u00efencerie de Lun\u00e9ville, situ\u00e9e \u00e0 12 km de l\u00e0. \u00a0Ce nouvel \u00e9tablissement \u00e9tait alors consacr\u00e9 aux pi\u00e8ces haut de gamme et de prestige. La Fa\u00efencerie [&hellip;]<\/p>\n","protected":false},"featured_media":24114,"template":"","meta":{"site-sidebar-layout":"default","site-content-layout":"default","ast-site-content-layout":"default","site-content-style":"default","site-sidebar-style":"default","ast-global-header-display":"","ast-banner-title-visibility":"","ast-main-header-display":"","ast-hfb-above-header-display":"","ast-hfb-below-header-display":"","ast-hfb-mobile-header-display":"","site-post-title":"","ast-breadcrumbs-content":"","ast-featured-img":"","footer-sml-layout":"","ast-disable-related-posts":"","theme-transparent-header-meta":"default","adv-header-id-meta":"","stick-header-meta":"","header-above-stick-meta":"","header-main-stick-meta":"","header-below-stick-meta":"","astra-migrate-meta-layouts":"set","ast-page-background-enabled":"default","ast-page-background-meta":{"desktop":{"background-color":"var(--ast-global-color-4)","background-image":"","background-repeat":"repeat","background-position":"center center","background-size":"auto","background-attachment":"scroll","background-type":"","background-media":"","overlay-type":"","overlay-color":"","overlay-opacity":"","overlay-gradient":""},"tablet":{"background-color":"","background-image":"","background-repeat":"repeat","background-position":"center center","background-size":"auto","background-attachment":"scroll","background-type":"","background-media":"","overlay-type":"","overlay-color":"","overlay-opacity":"","overlay-gradient":""},"mobile":{"background-color":"","background-image":"","background-repeat":"repeat","background-position":"center center","background-size":"auto","background-attachment":"scroll","background-type":"","background-media":"","overlay-type":"","overlay-color":"","overlay-opacity":"","overlay-gradient":""}},"ast-content-background-meta":{"desktop":{"background-color":"var(--ast-global-color-5)","background-image":"","background-repeat":"repeat","background-position":"center center","background-size":"auto","background-attachment":"scroll","background-type":"","background-media":"","overlay-type":"","overlay-color":"","overlay-opacity":"","overlay-gradient":""},"tablet":{"background-color":"var(--ast-global-color-5)","background-image":"","background-repeat":"repeat","background-position":"center center","background-size":"auto","background-attachment":"scroll","background-type":"","background-media":"","overlay-type":"","overlay-color":"","overlay-opacity":"","overlay-gradient":""},"mobile":{"background-color":"var(--ast-global-color-5)","background-image":"","background-repeat":"repeat","background-position":"center center","background-size":"auto","background-attachment":"scroll","background-type":"","background-media":"","overlay-type":"","overlay-color":"","overlay-opacity":"","overlay-gradient":""}}},"product_cat":[3542,3544],"product_tag":[1197,1115,1845,1457,1185,1920,1174,1642,3208,1011],"yoast_head":"<!-- This site is optimized with the Yoast SEO plugin v20.8 - https:\/\/yoast.com\/wordpress\/plugins\/seo\/ -->\n<title>Ancienne Assiette Coq en Fa\u00efence - St Cl\u00e9ment France - Vintage French Finds<\/title>\n<meta name=\"description\" content=\"The best of French vintage delivered to your doorstep direct from France : fashion, furniture, decoration, table art, curiosities, collections and art work.\" \/>\n<meta name=\"robots\" content=\"index, follow, max-snippet:-1, max-image-preview:large, max-video-preview:-1\" \/>\n<link rel=\"canonical\" href=\"https:\/\/vintagefrenchfinds.com\/en\/product\/ancienne-assiette-coq-en-faience-st-clement-france\/\" \/>\n<meta property=\"og:locale\" content=\"en_GB\" \/>\n<meta property=\"og:type\" content=\"article\" \/>\n<meta property=\"og:title\" content=\"Ancienne Assiette Coq en Fa\u00efence - St Cl\u00e9ment France - Vintage French Finds\" \/>\n<meta property=\"og:description\" content=\"The best of French vintage delivered to your doorstep direct from France : fashion, furniture, decoration, table art, curiosities, collections and art work.\" \/>\n<meta property=\"og:url\" content=\"https:\/\/vintagefrenchfinds.com\/en\/product\/ancienne-assiette-coq-en-faience-st-clement-france\/\" \/>\n<meta property=\"og:site_name\" content=\"Vintage French Finds\" \/>\n<meta property=\"article:modified_time\" content=\"2026-03-06T14:33:31+00:00\" \/>\n<meta property=\"og:image\" content=\"https:\/\/vintagefrenchfinds.com\/wp-content\/uploads\/2024\/02\/DSCN2971.jpg\" \/>\n\t<meta property=\"og:image:width\" content=\"713\" \/>\n\t<meta property=\"og:image:height\" content=\"642\" \/>\n\t<meta property=\"og:image:type\" content=\"image\/jpeg\" \/>\n<meta name=\"twitter:card\" content=\"summary_large_image\" \/>\n<meta name=\"twitter:label1\" content=\"Estimated reading time\" \/>\n\t<meta name=\"twitter:data1\" content=\"1 minute\" \/>\n<script type=\"application\/ld+json\" class=\"yoast-schema-graph\">{\"@context\":\"https:\/\/schema.org\",\"@graph\":[{\"@type\":\"WebPage\",\"@id\":\"https:\/\/vintagefrenchfinds.com\/product\/ancienne-assiette-coq-en-faience-st-clement-france\",\"url\":\"https:\/\/vintagefrenchfinds.com\/product\/ancienne-assiette-coq-en-faience-st-clement-france\",\"name\":\"Ancienne Assiette Coq en Fa\u00efence - St Cl\u00e9ment France - Vintage French Finds\",\"isPartOf\":{\"@id\":\"https:\/\/vintagefrenchfinds.com\/#website\"},\"datePublished\":\"2024-02-13T13:52:05+00:00\",\"dateModified\":\"2026-03-06T14:33:31+00:00\",\"description\":\"The best of French vintage delivered to your doorstep direct from France : fashion, furniture, decoration, table art, curiosities, collections and art work.\",\"breadcrumb\":{\"@id\":\"https:\/\/vintagefrenchfinds.com\/product\/ancienne-assiette-coq-en-faience-st-clement-france#breadcrumb\"},\"inLanguage\":\"en-GB\",\"potentialAction\":[{\"@type\":\"ReadAction\",\"target\":[\"https:\/\/vintagefrenchfinds.com\/product\/ancienne-assiette-coq-en-faience-st-clement-france\"]}]},{\"@type\":\"BreadcrumbList\",\"@id\":\"https:\/\/vintagefrenchfinds.com\/product\/ancienne-assiette-coq-en-faience-st-clement-france#breadcrumb\",\"itemListElement\":[{\"@type\":\"ListItem\",\"position\":1,\"name\":\"Home\",\"item\":\"https:\/\/vintagefrenchfinds.com\/\"},{\"@type\":\"ListItem\",\"position\":2,\"name\":\"BOUTIQUE\",\"item\":\"https:\/\/vintagefrenchfinds.com\/shop\"},{\"@type\":\"ListItem\",\"position\":3,\"name\":\"Ancienne Assiette Coq en Fa\u00efence &#8211; St Cl\u00e9ment France\"}]},{\"@type\":\"WebSite\",\"@id\":\"https:\/\/vintagefrenchfinds.com\/#website\",\"url\":\"https:\/\/vintagefrenchfinds.com\/\",\"name\":\"Vintage French Finds\",\"description\":\"The best of French vintage delivered to your doorstep direct from France : fashion, furniture, decoration, table art, curiosities, collections and art work.\",\"potentialAction\":[{\"@type\":\"SearchAction\",\"target\":{\"@type\":\"EntryPoint\",\"urlTemplate\":\"https:\/\/vintagefrenchfinds.com\/?s={search_term_string}\"},\"query-input\":\"required name=search_term_string\"}],\"inLanguage\":\"en-GB\"}]}<\/script>\n<!-- \/ Yoast SEO plugin. -->","yoast_head_json":{"title":"Ancienne Assiette Coq en Fa\u00efence - St Cl\u00e9ment France - Vintage French Finds","description":"The best of French vintage delivered to your doorstep direct from France : fashion, furniture, decoration, table art, curiosities, collections and art work.","robots":{"index":"index","follow":"follow","max-snippet":"max-snippet:-1","max-image-preview":"max-image-preview:large","max-video-preview":"max-video-preview:-1"},"canonical":"https:\/\/vintagefrenchfinds.com\/en\/product\/ancienne-assiette-coq-en-faience-st-clement-france\/","og_locale":"en_GB","og_type":"article","og_title":"Ancienne Assiette Coq en Fa\u00efence - St Cl\u00e9ment France - Vintage French Finds","og_description":"The best of French vintage delivered to your doorstep direct from France : fashion, furniture, decoration, table art, curiosities, collections and art work.","og_url":"https:\/\/vintagefrenchfinds.com\/en\/product\/ancienne-assiette-coq-en-faience-st-clement-france\/","og_site_name":"Vintage French Finds","article_modified_time":"2026-03-06T14:33:31+00:00","og_image":[{"width":713,"height":642,"url":"https:\/\/vintagefrenchfinds.com\/wp-content\/uploads\/2024\/02\/DSCN2971.jpg","type":"image\/jpeg"}],"twitter_card":"summary_large_image","twitter_misc":{"Estimated reading time":"1 minute"},"schema":{"@context":"https:\/\/schema.org","@graph":[{"@type":"WebPage","@id":"https:\/\/vintagefrenchfinds.com\/product\/ancienne-assiette-coq-en-faience-st-clement-france","url":"https:\/\/vintagefrenchfinds.com\/product\/ancienne-assiette-coq-en-faience-st-clement-france","name":"Ancienne Assiette Coq en Fa\u00efence - St Cl\u00e9ment France - Vintage French Finds","isPartOf":{"@id":"https:\/\/vintagefrenchfinds.com\/#website"},"datePublished":"2024-02-13T13:52:05+00:00","dateModified":"2026-03-06T14:33:31+00:00","description":"The best of French vintage delivered to your doorstep direct from France : fashion, furniture, decoration, table art, curiosities, collections and art work.","breadcrumb":{"@id":"https:\/\/vintagefrenchfinds.com\/product\/ancienne-assiette-coq-en-faience-st-clement-france#breadcrumb"},"inLanguage":"en-GB","potentialAction":[{"@type":"ReadAction","target":["https:\/\/vintagefrenchfinds.com\/product\/ancienne-assiette-coq-en-faience-st-clement-france"]}]},{"@type":"BreadcrumbList","@id":"https:\/\/vintagefrenchfinds.com\/product\/ancienne-assiette-coq-en-faience-st-clement-france#breadcrumb","itemListElement":[{"@type":"ListItem","position":1,"name":"Home","item":"https:\/\/vintagefrenchfinds.com\/"},{"@type":"ListItem","position":2,"name":"BOUTIQUE","item":"https:\/\/vintagefrenchfinds.com\/shop"},{"@type":"ListItem","position":3,"name":"Ancienne Assiette Coq en Fa\u00efence &#8211; St Cl\u00e9ment France"}]},{"@type":"WebSite","@id":"https:\/\/vintagefrenchfinds.com\/#website","url":"https:\/\/vintagefrenchfinds.com\/","name":"Vintage French Finds\u00a0","description":"The best of French vintage delivered to your doorstep direct from France : fashion, furniture, decoration, table art, curiosities, collections and art work.","potentialAction":[{"@type":"SearchAction","target":{"@type":"EntryPoint","urlTemplate":"https:\/\/vintagefrenchfinds.com\/?s={search_term_string}"},"query-input":"required name=search_term_string"}],"inLanguage":"en-GB"}]}},"post_mailing_queue_ids":[],"_links":{"self":[{"href":"https:\/\/vintagefrenchfinds.com\/en\/wp-json\/wp\/v2\/product\/24113"}],"collection":[{"href":"https:\/\/vintagefrenchfinds.com\/en\/wp-json\/wp\/v2\/product"}],"about":[{"href":"https:\/\/vintagefrenchfinds.com\/en\/wp-json\/wp\/v2\/types\/product"}],"wp:featuredmedia":[{"embeddable":true,"href":"https:\/\/vintagefrenchfinds.com\/en\/wp-json\/wp\/v2\/media\/24114"}],"wp:attachment":[{"href":"https:\/\/vintagefrenchfinds.com\/en\/wp-json\/wp\/v2\/media?parent=24113"}],"wp:term":[{"taxonomy":"product_cat","embeddable":true,"href":"https:\/\/vintagefrenchfinds.com\/en\/wp-json\/wp\/v2\/product_cat?post=24113"},{"taxonomy":"product_tag","embeddable":true,"href":"https:\/\/vintagefrenchfinds.com\/en\/wp-json\/wp\/v2\/product_tag?post=24113"}],"curies":[{"name":"wp","href":"https:\/\/api.w.org\/{rel}","templated":true}]}}