{"id":24339,"date":"2024-02-21T17:03:18","date_gmt":"2024-02-21T17:03:18","guid":{"rendered":"https:\/\/vintagefrenchfinds.com\/?post_type=product&#038;p=24339"},"modified":"2025-11-21T12:30:06","modified_gmt":"2025-11-21T12:30:06","slug":"guirlande-de-5-flotteurs-de-peche-en-verre-avec-filet-en-corde","status":"publish","type":"product","link":"https:\/\/vintagefrenchfinds.com\/en\/product\/guirlande-de-5-flotteurs-de-peche-en-verre-avec-filet-en-corde","title":{"rendered":"Guirlande de 5 Anciens Flotteurs de P\u00eache en Verre avec Filet en Corde"},"content":{"rendered":"<p>Chaine de 5 flotteurs de p\u00eache vintage en verre, chacun soigneusement envelopp\u00e9 dans filet de corde de jute \/ chanvre nou\u00e9e.<\/p>\n<p>&nbsp;<\/p>\n<p>Autrefois, ces boules de verre \u00e9taient utilis\u00e9es comme flotteurs sur les bou\u00e9es \u00e0 pavillon (comme \u00e9l\u00e9ments de flottaison), sur les orins (cordages reliant la bou\u00e9e aux filets ou aux casiers) afin d\u2019indiquer le sens du courant et permettre un meilleure \u00ab\u00a0levage\u00a0\u00bb, sur les filets eux-m\u00eames afin de les stabiliser verticalement au fond de l\u2019eau.<\/p>\n<p>&nbsp;<\/p>\n<p>Pour les amarrer et les mettre \u00e0 l\u2019abri des chocs, les Marins-P\u00eacheurs les \u00ab\u00a0matelotaient\u00a0\u00bb pendant l\u2019hiver, les entourant d\u2019un \u00ab\u00a0bout\u00a0\u00bb en chanvre naturel. Le chanvre ne r\u00e9sistant pas \u00e0 l\u2019humidit\u00e9, ces flotteurs de p\u00eache \u00e9taient ensuite \u00ab\u00a0coaltar\u00e9s\u00a0\u00bb (plong\u00e9s dans le bitume liquide), afin de les prot\u00e9ger.<\/p>\n<p>&nbsp;<\/p>\n<p>Id\u00e9ale pour cr\u00e9er une d\u00e9coration marine authentique dans une maison au bord de la mer, ou dans un restaurant de poisson \/ fruits de mer.<\/p>\n<p>&nbsp;<\/p>\n<p>Vendus dans son jus<\/p>\n<p>&nbsp;<\/p>\n<p>D 15 cm x LO 75 cm<\/p>","protected":false},"excerpt":{"rendered":"<p>Chaine de 5 flotteurs de p\u00eache vintage en verre, chacun soigneusement envelopp\u00e9 dans filet de corde de jute \/ chanvre nou\u00e9e. &nbsp; Autrefois, ces boules de verre \u00e9taient utilis\u00e9es comme flotteurs sur les bou\u00e9es \u00e0 pavillon (comme \u00e9l\u00e9ments de flottaison), sur les orins (cordages reliant la bou\u00e9e aux filets ou aux casiers) afin d\u2019indiquer le [&hellip;]<\/p>\n","protected":false},"featured_media":24341,"template":"","meta":{"site-sidebar-layout":"default","site-content-layout":"default","ast-site-content-layout":"default","site-content-style":"default","site-sidebar-style":"default","ast-global-header-display":"","ast-banner-title-visibility":"","ast-main-header-display":"","ast-hfb-above-header-display":"","ast-hfb-below-header-display":"","ast-hfb-mobile-header-display":"","site-post-title":"","ast-breadcrumbs-content":"","ast-featured-img":"","footer-sml-layout":"","ast-disable-related-posts":"","theme-transparent-header-meta":"default","adv-header-id-meta":"","stick-header-meta":"","header-above-stick-meta":"","header-main-stick-meta":"","header-below-stick-meta":"","astra-migrate-meta-layouts":"set","ast-page-background-enabled":"default","ast-page-background-meta":{"desktop":{"background-color":"var(--ast-global-color-4)","background-image":"","background-repeat":"repeat","background-position":"center center","background-size":"auto","background-attachment":"scroll","background-type":"","background-media":"","overlay-type":"","overlay-color":"","overlay-opacity":"","overlay-gradient":""},"tablet":{"background-color":"","background-image":"","background-repeat":"repeat","background-position":"center center","background-size":"auto","background-attachment":"scroll","background-type":"","background-media":"","overlay-type":"","overlay-color":"","overlay-opacity":"","overlay-gradient":""},"mobile":{"background-color":"","background-image":"","background-repeat":"repeat","background-position":"center center","background-size":"auto","background-attachment":"scroll","background-type":"","background-media":"","overlay-type":"","overlay-color":"","overlay-opacity":"","overlay-gradient":""}},"ast-content-background-meta":{"desktop":{"background-color":"var(--ast-global-color-5)","background-image":"","background-repeat":"repeat","background-position":"center center","background-size":"auto","background-attachment":"scroll","background-type":"","background-media":"","overlay-type":"","overlay-color":"","overlay-opacity":"","overlay-gradient":""},"tablet":{"background-color":"var(--ast-global-color-5)","background-image":"","background-repeat":"repeat","background-position":"center center","background-size":"auto","background-attachment":"scroll","background-type":"","background-media":"","overlay-type":"","overlay-color":"","overlay-opacity":"","overlay-gradient":""},"mobile":{"background-color":"var(--ast-global-color-5)","background-image":"","background-repeat":"repeat","background-position":"center center","background-size":"auto","background-attachment":"scroll","background-type":"","background-media":"","overlay-type":"","overlay-color":"","overlay-opacity":"","overlay-gradient":""}}},"product_cat":[3575,3577],"product_tag":[1197,3870,3328,4128,1454,1011],"yoast_head":"<!-- This site is optimized with the Yoast SEO plugin v20.8 - https:\/\/yoast.com\/wordpress\/plugins\/seo\/ -->\n<title>Guirlande de 5 Anciens Flotteurs de P\u00eache en Verre avec Filet en Corde - Vintage French Finds<\/title>\n<meta name=\"description\" content=\"The best of French vintage delivered to your doorstep direct from France : fashion, furniture, decoration, table art, curiosities, collections and art work.\" \/>\n<meta name=\"robots\" content=\"index, follow, max-snippet:-1, max-image-preview:large, max-video-preview:-1\" \/>\n<link rel=\"canonical\" href=\"https:\/\/vintagefrenchfinds.com\/en\/product\/guirlande-de-5-flotteurs-de-peche-en-verre-avec-filet-en-corde\/\" \/>\n<meta property=\"og:locale\" content=\"en_GB\" \/>\n<meta property=\"og:type\" content=\"article\" \/>\n<meta property=\"og:title\" content=\"Guirlande de 5 Anciens Flotteurs de P\u00eache en Verre avec Filet en Corde - Vintage French Finds\" \/>\n<meta property=\"og:description\" content=\"The best of French vintage delivered to your doorstep direct from France : fashion, furniture, decoration, table art, curiosities, collections and art work.\" \/>\n<meta property=\"og:url\" content=\"https:\/\/vintagefrenchfinds.com\/en\/product\/guirlande-de-5-flotteurs-de-peche-en-verre-avec-filet-en-corde\/\" \/>\n<meta property=\"og:site_name\" content=\"Vintage French Finds\" \/>\n<meta property=\"article:modified_time\" content=\"2025-11-21T12:30:06+00:00\" \/>\n<meta property=\"og:image\" content=\"https:\/\/vintagefrenchfinds.com\/wp-content\/uploads\/2024\/02\/DSCN3128.jpg\" \/>\n\t<meta property=\"og:image:width\" content=\"639\" \/>\n\t<meta property=\"og:image:height\" content=\"540\" \/>\n\t<meta property=\"og:image:type\" content=\"image\/jpeg\" \/>\n<meta name=\"twitter:card\" content=\"summary_large_image\" \/>\n<meta name=\"twitter:label1\" content=\"Estimated reading time\" \/>\n\t<meta name=\"twitter:data1\" content=\"1 minute\" \/>\n<script type=\"application\/ld+json\" class=\"yoast-schema-graph\">{\"@context\":\"https:\/\/schema.org\",\"@graph\":[{\"@type\":\"WebPage\",\"@id\":\"https:\/\/vintagefrenchfinds.com\/product\/guirlande-de-5-flotteurs-de-peche-en-verre-avec-filet-en-corde\",\"url\":\"https:\/\/vintagefrenchfinds.com\/product\/guirlande-de-5-flotteurs-de-peche-en-verre-avec-filet-en-corde\",\"name\":\"Guirlande de 5 Anciens Flotteurs de P\u00eache en Verre avec Filet en Corde - Vintage French Finds\",\"isPartOf\":{\"@id\":\"https:\/\/vintagefrenchfinds.com\/#website\"},\"datePublished\":\"2024-02-21T17:03:18+00:00\",\"dateModified\":\"2025-11-21T12:30:06+00:00\",\"description\":\"The best of French vintage delivered to your doorstep direct from France : fashion, furniture, decoration, table art, curiosities, collections and art work.\",\"breadcrumb\":{\"@id\":\"https:\/\/vintagefrenchfinds.com\/product\/guirlande-de-5-flotteurs-de-peche-en-verre-avec-filet-en-corde#breadcrumb\"},\"inLanguage\":\"en-GB\",\"potentialAction\":[{\"@type\":\"ReadAction\",\"target\":[\"https:\/\/vintagefrenchfinds.com\/product\/guirlande-de-5-flotteurs-de-peche-en-verre-avec-filet-en-corde\"]}]},{\"@type\":\"BreadcrumbList\",\"@id\":\"https:\/\/vintagefrenchfinds.com\/product\/guirlande-de-5-flotteurs-de-peche-en-verre-avec-filet-en-corde#breadcrumb\",\"itemListElement\":[{\"@type\":\"ListItem\",\"position\":1,\"name\":\"Home\",\"item\":\"https:\/\/vintagefrenchfinds.com\/\"},{\"@type\":\"ListItem\",\"position\":2,\"name\":\"BOUTIQUE\",\"item\":\"https:\/\/vintagefrenchfinds.com\/shop\"},{\"@type\":\"ListItem\",\"position\":3,\"name\":\"Guirlande de 5 Anciens Flotteurs de P\u00eache en Verre avec Filet en Corde\"}]},{\"@type\":\"WebSite\",\"@id\":\"https:\/\/vintagefrenchfinds.com\/#website\",\"url\":\"https:\/\/vintagefrenchfinds.com\/\",\"name\":\"Vintage French Finds\",\"description\":\"The best of French vintage delivered to your doorstep direct from France : fashion, furniture, decoration, table art, curiosities, collections and art work.\",\"potentialAction\":[{\"@type\":\"SearchAction\",\"target\":{\"@type\":\"EntryPoint\",\"urlTemplate\":\"https:\/\/vintagefrenchfinds.com\/?s={search_term_string}\"},\"query-input\":\"required name=search_term_string\"}],\"inLanguage\":\"en-GB\"}]}<\/script>\n<!-- \/ Yoast SEO plugin. -->","yoast_head_json":{"title":"Guirlande de 5 Anciens Flotteurs de P\u00eache en Verre avec Filet en Corde - Vintage French Finds","description":"The best of French vintage delivered to your doorstep direct from France : fashion, furniture, decoration, table art, curiosities, collections and art work.","robots":{"index":"index","follow":"follow","max-snippet":"max-snippet:-1","max-image-preview":"max-image-preview:large","max-video-preview":"max-video-preview:-1"},"canonical":"https:\/\/vintagefrenchfinds.com\/en\/product\/guirlande-de-5-flotteurs-de-peche-en-verre-avec-filet-en-corde\/","og_locale":"en_GB","og_type":"article","og_title":"Guirlande de 5 Anciens Flotteurs de P\u00eache en Verre avec Filet en Corde - Vintage French Finds","og_description":"The best of French vintage delivered to your doorstep direct from France : fashion, furniture, decoration, table art, curiosities, collections and art work.","og_url":"https:\/\/vintagefrenchfinds.com\/en\/product\/guirlande-de-5-flotteurs-de-peche-en-verre-avec-filet-en-corde\/","og_site_name":"Vintage French Finds","article_modified_time":"2025-11-21T12:30:06+00:00","og_image":[{"width":639,"height":540,"url":"https:\/\/vintagefrenchfinds.com\/wp-content\/uploads\/2024\/02\/DSCN3128.jpg","type":"image\/jpeg"}],"twitter_card":"summary_large_image","twitter_misc":{"Estimated reading time":"1 minute"},"schema":{"@context":"https:\/\/schema.org","@graph":[{"@type":"WebPage","@id":"https:\/\/vintagefrenchfinds.com\/product\/guirlande-de-5-flotteurs-de-peche-en-verre-avec-filet-en-corde","url":"https:\/\/vintagefrenchfinds.com\/product\/guirlande-de-5-flotteurs-de-peche-en-verre-avec-filet-en-corde","name":"Guirlande de 5 Anciens Flotteurs de P\u00eache en Verre avec Filet en Corde - Vintage French Finds","isPartOf":{"@id":"https:\/\/vintagefrenchfinds.com\/#website"},"datePublished":"2024-02-21T17:03:18+00:00","dateModified":"2025-11-21T12:30:06+00:00","description":"The best of French vintage delivered to your doorstep direct from France : fashion, furniture, decoration, table art, curiosities, collections and art work.","breadcrumb":{"@id":"https:\/\/vintagefrenchfinds.com\/product\/guirlande-de-5-flotteurs-de-peche-en-verre-avec-filet-en-corde#breadcrumb"},"inLanguage":"en-GB","potentialAction":[{"@type":"ReadAction","target":["https:\/\/vintagefrenchfinds.com\/product\/guirlande-de-5-flotteurs-de-peche-en-verre-avec-filet-en-corde"]}]},{"@type":"BreadcrumbList","@id":"https:\/\/vintagefrenchfinds.com\/product\/guirlande-de-5-flotteurs-de-peche-en-verre-avec-filet-en-corde#breadcrumb","itemListElement":[{"@type":"ListItem","position":1,"name":"Home","item":"https:\/\/vintagefrenchfinds.com\/"},{"@type":"ListItem","position":2,"name":"BOUTIQUE","item":"https:\/\/vintagefrenchfinds.com\/shop"},{"@type":"ListItem","position":3,"name":"Guirlande de 5 Anciens Flotteurs de P\u00eache en Verre avec Filet en Corde"}]},{"@type":"WebSite","@id":"https:\/\/vintagefrenchfinds.com\/#website","url":"https:\/\/vintagefrenchfinds.com\/","name":"Vintage French Finds\u00a0","description":"The best of French vintage delivered to your doorstep direct from France : fashion, furniture, decoration, table art, curiosities, collections and art work.","potentialAction":[{"@type":"SearchAction","target":{"@type":"EntryPoint","urlTemplate":"https:\/\/vintagefrenchfinds.com\/?s={search_term_string}"},"query-input":"required name=search_term_string"}],"inLanguage":"en-GB"}]}},"post_mailing_queue_ids":[],"_links":{"self":[{"href":"https:\/\/vintagefrenchfinds.com\/en\/wp-json\/wp\/v2\/product\/24339"}],"collection":[{"href":"https:\/\/vintagefrenchfinds.com\/en\/wp-json\/wp\/v2\/product"}],"about":[{"href":"https:\/\/vintagefrenchfinds.com\/en\/wp-json\/wp\/v2\/types\/product"}],"wp:featuredmedia":[{"embeddable":true,"href":"https:\/\/vintagefrenchfinds.com\/en\/wp-json\/wp\/v2\/media\/24341"}],"wp:attachment":[{"href":"https:\/\/vintagefrenchfinds.com\/en\/wp-json\/wp\/v2\/media?parent=24339"}],"wp:term":[{"taxonomy":"product_cat","embeddable":true,"href":"https:\/\/vintagefrenchfinds.com\/en\/wp-json\/wp\/v2\/product_cat?post=24339"},{"taxonomy":"product_tag","embeddable":true,"href":"https:\/\/vintagefrenchfinds.com\/en\/wp-json\/wp\/v2\/product_tag?post=24339"}],"curies":[{"name":"wp","href":"https:\/\/api.w.org\/{rel}","templated":true}]}}