{"id":24584,"date":"2024-02-27T15:39:00","date_gmt":"2024-02-27T15:39:00","guid":{"rendered":"https:\/\/vintagefrenchfinds.com\/?post_type=product&#038;p=24584"},"modified":"2026-03-21T11:53:33","modified_gmt":"2026-03-21T11:53:33","slug":"bonbonniere-boite-a-poudre-en-verre-moule-art-deco-floral","status":"publish","type":"product","link":"https:\/\/vintagefrenchfinds.com\/en\/product\/bonbonniere-boite-a-poudre-en-verre-moule-art-deco-floral","title":{"rendered":"Bonbonni\u00e8re \/ Bo\u00eete \u00e0 Poudre en Verre Moul\u00e9 Art D\u00e9co &#8211; Floral"},"content":{"rendered":"<p>Magnifique bonbonni\u00e8re vintage en verre transparent, orn\u00e9e de motifs floraux stylis\u00e9s en relief, et dot\u00e9e d&rsquo;un couvercle.<\/p>\n<p>&nbsp;<\/p>\n<p>Tr\u00e8s d\u00e9corative pos\u00e9e sur une table de toilette, un chevet ou une console, elle peut servir comme bo\u00eete \u00e0 bonbons,\u00a0 \u00e0 sucre ou \u00e0 bijoux.<\/p>\n<p>&nbsp;<\/p>\n<p>Un joli objet d\u2019antan qui ravira les amateurs du style art d\u00e9co.<\/p>\n<p>&nbsp;<\/p>\n<p>Petit \u00e9clat \u00e0 l\u2019int\u00e9rieur visible dans les photos<\/p>\n<p>&nbsp;<\/p>\n<p>H 7,5 cm x D 10,5 cm<\/p>","protected":false},"excerpt":{"rendered":"<p>Magnifique bonbonni\u00e8re vintage en verre transparent, orn\u00e9e de motifs floraux stylis\u00e9s en relief, et dot\u00e9e d&rsquo;un couvercle. &nbsp; Tr\u00e8s d\u00e9corative pos\u00e9e sur une table de toilette, un chevet ou une console, elle peut servir comme bo\u00eete \u00e0 bonbons,\u00a0 \u00e0 sucre ou \u00e0 bijoux. &nbsp; Un joli objet d\u2019antan qui ravira les amateurs du style art [&hellip;]<\/p>\n","protected":false},"featured_media":24586,"template":"","meta":{"site-sidebar-layout":"default","site-content-layout":"default","ast-site-content-layout":"default","site-content-style":"default","site-sidebar-style":"default","ast-global-header-display":"","ast-banner-title-visibility":"","ast-main-header-display":"","ast-hfb-above-header-display":"","ast-hfb-below-header-display":"","ast-hfb-mobile-header-display":"","site-post-title":"","ast-breadcrumbs-content":"","ast-featured-img":"","footer-sml-layout":"","ast-disable-related-posts":"","theme-transparent-header-meta":"default","adv-header-id-meta":"","stick-header-meta":"","header-above-stick-meta":"","header-main-stick-meta":"","header-below-stick-meta":"","astra-migrate-meta-layouts":"set","ast-page-background-enabled":"default","ast-page-background-meta":{"desktop":{"background-color":"var(--ast-global-color-4)","background-image":"","background-repeat":"repeat","background-position":"center center","background-size":"auto","background-attachment":"scroll","background-type":"","background-media":"","overlay-type":"","overlay-color":"","overlay-opacity":"","overlay-gradient":""},"tablet":{"background-color":"","background-image":"","background-repeat":"repeat","background-position":"center center","background-size":"auto","background-attachment":"scroll","background-type":"","background-media":"","overlay-type":"","overlay-color":"","overlay-opacity":"","overlay-gradient":""},"mobile":{"background-color":"","background-image":"","background-repeat":"repeat","background-position":"center center","background-size":"auto","background-attachment":"scroll","background-type":"","background-media":"","overlay-type":"","overlay-color":"","overlay-opacity":"","overlay-gradient":""}},"ast-content-background-meta":{"desktop":{"background-color":"var(--ast-global-color-5)","background-image":"","background-repeat":"repeat","background-position":"center center","background-size":"auto","background-attachment":"scroll","background-type":"","background-media":"","overlay-type":"","overlay-color":"","overlay-opacity":"","overlay-gradient":""},"tablet":{"background-color":"var(--ast-global-color-5)","background-image":"","background-repeat":"repeat","background-position":"center center","background-size":"auto","background-attachment":"scroll","background-type":"","background-media":"","overlay-type":"","overlay-color":"","overlay-opacity":"","overlay-gradient":""},"mobile":{"background-color":"var(--ast-global-color-5)","background-image":"","background-repeat":"repeat","background-position":"center center","background-size":"auto","background-attachment":"scroll","background-type":"","background-media":"","overlay-type":"","overlay-color":"","overlay-opacity":"","overlay-gradient":""}}},"product_cat":[3542,3550],"product_tag":[1197,1115,1082,2353,4121,2900,1920,3870,1560,1564,1011],"yoast_head":"<!-- This site is optimized with the Yoast SEO plugin v20.8 - https:\/\/yoast.com\/wordpress\/plugins\/seo\/ -->\n<title>Bonbonni\u00e8re \/ Bo\u00eete \u00e0 Poudre en Verre Moul\u00e9 Art D\u00e9co - Floral - Vintage French Finds<\/title>\n<meta name=\"description\" content=\"The best of French vintage delivered to your doorstep direct from France : fashion, furniture, decoration, table art, curiosities, collections and art work.\" \/>\n<meta name=\"robots\" content=\"index, follow, max-snippet:-1, max-image-preview:large, max-video-preview:-1\" \/>\n<link rel=\"canonical\" href=\"https:\/\/vintagefrenchfinds.com\/en\/product\/bonbonniere-boite-a-poudre-en-verre-moule-art-deco-floral\/\" \/>\n<meta property=\"og:locale\" content=\"en_GB\" \/>\n<meta property=\"og:type\" content=\"article\" \/>\n<meta property=\"og:title\" content=\"Bonbonni\u00e8re \/ Bo\u00eete \u00e0 Poudre en Verre Moul\u00e9 Art D\u00e9co - Floral - Vintage French Finds\" \/>\n<meta property=\"og:description\" content=\"The best of French vintage delivered to your doorstep direct from France : fashion, furniture, decoration, table art, curiosities, collections and art work.\" \/>\n<meta property=\"og:url\" content=\"https:\/\/vintagefrenchfinds.com\/en\/product\/bonbonniere-boite-a-poudre-en-verre-moule-art-deco-floral\/\" \/>\n<meta property=\"og:site_name\" content=\"Vintage French Finds\" \/>\n<meta property=\"article:modified_time\" content=\"2026-03-21T11:53:33+00:00\" \/>\n<meta property=\"og:image\" content=\"https:\/\/vintagefrenchfinds.com\/wp-content\/uploads\/2024\/02\/Capture-decran-2024-01-27-a-12.18.43.png\" \/>\n\t<meta property=\"og:image:width\" content=\"1162\" \/>\n\t<meta property=\"og:image:height\" content=\"1406\" \/>\n\t<meta property=\"og:image:type\" content=\"image\/png\" \/>\n<meta name=\"twitter:card\" content=\"summary_large_image\" \/>\n<meta name=\"twitter:label1\" content=\"Estimated reading time\" \/>\n\t<meta name=\"twitter:data1\" content=\"1 minute\" \/>\n<script type=\"application\/ld+json\" class=\"yoast-schema-graph\">{\"@context\":\"https:\/\/schema.org\",\"@graph\":[{\"@type\":\"WebPage\",\"@id\":\"https:\/\/vintagefrenchfinds.com\/product\/bonbonniere-boite-a-poudre-en-verre-moule-art-deco-floral\",\"url\":\"https:\/\/vintagefrenchfinds.com\/product\/bonbonniere-boite-a-poudre-en-verre-moule-art-deco-floral\",\"name\":\"Bonbonni\u00e8re \/ Bo\u00eete \u00e0 Poudre en Verre Moul\u00e9 Art D\u00e9co - Floral - Vintage French Finds\",\"isPartOf\":{\"@id\":\"https:\/\/vintagefrenchfinds.com\/#website\"},\"datePublished\":\"2024-02-27T15:39:00+00:00\",\"dateModified\":\"2026-03-21T11:53:33+00:00\",\"description\":\"The best of French vintage delivered to your doorstep direct from France : fashion, furniture, decoration, table art, curiosities, collections and art work.\",\"breadcrumb\":{\"@id\":\"https:\/\/vintagefrenchfinds.com\/product\/bonbonniere-boite-a-poudre-en-verre-moule-art-deco-floral#breadcrumb\"},\"inLanguage\":\"en-GB\",\"potentialAction\":[{\"@type\":\"ReadAction\",\"target\":[\"https:\/\/vintagefrenchfinds.com\/product\/bonbonniere-boite-a-poudre-en-verre-moule-art-deco-floral\"]}]},{\"@type\":\"BreadcrumbList\",\"@id\":\"https:\/\/vintagefrenchfinds.com\/product\/bonbonniere-boite-a-poudre-en-verre-moule-art-deco-floral#breadcrumb\",\"itemListElement\":[{\"@type\":\"ListItem\",\"position\":1,\"name\":\"Home\",\"item\":\"https:\/\/vintagefrenchfinds.com\/\"},{\"@type\":\"ListItem\",\"position\":2,\"name\":\"BOUTIQUE\",\"item\":\"https:\/\/vintagefrenchfinds.com\/shop\"},{\"@type\":\"ListItem\",\"position\":3,\"name\":\"Bonbonni\u00e8re \/ Bo\u00eete \u00e0 Poudre en Verre Moul\u00e9 Art D\u00e9co &#8211; Floral\"}]},{\"@type\":\"WebSite\",\"@id\":\"https:\/\/vintagefrenchfinds.com\/#website\",\"url\":\"https:\/\/vintagefrenchfinds.com\/\",\"name\":\"Vintage French Finds\",\"description\":\"The best of French vintage delivered to your doorstep direct from France : fashion, furniture, decoration, table art, curiosities, collections and art work.\",\"potentialAction\":[{\"@type\":\"SearchAction\",\"target\":{\"@type\":\"EntryPoint\",\"urlTemplate\":\"https:\/\/vintagefrenchfinds.com\/?s={search_term_string}\"},\"query-input\":\"required name=search_term_string\"}],\"inLanguage\":\"en-GB\"}]}<\/script>\n<!-- \/ Yoast SEO plugin. -->","yoast_head_json":{"title":"Bonbonni\u00e8re \/ Bo\u00eete \u00e0 Poudre en Verre Moul\u00e9 Art D\u00e9co - Floral - Vintage French Finds","description":"The best of French vintage delivered to your doorstep direct from France : fashion, furniture, decoration, table art, curiosities, collections and art work.","robots":{"index":"index","follow":"follow","max-snippet":"max-snippet:-1","max-image-preview":"max-image-preview:large","max-video-preview":"max-video-preview:-1"},"canonical":"https:\/\/vintagefrenchfinds.com\/en\/product\/bonbonniere-boite-a-poudre-en-verre-moule-art-deco-floral\/","og_locale":"en_GB","og_type":"article","og_title":"Bonbonni\u00e8re \/ Bo\u00eete \u00e0 Poudre en Verre Moul\u00e9 Art D\u00e9co - Floral - Vintage French Finds","og_description":"The best of French vintage delivered to your doorstep direct from France : fashion, furniture, decoration, table art, curiosities, collections and art work.","og_url":"https:\/\/vintagefrenchfinds.com\/en\/product\/bonbonniere-boite-a-poudre-en-verre-moule-art-deco-floral\/","og_site_name":"Vintage French Finds","article_modified_time":"2026-03-21T11:53:33+00:00","og_image":[{"width":1162,"height":1406,"url":"https:\/\/vintagefrenchfinds.com\/wp-content\/uploads\/2024\/02\/Capture-decran-2024-01-27-a-12.18.43.png","type":"image\/png"}],"twitter_card":"summary_large_image","twitter_misc":{"Estimated reading time":"1 minute"},"schema":{"@context":"https:\/\/schema.org","@graph":[{"@type":"WebPage","@id":"https:\/\/vintagefrenchfinds.com\/product\/bonbonniere-boite-a-poudre-en-verre-moule-art-deco-floral","url":"https:\/\/vintagefrenchfinds.com\/product\/bonbonniere-boite-a-poudre-en-verre-moule-art-deco-floral","name":"Bonbonni\u00e8re \/ Bo\u00eete \u00e0 Poudre en Verre Moul\u00e9 Art D\u00e9co - Floral - Vintage French Finds","isPartOf":{"@id":"https:\/\/vintagefrenchfinds.com\/#website"},"datePublished":"2024-02-27T15:39:00+00:00","dateModified":"2026-03-21T11:53:33+00:00","description":"The best of French vintage delivered to your doorstep direct from France : fashion, furniture, decoration, table art, curiosities, collections and art work.","breadcrumb":{"@id":"https:\/\/vintagefrenchfinds.com\/product\/bonbonniere-boite-a-poudre-en-verre-moule-art-deco-floral#breadcrumb"},"inLanguage":"en-GB","potentialAction":[{"@type":"ReadAction","target":["https:\/\/vintagefrenchfinds.com\/product\/bonbonniere-boite-a-poudre-en-verre-moule-art-deco-floral"]}]},{"@type":"BreadcrumbList","@id":"https:\/\/vintagefrenchfinds.com\/product\/bonbonniere-boite-a-poudre-en-verre-moule-art-deco-floral#breadcrumb","itemListElement":[{"@type":"ListItem","position":1,"name":"Home","item":"https:\/\/vintagefrenchfinds.com\/"},{"@type":"ListItem","position":2,"name":"BOUTIQUE","item":"https:\/\/vintagefrenchfinds.com\/shop"},{"@type":"ListItem","position":3,"name":"Bonbonni\u00e8re \/ Bo\u00eete \u00e0 Poudre en Verre Moul\u00e9 Art D\u00e9co &#8211; Floral"}]},{"@type":"WebSite","@id":"https:\/\/vintagefrenchfinds.com\/#website","url":"https:\/\/vintagefrenchfinds.com\/","name":"Vintage French Finds\u00a0","description":"The best of French vintage delivered to your doorstep direct from France : fashion, furniture, decoration, table art, curiosities, collections and art work.","potentialAction":[{"@type":"SearchAction","target":{"@type":"EntryPoint","urlTemplate":"https:\/\/vintagefrenchfinds.com\/?s={search_term_string}"},"query-input":"required name=search_term_string"}],"inLanguage":"en-GB"}]}},"post_mailing_queue_ids":[],"_links":{"self":[{"href":"https:\/\/vintagefrenchfinds.com\/en\/wp-json\/wp\/v2\/product\/24584"}],"collection":[{"href":"https:\/\/vintagefrenchfinds.com\/en\/wp-json\/wp\/v2\/product"}],"about":[{"href":"https:\/\/vintagefrenchfinds.com\/en\/wp-json\/wp\/v2\/types\/product"}],"wp:featuredmedia":[{"embeddable":true,"href":"https:\/\/vintagefrenchfinds.com\/en\/wp-json\/wp\/v2\/media\/24586"}],"wp:attachment":[{"href":"https:\/\/vintagefrenchfinds.com\/en\/wp-json\/wp\/v2\/media?parent=24584"}],"wp:term":[{"taxonomy":"product_cat","embeddable":true,"href":"https:\/\/vintagefrenchfinds.com\/en\/wp-json\/wp\/v2\/product_cat?post=24584"},{"taxonomy":"product_tag","embeddable":true,"href":"https:\/\/vintagefrenchfinds.com\/en\/wp-json\/wp\/v2\/product_tag?post=24584"}],"curies":[{"name":"wp","href":"https:\/\/api.w.org\/{rel}","templated":true}]}}