{"id":24723,"date":"2024-03-01T17:37:17","date_gmt":"2024-03-01T17:37:17","guid":{"rendered":"https:\/\/vintagefrenchfinds.com\/?post_type=product&#038;p=24723"},"modified":"2025-03-19T12:46:22","modified_gmt":"2025-03-19T12:46:22","slug":"ancienne-plaque-de-rue-emaillee-rue-du-chemin-vert","status":"publish","type":"product","link":"https:\/\/vintagefrenchfinds.com\/en\/product\/ancienne-plaque-de-rue-emaillee-rue-du-chemin-vert","title":{"rendered":"Ancienne Plaque de Rue Emaill\u00e9e : rue du Chemin Vert"},"content":{"rendered":"<p>D\u00e9couvrez cette authentique plaque en m\u00e9tal \u00e9maill\u00e9e vintage \u201cRUE DU CHEMIN VERT \u201d.<\/p>\n<p>&nbsp;<\/p>\n<p>&nbsp;<\/p>\n<p>De forme rectangulaire et aux teintes classiques bleu et blanc, cette pi\u00e8ce r\u00e9tro offrira une touche vintage \u00e0 votre espace.<\/p>\n<p>&nbsp;<\/p>\n<p>&nbsp;<\/p>\n<p>La rue du Chemin-Vert se trouve dans le 11eme arrondissement de Paris .<br \/>\nElle a \u00e9t\u00e9 cr\u00e9\u00e9e le 2 avril 1868 en fusionnant les rues des Amandiers et du Chemin-Vert. Cette voie existait d\u00e9j\u00e0 en 1650 et tire son nom du chemin sinueux qui traversait les jardins mara\u00eechers des Amandiers, de la place de la Bastille \u00e0 M\u00e9nilmontant. En 1780, des lettres patentes ordonnent son prolongement jusqu&rsquo;au mur des Fermiers g\u00e9n\u00e9raux. Lors de la Premi\u00e8re Guerre mondiale, le 30 janvier 1918, le num\u00e9ro 23 de la rue du Chemin-Vert a \u00e9t\u00e9 touch\u00e9 lors d&rsquo;un raid men\u00e9 par des avions allemands.<\/p>\n<p>&nbsp;<\/p>\n<p>&nbsp;<\/p>\n<p>Vendue dans son jus.<\/p>\n<p>&nbsp;<\/p>\n<p>&nbsp;<\/p>\n<p>Un superbe d\u00e9cor d\u00e9cal\u00e9 et r\u00e9tro pour un restaurant ou un bar.<\/p>\n<p>&nbsp;<\/p>\n<p>&nbsp;<\/p>\n<p>LO 39 x H 25 cm<\/p>","protected":false},"excerpt":{"rendered":"<p>D\u00e9couvrez cette authentique plaque en m\u00e9tal \u00e9maill\u00e9e vintage \u201cRUE DU CHEMIN VERT \u201d. &nbsp; &nbsp; De forme rectangulaire et aux teintes classiques bleu et blanc, cette pi\u00e8ce r\u00e9tro offrira une touche vintage \u00e0 votre espace. &nbsp; &nbsp; La rue du Chemin-Vert se trouve dans le 11eme arrondissement de Paris . Elle a \u00e9t\u00e9 cr\u00e9\u00e9e le [&hellip;]<\/p>\n","protected":false},"featured_media":24724,"template":"","meta":{"site-sidebar-layout":"default","site-content-layout":"default","ast-site-content-layout":"default","site-content-style":"default","site-sidebar-style":"default","ast-global-header-display":"","ast-banner-title-visibility":"","ast-main-header-display":"","ast-hfb-above-header-display":"","ast-hfb-below-header-display":"","ast-hfb-mobile-header-display":"","site-post-title":"","ast-breadcrumbs-content":"","ast-featured-img":"","footer-sml-layout":"","ast-disable-related-posts":"","theme-transparent-header-meta":"default","adv-header-id-meta":"","stick-header-meta":"","header-above-stick-meta":"","header-main-stick-meta":"","header-below-stick-meta":"","astra-migrate-meta-layouts":"default","ast-page-background-enabled":"default","ast-page-background-meta":{"desktop":{"background-color":"var(--ast-global-color-4)","background-image":"","background-repeat":"repeat","background-position":"center center","background-size":"auto","background-attachment":"scroll","background-type":"","background-media":"","overlay-type":"","overlay-color":"","overlay-opacity":"","overlay-gradient":""},"tablet":{"background-color":"","background-image":"","background-repeat":"repeat","background-position":"center center","background-size":"auto","background-attachment":"scroll","background-type":"","background-media":"","overlay-type":"","overlay-color":"","overlay-opacity":"","overlay-gradient":""},"mobile":{"background-color":"","background-image":"","background-repeat":"repeat","background-position":"center center","background-size":"auto","background-attachment":"scroll","background-type":"","background-media":"","overlay-type":"","overlay-color":"","overlay-opacity":"","overlay-gradient":""}},"ast-content-background-meta":{"desktop":{"background-color":"var(--ast-global-color-5)","background-image":"","background-repeat":"repeat","background-position":"center center","background-size":"auto","background-attachment":"scroll","background-type":"","background-media":"","overlay-type":"","overlay-color":"","overlay-opacity":"","overlay-gradient":""},"tablet":{"background-color":"var(--ast-global-color-5)","background-image":"","background-repeat":"repeat","background-position":"center center","background-size":"auto","background-attachment":"scroll","background-type":"","background-media":"","overlay-type":"","overlay-color":"","overlay-opacity":"","overlay-gradient":""},"mobile":{"background-color":"var(--ast-global-color-5)","background-image":"","background-repeat":"repeat","background-position":"center center","background-size":"auto","background-attachment":"scroll","background-type":"","background-media":"","overlay-type":"","overlay-color":"","overlay-opacity":"","overlay-gradient":""}}},"product_cat":[27,3516],"product_tag":[1197,1456,3870,2217,1425,1011],"yoast_head":"<!-- This site is optimized with the Yoast SEO plugin v20.8 - https:\/\/yoast.com\/wordpress\/plugins\/seo\/ -->\n<title>Ancienne Plaque de Rue Emaill\u00e9e : rue du Chemin Vert - Vintage French Finds<\/title>\n<meta name=\"description\" content=\"The best of French vintage delivered to your doorstep direct from France : fashion, furniture, decoration, table art, curiosities, collections and art work.\" \/>\n<meta name=\"robots\" content=\"index, follow, max-snippet:-1, max-image-preview:large, max-video-preview:-1\" \/>\n<link rel=\"canonical\" href=\"https:\/\/vintagefrenchfinds.com\/en\/product\/ancienne-plaque-de-rue-emaillee-rue-du-chemin-vert\/\" \/>\n<meta property=\"og:locale\" content=\"en_GB\" \/>\n<meta property=\"og:type\" content=\"article\" \/>\n<meta property=\"og:title\" content=\"Ancienne Plaque de Rue Emaill\u00e9e : rue du Chemin Vert - Vintage French Finds\" \/>\n<meta property=\"og:description\" content=\"The best of French vintage delivered to your doorstep direct from France : fashion, furniture, decoration, table art, curiosities, collections and art work.\" \/>\n<meta property=\"og:url\" content=\"https:\/\/vintagefrenchfinds.com\/en\/product\/ancienne-plaque-de-rue-emaillee-rue-du-chemin-vert\/\" \/>\n<meta property=\"og:site_name\" content=\"Vintage French Finds\" \/>\n<meta property=\"article:modified_time\" content=\"2025-03-19T12:46:22+00:00\" \/>\n<meta property=\"og:image\" content=\"https:\/\/vintagefrenchfinds.com\/wp-content\/uploads\/2024\/03\/IMG_0640.jpeg\" \/>\n\t<meta property=\"og:image:width\" content=\"665\" \/>\n\t<meta property=\"og:image:height\" content=\"653\" \/>\n\t<meta property=\"og:image:type\" content=\"image\/jpeg\" \/>\n<meta name=\"twitter:card\" content=\"summary_large_image\" \/>\n<meta name=\"twitter:label1\" content=\"Estimated reading time\" \/>\n\t<meta name=\"twitter:data1\" content=\"1 minute\" \/>\n<script type=\"application\/ld+json\" class=\"yoast-schema-graph\">{\"@context\":\"https:\/\/schema.org\",\"@graph\":[{\"@type\":\"WebPage\",\"@id\":\"https:\/\/vintagefrenchfinds.com\/product\/ancienne-plaque-de-rue-emaillee-rue-du-chemin-vert\",\"url\":\"https:\/\/vintagefrenchfinds.com\/product\/ancienne-plaque-de-rue-emaillee-rue-du-chemin-vert\",\"name\":\"Ancienne Plaque de Rue Emaill\u00e9e : rue du Chemin Vert - Vintage French Finds\",\"isPartOf\":{\"@id\":\"https:\/\/vintagefrenchfinds.com\/#website\"},\"datePublished\":\"2024-03-01T17:37:17+00:00\",\"dateModified\":\"2025-03-19T12:46:22+00:00\",\"description\":\"The best of French vintage delivered to your doorstep direct from France : fashion, furniture, decoration, table art, curiosities, collections and art work.\",\"breadcrumb\":{\"@id\":\"https:\/\/vintagefrenchfinds.com\/product\/ancienne-plaque-de-rue-emaillee-rue-du-chemin-vert#breadcrumb\"},\"inLanguage\":\"en-GB\",\"potentialAction\":[{\"@type\":\"ReadAction\",\"target\":[\"https:\/\/vintagefrenchfinds.com\/product\/ancienne-plaque-de-rue-emaillee-rue-du-chemin-vert\"]}]},{\"@type\":\"BreadcrumbList\",\"@id\":\"https:\/\/vintagefrenchfinds.com\/product\/ancienne-plaque-de-rue-emaillee-rue-du-chemin-vert#breadcrumb\",\"itemListElement\":[{\"@type\":\"ListItem\",\"position\":1,\"name\":\"Home\",\"item\":\"https:\/\/vintagefrenchfinds.com\/\"},{\"@type\":\"ListItem\",\"position\":2,\"name\":\"BOUTIQUE\",\"item\":\"https:\/\/vintagefrenchfinds.com\/shop\"},{\"@type\":\"ListItem\",\"position\":3,\"name\":\"Ancienne Plaque de Rue Emaill\u00e9e : rue du Chemin Vert\"}]},{\"@type\":\"WebSite\",\"@id\":\"https:\/\/vintagefrenchfinds.com\/#website\",\"url\":\"https:\/\/vintagefrenchfinds.com\/\",\"name\":\"Vintage French Finds\",\"description\":\"The best of French vintage delivered to your doorstep direct from France : fashion, furniture, decoration, table art, curiosities, collections and art work.\",\"potentialAction\":[{\"@type\":\"SearchAction\",\"target\":{\"@type\":\"EntryPoint\",\"urlTemplate\":\"https:\/\/vintagefrenchfinds.com\/?s={search_term_string}\"},\"query-input\":\"required name=search_term_string\"}],\"inLanguage\":\"en-GB\"}]}<\/script>\n<!-- \/ Yoast SEO plugin. -->","yoast_head_json":{"title":"Ancienne Plaque de Rue Emaill\u00e9e : rue du Chemin Vert - Vintage French Finds","description":"The best of French vintage delivered to your doorstep direct from France : fashion, furniture, decoration, table art, curiosities, collections and art work.","robots":{"index":"index","follow":"follow","max-snippet":"max-snippet:-1","max-image-preview":"max-image-preview:large","max-video-preview":"max-video-preview:-1"},"canonical":"https:\/\/vintagefrenchfinds.com\/en\/product\/ancienne-plaque-de-rue-emaillee-rue-du-chemin-vert\/","og_locale":"en_GB","og_type":"article","og_title":"Ancienne Plaque de Rue Emaill\u00e9e : rue du Chemin Vert - Vintage French Finds","og_description":"The best of French vintage delivered to your doorstep direct from France : fashion, furniture, decoration, table art, curiosities, collections and art work.","og_url":"https:\/\/vintagefrenchfinds.com\/en\/product\/ancienne-plaque-de-rue-emaillee-rue-du-chemin-vert\/","og_site_name":"Vintage French Finds","article_modified_time":"2025-03-19T12:46:22+00:00","og_image":[{"width":665,"height":653,"url":"https:\/\/vintagefrenchfinds.com\/wp-content\/uploads\/2024\/03\/IMG_0640.jpeg","type":"image\/jpeg"}],"twitter_card":"summary_large_image","twitter_misc":{"Estimated reading time":"1 minute"},"schema":{"@context":"https:\/\/schema.org","@graph":[{"@type":"WebPage","@id":"https:\/\/vintagefrenchfinds.com\/product\/ancienne-plaque-de-rue-emaillee-rue-du-chemin-vert","url":"https:\/\/vintagefrenchfinds.com\/product\/ancienne-plaque-de-rue-emaillee-rue-du-chemin-vert","name":"Ancienne Plaque de Rue Emaill\u00e9e : rue du Chemin Vert - Vintage French Finds","isPartOf":{"@id":"https:\/\/vintagefrenchfinds.com\/#website"},"datePublished":"2024-03-01T17:37:17+00:00","dateModified":"2025-03-19T12:46:22+00:00","description":"The best of French vintage delivered to your doorstep direct from France : fashion, furniture, decoration, table art, curiosities, collections and art work.","breadcrumb":{"@id":"https:\/\/vintagefrenchfinds.com\/product\/ancienne-plaque-de-rue-emaillee-rue-du-chemin-vert#breadcrumb"},"inLanguage":"en-GB","potentialAction":[{"@type":"ReadAction","target":["https:\/\/vintagefrenchfinds.com\/product\/ancienne-plaque-de-rue-emaillee-rue-du-chemin-vert"]}]},{"@type":"BreadcrumbList","@id":"https:\/\/vintagefrenchfinds.com\/product\/ancienne-plaque-de-rue-emaillee-rue-du-chemin-vert#breadcrumb","itemListElement":[{"@type":"ListItem","position":1,"name":"Home","item":"https:\/\/vintagefrenchfinds.com\/"},{"@type":"ListItem","position":2,"name":"BOUTIQUE","item":"https:\/\/vintagefrenchfinds.com\/shop"},{"@type":"ListItem","position":3,"name":"Ancienne Plaque de Rue Emaill\u00e9e : rue du Chemin Vert"}]},{"@type":"WebSite","@id":"https:\/\/vintagefrenchfinds.com\/#website","url":"https:\/\/vintagefrenchfinds.com\/","name":"Vintage French Finds\u00a0","description":"The best of French vintage delivered to your doorstep direct from France : fashion, furniture, decoration, table art, curiosities, collections and art work.","potentialAction":[{"@type":"SearchAction","target":{"@type":"EntryPoint","urlTemplate":"https:\/\/vintagefrenchfinds.com\/?s={search_term_string}"},"query-input":"required name=search_term_string"}],"inLanguage":"en-GB"}]}},"post_mailing_queue_ids":[],"_links":{"self":[{"href":"https:\/\/vintagefrenchfinds.com\/en\/wp-json\/wp\/v2\/product\/24723"}],"collection":[{"href":"https:\/\/vintagefrenchfinds.com\/en\/wp-json\/wp\/v2\/product"}],"about":[{"href":"https:\/\/vintagefrenchfinds.com\/en\/wp-json\/wp\/v2\/types\/product"}],"wp:featuredmedia":[{"embeddable":true,"href":"https:\/\/vintagefrenchfinds.com\/en\/wp-json\/wp\/v2\/media\/24724"}],"wp:attachment":[{"href":"https:\/\/vintagefrenchfinds.com\/en\/wp-json\/wp\/v2\/media?parent=24723"}],"wp:term":[{"taxonomy":"product_cat","embeddable":true,"href":"https:\/\/vintagefrenchfinds.com\/en\/wp-json\/wp\/v2\/product_cat?post=24723"},{"taxonomy":"product_tag","embeddable":true,"href":"https:\/\/vintagefrenchfinds.com\/en\/wp-json\/wp\/v2\/product_tag?post=24723"}],"curies":[{"name":"wp","href":"https:\/\/api.w.org\/{rel}","templated":true}]}}