{"id":24755,"date":"2024-03-06T09:21:01","date_gmt":"2024-03-06T09:21:01","guid":{"rendered":"https:\/\/vintagefrenchfinds.com\/?post_type=product&#038;p=24755"},"modified":"2025-06-14T12:46:46","modified_gmt":"2025-06-14T12:46:46","slug":"ancienne-assiette-de-presentation-en-faience-villeroy-boch-1562-tulipe","status":"publish","type":"product","link":"https:\/\/vintagefrenchfinds.com\/en\/product\/ancienne-assiette-de-presentation-en-faience-villeroy-boch-1562-tulipe","title":{"rendered":"Ancienne Assiette de Pr\u00e9sentation en Fa\u00efence Villeroy &#038; Boch &#8211; 1562 \u2013 Tulipe"},"content":{"rendered":"<p><span style=\"font-weight: 400;\">Plat de pr\u00e9sentation vintage en c\u00e9ramique blanche \u00e0 d\u00e9cor floral : une tulipe rouge et jaune au centre et des fleurs des champs qui l\u2019entoure et qui ornent le pourtour.\u00a0<\/span><\/p>\n<p><span style=\"font-weight: 400;\">Estampill\u00e9 sur le revers :\u00a0<\/span><\/p>\n<ul>\n<li><span style=\"font-weight: 400;\">VILLEROY &amp; BOCH &#8211; METTLACH\u00a0<\/span><\/li>\n<li><span style=\"font-weight: 400;\">Made in France-Saar<\/span><\/li>\n<li><span style=\"font-weight: 400;\">Economic Union<\/span><\/li>\n<li><span style=\"font-weight: 400;\">1562<\/span><\/li>\n<\/ul>\n<p><span style=\"font-weight: 400;\">La fa\u00efencerie de Villeroy &amp; Boch, fond\u00e9e en 1562 \u00e0 Mettlach en Allemagne, jouit d&rsquo;une r\u00e9putation bien m\u00e9rit\u00e9e dans la production de fa\u00efence de haute qualit\u00e9. Au fil des si\u00e8cles, l&rsquo;entreprise a su innover et s&rsquo;adapter pour devenir une marque mondialement reconnue pour son savoir-faire exceptionnel.\u00a0<\/span><\/p>\n<p><span style=\"font-weight: 400;\">Aujourd&rsquo;hui, Villeroy &amp; Boch continue de cr\u00e9er des pi\u00e8ces de vaisselle et de d\u00e9coration prestigieuses, perp\u00e9tuant ainsi son h\u00e9ritage historique.<\/span><\/p>\n<p><span style=\"font-weight: 400;\">Cette pi\u00e8ce de vaisselle au charme r\u00e9tro conviendra aussi bien \u00e0 vos repas quotidiens qu\u2019\u00e0 des diners de f\u00eates ou m\u00eame de mariage (en compl\u00e9tant avec les autres articles de la m\u00eame s\u00e9rie)<\/span><\/p>\n<p><span style=\"font-weight: 400;\">Il peut s\u2019offrir \u00e9galement comme cadeau de cr\u00e9maill\u00e8re \u00e0 des amis amateurs de l\u2019art de la table.<\/span><\/p>\n<ul>\n<li><span style=\"font-weight: 400;\">D\u00e9couvrez les autres mod\u00e8les de la collection 1562 en vente\u00a0 : <\/span><span style=\"font-weight: 400;\">\u00a0assiettes \u00e0 dessert &#8211; assiettes creuses &#8211; assiettes ovales &#8211; saladiers \u2013 compotiers &#8211; plats de service<\/span><\/li>\n<li>L\u2019objet comporte quelques t\u00e2ches visibles sur les photos<\/li>\n<li><span style=\"font-weight: 400;\">D 32,5 cm<\/span><\/li>\n<\/ul>","protected":false},"excerpt":{"rendered":"<p>Plat de pr\u00e9sentation vintage en c\u00e9ramique blanche \u00e0 d\u00e9cor floral : une tulipe rouge et jaune au centre et des fleurs des champs qui l\u2019entoure et qui ornent le pourtour.\u00a0 Estampill\u00e9 sur le revers :\u00a0 VILLEROY &amp; BOCH &#8211; METTLACH\u00a0 Made in France-Saar Economic Union 1562 La fa\u00efencerie de Villeroy &amp; Boch, fond\u00e9e en 1562 [&hellip;]<\/p>\n","protected":false},"featured_media":24841,"template":"","meta":{"site-sidebar-layout":"default","site-content-layout":"default","ast-site-content-layout":"default","site-content-style":"default","site-sidebar-style":"default","ast-global-header-display":"","ast-banner-title-visibility":"","ast-main-header-display":"","ast-hfb-above-header-display":"","ast-hfb-below-header-display":"","ast-hfb-mobile-header-display":"","site-post-title":"","ast-breadcrumbs-content":"","ast-featured-img":"","footer-sml-layout":"","ast-disable-related-posts":"","theme-transparent-header-meta":"default","adv-header-id-meta":"","stick-header-meta":"","header-above-stick-meta":"","header-main-stick-meta":"","header-below-stick-meta":"","astra-migrate-meta-layouts":"set","ast-page-background-enabled":"default","ast-page-background-meta":{"desktop":{"background-color":"var(--ast-global-color-4)","background-image":"","background-repeat":"repeat","background-position":"center center","background-size":"auto","background-attachment":"scroll","background-type":"","background-media":"","overlay-type":"","overlay-color":"","overlay-opacity":"","overlay-gradient":""},"tablet":{"background-color":"","background-image":"","background-repeat":"repeat","background-position":"center center","background-size":"auto","background-attachment":"scroll","background-type":"","background-media":"","overlay-type":"","overlay-color":"","overlay-opacity":"","overlay-gradient":""},"mobile":{"background-color":"","background-image":"","background-repeat":"repeat","background-position":"center center","background-size":"auto","background-attachment":"scroll","background-type":"","background-media":"","overlay-type":"","overlay-color":"","overlay-opacity":"","overlay-gradient":""}},"ast-content-background-meta":{"desktop":{"background-color":"var(--ast-global-color-5)","background-image":"","background-repeat":"repeat","background-position":"center center","background-size":"auto","background-attachment":"scroll","background-type":"","background-media":"","overlay-type":"","overlay-color":"","overlay-opacity":"","overlay-gradient":""},"tablet":{"background-color":"var(--ast-global-color-5)","background-image":"","background-repeat":"repeat","background-position":"center center","background-size":"auto","background-attachment":"scroll","background-type":"","background-media":"","overlay-type":"","overlay-color":"","overlay-opacity":"","overlay-gradient":""},"mobile":{"background-color":"var(--ast-global-color-5)","background-image":"","background-repeat":"repeat","background-position":"center center","background-size":"auto","background-attachment":"scroll","background-type":"","background-media":"","overlay-type":"","overlay-color":"","overlay-opacity":"","overlay-gradient":""}}},"product_cat":[3542,3547],"product_tag":[1197,1174,2040,1099,1011],"yoast_head":"<!-- This site is optimized with the Yoast SEO plugin v20.8 - https:\/\/yoast.com\/wordpress\/plugins\/seo\/ -->\n<title>Ancienne Assiette de Pr\u00e9sentation en Fa\u00efence Villeroy &amp; Boch - 1562 \u2013 Tulipe - Vintage French Finds<\/title>\n<meta name=\"description\" content=\"The best of French vintage delivered to your doorstep direct from France : fashion, furniture, decoration, table art, curiosities, collections and art work.\" \/>\n<meta name=\"robots\" content=\"index, follow, max-snippet:-1, max-image-preview:large, max-video-preview:-1\" \/>\n<link rel=\"canonical\" href=\"https:\/\/vintagefrenchfinds.com\/en\/product\/ancienne-assiette-de-presentation-en-faience-villeroy-boch-1562-tulipe\/\" \/>\n<meta property=\"og:locale\" content=\"en_GB\" \/>\n<meta property=\"og:type\" content=\"article\" \/>\n<meta property=\"og:title\" content=\"Ancienne Assiette de Pr\u00e9sentation en Fa\u00efence Villeroy &amp; Boch - 1562 \u2013 Tulipe - Vintage French Finds\" \/>\n<meta property=\"og:description\" content=\"The best of French vintage delivered to your doorstep direct from France : fashion, furniture, decoration, table art, curiosities, collections and art work.\" \/>\n<meta property=\"og:url\" content=\"https:\/\/vintagefrenchfinds.com\/en\/product\/ancienne-assiette-de-presentation-en-faience-villeroy-boch-1562-tulipe\/\" \/>\n<meta property=\"og:site_name\" content=\"Vintage French Finds\" \/>\n<meta property=\"article:modified_time\" content=\"2025-06-14T12:46:46+00:00\" \/>\n<meta property=\"og:image\" content=\"https:\/\/vintagefrenchfinds.com\/wp-content\/uploads\/2024\/03\/DSCN3549.jpg\" \/>\n\t<meta property=\"og:image:width\" content=\"886\" \/>\n\t<meta property=\"og:image:height\" content=\"665\" \/>\n\t<meta property=\"og:image:type\" content=\"image\/jpeg\" \/>\n<meta name=\"twitter:card\" content=\"summary_large_image\" \/>\n<meta name=\"twitter:label1\" content=\"Estimated reading time\" \/>\n\t<meta name=\"twitter:data1\" content=\"1 minute\" \/>\n<script type=\"application\/ld+json\" class=\"yoast-schema-graph\">{\"@context\":\"https:\/\/schema.org\",\"@graph\":[{\"@type\":\"WebPage\",\"@id\":\"https:\/\/vintagefrenchfinds.com\/product\/ancienne-assiette-de-presentation-en-faience-villeroy-boch-1562-tulipe\",\"url\":\"https:\/\/vintagefrenchfinds.com\/product\/ancienne-assiette-de-presentation-en-faience-villeroy-boch-1562-tulipe\",\"name\":\"Ancienne Assiette de Pr\u00e9sentation en Fa\u00efence Villeroy & Boch - 1562 \u2013 Tulipe - Vintage French Finds\",\"isPartOf\":{\"@id\":\"https:\/\/vintagefrenchfinds.com\/#website\"},\"datePublished\":\"2024-03-06T09:21:01+00:00\",\"dateModified\":\"2025-06-14T12:46:46+00:00\",\"description\":\"The best of French vintage delivered to your doorstep direct from France : fashion, furniture, decoration, table art, curiosities, collections and art work.\",\"breadcrumb\":{\"@id\":\"https:\/\/vintagefrenchfinds.com\/product\/ancienne-assiette-de-presentation-en-faience-villeroy-boch-1562-tulipe#breadcrumb\"},\"inLanguage\":\"en-GB\",\"potentialAction\":[{\"@type\":\"ReadAction\",\"target\":[\"https:\/\/vintagefrenchfinds.com\/product\/ancienne-assiette-de-presentation-en-faience-villeroy-boch-1562-tulipe\"]}]},{\"@type\":\"BreadcrumbList\",\"@id\":\"https:\/\/vintagefrenchfinds.com\/product\/ancienne-assiette-de-presentation-en-faience-villeroy-boch-1562-tulipe#breadcrumb\",\"itemListElement\":[{\"@type\":\"ListItem\",\"position\":1,\"name\":\"Home\",\"item\":\"https:\/\/vintagefrenchfinds.com\/\"},{\"@type\":\"ListItem\",\"position\":2,\"name\":\"BOUTIQUE\",\"item\":\"https:\/\/vintagefrenchfinds.com\/shop\"},{\"@type\":\"ListItem\",\"position\":3,\"name\":\"Ancienne Assiette de Pr\u00e9sentation en Fa\u00efence Villeroy &#038; Boch &#8211; 1562 \u2013 Tulipe\"}]},{\"@type\":\"WebSite\",\"@id\":\"https:\/\/vintagefrenchfinds.com\/#website\",\"url\":\"https:\/\/vintagefrenchfinds.com\/\",\"name\":\"Vintage French Finds\",\"description\":\"The best of French vintage delivered to your doorstep direct from France : fashion, furniture, decoration, table art, curiosities, collections and art work.\",\"potentialAction\":[{\"@type\":\"SearchAction\",\"target\":{\"@type\":\"EntryPoint\",\"urlTemplate\":\"https:\/\/vintagefrenchfinds.com\/?s={search_term_string}\"},\"query-input\":\"required name=search_term_string\"}],\"inLanguage\":\"en-GB\"}]}<\/script>\n<!-- \/ Yoast SEO plugin. -->","yoast_head_json":{"title":"Ancienne Assiette de Pr\u00e9sentation en Fa\u00efence Villeroy & Boch - 1562 \u2013 Tulipe - Vintage French Finds","description":"The best of French vintage delivered to your doorstep direct from France : fashion, furniture, decoration, table art, curiosities, collections and art work.","robots":{"index":"index","follow":"follow","max-snippet":"max-snippet:-1","max-image-preview":"max-image-preview:large","max-video-preview":"max-video-preview:-1"},"canonical":"https:\/\/vintagefrenchfinds.com\/en\/product\/ancienne-assiette-de-presentation-en-faience-villeroy-boch-1562-tulipe\/","og_locale":"en_GB","og_type":"article","og_title":"Ancienne Assiette de Pr\u00e9sentation en Fa\u00efence Villeroy & Boch - 1562 \u2013 Tulipe - Vintage French Finds","og_description":"The best of French vintage delivered to your doorstep direct from France : fashion, furniture, decoration, table art, curiosities, collections and art work.","og_url":"https:\/\/vintagefrenchfinds.com\/en\/product\/ancienne-assiette-de-presentation-en-faience-villeroy-boch-1562-tulipe\/","og_site_name":"Vintage French Finds","article_modified_time":"2025-06-14T12:46:46+00:00","og_image":[{"width":886,"height":665,"url":"https:\/\/vintagefrenchfinds.com\/wp-content\/uploads\/2024\/03\/DSCN3549.jpg","type":"image\/jpeg"}],"twitter_card":"summary_large_image","twitter_misc":{"Estimated reading time":"1 minute"},"schema":{"@context":"https:\/\/schema.org","@graph":[{"@type":"WebPage","@id":"https:\/\/vintagefrenchfinds.com\/product\/ancienne-assiette-de-presentation-en-faience-villeroy-boch-1562-tulipe","url":"https:\/\/vintagefrenchfinds.com\/product\/ancienne-assiette-de-presentation-en-faience-villeroy-boch-1562-tulipe","name":"Ancienne Assiette de Pr\u00e9sentation en Fa\u00efence Villeroy & Boch - 1562 \u2013 Tulipe - Vintage French Finds","isPartOf":{"@id":"https:\/\/vintagefrenchfinds.com\/#website"},"datePublished":"2024-03-06T09:21:01+00:00","dateModified":"2025-06-14T12:46:46+00:00","description":"The best of French vintage delivered to your doorstep direct from France : fashion, furniture, decoration, table art, curiosities, collections and art work.","breadcrumb":{"@id":"https:\/\/vintagefrenchfinds.com\/product\/ancienne-assiette-de-presentation-en-faience-villeroy-boch-1562-tulipe#breadcrumb"},"inLanguage":"en-GB","potentialAction":[{"@type":"ReadAction","target":["https:\/\/vintagefrenchfinds.com\/product\/ancienne-assiette-de-presentation-en-faience-villeroy-boch-1562-tulipe"]}]},{"@type":"BreadcrumbList","@id":"https:\/\/vintagefrenchfinds.com\/product\/ancienne-assiette-de-presentation-en-faience-villeroy-boch-1562-tulipe#breadcrumb","itemListElement":[{"@type":"ListItem","position":1,"name":"Home","item":"https:\/\/vintagefrenchfinds.com\/"},{"@type":"ListItem","position":2,"name":"BOUTIQUE","item":"https:\/\/vintagefrenchfinds.com\/shop"},{"@type":"ListItem","position":3,"name":"Ancienne Assiette de Pr\u00e9sentation en Fa\u00efence Villeroy &#038; Boch &#8211; 1562 \u2013 Tulipe"}]},{"@type":"WebSite","@id":"https:\/\/vintagefrenchfinds.com\/#website","url":"https:\/\/vintagefrenchfinds.com\/","name":"Vintage French Finds\u00a0","description":"The best of French vintage delivered to your doorstep direct from France : fashion, furniture, decoration, table art, curiosities, collections and art work.","potentialAction":[{"@type":"SearchAction","target":{"@type":"EntryPoint","urlTemplate":"https:\/\/vintagefrenchfinds.com\/?s={search_term_string}"},"query-input":"required name=search_term_string"}],"inLanguage":"en-GB"}]}},"post_mailing_queue_ids":[],"_links":{"self":[{"href":"https:\/\/vintagefrenchfinds.com\/en\/wp-json\/wp\/v2\/product\/24755"}],"collection":[{"href":"https:\/\/vintagefrenchfinds.com\/en\/wp-json\/wp\/v2\/product"}],"about":[{"href":"https:\/\/vintagefrenchfinds.com\/en\/wp-json\/wp\/v2\/types\/product"}],"wp:featuredmedia":[{"embeddable":true,"href":"https:\/\/vintagefrenchfinds.com\/en\/wp-json\/wp\/v2\/media\/24841"}],"wp:attachment":[{"href":"https:\/\/vintagefrenchfinds.com\/en\/wp-json\/wp\/v2\/media?parent=24755"}],"wp:term":[{"taxonomy":"product_cat","embeddable":true,"href":"https:\/\/vintagefrenchfinds.com\/en\/wp-json\/wp\/v2\/product_cat?post=24755"},{"taxonomy":"product_tag","embeddable":true,"href":"https:\/\/vintagefrenchfinds.com\/en\/wp-json\/wp\/v2\/product_tag?post=24755"}],"curies":[{"name":"wp","href":"https:\/\/api.w.org\/{rel}","templated":true}]}}