{"id":24923,"date":"2024-03-29T12:57:41","date_gmt":"2024-03-29T12:57:41","guid":{"rendered":"https:\/\/vintagefrenchfinds.com\/?post_type=product&#038;p=24923"},"modified":"2025-12-08T15:02:29","modified_gmt":"2025-12-08T15:02:29","slug":"5-anciennes-assiettes-en-ceramique-style-saint-clement","status":"publish","type":"product","link":"https:\/\/vintagefrenchfinds.com\/en\/product\/5-anciennes-assiettes-en-ceramique-style-saint-clement","title":{"rendered":"Anciennes Assiettes en C\u00e9ramique Style Saint Cl\u00e9ment"},"content":{"rendered":"<p><span style=\"font-weight: 400;\">Assiettes vintage dans le pur style de <\/span><span style=\"font-weight: 400;\">la c\u00e9l\u00e8bre manufacture de fa\u00efence fran\u00e7aise Saint Cl\u00e9ment<\/span><\/p>\n<p>&nbsp;<\/p>\n<p><span style=\"font-weight: 400;\">Chaque assiette est orn\u00e9e d\u2019un d\u00e9cor diff\u00e9rent, utilisant une palette de couleurs douce et harmonieuse\u00a0: un coq \u2013 une femme \u00e9l\u00e9gante \u00e0 l\u2019ombrelle \u2013 une corne d\u2019abondance \u2013 un bouquet de fleurs \u2013 un pot de fleurs avec un oiseau exotique. Elles ont toutes le lis\u00e9r\u00e9 rouge qui donne une harmonie \u00e0 l\u2019ensemble.<\/span><\/p>\n<p>&nbsp;<\/p>\n<p><span style=\"font-weight: 400;\">La qualit\u00e9 de la fa\u00efence utilis\u00e9e dans la fabrication des assiettes Saint Cl\u00e9ment Vintage garantit une robustesse et une durabilit\u00e9 remarquables, tout en conservant une finesse et une l\u00e9g\u00e8ret\u00e9 qui les rendent parfaites pour une utilisation quotidienne ou pour des occasions sp\u00e9ciales.<\/span><\/p>\n<p>&nbsp;<\/p>\n<p><span style=\"font-weight: 400;\">Ces assiettes sont non seulement des \u00e9l\u00e9ments pratiques de la vaisselle, mais aussi des objets de d\u00e9coration \u00e0 part enti\u00e8re. Leur esth\u00e9tique r\u00e9tro et leur charme intemporel en font des pi\u00e8ces convoit\u00e9es par les collectionneurs et les amateurs de d\u00e9coration vintage.<\/span><\/p>\n<p>&nbsp;<\/p>\n<p><span style=\"font-weight: 400;\">Que ce soit pour embellir votre table au quotidien ou pour ajouter une touche de nostalgie et d&rsquo;\u00e9l\u00e9gance \u00e0 vos repas, ces plats sont un choix s\u00fbr qui sauront ravir les amateurs de l\u2019art de la table r\u00e9tro.<\/span><\/p>\n<p>&nbsp;<\/p>\n<p><span style=\"font-weight: 400;\">Le prix indiqu\u00e9 est pour une assiette et seule le coq est disponible<\/span><\/p>\n<p>&nbsp;<\/p>\n<p><span style=\"font-weight: 400;\">D 32 cm<\/span><\/p>","protected":false},"excerpt":{"rendered":"<p>Assiettes vintage dans le pur style de la c\u00e9l\u00e8bre manufacture de fa\u00efence fran\u00e7aise Saint Cl\u00e9ment &nbsp; Chaque assiette est orn\u00e9e d\u2019un d\u00e9cor diff\u00e9rent, utilisant une palette de couleurs douce et harmonieuse\u00a0: un coq \u2013 une femme \u00e9l\u00e9gante \u00e0 l\u2019ombrelle \u2013 une corne d\u2019abondance \u2013 un bouquet de fleurs \u2013 un pot de fleurs avec un [&hellip;]<\/p>\n","protected":false},"featured_media":24926,"template":"","meta":{"site-sidebar-layout":"default","site-content-layout":"default","ast-site-content-layout":"default","site-content-style":"default","site-sidebar-style":"default","ast-global-header-display":"","ast-banner-title-visibility":"","ast-main-header-display":"","ast-hfb-above-header-display":"","ast-hfb-below-header-display":"","ast-hfb-mobile-header-display":"","site-post-title":"","ast-breadcrumbs-content":"","ast-featured-img":"","footer-sml-layout":"","ast-disable-related-posts":"","theme-transparent-header-meta":"default","adv-header-id-meta":"","stick-header-meta":"","header-above-stick-meta":"","header-main-stick-meta":"","header-below-stick-meta":"","astra-migrate-meta-layouts":"set","ast-page-background-enabled":"default","ast-page-background-meta":{"desktop":{"background-color":"var(--ast-global-color-4)","background-image":"","background-repeat":"repeat","background-position":"center center","background-size":"auto","background-attachment":"scroll","background-type":"","background-media":"","overlay-type":"","overlay-color":"","overlay-opacity":"","overlay-gradient":""},"tablet":{"background-color":"","background-image":"","background-repeat":"repeat","background-position":"center center","background-size":"auto","background-attachment":"scroll","background-type":"","background-media":"","overlay-type":"","overlay-color":"","overlay-opacity":"","overlay-gradient":""},"mobile":{"background-color":"","background-image":"","background-repeat":"repeat","background-position":"center center","background-size":"auto","background-attachment":"scroll","background-type":"","background-media":"","overlay-type":"","overlay-color":"","overlay-opacity":"","overlay-gradient":""}},"ast-content-background-meta":{"desktop":{"background-color":"var(--ast-global-color-5)","background-image":"","background-repeat":"repeat","background-position":"center center","background-size":"auto","background-attachment":"scroll","background-type":"","background-media":"","overlay-type":"","overlay-color":"","overlay-opacity":"","overlay-gradient":""},"tablet":{"background-color":"var(--ast-global-color-5)","background-image":"","background-repeat":"repeat","background-position":"center center","background-size":"auto","background-attachment":"scroll","background-type":"","background-media":"","overlay-type":"","overlay-color":"","overlay-opacity":"","overlay-gradient":""},"mobile":{"background-color":"var(--ast-global-color-5)","background-image":"","background-repeat":"repeat","background-position":"center center","background-size":"auto","background-attachment":"scroll","background-type":"","background-media":"","overlay-type":"","overlay-color":"","overlay-opacity":"","overlay-gradient":""}}},"product_cat":[3542,3544],"product_tag":[1197,1115,1845,1457,1023,1920,3208,1011],"yoast_head":"<!-- This site is optimized with the Yoast SEO plugin v20.8 - https:\/\/yoast.com\/wordpress\/plugins\/seo\/ -->\n<title>Anciennes Assiettes en C\u00e9ramique Style Saint Cl\u00e9ment - Vintage French Finds<\/title>\n<meta name=\"description\" content=\"The best of French vintage delivered to your doorstep direct from France : fashion, furniture, decoration, table art, curiosities, collections and art work.\" \/>\n<meta name=\"robots\" content=\"index, follow, max-snippet:-1, max-image-preview:large, max-video-preview:-1\" \/>\n<link rel=\"canonical\" href=\"https:\/\/vintagefrenchfinds.com\/en\/product\/5-anciennes-assiettes-en-ceramique-style-saint-clement\/\" \/>\n<meta property=\"og:locale\" content=\"en_GB\" \/>\n<meta property=\"og:type\" content=\"article\" \/>\n<meta property=\"og:title\" content=\"Anciennes Assiettes en C\u00e9ramique Style Saint Cl\u00e9ment - Vintage French Finds\" \/>\n<meta property=\"og:description\" content=\"The best of French vintage delivered to your doorstep direct from France : fashion, furniture, decoration, table art, curiosities, collections and art work.\" \/>\n<meta property=\"og:url\" content=\"https:\/\/vintagefrenchfinds.com\/en\/product\/5-anciennes-assiettes-en-ceramique-style-saint-clement\/\" \/>\n<meta property=\"og:site_name\" content=\"Vintage French Finds\" \/>\n<meta property=\"article:modified_time\" content=\"2025-12-08T15:02:29+00:00\" \/>\n<meta property=\"og:image\" content=\"https:\/\/vintagefrenchfinds.com\/wp-content\/uploads\/2024\/03\/DSCN3474.jpg\" \/>\n\t<meta property=\"og:image:width\" content=\"882\" \/>\n\t<meta property=\"og:image:height\" content=\"582\" \/>\n\t<meta property=\"og:image:type\" content=\"image\/jpeg\" \/>\n<meta name=\"twitter:card\" content=\"summary_large_image\" \/>\n<meta name=\"twitter:label1\" content=\"Estimated reading time\" \/>\n\t<meta name=\"twitter:data1\" content=\"1 minute\" \/>\n<script type=\"application\/ld+json\" class=\"yoast-schema-graph\">{\"@context\":\"https:\/\/schema.org\",\"@graph\":[{\"@type\":\"WebPage\",\"@id\":\"https:\/\/vintagefrenchfinds.com\/product\/5-anciennes-assiettes-en-ceramique-style-saint-clement\",\"url\":\"https:\/\/vintagefrenchfinds.com\/product\/5-anciennes-assiettes-en-ceramique-style-saint-clement\",\"name\":\"Anciennes Assiettes en C\u00e9ramique Style Saint Cl\u00e9ment - Vintage French Finds\",\"isPartOf\":{\"@id\":\"https:\/\/vintagefrenchfinds.com\/#website\"},\"datePublished\":\"2024-03-29T12:57:41+00:00\",\"dateModified\":\"2025-12-08T15:02:29+00:00\",\"description\":\"The best of French vintage delivered to your doorstep direct from France : fashion, furniture, decoration, table art, curiosities, collections and art work.\",\"breadcrumb\":{\"@id\":\"https:\/\/vintagefrenchfinds.com\/product\/5-anciennes-assiettes-en-ceramique-style-saint-clement#breadcrumb\"},\"inLanguage\":\"en-GB\",\"potentialAction\":[{\"@type\":\"ReadAction\",\"target\":[\"https:\/\/vintagefrenchfinds.com\/product\/5-anciennes-assiettes-en-ceramique-style-saint-clement\"]}]},{\"@type\":\"BreadcrumbList\",\"@id\":\"https:\/\/vintagefrenchfinds.com\/product\/5-anciennes-assiettes-en-ceramique-style-saint-clement#breadcrumb\",\"itemListElement\":[{\"@type\":\"ListItem\",\"position\":1,\"name\":\"Home\",\"item\":\"https:\/\/vintagefrenchfinds.com\/\"},{\"@type\":\"ListItem\",\"position\":2,\"name\":\"BOUTIQUE\",\"item\":\"https:\/\/vintagefrenchfinds.com\/shop\"},{\"@type\":\"ListItem\",\"position\":3,\"name\":\"Anciennes Assiettes en C\u00e9ramique Style Saint Cl\u00e9ment\"}]},{\"@type\":\"WebSite\",\"@id\":\"https:\/\/vintagefrenchfinds.com\/#website\",\"url\":\"https:\/\/vintagefrenchfinds.com\/\",\"name\":\"Vintage French Finds\",\"description\":\"The best of French vintage delivered to your doorstep direct from France : fashion, furniture, decoration, table art, curiosities, collections and art work.\",\"potentialAction\":[{\"@type\":\"SearchAction\",\"target\":{\"@type\":\"EntryPoint\",\"urlTemplate\":\"https:\/\/vintagefrenchfinds.com\/?s={search_term_string}\"},\"query-input\":\"required name=search_term_string\"}],\"inLanguage\":\"en-GB\"}]}<\/script>\n<!-- \/ Yoast SEO plugin. -->","yoast_head_json":{"title":"Anciennes Assiettes en C\u00e9ramique Style Saint Cl\u00e9ment - Vintage French Finds","description":"The best of French vintage delivered to your doorstep direct from France : fashion, furniture, decoration, table art, curiosities, collections and art work.","robots":{"index":"index","follow":"follow","max-snippet":"max-snippet:-1","max-image-preview":"max-image-preview:large","max-video-preview":"max-video-preview:-1"},"canonical":"https:\/\/vintagefrenchfinds.com\/en\/product\/5-anciennes-assiettes-en-ceramique-style-saint-clement\/","og_locale":"en_GB","og_type":"article","og_title":"Anciennes Assiettes en C\u00e9ramique Style Saint Cl\u00e9ment - Vintage French Finds","og_description":"The best of French vintage delivered to your doorstep direct from France : fashion, furniture, decoration, table art, curiosities, collections and art work.","og_url":"https:\/\/vintagefrenchfinds.com\/en\/product\/5-anciennes-assiettes-en-ceramique-style-saint-clement\/","og_site_name":"Vintage French Finds","article_modified_time":"2025-12-08T15:02:29+00:00","og_image":[{"width":882,"height":582,"url":"https:\/\/vintagefrenchfinds.com\/wp-content\/uploads\/2024\/03\/DSCN3474.jpg","type":"image\/jpeg"}],"twitter_card":"summary_large_image","twitter_misc":{"Estimated reading time":"1 minute"},"schema":{"@context":"https:\/\/schema.org","@graph":[{"@type":"WebPage","@id":"https:\/\/vintagefrenchfinds.com\/product\/5-anciennes-assiettes-en-ceramique-style-saint-clement","url":"https:\/\/vintagefrenchfinds.com\/product\/5-anciennes-assiettes-en-ceramique-style-saint-clement","name":"Anciennes Assiettes en C\u00e9ramique Style Saint Cl\u00e9ment - Vintage French Finds","isPartOf":{"@id":"https:\/\/vintagefrenchfinds.com\/#website"},"datePublished":"2024-03-29T12:57:41+00:00","dateModified":"2025-12-08T15:02:29+00:00","description":"The best of French vintage delivered to your doorstep direct from France : fashion, furniture, decoration, table art, curiosities, collections and art work.","breadcrumb":{"@id":"https:\/\/vintagefrenchfinds.com\/product\/5-anciennes-assiettes-en-ceramique-style-saint-clement#breadcrumb"},"inLanguage":"en-GB","potentialAction":[{"@type":"ReadAction","target":["https:\/\/vintagefrenchfinds.com\/product\/5-anciennes-assiettes-en-ceramique-style-saint-clement"]}]},{"@type":"BreadcrumbList","@id":"https:\/\/vintagefrenchfinds.com\/product\/5-anciennes-assiettes-en-ceramique-style-saint-clement#breadcrumb","itemListElement":[{"@type":"ListItem","position":1,"name":"Home","item":"https:\/\/vintagefrenchfinds.com\/"},{"@type":"ListItem","position":2,"name":"BOUTIQUE","item":"https:\/\/vintagefrenchfinds.com\/shop"},{"@type":"ListItem","position":3,"name":"Anciennes Assiettes en C\u00e9ramique Style Saint Cl\u00e9ment"}]},{"@type":"WebSite","@id":"https:\/\/vintagefrenchfinds.com\/#website","url":"https:\/\/vintagefrenchfinds.com\/","name":"Vintage French Finds\u00a0","description":"The best of French vintage delivered to your doorstep direct from France : fashion, furniture, decoration, table art, curiosities, collections and art work.","potentialAction":[{"@type":"SearchAction","target":{"@type":"EntryPoint","urlTemplate":"https:\/\/vintagefrenchfinds.com\/?s={search_term_string}"},"query-input":"required name=search_term_string"}],"inLanguage":"en-GB"}]}},"post_mailing_queue_ids":[],"_links":{"self":[{"href":"https:\/\/vintagefrenchfinds.com\/en\/wp-json\/wp\/v2\/product\/24923"}],"collection":[{"href":"https:\/\/vintagefrenchfinds.com\/en\/wp-json\/wp\/v2\/product"}],"about":[{"href":"https:\/\/vintagefrenchfinds.com\/en\/wp-json\/wp\/v2\/types\/product"}],"wp:featuredmedia":[{"embeddable":true,"href":"https:\/\/vintagefrenchfinds.com\/en\/wp-json\/wp\/v2\/media\/24926"}],"wp:attachment":[{"href":"https:\/\/vintagefrenchfinds.com\/en\/wp-json\/wp\/v2\/media?parent=24923"}],"wp:term":[{"taxonomy":"product_cat","embeddable":true,"href":"https:\/\/vintagefrenchfinds.com\/en\/wp-json\/wp\/v2\/product_cat?post=24923"},{"taxonomy":"product_tag","embeddable":true,"href":"https:\/\/vintagefrenchfinds.com\/en\/wp-json\/wp\/v2\/product_tag?post=24923"}],"curies":[{"name":"wp","href":"https:\/\/api.w.org\/{rel}","templated":true}]}}