{"id":24963,"date":"2024-03-29T16:36:32","date_gmt":"2024-03-29T16:36:32","guid":{"rendered":"https:\/\/vintagefrenchfinds.com\/?post_type=product&#038;p=24963"},"modified":"2025-05-21T19:33:39","modified_gmt":"2025-05-21T19:33:39","slug":"9-assiettes-en-terre-de-fer-h-boulenger-cie-louis-xv","status":"publish","type":"product","link":"https:\/\/vintagefrenchfinds.com\/en\/product\/9-assiettes-en-terre-de-fer-h-boulenger-cie-louis-xv","title":{"rendered":"9 Assiettes en Terre de Fer &#8211; H Boulenger &#038; Cie &#8211; Louis XV"},"content":{"rendered":"<p><span style=\"font-weight: 400;\">Partie de service vintage de la fa\u00efencerie H Boulenger &amp; Cie<\/span><\/p>\n<p>&nbsp;<\/p>\n<p><span style=\"font-weight: 400;\">Il s\u2019agit de la collection \u00ab\u00a0Louis XV\u00a0\u00bb qui distingue par un d\u00e9cor de style rocaille bleu \u2013 guirlandes, v\u00e9g\u00e9taux et volutes &#8211; sur fond blanc.<\/span><\/p>\n<p>&nbsp;<\/p>\n<p><span style=\"font-weight: 400;\">Le lot comprend\u00a0:<\/span><\/p>\n<ul>\n<li><span style=\"font-weight: 400;\">3 Assiettes Plates (D24 cm)\u00a0<\/span><\/li>\n<li><span style=\"font-weight: 400;\">5 Assiettes Creuses (D 23,5 cm) <\/span><\/li>\n<li><span style=\"font-weight: 400;\">1 Plat Oval (LO 31 x LA 22 cm)<\/span><\/li>\n<\/ul>\n<p>&nbsp;<\/p>\n<p><span style=\"font-weight: 400;\">Estampill\u00e9 en bleu sur le revers\u00a0: HTE BOULENGER &amp; CIE \u2013 CHOISY LE ROI \u2013 TERRE DE FER \u2013 LOUIS XV<\/span><\/p>\n<p>&nbsp;<\/p>\n<p><span style=\"font-weight: 400;\">La fa\u00efencerie H. Boulenger &amp; Cie est une entreprise embl\u00e9matique de l&rsquo;histoire de la c\u00e9ramique fran\u00e7aise, ayant jou\u00e9 un r\u00f4le pr\u00e9pond\u00e9rant dans le d\u00e9veloppement de la vaisselle de qualit\u00e9 au cours des derniers si\u00e8cles.<\/span><\/p>\n<p>&nbsp;<\/p>\n<p><span style=\"font-weight: 400;\">Fond\u00e9e en 1828 par Hippolyte Boulenger \u00e0 Creil, en France, la soci\u00e9t\u00e9 a rapidement acquis une r\u00e9putation pour son savoir-faire exceptionnel dans la production de fa\u00efence et de porcelaine. Gr\u00e2ce \u00e0 son engagement envers l&rsquo;excellence artisanale et \u00e0 son exploration constante de nouvelles techniques, H. Boulenger &amp; Cie est devenue une r\u00e9f\u00e9rence incontournable dans le domaine de la vaisselle de qualit\u00e9.<\/span><\/p>\n<p>&nbsp;<\/p>\n<p><span style=\"font-weight: 400;\">Au fil des ans, la fa\u00efencerie a \u00e9largi sa gamme de produits pour r\u00e9pondre aux besoins changeants de sa client\u00e8le, tout en pr\u00e9servant son engagement envers la tradition et la qualit\u00e9. De la vaisselle de table aux pi\u00e8ces d\u00e9coratives, en passant par les carreaux et les objets d&rsquo;art, chaque cr\u00e9ation de H. Boulenger &amp; Cie est le fruit d&rsquo;un savoir-faire h\u00e9rit\u00e9 et d&rsquo;une passion pour l&rsquo;artisanat.<\/span><\/p>\n<p>&nbsp;<\/p>\n<p><span style=\"font-weight: 400;\">Que ce soit pour embellir votre table au quotidien ou pour ajouter une touche de nostalgie et d&rsquo;\u00e9l\u00e9gance \u00e0 vos repas, ces plats sont un choix s\u00fbr qui sauront ravir les amateurs de l\u2019art de la table r\u00e9tro.<\/span><\/p>","protected":false},"excerpt":{"rendered":"<p>Partie de service vintage de la fa\u00efencerie H Boulenger &amp; Cie &nbsp; Il s\u2019agit de la collection \u00ab\u00a0Louis XV\u00a0\u00bb qui distingue par un d\u00e9cor de style rocaille bleu \u2013 guirlandes, v\u00e9g\u00e9taux et volutes &#8211; sur fond blanc. &nbsp; Le lot comprend\u00a0: 3 Assiettes Plates (D24 cm)\u00a0 5 Assiettes Creuses (D 23,5 cm) 1 Plat Oval [&hellip;]<\/p>\n","protected":false},"featured_media":24998,"template":"","meta":{"site-sidebar-layout":"default","site-content-layout":"default","ast-site-content-layout":"default","site-content-style":"default","site-sidebar-style":"default","ast-global-header-display":"","ast-banner-title-visibility":"","ast-main-header-display":"","ast-hfb-above-header-display":"","ast-hfb-below-header-display":"","ast-hfb-mobile-header-display":"","site-post-title":"","ast-breadcrumbs-content":"","ast-featured-img":"","footer-sml-layout":"","ast-disable-related-posts":"","theme-transparent-header-meta":"default","adv-header-id-meta":"","stick-header-meta":"","header-above-stick-meta":"","header-main-stick-meta":"","header-below-stick-meta":"","astra-migrate-meta-layouts":"default","ast-page-background-enabled":"default","ast-page-background-meta":{"desktop":{"background-color":"var(--ast-global-color-4)","background-image":"","background-repeat":"repeat","background-position":"center center","background-size":"auto","background-attachment":"scroll","background-type":"","background-media":"","overlay-type":"","overlay-color":"","overlay-opacity":"","overlay-gradient":""},"tablet":{"background-color":"","background-image":"","background-repeat":"repeat","background-position":"center center","background-size":"auto","background-attachment":"scroll","background-type":"","background-media":"","overlay-type":"","overlay-color":"","overlay-opacity":"","overlay-gradient":""},"mobile":{"background-color":"","background-image":"","background-repeat":"repeat","background-position":"center center","background-size":"auto","background-attachment":"scroll","background-type":"","background-media":"","overlay-type":"","overlay-color":"","overlay-opacity":"","overlay-gradient":""}},"ast-content-background-meta":{"desktop":{"background-color":"var(--ast-global-color-5)","background-image":"","background-repeat":"repeat","background-position":"center center","background-size":"auto","background-attachment":"scroll","background-type":"","background-media":"","overlay-type":"","overlay-color":"","overlay-opacity":"","overlay-gradient":""},"tablet":{"background-color":"var(--ast-global-color-5)","background-image":"","background-repeat":"repeat","background-position":"center center","background-size":"auto","background-attachment":"scroll","background-type":"","background-media":"","overlay-type":"","overlay-color":"","overlay-opacity":"","overlay-gradient":""},"mobile":{"background-color":"var(--ast-global-color-5)","background-image":"","background-repeat":"repeat","background-position":"center center","background-size":"auto","background-attachment":"scroll","background-type":"","background-media":"","overlay-type":"","overlay-color":"","overlay-opacity":"","overlay-gradient":""}}},"product_cat":[3542,3544],"product_tag":[1197,1115,1174,2837,1233,1662,1159,1011],"yoast_head":"<!-- This site is optimized with the Yoast SEO plugin v20.8 - https:\/\/yoast.com\/wordpress\/plugins\/seo\/ -->\n<title>9 Assiettes en Terre de Fer - H Boulenger &amp; Cie - Louis XV - Vintage French Finds<\/title>\n<meta name=\"description\" content=\"The best of French vintage delivered to your doorstep direct from France : fashion, furniture, decoration, table art, curiosities, collections and art work.\" \/>\n<meta name=\"robots\" content=\"index, follow, max-snippet:-1, max-image-preview:large, max-video-preview:-1\" \/>\n<link rel=\"canonical\" href=\"https:\/\/vintagefrenchfinds.com\/en\/product\/9-assiettes-en-terre-de-fer-h-boulenger-cie-louis-xv\/\" \/>\n<meta property=\"og:locale\" content=\"en_GB\" \/>\n<meta property=\"og:type\" content=\"article\" \/>\n<meta property=\"og:title\" content=\"9 Assiettes en Terre de Fer - H Boulenger &amp; Cie - Louis XV - Vintage French Finds\" \/>\n<meta property=\"og:description\" content=\"The best of French vintage delivered to your doorstep direct from France : fashion, furniture, decoration, table art, curiosities, collections and art work.\" \/>\n<meta property=\"og:url\" content=\"https:\/\/vintagefrenchfinds.com\/en\/product\/9-assiettes-en-terre-de-fer-h-boulenger-cie-louis-xv\/\" \/>\n<meta property=\"og:site_name\" content=\"Vintage French Finds\" \/>\n<meta property=\"article:modified_time\" content=\"2025-05-21T19:33:39+00:00\" \/>\n<meta property=\"og:image\" content=\"https:\/\/vintagefrenchfinds.com\/wp-content\/uploads\/2024\/03\/Photo-Principal-2.jpg\" \/>\n\t<meta property=\"og:image:width\" content=\"792\" \/>\n\t<meta property=\"og:image:height\" content=\"886\" \/>\n\t<meta property=\"og:image:type\" content=\"image\/jpeg\" \/>\n<meta name=\"twitter:card\" content=\"summary_large_image\" \/>\n<meta name=\"twitter:label1\" content=\"Estimated reading time\" \/>\n\t<meta name=\"twitter:data1\" content=\"2 minutes\" \/>\n<script type=\"application\/ld+json\" class=\"yoast-schema-graph\">{\"@context\":\"https:\/\/schema.org\",\"@graph\":[{\"@type\":\"WebPage\",\"@id\":\"https:\/\/vintagefrenchfinds.com\/product\/9-assiettes-en-terre-de-fer-h-boulenger-cie-louis-xv\",\"url\":\"https:\/\/vintagefrenchfinds.com\/product\/9-assiettes-en-terre-de-fer-h-boulenger-cie-louis-xv\",\"name\":\"9 Assiettes en Terre de Fer - H Boulenger & Cie - Louis XV - Vintage French Finds\",\"isPartOf\":{\"@id\":\"https:\/\/vintagefrenchfinds.com\/#website\"},\"datePublished\":\"2024-03-29T16:36:32+00:00\",\"dateModified\":\"2025-05-21T19:33:39+00:00\",\"description\":\"The best of French vintage delivered to your doorstep direct from France : fashion, furniture, decoration, table art, curiosities, collections and art work.\",\"breadcrumb\":{\"@id\":\"https:\/\/vintagefrenchfinds.com\/product\/9-assiettes-en-terre-de-fer-h-boulenger-cie-louis-xv#breadcrumb\"},\"inLanguage\":\"en-GB\",\"potentialAction\":[{\"@type\":\"ReadAction\",\"target\":[\"https:\/\/vintagefrenchfinds.com\/product\/9-assiettes-en-terre-de-fer-h-boulenger-cie-louis-xv\"]}]},{\"@type\":\"BreadcrumbList\",\"@id\":\"https:\/\/vintagefrenchfinds.com\/product\/9-assiettes-en-terre-de-fer-h-boulenger-cie-louis-xv#breadcrumb\",\"itemListElement\":[{\"@type\":\"ListItem\",\"position\":1,\"name\":\"Home\",\"item\":\"https:\/\/vintagefrenchfinds.com\/\"},{\"@type\":\"ListItem\",\"position\":2,\"name\":\"BOUTIQUE\",\"item\":\"https:\/\/vintagefrenchfinds.com\/shop\"},{\"@type\":\"ListItem\",\"position\":3,\"name\":\"9 Assiettes en Terre de Fer &#8211; H Boulenger &#038; Cie &#8211; Louis XV\"}]},{\"@type\":\"WebSite\",\"@id\":\"https:\/\/vintagefrenchfinds.com\/#website\",\"url\":\"https:\/\/vintagefrenchfinds.com\/\",\"name\":\"Vintage French Finds\",\"description\":\"The best of French vintage delivered to your doorstep direct from France : fashion, furniture, decoration, table art, curiosities, collections and art work.\",\"potentialAction\":[{\"@type\":\"SearchAction\",\"target\":{\"@type\":\"EntryPoint\",\"urlTemplate\":\"https:\/\/vintagefrenchfinds.com\/?s={search_term_string}\"},\"query-input\":\"required name=search_term_string\"}],\"inLanguage\":\"en-GB\"}]}<\/script>\n<!-- \/ Yoast SEO plugin. -->","yoast_head_json":{"title":"9 Assiettes en Terre de Fer - H Boulenger & Cie - Louis XV - Vintage French Finds","description":"The best of French vintage delivered to your doorstep direct from France : fashion, furniture, decoration, table art, curiosities, collections and art work.","robots":{"index":"index","follow":"follow","max-snippet":"max-snippet:-1","max-image-preview":"max-image-preview:large","max-video-preview":"max-video-preview:-1"},"canonical":"https:\/\/vintagefrenchfinds.com\/en\/product\/9-assiettes-en-terre-de-fer-h-boulenger-cie-louis-xv\/","og_locale":"en_GB","og_type":"article","og_title":"9 Assiettes en Terre de Fer - H Boulenger & Cie - Louis XV - Vintage French Finds","og_description":"The best of French vintage delivered to your doorstep direct from France : fashion, furniture, decoration, table art, curiosities, collections and art work.","og_url":"https:\/\/vintagefrenchfinds.com\/en\/product\/9-assiettes-en-terre-de-fer-h-boulenger-cie-louis-xv\/","og_site_name":"Vintage French Finds","article_modified_time":"2025-05-21T19:33:39+00:00","og_image":[{"width":792,"height":886,"url":"https:\/\/vintagefrenchfinds.com\/wp-content\/uploads\/2024\/03\/Photo-Principal-2.jpg","type":"image\/jpeg"}],"twitter_card":"summary_large_image","twitter_misc":{"Estimated reading time":"2 minutes"},"schema":{"@context":"https:\/\/schema.org","@graph":[{"@type":"WebPage","@id":"https:\/\/vintagefrenchfinds.com\/product\/9-assiettes-en-terre-de-fer-h-boulenger-cie-louis-xv","url":"https:\/\/vintagefrenchfinds.com\/product\/9-assiettes-en-terre-de-fer-h-boulenger-cie-louis-xv","name":"9 Assiettes en Terre de Fer - H Boulenger & Cie - Louis XV - Vintage French Finds","isPartOf":{"@id":"https:\/\/vintagefrenchfinds.com\/#website"},"datePublished":"2024-03-29T16:36:32+00:00","dateModified":"2025-05-21T19:33:39+00:00","description":"The best of French vintage delivered to your doorstep direct from France : fashion, furniture, decoration, table art, curiosities, collections and art work.","breadcrumb":{"@id":"https:\/\/vintagefrenchfinds.com\/product\/9-assiettes-en-terre-de-fer-h-boulenger-cie-louis-xv#breadcrumb"},"inLanguage":"en-GB","potentialAction":[{"@type":"ReadAction","target":["https:\/\/vintagefrenchfinds.com\/product\/9-assiettes-en-terre-de-fer-h-boulenger-cie-louis-xv"]}]},{"@type":"BreadcrumbList","@id":"https:\/\/vintagefrenchfinds.com\/product\/9-assiettes-en-terre-de-fer-h-boulenger-cie-louis-xv#breadcrumb","itemListElement":[{"@type":"ListItem","position":1,"name":"Home","item":"https:\/\/vintagefrenchfinds.com\/"},{"@type":"ListItem","position":2,"name":"BOUTIQUE","item":"https:\/\/vintagefrenchfinds.com\/shop"},{"@type":"ListItem","position":3,"name":"9 Assiettes en Terre de Fer &#8211; H Boulenger &#038; Cie &#8211; Louis XV"}]},{"@type":"WebSite","@id":"https:\/\/vintagefrenchfinds.com\/#website","url":"https:\/\/vintagefrenchfinds.com\/","name":"Vintage French Finds\u00a0","description":"The best of French vintage delivered to your doorstep direct from France : fashion, furniture, decoration, table art, curiosities, collections and art work.","potentialAction":[{"@type":"SearchAction","target":{"@type":"EntryPoint","urlTemplate":"https:\/\/vintagefrenchfinds.com\/?s={search_term_string}"},"query-input":"required name=search_term_string"}],"inLanguage":"en-GB"}]}},"post_mailing_queue_ids":[],"_links":{"self":[{"href":"https:\/\/vintagefrenchfinds.com\/en\/wp-json\/wp\/v2\/product\/24963"}],"collection":[{"href":"https:\/\/vintagefrenchfinds.com\/en\/wp-json\/wp\/v2\/product"}],"about":[{"href":"https:\/\/vintagefrenchfinds.com\/en\/wp-json\/wp\/v2\/types\/product"}],"wp:featuredmedia":[{"embeddable":true,"href":"https:\/\/vintagefrenchfinds.com\/en\/wp-json\/wp\/v2\/media\/24998"}],"wp:attachment":[{"href":"https:\/\/vintagefrenchfinds.com\/en\/wp-json\/wp\/v2\/media?parent=24963"}],"wp:term":[{"taxonomy":"product_cat","embeddable":true,"href":"https:\/\/vintagefrenchfinds.com\/en\/wp-json\/wp\/v2\/product_cat?post=24963"},{"taxonomy":"product_tag","embeddable":true,"href":"https:\/\/vintagefrenchfinds.com\/en\/wp-json\/wp\/v2\/product_tag?post=24963"}],"curies":[{"name":"wp","href":"https:\/\/api.w.org\/{rel}","templated":true}]}}