{"id":2522,"date":"2020-06-19T22:52:18","date_gmt":"2020-06-19T22:52:18","guid":{"rendered":"http:\/\/vintagefrenchfinds.com\/?post_type=product&#038;p=2522"},"modified":"2025-03-19T15:34:17","modified_gmt":"2025-03-19T15:34:17","slug":"4-anciens-couteaux-de-table-inox-et-bakelite","status":"publish","type":"product","link":"https:\/\/vintagefrenchfinds.com\/en\/product\/4-anciens-couteaux-de-table-inox-et-bakelite","title":{"rendered":"4 Antique French Stainless Steel and Bakelite Table Knives"},"content":{"rendered":"<div class=\"_1FTz3 cell\">\n<div dir=\"ltr\">\n<section class=\"_2RbVQ\" data-hook=\"description-wrapper\">\n<div class=\"_3nbVj\">\n<div class=\"_3cRjW\" data-hook=\"content-wrapper\">\n<div class=\"_1FTz3 cell\">\n<div dir=\"ltr\">\n<section class=\"_2RbVQ\" data-hook=\"description-wrapper\">\n<div class=\"_3nbVj\">\n<div class=\"_3cRjW\" data-hook=\"content-wrapper\">\n<div class=\"_1FTz3 cell\">\n<div dir=\"ltr\">\n<section class=\"_2RbVQ\" data-hook=\"description-wrapper\">\n<div class=\"_3nbVj\">\n<div class=\"_3cRjW\" data-hook=\"content-wrapper\">\n<div class=\"_1FTz3 cell\">\n<div dir=\"ltr\">\n<section class=\"_2RbVQ\" data-hook=\"description-wrapper\">\n<div class=\"_3nbVj\">\n<div class=\"_3cRjW\" data-hook=\"content-wrapper\">\n<div class=\"_1FTz3 cell\">\n<div dir=\"ltr\">\n<section class=\"_2RbVQ\" data-hook=\"description-wrapper\">\n<div class=\"_3nbVj\">\n<div class=\"_3cRjW\" data-hook=\"content-wrapper\">\n<div class=\"_1FTz3 cell\">\n<div dir=\"ltr\">\n<section class=\"_2RbVQ\" data-hook=\"description-wrapper\">\n<div class=\"_3nbVj\">\n<div class=\"_3cRjW\" data-hook=\"content-wrapper\">\n<div class=\"_1FTz3 cell\">\n<div dir=\"ltr\">\n<section class=\"_2RbVQ\" data-hook=\"description-wrapper\">\n<div class=\"_3nbVj\">\n<div class=\"_3cRjW\" data-hook=\"content-wrapper\">\n<div class=\"_1FTz3 cell\">\n<div dir=\"ltr\">\n<section class=\"_2RbVQ\" data-hook=\"description-wrapper\">\n<div class=\"_3nbVj\">\n<div class=\"_3cRjW\" data-hook=\"content-wrapper\">\n<div class=\"_1FTz3 cell\">\n<div dir=\"ltr\">\n<section class=\"_2RbVQ\" data-hook=\"description-wrapper\">\n<div class=\"_3nbVj\">\n<div class=\"_3cRjW\" data-hook=\"content-wrapper\">\n<div class=\"_1FTz3 cell\">\n<div dir=\"ltr\">\n<section class=\"_2RbVQ\" data-hook=\"description-wrapper\">\n<div class=\"_3nbVj\">\n<div class=\"_3cRjW\" data-hook=\"content-wrapper\">\n<div class=\"_1FTz3 cell\">\n<div dir=\"ltr\">\n<section class=\"_2RbVQ\" data-hook=\"description-wrapper\">\n<div class=\"_3nbVj\">\n<div class=\"_3cRjW\" data-hook=\"content-wrapper\">\n<div class=\"_1FTz3 cell\">\n<div dir=\"ltr\">\n<section class=\"_2RbVQ\" data-hook=\"description-wrapper\">\n<div class=\"_3nbVj\">\n<div class=\"_3cRjW\" data-hook=\"content-wrapper\">\n<div class=\"_1FTz3 cell\">\n<div dir=\"ltr\">\n<section class=\"_2RbVQ\" data-hook=\"description-wrapper\">\n<div class=\"_3nbVj\">\n<div class=\"_3cRjW\" data-hook=\"content-wrapper\">\n<div class=\"_1FTz3 cell\">\n<div dir=\"ltr\">\n<section class=\"_2RbVQ\" data-hook=\"description-wrapper\">\n<div class=\"_3nbVj\">\n<div class=\"_3cRjW\" data-hook=\"content-wrapper\">\n<div class=\"_1FTz3 cell\">\n<div dir=\"ltr\">\n<section class=\"_2RbVQ\" data-hook=\"description-wrapper\">\n<div class=\"_3nbVj\">\n<div class=\"_3cRjW\" data-hook=\"content-wrapper\">\n<div class=\"_1FTz3 cell\">\n<div dir=\"ltr\">\n<section class=\"_2RbVQ\" data-hook=\"description-wrapper\">\n<div class=\"_3nbVj\">\n<div class=\"_3cRjW\" data-hook=\"content-wrapper\">\n<div class=\"_1FTz3 cell\">\n<div dir=\"ltr\">\n<section class=\"_2RbVQ\" data-hook=\"description-wrapper\">\n<div class=\"_3nbVj\">\n<div class=\"_3cRjW\" data-hook=\"content-wrapper\">\n<div class=\"_1FTz3 cell\">\n<div dir=\"ltr\">\n<section class=\"_2RbVQ\" data-hook=\"description-wrapper\">\n<div class=\"_3nbVj\">\n<div class=\"_3cRjW\" data-hook=\"content-wrapper\">\n<div class=\"_1FTz3 cell\">\n<div dir=\"ltr\">\n<section class=\"_2RbVQ\" data-hook=\"description-wrapper\">\n<div class=\"_3nbVj\">\n<div class=\"_3cRjW\" data-hook=\"content-wrapper\">\n<div class=\"_1FTz3 cell\">\n<div dir=\"ltr\">\n<section class=\"_2RbVQ\" data-hook=\"description-wrapper\">\n<div class=\"_3nbVj\">\n<div class=\"_3cRjW\" data-hook=\"content-wrapper\">\n<div class=\"_1FTz3 cell\">\n<div dir=\"ltr\">\n<section class=\"_2RbVQ\" data-hook=\"description-wrapper\">\n<div class=\"_3nbVj\">\n<div class=\"_3cRjW\" data-hook=\"content-wrapper\">\n<div class=\"_1FTz3 cell\">\n<div dir=\"ltr\">\n<section class=\"_2RbVQ\" data-hook=\"description-wrapper\">\n<div class=\"_3nbVj\">\n<div class=\"_3cRjW\" data-hook=\"content-wrapper\">\n<div class=\"_1FTz3 cell\">\n<div dir=\"ltr\">\n<section class=\"_2RbVQ\" data-hook=\"description-wrapper\">\n<div class=\"_3nbVj\">\n<div class=\"_3cRjW\" data-hook=\"content-wrapper\">\n<div class=\"_1FTz3 cell\">\n<div dir=\"ltr\">\n<section class=\"_2RbVQ\" data-hook=\"description-wrapper\">\n<div class=\"_3nbVj\">\n<div class=\"_3cRjW\" data-hook=\"content-wrapper\">\n<div class=\"_1FTz3 cell\">\n<div dir=\"ltr\">\n<section class=\"_2RbVQ\" data-hook=\"description-wrapper\">\n<div class=\"_3nbVj\">\n<div class=\"_3cRjW\" data-hook=\"content-wrapper\">\n<div class=\"_1FTz3 cell\">\n<div dir=\"ltr\">\n<section class=\"_2RbVQ\" data-hook=\"description-wrapper\">\n<div class=\"_3nbVj\">\n<div class=\"_3cRjW\" data-hook=\"content-wrapper\">\n<div class=\"_1FTz3 cell\">\n<div dir=\"ltr\">\n<section class=\"_2RbVQ\" data-hook=\"description-wrapper\">\n<div class=\"_3nbVj\">\n<div class=\"_3cRjW\" data-hook=\"content-wrapper\">\n<div class=\"_1FTz3 cell\">\n<div dir=\"ltr\">\n<section class=\"_2RbVQ\" data-hook=\"description-wrapper\">\n<div class=\"_3nbVj\">\n<div class=\"_3cRjW\" data-hook=\"content-wrapper\">\n<div class=\"_1FTz3 cell\">\n<div dir=\"ltr\">\n<section class=\"_2RbVQ\" data-hook=\"description-wrapper\">\n<div class=\"_3nbVj\">\n<div class=\"_3cRjW\" data-hook=\"content-wrapper\">\n<div class=\"_1FTz3 cell\">\n<div dir=\"ltr\">\n<section class=\"_2RbVQ\" data-hook=\"description-wrapper\">\n<div class=\"_3nbVj\">\n<div class=\"_3cRjW\" data-hook=\"content-wrapper\">\n<div class=\"_1FTz3 cell\">\n<div dir=\"ltr\">\n<section class=\"_2RbVQ\" data-hook=\"description-wrapper\">\n<div class=\"_3nbVj\">\n<div class=\"_3cRjW\" data-hook=\"content-wrapper\">\n<div class=\"_1FTz3 cell\">\n<div dir=\"ltr\">\n<section class=\"_2RbVQ\" data-hook=\"description-wrapper\">\n<div class=\"_3nbVj\">\n<div class=\"_3cRjW\" data-hook=\"content-wrapper\">\n<div class=\"_1FTz3 cell\">\n<div dir=\"ltr\">\n<section class=\"_2RbVQ\" data-hook=\"description-wrapper\">\n<div class=\"_3nbVj\">\n<div class=\"_3cRjW\" data-hook=\"content-wrapper\">\n<div class=\"_1FTz3 cell\">\n<div dir=\"ltr\">\n<section class=\"_2RbVQ\" data-hook=\"description-wrapper\">\n<div class=\"_3nbVj\">\n<div class=\"_3cRjW\" data-hook=\"content-wrapper\">\n<div class=\"_1FTz3 cell\">\n<div dir=\"ltr\">\n<section class=\"_2RbVQ\" data-hook=\"description-wrapper\">\n<div class=\"_3nbVj\">\n<div class=\"_3cRjW\" data-hook=\"content-wrapper\">\n<div class=\"_1FTz3 cell\">\n<div dir=\"ltr\">\n<section class=\"_2RbVQ\" data-hook=\"description-wrapper\">\n<div class=\"_3nbVj\">\n<div class=\"_3cRjW\" data-hook=\"content-wrapper\">\n<div class=\"_1FTz3 cell\">\n<div dir=\"ltr\">\n<section class=\"_2RbVQ\" data-hook=\"description-wrapper\">\n<div class=\"_3nbVj\">\n<div class=\"_3cRjW\" data-hook=\"content-wrapper\">\n<div class=\"_1FTz3 cell\">\n<div dir=\"ltr\">\n<section class=\"_2RbVQ\" data-hook=\"description-wrapper\">\n<div class=\"_3nbVj\">\n<div class=\"_3cRjW\" data-hook=\"content-wrapper\">\n<div class=\"_1FTz3 cell\">\n<div dir=\"ltr\">\n<section class=\"_2RbVQ\" data-hook=\"description-wrapper\">\n<div class=\"_3nbVj\">\n<div class=\"_3cRjW\" data-hook=\"content-wrapper\">\n<div class=\"_1FTz3 cell\">\n<div dir=\"ltr\">\n<section class=\"_2RbVQ\" data-hook=\"description-wrapper\">\n<div class=\"_3nbVj\">\n<div class=\"_3cRjW\" data-hook=\"content-wrapper\">\n<div class=\"_1FTz3 cell\">\n<div dir=\"ltr\">\n<section class=\"_2RbVQ\" data-hook=\"description-wrapper\">\n<div class=\"_3nbVj\">\n<div class=\"_3cRjW\" data-hook=\"content-wrapper\">\n<div class=\"_1FTz3 cell\">\n<div dir=\"ltr\">\n<section class=\"_2RbVQ\" data-hook=\"description-wrapper\">\n<div class=\"_3nbVj\">\n<div class=\"_3cRjW\" data-hook=\"content-wrapper\">\n<div class=\"_1FTz3 cell\">\n<div dir=\"ltr\">\n<section class=\"_2RbVQ\" data-hook=\"description-wrapper\">\n<div class=\"_3nbVj\">\n<div class=\"_3cRjW\" data-hook=\"content-wrapper\">\n<div class=\"_1FTz3 cell\">\n<div dir=\"ltr\">\n<section class=\"_2RbVQ\" data-hook=\"description-wrapper\">\n<div class=\"_3nbVj\">\n<div class=\"_3cRjW\" data-hook=\"content-wrapper\">\n<div class=\"_1FTz3 cell\">\n<div dir=\"ltr\">\n<section class=\"_2RbVQ\" data-hook=\"description-wrapper\">\n<div class=\"_3nbVj\">\n<div class=\"_3cRjW\" data-hook=\"content-wrapper\">\n<p>4 large vintage dining knives composed of:<\/p>\n<p>&nbsp;<\/p>\n<p>- an off-white bakelite (or horn) handle<\/p>\n<p>&nbsp;<\/p>\n<p>- a stainless steel blade (with some signs of wear)<\/p>\n<p>&nbsp;<\/p>\n<p>This cutlery is sold as is, and is perfectly functional.<\/p>\n<p>&nbsp;<\/p>\n<p>LO 22.5 cm<\/p>\n<\/div>\n<\/div>\n<\/section>\n<\/div>\n<\/div>\n<\/div>\n<\/div>\n<\/section>\n<\/div>\n<\/div>\n<\/div>\n<\/div>\n<\/section>\n<\/div>\n<\/div>\n<\/div>\n<\/div>\n<\/section>\n<\/div>\n<\/div>\n<\/div>\n<\/div>\n<\/section>\n<\/div>\n<\/div>\n<\/div>\n<\/div>\n<\/section>\n<\/div>\n<\/div>\n<\/div>\n<\/div>\n<\/section>\n<\/div>\n<\/div>\n<\/div>\n<\/div>\n<\/section>\n<\/div>\n<\/div>\n<\/div>\n<\/div>\n<\/section>\n<\/div>\n<\/div>\n<\/div>\n<\/div>\n<\/section>\n<\/div>\n<\/div>\n<\/div>\n<\/div>\n<\/section>\n<\/div>\n<\/div>\n<\/div>\n<\/div>\n<\/section>\n<\/div>\n<\/div>\n<\/div>\n<\/div>\n<\/section>\n<\/div>\n<\/div>\n<\/div>\n<\/div>\n<\/section>\n<\/div>\n<\/div>\n<\/div>\n<\/div>\n<\/section>\n<\/div>\n<\/div>\n<\/div>\n<\/div>\n<\/section>\n<\/div>\n<\/div>\n<\/div>\n<\/div>\n<\/section>\n<\/div>\n<\/div>\n<\/div>\n<\/div>\n<\/section>\n<\/div>\n<\/div>\n<\/div>\n<\/div>\n<\/section>\n<\/div>\n<\/div>\n<\/div>\n<\/div>\n<\/section>\n<\/div>\n<\/div>\n<\/div>\n<\/div>\n<\/section>\n<\/div>\n<\/div>\n<\/div>\n<\/div>\n<\/section>\n<\/div>\n<\/div>\n<\/div>\n<\/div>\n<\/section>\n<\/div>\n<\/div>\n<\/div>\n<\/div>\n<\/section>\n<\/div>\n<\/div>\n<\/div>\n<\/div>\n<\/section>\n<\/div>\n<\/div>\n<\/div>\n<\/div>\n<\/section>\n<\/div>\n<\/div>\n<\/div>\n<\/div>\n<\/section>\n<\/div>\n<\/div>\n<\/div>\n<\/div>\n<\/section>\n<\/div>\n<\/div>\n<\/div>\n<\/div>\n<\/section>\n<\/div>\n<\/div>\n<\/div>\n<\/div>\n<\/section>\n<\/div>\n<\/div>\n<\/div>\n<\/div>\n<\/section>\n<\/div>\n<\/div>\n<\/div>\n<\/div>\n<\/section>\n<\/div>\n<\/div>\n<\/div>\n<\/div>\n<\/section>\n<\/div>\n<\/div>\n<\/div>\n<\/div>\n<\/section>\n<\/div>\n<\/div>\n<\/div>\n<\/div>\n<\/section>\n<\/div>\n<\/div>\n<\/div>\n<\/div>\n<\/section>\n<\/div>\n<\/div>\n<\/div>\n<\/div>\n<\/section>\n<\/div>\n<\/div>\n<\/div>\n<\/div>\n<\/section>\n<\/div>\n<\/div>\n<\/div>\n<\/div>\n<\/section>\n<\/div>\n<\/div>\n<\/div>\n<\/div>\n<\/section>\n<\/div>\n<\/div>\n<\/div>\n<\/div>\n<\/section>\n<\/div>\n<\/div>\n<\/div>\n<\/div>\n<\/section>\n<\/div>\n<\/div>\n<\/div>\n<\/div>\n<\/section>\n<\/div>\n<\/div>\n<\/div>\n<\/div>\n<\/section>\n<\/div>\n<\/div>\n<\/div>\n<\/div>\n<\/section>\n<\/div>\n<\/div>","protected":false},"excerpt":{"rendered":"<p>4 grand couteaux \u00e0 diner vintage compos\u00e9s de : &nbsp; &#8211; un manche en bak\u00e9lite (ou corne) de couleur blanc cass\u00e9 &nbsp; &#8211; une lame en acier inoxydable (avec marques d\u2019usure) &nbsp; Ces couverts sont vendus \u00ab\u00a0dans leur jus\u00a0\u00bb et sont parfaitement fonctionnels. &nbsp; LO 22,5 cm<\/p>","protected":false},"featured_media":2521,"template":"","meta":{"site-sidebar-layout":"default","site-content-layout":"","ast-site-content-layout":"default","site-content-style":"default","site-sidebar-style":"default","ast-global-header-display":"","ast-banner-title-visibility":"","ast-main-header-display":"","ast-hfb-above-header-display":"","ast-hfb-below-header-display":"","ast-hfb-mobile-header-display":"","site-post-title":"","ast-breadcrumbs-content":"","ast-featured-img":"","footer-sml-layout":"","ast-disable-related-posts":"","theme-transparent-header-meta":"","adv-header-id-meta":"","stick-header-meta":"","header-above-stick-meta":"","header-main-stick-meta":"","header-below-stick-meta":"","astra-migrate-meta-layouts":"default","ast-page-background-enabled":"default","ast-page-background-meta":{"desktop":{"background-color":"var(--ast-global-color-4)","background-image":"","background-repeat":"repeat","background-position":"center center","background-size":"auto","background-attachment":"scroll","background-type":"","background-media":"","overlay-type":"","overlay-color":"","overlay-opacity":"","overlay-gradient":""},"tablet":{"background-color":"","background-image":"","background-repeat":"repeat","background-position":"center center","background-size":"auto","background-attachment":"scroll","background-type":"","background-media":"","overlay-type":"","overlay-color":"","overlay-opacity":"","overlay-gradient":""},"mobile":{"background-color":"","background-image":"","background-repeat":"repeat","background-position":"center center","background-size":"auto","background-attachment":"scroll","background-type":"","background-media":"","overlay-type":"","overlay-color":"","overlay-opacity":"","overlay-gradient":""}},"ast-content-background-meta":{"desktop":{"background-color":"var(--ast-global-color-5)","background-image":"","background-repeat":"repeat","background-position":"center center","background-size":"auto","background-attachment":"scroll","background-type":"","background-media":"","overlay-type":"","overlay-color":"","overlay-opacity":"","overlay-gradient":""},"tablet":{"background-color":"var(--ast-global-color-5)","background-image":"","background-repeat":"repeat","background-position":"center center","background-size":"auto","background-attachment":"scroll","background-type":"","background-media":"","overlay-type":"","overlay-color":"","overlay-opacity":"","overlay-gradient":""},"mobile":{"background-color":"var(--ast-global-color-5)","background-image":"","background-repeat":"repeat","background-position":"center center","background-size":"auto","background-attachment":"scroll","background-type":"","background-media":"","overlay-type":"","overlay-color":"","overlay-opacity":"","overlay-gradient":""}}},"product_cat":[3542,3558],"product_tag":[1197,1115,1130,1878,1920,1337,1486,1011],"yoast_head":"<!-- This site is optimized with the Yoast SEO plugin v20.8 - https:\/\/yoast.com\/wordpress\/plugins\/seo\/ -->\n<title>4 Anciens Couteaux de Table Inox et Bakelite - Vintage French Finds<\/title>\n<meta name=\"description\" content=\"The best of French vintage delivered to your doorstep direct from France : fashion, furniture, decoration, table art, curiosities, collections and art work.\" \/>\n<meta name=\"robots\" content=\"index, follow, max-snippet:-1, max-image-preview:large, max-video-preview:-1\" \/>\n<link rel=\"canonical\" href=\"https:\/\/vintagefrenchfinds.com\/en\/product\/4-anciens-couteaux-de-table-inox-et-bakelite\/\" \/>\n<meta property=\"og:locale\" content=\"en_GB\" \/>\n<meta property=\"og:type\" content=\"article\" \/>\n<meta property=\"og:title\" content=\"4 Anciens Couteaux de Table Inox et Bakelite - Vintage French Finds\" \/>\n<meta property=\"og:description\" content=\"The best of French vintage delivered to your doorstep direct from France : fashion, furniture, decoration, table art, curiosities, collections and art work.\" \/>\n<meta property=\"og:url\" content=\"https:\/\/vintagefrenchfinds.com\/en\/product\/4-anciens-couteaux-de-table-inox-et-bakelite\/\" \/>\n<meta property=\"og:site_name\" content=\"Vintage French Finds\" \/>\n<meta property=\"article:modified_time\" content=\"2025-03-19T15:34:17+00:00\" \/>\n<meta property=\"og:image\" content=\"https:\/\/vintagefrenchfinds.com\/wp-content\/uploads\/2020\/06\/DSCN9182.jpg\" \/>\n\t<meta property=\"og:image:width\" content=\"886\" \/>\n\t<meta property=\"og:image:height\" content=\"641\" \/>\n\t<meta property=\"og:image:type\" content=\"image\/jpeg\" \/>\n<meta name=\"twitter:card\" content=\"summary_large_image\" \/>\n<script type=\"application\/ld+json\" class=\"yoast-schema-graph\">{\"@context\":\"https:\/\/schema.org\",\"@graph\":[{\"@type\":\"WebPage\",\"@id\":\"https:\/\/vintagefrenchfinds.com\/product\/4-anciens-couteaux-de-table-inox-et-bakelite\",\"url\":\"https:\/\/vintagefrenchfinds.com\/product\/4-anciens-couteaux-de-table-inox-et-bakelite\",\"name\":\"4 Anciens Couteaux de Table Inox et Bakelite - Vintage French Finds\",\"isPartOf\":{\"@id\":\"https:\/\/vintagefrenchfinds.com\/#website\"},\"datePublished\":\"2020-06-19T22:52:18+00:00\",\"dateModified\":\"2025-03-19T15:34:17+00:00\",\"description\":\"The best of French vintage delivered to your doorstep direct from France : fashion, furniture, decoration, table art, curiosities, collections and art work.\",\"breadcrumb\":{\"@id\":\"https:\/\/vintagefrenchfinds.com\/product\/4-anciens-couteaux-de-table-inox-et-bakelite#breadcrumb\"},\"inLanguage\":\"en-GB\",\"potentialAction\":[{\"@type\":\"ReadAction\",\"target\":[\"https:\/\/vintagefrenchfinds.com\/product\/4-anciens-couteaux-de-table-inox-et-bakelite\"]}]},{\"@type\":\"BreadcrumbList\",\"@id\":\"https:\/\/vintagefrenchfinds.com\/product\/4-anciens-couteaux-de-table-inox-et-bakelite#breadcrumb\",\"itemListElement\":[{\"@type\":\"ListItem\",\"position\":1,\"name\":\"Home\",\"item\":\"https:\/\/vintagefrenchfinds.com\/\"},{\"@type\":\"ListItem\",\"position\":2,\"name\":\"BOUTIQUE\",\"item\":\"https:\/\/vintagefrenchfinds.com\/shop\"},{\"@type\":\"ListItem\",\"position\":3,\"name\":\"4 Anciens Couteaux de Table Inox et Bakelite\"}]},{\"@type\":\"WebSite\",\"@id\":\"https:\/\/vintagefrenchfinds.com\/#website\",\"url\":\"https:\/\/vintagefrenchfinds.com\/\",\"name\":\"Vintage French Finds\",\"description\":\"The best of French vintage delivered to your doorstep direct from France : fashion, furniture, decoration, table art, curiosities, collections and art work.\",\"potentialAction\":[{\"@type\":\"SearchAction\",\"target\":{\"@type\":\"EntryPoint\",\"urlTemplate\":\"https:\/\/vintagefrenchfinds.com\/?s={search_term_string}\"},\"query-input\":\"required name=search_term_string\"}],\"inLanguage\":\"en-GB\"}]}<\/script>\n<!-- \/ Yoast SEO plugin. -->","yoast_head_json":{"title":"4 Anciens Couteaux de Table Inox et Bakelite - Vintage French Finds","description":"The best of French vintage delivered to your doorstep direct from France : fashion, furniture, decoration, table art, curiosities, collections and art work.","robots":{"index":"index","follow":"follow","max-snippet":"max-snippet:-1","max-image-preview":"max-image-preview:large","max-video-preview":"max-video-preview:-1"},"canonical":"https:\/\/vintagefrenchfinds.com\/en\/product\/4-anciens-couteaux-de-table-inox-et-bakelite\/","og_locale":"en_GB","og_type":"article","og_title":"4 Anciens Couteaux de Table Inox et Bakelite - Vintage French Finds","og_description":"The best of French vintage delivered to your doorstep direct from France : fashion, furniture, decoration, table art, curiosities, collections and art work.","og_url":"https:\/\/vintagefrenchfinds.com\/en\/product\/4-anciens-couteaux-de-table-inox-et-bakelite\/","og_site_name":"Vintage French Finds","article_modified_time":"2025-03-19T15:34:17+00:00","og_image":[{"width":886,"height":641,"url":"https:\/\/vintagefrenchfinds.com\/wp-content\/uploads\/2020\/06\/DSCN9182.jpg","type":"image\/jpeg"}],"twitter_card":"summary_large_image","schema":{"@context":"https:\/\/schema.org","@graph":[{"@type":"WebPage","@id":"https:\/\/vintagefrenchfinds.com\/product\/4-anciens-couteaux-de-table-inox-et-bakelite","url":"https:\/\/vintagefrenchfinds.com\/product\/4-anciens-couteaux-de-table-inox-et-bakelite","name":"4 Anciens Couteaux de Table Inox et Bakelite - Vintage French Finds","isPartOf":{"@id":"https:\/\/vintagefrenchfinds.com\/#website"},"datePublished":"2020-06-19T22:52:18+00:00","dateModified":"2025-03-19T15:34:17+00:00","description":"The best of French vintage delivered to your doorstep direct from France : fashion, furniture, decoration, table art, curiosities, collections and art work.","breadcrumb":{"@id":"https:\/\/vintagefrenchfinds.com\/product\/4-anciens-couteaux-de-table-inox-et-bakelite#breadcrumb"},"inLanguage":"en-GB","potentialAction":[{"@type":"ReadAction","target":["https:\/\/vintagefrenchfinds.com\/product\/4-anciens-couteaux-de-table-inox-et-bakelite"]}]},{"@type":"BreadcrumbList","@id":"https:\/\/vintagefrenchfinds.com\/product\/4-anciens-couteaux-de-table-inox-et-bakelite#breadcrumb","itemListElement":[{"@type":"ListItem","position":1,"name":"Home","item":"https:\/\/vintagefrenchfinds.com\/"},{"@type":"ListItem","position":2,"name":"BOUTIQUE","item":"https:\/\/vintagefrenchfinds.com\/shop"},{"@type":"ListItem","position":3,"name":"4 Anciens Couteaux de Table Inox et Bakelite"}]},{"@type":"WebSite","@id":"https:\/\/vintagefrenchfinds.com\/#website","url":"https:\/\/vintagefrenchfinds.com\/","name":"Vintage French Finds\u00a0","description":"The best of French vintage delivered to your doorstep direct from France : fashion, furniture, decoration, table art, curiosities, collections and art work.","potentialAction":[{"@type":"SearchAction","target":{"@type":"EntryPoint","urlTemplate":"https:\/\/vintagefrenchfinds.com\/?s={search_term_string}"},"query-input":"required name=search_term_string"}],"inLanguage":"en-GB"}]}},"post_mailing_queue_ids":[],"_links":{"self":[{"href":"https:\/\/vintagefrenchfinds.com\/en\/wp-json\/wp\/v2\/product\/2522"}],"collection":[{"href":"https:\/\/vintagefrenchfinds.com\/en\/wp-json\/wp\/v2\/product"}],"about":[{"href":"https:\/\/vintagefrenchfinds.com\/en\/wp-json\/wp\/v2\/types\/product"}],"wp:featuredmedia":[{"embeddable":true,"href":"https:\/\/vintagefrenchfinds.com\/en\/wp-json\/wp\/v2\/media\/2521"}],"wp:attachment":[{"href":"https:\/\/vintagefrenchfinds.com\/en\/wp-json\/wp\/v2\/media?parent=2522"}],"wp:term":[{"taxonomy":"product_cat","embeddable":true,"href":"https:\/\/vintagefrenchfinds.com\/en\/wp-json\/wp\/v2\/product_cat?post=2522"},{"taxonomy":"product_tag","embeddable":true,"href":"https:\/\/vintagefrenchfinds.com\/en\/wp-json\/wp\/v2\/product_tag?post=2522"}],"curies":[{"name":"wp","href":"https:\/\/api.w.org\/{rel}","templated":true}]}}