{"id":25220,"date":"2024-06-22T08:47:44","date_gmt":"2024-06-22T08:47:44","guid":{"rendered":"https:\/\/vintagefrenchfinds.com\/?post_type=product&#038;p=25220"},"modified":"2025-03-17T15:48:40","modified_gmt":"2025-03-17T15:48:40","slug":"ancien-ecureuil-naturalise-empaille-sur-branche","status":"publish","type":"product","link":"https:\/\/vintagefrenchfinds.com\/en\/product\/ancien-ecureuil-naturalise-empaille-sur-branche","title":{"rendered":"Ancien Ecureuil Naturalis\u00e9 \/ Empaill\u00e9 sur Branche"},"content":{"rendered":"<p><span style=\"font-weight: 400;\">Cet \u00e9cureuil naturalis\u00e9 vintage est un sp\u00e9cimen remarquable, captivant par sa beaut\u00e9 et sa posture fig\u00e9e dans un \u00e9tat de vie perp\u00e9tuelle.\u00a0<\/span><\/p>\n<p><span style=\"font-weight: 400;\">Sa fourrure, d&rsquo;une nuance brun-roux lumineuse, est soigneusement pr\u00e9serv\u00e9e, capturant \u00e0 jamais l&rsquo;\u00e9clat du pelage soyeux qui caract\u00e9rise cette esp\u00e8ce embl\u00e9matique.<\/span><\/p>\n<p><span style=\"font-weight: 400;\">Pos\u00e9 sur une branche recr\u00e9\u00e9e avec minutie par l\u2019artisan-taxidermiste, le petit mammif\u00e8re scrute le sol. Ses yeux d&rsquo;un noir per\u00e7ant, m\u00eame immobiles, refl\u00e8tent une vivacit\u00e9 et une curiosit\u00e9 typiques de ces petits animaux des for\u00eats. La position naturelle de sa queue touffue, relev\u00e9e l\u00e9g\u00e8rement vers l&rsquo;arri\u00e8re, ajoute une touche de dynamisme \u00e0 cette repr\u00e9sentation fig\u00e9e de la nature en mouvement.<\/span><\/p>\n<p><span style=\"font-weight: 400;\">Chaque d\u00e9tail anatomique, des griffes ac\u00e9r\u00e9es aux fines pattes agrippant la branche, est rendu avec pr\u00e9cision pour capturer l&rsquo;essence m\u00eame de cet \u00e9cureuil dans son habitat naturel.\u00a0<\/span><\/p>\n<p><span style=\"font-weight: 400;\">Que ce soit pour enrichir une collection zoologique, d\u00e9corer un espace d\u00e9di\u00e9 \u00e0 la nature ou \u00e9duquer sur la biodiversit\u00e9 foresti\u00e8re, cet \u00e9cureuil naturalis\u00e9 est non seulement une pi\u00e8ce d&rsquo;art, mais aussi une fen\u00eatre ouverte sur la beaut\u00e9 et la diversit\u00e9 du r\u00e8gne animal.<\/span><\/p>\n<p><span style=\"font-weight: 400;\">H 20 x L 30 cm<\/span><\/p>","protected":false},"excerpt":{"rendered":"<p>Cet \u00e9cureuil naturalis\u00e9 vintage est un sp\u00e9cimen remarquable, captivant par sa beaut\u00e9 et sa posture fig\u00e9e dans un \u00e9tat de vie perp\u00e9tuelle.\u00a0 Sa fourrure, d&rsquo;une nuance brun-roux lumineuse, est soigneusement pr\u00e9serv\u00e9e, capturant \u00e0 jamais l&rsquo;\u00e9clat du pelage soyeux qui caract\u00e9rise cette esp\u00e8ce embl\u00e9matique. Pos\u00e9 sur une branche recr\u00e9\u00e9e avec minutie par l\u2019artisan-taxidermiste, le petit mammif\u00e8re [&hellip;]<\/p>\n","protected":false},"featured_media":25222,"template":"","meta":{"site-sidebar-layout":"default","site-content-layout":"","ast-site-content-layout":"default","site-content-style":"default","site-sidebar-style":"default","ast-global-header-display":"","ast-banner-title-visibility":"","ast-main-header-display":"","ast-hfb-above-header-display":"","ast-hfb-below-header-display":"","ast-hfb-mobile-header-display":"","site-post-title":"","ast-breadcrumbs-content":"","ast-featured-img":"","footer-sml-layout":"","ast-disable-related-posts":"","theme-transparent-header-meta":"default","adv-header-id-meta":"","stick-header-meta":"","header-above-stick-meta":"","header-main-stick-meta":"","header-below-stick-meta":"","astra-migrate-meta-layouts":"set","ast-page-background-enabled":"default","ast-page-background-meta":{"desktop":{"background-color":"var(--ast-global-color-4)","background-image":"","background-repeat":"repeat","background-position":"center center","background-size":"auto","background-attachment":"scroll","background-type":"","background-media":"","overlay-type":"","overlay-color":"","overlay-opacity":"","overlay-gradient":""},"tablet":{"background-color":"","background-image":"","background-repeat":"repeat","background-position":"center center","background-size":"auto","background-attachment":"scroll","background-type":"","background-media":"","overlay-type":"","overlay-color":"","overlay-opacity":"","overlay-gradient":""},"mobile":{"background-color":"","background-image":"","background-repeat":"repeat","background-position":"center center","background-size":"auto","background-attachment":"scroll","background-type":"","background-media":"","overlay-type":"","overlay-color":"","overlay-opacity":"","overlay-gradient":""}},"ast-content-background-meta":{"desktop":{"background-color":"var(--ast-global-color-5)","background-image":"","background-repeat":"repeat","background-position":"center center","background-size":"auto","background-attachment":"scroll","background-type":"","background-media":"","overlay-type":"","overlay-color":"","overlay-opacity":"","overlay-gradient":""},"tablet":{"background-color":"var(--ast-global-color-5)","background-image":"","background-repeat":"repeat","background-position":"center center","background-size":"auto","background-attachment":"scroll","background-type":"","background-media":"","overlay-type":"","overlay-color":"","overlay-opacity":"","overlay-gradient":""},"mobile":{"background-color":"var(--ast-global-color-5)","background-image":"","background-repeat":"repeat","background-position":"center center","background-size":"auto","background-attachment":"scroll","background-type":"","background-media":"","overlay-type":"","overlay-color":"","overlay-opacity":"","overlay-gradient":""}}},"product_cat":[3575,3581],"product_tag":[1197,1349,2465,3870,1839,2599,1348,1011],"yoast_head":"<!-- This site is optimized with the Yoast SEO plugin v20.8 - https:\/\/yoast.com\/wordpress\/plugins\/seo\/ -->\n<title>Ancien Ecureuil Naturalis\u00e9 \/ Empaill\u00e9 sur Branche - Vintage French Finds<\/title>\n<meta name=\"description\" content=\"The best of French vintage delivered to your doorstep direct from France : fashion, furniture, decoration, table art, curiosities, collections and art work.\" \/>\n<meta name=\"robots\" content=\"index, follow, max-snippet:-1, max-image-preview:large, max-video-preview:-1\" \/>\n<link rel=\"canonical\" href=\"https:\/\/vintagefrenchfinds.com\/en\/product\/ancien-ecureuil-naturalise-empaille-sur-branche\/\" \/>\n<meta property=\"og:locale\" content=\"en_GB\" \/>\n<meta property=\"og:type\" content=\"article\" \/>\n<meta property=\"og:title\" content=\"Ancien Ecureuil Naturalis\u00e9 \/ Empaill\u00e9 sur Branche - Vintage French Finds\" \/>\n<meta property=\"og:description\" content=\"The best of French vintage delivered to your doorstep direct from France : fashion, furniture, decoration, table art, curiosities, collections and art work.\" \/>\n<meta property=\"og:url\" content=\"https:\/\/vintagefrenchfinds.com\/en\/product\/ancien-ecureuil-naturalise-empaille-sur-branche\/\" \/>\n<meta property=\"og:site_name\" content=\"Vintage French Finds\" \/>\n<meta property=\"article:modified_time\" content=\"2025-03-17T15:48:40+00:00\" \/>\n<meta property=\"og:image\" content=\"https:\/\/vintagefrenchfinds.com\/wp-content\/uploads\/2024\/06\/DSCN0100.jpg\" \/>\n\t<meta property=\"og:image:width\" content=\"886\" \/>\n\t<meta property=\"og:image:height\" content=\"886\" \/>\n\t<meta property=\"og:image:type\" content=\"image\/jpeg\" \/>\n<meta name=\"twitter:card\" content=\"summary_large_image\" \/>\n<meta name=\"twitter:label1\" content=\"Estimated reading time\" \/>\n\t<meta name=\"twitter:data1\" content=\"1 minute\" \/>\n<script type=\"application\/ld+json\" class=\"yoast-schema-graph\">{\"@context\":\"https:\/\/schema.org\",\"@graph\":[{\"@type\":\"WebPage\",\"@id\":\"https:\/\/vintagefrenchfinds.com\/product\/ancien-ecureuil-naturalise-empaille-sur-branche\",\"url\":\"https:\/\/vintagefrenchfinds.com\/product\/ancien-ecureuil-naturalise-empaille-sur-branche\",\"name\":\"Ancien Ecureuil Naturalis\u00e9 \/ Empaill\u00e9 sur Branche - Vintage French Finds\",\"isPartOf\":{\"@id\":\"https:\/\/vintagefrenchfinds.com\/#website\"},\"datePublished\":\"2024-06-22T08:47:44+00:00\",\"dateModified\":\"2025-03-17T15:48:40+00:00\",\"description\":\"The best of French vintage delivered to your doorstep direct from France : fashion, furniture, decoration, table art, curiosities, collections and art work.\",\"breadcrumb\":{\"@id\":\"https:\/\/vintagefrenchfinds.com\/product\/ancien-ecureuil-naturalise-empaille-sur-branche#breadcrumb\"},\"inLanguage\":\"en-GB\",\"potentialAction\":[{\"@type\":\"ReadAction\",\"target\":[\"https:\/\/vintagefrenchfinds.com\/product\/ancien-ecureuil-naturalise-empaille-sur-branche\"]}]},{\"@type\":\"BreadcrumbList\",\"@id\":\"https:\/\/vintagefrenchfinds.com\/product\/ancien-ecureuil-naturalise-empaille-sur-branche#breadcrumb\",\"itemListElement\":[{\"@type\":\"ListItem\",\"position\":1,\"name\":\"Home\",\"item\":\"https:\/\/vintagefrenchfinds.com\/\"},{\"@type\":\"ListItem\",\"position\":2,\"name\":\"BOUTIQUE\",\"item\":\"https:\/\/vintagefrenchfinds.com\/shop\"},{\"@type\":\"ListItem\",\"position\":3,\"name\":\"Ancien Ecureuil Naturalis\u00e9 \/ Empaill\u00e9 sur Branche\"}]},{\"@type\":\"WebSite\",\"@id\":\"https:\/\/vintagefrenchfinds.com\/#website\",\"url\":\"https:\/\/vintagefrenchfinds.com\/\",\"name\":\"Vintage French Finds\",\"description\":\"The best of French vintage delivered to your doorstep direct from France : fashion, furniture, decoration, table art, curiosities, collections and art work.\",\"potentialAction\":[{\"@type\":\"SearchAction\",\"target\":{\"@type\":\"EntryPoint\",\"urlTemplate\":\"https:\/\/vintagefrenchfinds.com\/?s={search_term_string}\"},\"query-input\":\"required name=search_term_string\"}],\"inLanguage\":\"en-GB\"}]}<\/script>\n<!-- \/ Yoast SEO plugin. -->","yoast_head_json":{"title":"Ancien Ecureuil Naturalis\u00e9 \/ Empaill\u00e9 sur Branche - Vintage French Finds","description":"The best of French vintage delivered to your doorstep direct from France : fashion, furniture, decoration, table art, curiosities, collections and art work.","robots":{"index":"index","follow":"follow","max-snippet":"max-snippet:-1","max-image-preview":"max-image-preview:large","max-video-preview":"max-video-preview:-1"},"canonical":"https:\/\/vintagefrenchfinds.com\/en\/product\/ancien-ecureuil-naturalise-empaille-sur-branche\/","og_locale":"en_GB","og_type":"article","og_title":"Ancien Ecureuil Naturalis\u00e9 \/ Empaill\u00e9 sur Branche - Vintage French Finds","og_description":"The best of French vintage delivered to your doorstep direct from France : fashion, furniture, decoration, table art, curiosities, collections and art work.","og_url":"https:\/\/vintagefrenchfinds.com\/en\/product\/ancien-ecureuil-naturalise-empaille-sur-branche\/","og_site_name":"Vintage French Finds","article_modified_time":"2025-03-17T15:48:40+00:00","og_image":[{"width":886,"height":886,"url":"https:\/\/vintagefrenchfinds.com\/wp-content\/uploads\/2024\/06\/DSCN0100.jpg","type":"image\/jpeg"}],"twitter_card":"summary_large_image","twitter_misc":{"Estimated reading time":"1 minute"},"schema":{"@context":"https:\/\/schema.org","@graph":[{"@type":"WebPage","@id":"https:\/\/vintagefrenchfinds.com\/product\/ancien-ecureuil-naturalise-empaille-sur-branche","url":"https:\/\/vintagefrenchfinds.com\/product\/ancien-ecureuil-naturalise-empaille-sur-branche","name":"Ancien Ecureuil Naturalis\u00e9 \/ Empaill\u00e9 sur Branche - Vintage French Finds","isPartOf":{"@id":"https:\/\/vintagefrenchfinds.com\/#website"},"datePublished":"2024-06-22T08:47:44+00:00","dateModified":"2025-03-17T15:48:40+00:00","description":"The best of French vintage delivered to your doorstep direct from France : fashion, furniture, decoration, table art, curiosities, collections and art work.","breadcrumb":{"@id":"https:\/\/vintagefrenchfinds.com\/product\/ancien-ecureuil-naturalise-empaille-sur-branche#breadcrumb"},"inLanguage":"en-GB","potentialAction":[{"@type":"ReadAction","target":["https:\/\/vintagefrenchfinds.com\/product\/ancien-ecureuil-naturalise-empaille-sur-branche"]}]},{"@type":"BreadcrumbList","@id":"https:\/\/vintagefrenchfinds.com\/product\/ancien-ecureuil-naturalise-empaille-sur-branche#breadcrumb","itemListElement":[{"@type":"ListItem","position":1,"name":"Home","item":"https:\/\/vintagefrenchfinds.com\/"},{"@type":"ListItem","position":2,"name":"BOUTIQUE","item":"https:\/\/vintagefrenchfinds.com\/shop"},{"@type":"ListItem","position":3,"name":"Ancien Ecureuil Naturalis\u00e9 \/ Empaill\u00e9 sur Branche"}]},{"@type":"WebSite","@id":"https:\/\/vintagefrenchfinds.com\/#website","url":"https:\/\/vintagefrenchfinds.com\/","name":"Vintage French Finds\u00a0","description":"The best of French vintage delivered to your doorstep direct from France : fashion, furniture, decoration, table art, curiosities, collections and art work.","potentialAction":[{"@type":"SearchAction","target":{"@type":"EntryPoint","urlTemplate":"https:\/\/vintagefrenchfinds.com\/?s={search_term_string}"},"query-input":"required name=search_term_string"}],"inLanguage":"en-GB"}]}},"post_mailing_queue_ids":[],"_links":{"self":[{"href":"https:\/\/vintagefrenchfinds.com\/en\/wp-json\/wp\/v2\/product\/25220"}],"collection":[{"href":"https:\/\/vintagefrenchfinds.com\/en\/wp-json\/wp\/v2\/product"}],"about":[{"href":"https:\/\/vintagefrenchfinds.com\/en\/wp-json\/wp\/v2\/types\/product"}],"wp:featuredmedia":[{"embeddable":true,"href":"https:\/\/vintagefrenchfinds.com\/en\/wp-json\/wp\/v2\/media\/25222"}],"wp:attachment":[{"href":"https:\/\/vintagefrenchfinds.com\/en\/wp-json\/wp\/v2\/media?parent=25220"}],"wp:term":[{"taxonomy":"product_cat","embeddable":true,"href":"https:\/\/vintagefrenchfinds.com\/en\/wp-json\/wp\/v2\/product_cat?post=25220"},{"taxonomy":"product_tag","embeddable":true,"href":"https:\/\/vintagefrenchfinds.com\/en\/wp-json\/wp\/v2\/product_tag?post=25220"}],"curies":[{"name":"wp","href":"https:\/\/api.w.org\/{rel}","templated":true}]}}