{"id":25241,"date":"2024-06-22T13:48:02","date_gmt":"2024-06-22T13:48:02","guid":{"rendered":"https:\/\/vintagefrenchfinds.com\/?post_type=product&#038;p=25241"},"modified":"2025-03-19T16:23:49","modified_gmt":"2025-03-19T16:23:49","slug":"ancienne-lampe-pigeon-argente-en-metal-verre-2","status":"publish","type":"product","link":"https:\/\/vintagefrenchfinds.com\/en\/product\/ancienne-lampe-pigeon-argente-en-metal-verre-2","title":{"rendered":"Ancienne Lampe Pigeon Argent\u00e9 en M\u00e9tal &#038; Verre"},"content":{"rendered":"<p><span style=\"font-weight: 400;\">Lampe \u00e0 p\u00e9trole Pigeon vintage argent\u00e9 compos\u00e9e de :<\/span><\/p>\n<p><span style=\"font-weight: 400;\">\u00a0<\/span><\/p>\n<p><span style=\"font-weight: 400;\">\u00a0\u2013 un r\u00e9servoir cylindrique en m\u00e9tal pour contenir de l\u2019essence min\u00e9rale sur lequel on peut lire \u00ab\u00a0LAMPE PIGEON GARANTIE VERITABLE\u00a0\u00bb<\/span><\/p>\n<p><span style=\"font-weight: 400;\">\/shade<\/span><\/p>\n<p><span style=\"font-weight: 400;\">\u00a0<\/span><\/p>\n<p><span style=\"font-weight: 400;\">Ce luminaire fut invent\u00e9 en 1882 par Charles Pigeon qui cherchait \u00e0 cr\u00e9er une lampe s\u00e9curis\u00e9e \u00e0 un co\u00fbt tr\u00e8s abordable. Le premier brevet fut d\u00e9pos\u00e9 en 1884 et la lampe Pigeon fut pr\u00e9sent\u00e9e \u00e0 l\u2019Exposition universelle de 1900.<\/span><\/p>\n<p><span style=\"font-weight: 400;\">Une r\u00e9volution pour ce type de lampe car ses caract\u00e9ristiques la rendent inexplosible. L\u2019ann\u00e9e suivante, une lampe standard est imagin\u00e9e pour permettre des utilisations dans la vie de tous les jours comme lampe d\u2019int\u00e9rieur, lampe d\u2019atelier, lampe de poche etc.<\/span><\/p>\n<p><span style=\"font-weight: 400;\">Cette lampe \u00e0 flamme sera parfaite pour apporter un \u00e9clairage tamis\u00e9 \u00e0 votre int\u00e9rieur, tout en y ajoutant une touche r\u00e9tro\/<\/span><\/p>\n<p><span style=\"font-weight: 400;\">Vendue dans son jus avec quelques traces de rouille visibles sur les photos.<\/span><\/p>\n<p><span style=\"font-weight: 400;\">\u00a0<\/span><\/p>\n<p><span style=\"font-weight: 400;\">H 24,5 cm<\/span><\/p>","protected":false},"excerpt":{"rendered":"<p>Lampe \u00e0 p\u00e9trole Pigeon vintage argent\u00e9 compos\u00e9e de : \u00a0 \u00a0\u2013 un r\u00e9servoir cylindrique en m\u00e9tal pour contenir de l\u2019essence min\u00e9rale sur lequel on peut lire \u00ab\u00a0LAMPE PIGEON GARANTIE VERITABLE\u00a0\u00bb \u2013 un globe\/verrine en verre fin arrondie. \u00a0 Ce luminaire fut invent\u00e9 en 1882 par Charles Pigeon qui cherchait \u00e0 cr\u00e9er une lampe s\u00e9curis\u00e9e \u00e0 [&hellip;]<\/p>\n","protected":false},"featured_media":25244,"template":"","meta":{"site-sidebar-layout":"default","site-content-layout":"","ast-site-content-layout":"default","site-content-style":"default","site-sidebar-style":"default","ast-global-header-display":"","ast-banner-title-visibility":"","ast-main-header-display":"","ast-hfb-above-header-display":"","ast-hfb-below-header-display":"","ast-hfb-mobile-header-display":"","site-post-title":"","ast-breadcrumbs-content":"","ast-featured-img":"","footer-sml-layout":"","ast-disable-related-posts":"","theme-transparent-header-meta":"default","adv-header-id-meta":"","stick-header-meta":"","header-above-stick-meta":"","header-main-stick-meta":"","header-below-stick-meta":"","astra-migrate-meta-layouts":"set","ast-page-background-enabled":"default","ast-page-background-meta":{"desktop":{"background-color":"var(--ast-global-color-4)","background-image":"","background-repeat":"repeat","background-position":"center center","background-size":"auto","background-attachment":"scroll","background-type":"","background-media":"","overlay-type":"","overlay-color":"","overlay-opacity":"","overlay-gradient":""},"tablet":{"background-color":"","background-image":"","background-repeat":"repeat","background-position":"center center","background-size":"auto","background-attachment":"scroll","background-type":"","background-media":"","overlay-type":"","overlay-color":"","overlay-opacity":"","overlay-gradient":""},"mobile":{"background-color":"","background-image":"","background-repeat":"repeat","background-position":"center center","background-size":"auto","background-attachment":"scroll","background-type":"","background-media":"","overlay-type":"","overlay-color":"","overlay-opacity":"","overlay-gradient":""}},"ast-content-background-meta":{"desktop":{"background-color":"var(--ast-global-color-5)","background-image":"","background-repeat":"repeat","background-position":"center center","background-size":"auto","background-attachment":"scroll","background-type":"","background-media":"","overlay-type":"","overlay-color":"","overlay-opacity":"","overlay-gradient":""},"tablet":{"background-color":"var(--ast-global-color-5)","background-image":"","background-repeat":"repeat","background-position":"center center","background-size":"auto","background-attachment":"scroll","background-type":"","background-media":"","overlay-type":"","overlay-color":"","overlay-opacity":"","overlay-gradient":""},"mobile":{"background-color":"var(--ast-global-color-5)","background-image":"","background-repeat":"repeat","background-position":"center center","background-size":"auto","background-attachment":"scroll","background-type":"","background-media":"","overlay-type":"","overlay-color":"","overlay-opacity":"","overlay-gradient":""}}},"product_cat":[23,3541],"product_tag":[1197,1767,1139,1915,1946,1518,1770,1454,1011],"yoast_head":"<!-- This site is optimized with the Yoast SEO plugin v20.8 - https:\/\/yoast.com\/wordpress\/plugins\/seo\/ -->\n<title>Ancienne Lampe Pigeon Argent\u00e9 en M\u00e9tal &amp; Verre - Vintage French Finds<\/title>\n<meta name=\"description\" content=\"The best of French vintage delivered to your doorstep direct from France : fashion, furniture, decoration, table art, curiosities, collections and art work.\" \/>\n<meta name=\"robots\" content=\"index, follow, max-snippet:-1, max-image-preview:large, max-video-preview:-1\" \/>\n<link rel=\"canonical\" href=\"https:\/\/vintagefrenchfinds.com\/en\/product\/ancienne-lampe-pigeon-argente-en-metal-verre-2\/\" \/>\n<meta property=\"og:locale\" content=\"en_GB\" \/>\n<meta property=\"og:type\" content=\"article\" \/>\n<meta property=\"og:title\" content=\"Ancienne Lampe Pigeon Argent\u00e9 en M\u00e9tal &amp; Verre - Vintage French Finds\" \/>\n<meta property=\"og:description\" content=\"The best of French vintage delivered to your doorstep direct from France : fashion, furniture, decoration, table art, curiosities, collections and art work.\" \/>\n<meta property=\"og:url\" content=\"https:\/\/vintagefrenchfinds.com\/en\/product\/ancienne-lampe-pigeon-argente-en-metal-verre-2\/\" \/>\n<meta property=\"og:site_name\" content=\"Vintage French Finds\" \/>\n<meta property=\"article:modified_time\" content=\"2025-03-19T16:23:49+00:00\" \/>\n<meta property=\"og:image\" content=\"https:\/\/vintagefrenchfinds.com\/wp-content\/uploads\/2024\/06\/DSCN3733.jpg\" \/>\n\t<meta property=\"og:image:width\" content=\"709\" \/>\n\t<meta property=\"og:image:height\" content=\"665\" \/>\n\t<meta property=\"og:image:type\" content=\"image\/jpeg\" \/>\n<meta name=\"twitter:card\" content=\"summary_large_image\" \/>\n<meta name=\"twitter:label1\" content=\"Estimated reading time\" \/>\n\t<meta name=\"twitter:data1\" content=\"1 minute\" \/>\n<script type=\"application\/ld+json\" class=\"yoast-schema-graph\">{\"@context\":\"https:\/\/schema.org\",\"@graph\":[{\"@type\":\"WebPage\",\"@id\":\"https:\/\/vintagefrenchfinds.com\/product\/ancienne-lampe-pigeon-argente-en-metal-verre-2\",\"url\":\"https:\/\/vintagefrenchfinds.com\/product\/ancienne-lampe-pigeon-argente-en-metal-verre-2\",\"name\":\"Ancienne Lampe Pigeon Argent\u00e9 en M\u00e9tal & Verre - Vintage French Finds\",\"isPartOf\":{\"@id\":\"https:\/\/vintagefrenchfinds.com\/#website\"},\"datePublished\":\"2024-06-22T13:48:02+00:00\",\"dateModified\":\"2025-03-19T16:23:49+00:00\",\"description\":\"The best of French vintage delivered to your doorstep direct from France : fashion, furniture, decoration, table art, curiosities, collections and art work.\",\"breadcrumb\":{\"@id\":\"https:\/\/vintagefrenchfinds.com\/product\/ancienne-lampe-pigeon-argente-en-metal-verre-2#breadcrumb\"},\"inLanguage\":\"en-GB\",\"potentialAction\":[{\"@type\":\"ReadAction\",\"target\":[\"https:\/\/vintagefrenchfinds.com\/product\/ancienne-lampe-pigeon-argente-en-metal-verre-2\"]}]},{\"@type\":\"BreadcrumbList\",\"@id\":\"https:\/\/vintagefrenchfinds.com\/product\/ancienne-lampe-pigeon-argente-en-metal-verre-2#breadcrumb\",\"itemListElement\":[{\"@type\":\"ListItem\",\"position\":1,\"name\":\"Home\",\"item\":\"https:\/\/vintagefrenchfinds.com\/\"},{\"@type\":\"ListItem\",\"position\":2,\"name\":\"BOUTIQUE\",\"item\":\"https:\/\/vintagefrenchfinds.com\/shop\"},{\"@type\":\"ListItem\",\"position\":3,\"name\":\"Ancienne Lampe Pigeon Argent\u00e9 en M\u00e9tal &#038; Verre\"}]},{\"@type\":\"WebSite\",\"@id\":\"https:\/\/vintagefrenchfinds.com\/#website\",\"url\":\"https:\/\/vintagefrenchfinds.com\/\",\"name\":\"Vintage French Finds\",\"description\":\"The best of French vintage delivered to your doorstep direct from France : fashion, furniture, decoration, table art, curiosities, collections and art work.\",\"potentialAction\":[{\"@type\":\"SearchAction\",\"target\":{\"@type\":\"EntryPoint\",\"urlTemplate\":\"https:\/\/vintagefrenchfinds.com\/?s={search_term_string}\"},\"query-input\":\"required name=search_term_string\"}],\"inLanguage\":\"en-GB\"}]}<\/script>\n<!-- \/ Yoast SEO plugin. -->","yoast_head_json":{"title":"Ancienne Lampe Pigeon Argent\u00e9 en M\u00e9tal & Verre - Vintage French Finds","description":"The best of French vintage delivered to your doorstep direct from France : fashion, furniture, decoration, table art, curiosities, collections and art work.","robots":{"index":"index","follow":"follow","max-snippet":"max-snippet:-1","max-image-preview":"max-image-preview:large","max-video-preview":"max-video-preview:-1"},"canonical":"https:\/\/vintagefrenchfinds.com\/en\/product\/ancienne-lampe-pigeon-argente-en-metal-verre-2\/","og_locale":"en_GB","og_type":"article","og_title":"Ancienne Lampe Pigeon Argent\u00e9 en M\u00e9tal & Verre - Vintage French Finds","og_description":"The best of French vintage delivered to your doorstep direct from France : fashion, furniture, decoration, table art, curiosities, collections and art work.","og_url":"https:\/\/vintagefrenchfinds.com\/en\/product\/ancienne-lampe-pigeon-argente-en-metal-verre-2\/","og_site_name":"Vintage French Finds","article_modified_time":"2025-03-19T16:23:49+00:00","og_image":[{"width":709,"height":665,"url":"https:\/\/vintagefrenchfinds.com\/wp-content\/uploads\/2024\/06\/DSCN3733.jpg","type":"image\/jpeg"}],"twitter_card":"summary_large_image","twitter_misc":{"Estimated reading time":"1 minute"},"schema":{"@context":"https:\/\/schema.org","@graph":[{"@type":"WebPage","@id":"https:\/\/vintagefrenchfinds.com\/product\/ancienne-lampe-pigeon-argente-en-metal-verre-2","url":"https:\/\/vintagefrenchfinds.com\/product\/ancienne-lampe-pigeon-argente-en-metal-verre-2","name":"Ancienne Lampe Pigeon Argent\u00e9 en M\u00e9tal & Verre - Vintage French Finds","isPartOf":{"@id":"https:\/\/vintagefrenchfinds.com\/#website"},"datePublished":"2024-06-22T13:48:02+00:00","dateModified":"2025-03-19T16:23:49+00:00","description":"The best of French vintage delivered to your doorstep direct from France : fashion, furniture, decoration, table art, curiosities, collections and art work.","breadcrumb":{"@id":"https:\/\/vintagefrenchfinds.com\/product\/ancienne-lampe-pigeon-argente-en-metal-verre-2#breadcrumb"},"inLanguage":"en-GB","potentialAction":[{"@type":"ReadAction","target":["https:\/\/vintagefrenchfinds.com\/product\/ancienne-lampe-pigeon-argente-en-metal-verre-2"]}]},{"@type":"BreadcrumbList","@id":"https:\/\/vintagefrenchfinds.com\/product\/ancienne-lampe-pigeon-argente-en-metal-verre-2#breadcrumb","itemListElement":[{"@type":"ListItem","position":1,"name":"Home","item":"https:\/\/vintagefrenchfinds.com\/"},{"@type":"ListItem","position":2,"name":"BOUTIQUE","item":"https:\/\/vintagefrenchfinds.com\/shop"},{"@type":"ListItem","position":3,"name":"Ancienne Lampe Pigeon Argent\u00e9 en M\u00e9tal &#038; Verre"}]},{"@type":"WebSite","@id":"https:\/\/vintagefrenchfinds.com\/#website","url":"https:\/\/vintagefrenchfinds.com\/","name":"Vintage French Finds\u00a0","description":"The best of French vintage delivered to your doorstep direct from France : fashion, furniture, decoration, table art, curiosities, collections and art work.","potentialAction":[{"@type":"SearchAction","target":{"@type":"EntryPoint","urlTemplate":"https:\/\/vintagefrenchfinds.com\/?s={search_term_string}"},"query-input":"required name=search_term_string"}],"inLanguage":"en-GB"}]}},"post_mailing_queue_ids":[],"_links":{"self":[{"href":"https:\/\/vintagefrenchfinds.com\/en\/wp-json\/wp\/v2\/product\/25241"}],"collection":[{"href":"https:\/\/vintagefrenchfinds.com\/en\/wp-json\/wp\/v2\/product"}],"about":[{"href":"https:\/\/vintagefrenchfinds.com\/en\/wp-json\/wp\/v2\/types\/product"}],"wp:featuredmedia":[{"embeddable":true,"href":"https:\/\/vintagefrenchfinds.com\/en\/wp-json\/wp\/v2\/media\/25244"}],"wp:attachment":[{"href":"https:\/\/vintagefrenchfinds.com\/en\/wp-json\/wp\/v2\/media?parent=25241"}],"wp:term":[{"taxonomy":"product_cat","embeddable":true,"href":"https:\/\/vintagefrenchfinds.com\/en\/wp-json\/wp\/v2\/product_cat?post=25241"},{"taxonomy":"product_tag","embeddable":true,"href":"https:\/\/vintagefrenchfinds.com\/en\/wp-json\/wp\/v2\/product_tag?post=25241"}],"curies":[{"name":"wp","href":"https:\/\/api.w.org\/{rel}","templated":true}]}}