{"id":25301,"date":"2024-06-24T18:29:05","date_gmt":"2024-06-24T18:29:05","guid":{"rendered":"https:\/\/vintagefrenchfinds.com\/?post_type=product&#038;p=25301"},"modified":"2025-03-17T15:38:18","modified_gmt":"2025-03-17T15:38:18","slug":"ancien-soufllet-de-cheminee-en-bois-laiton-decor-cheval","status":"publish","type":"product","link":"https:\/\/vintagefrenchfinds.com\/en\/product\/ancien-soufllet-de-cheminee-en-bois-laiton-decor-cheval","title":{"rendered":"Ancien Soufllet de Chemin\u00e9e en Bois &#038; Laiton D\u00e9cor Cheval"},"content":{"rendered":"<p><span style=\"font-weight: 400;\">Ajoutez une touche de charme et d&rsquo;\u00e9l\u00e9gance \u00e0 votre foyer avec ce soufflet de chemin\u00e9e vintage comprenant<\/span><\/p>\n<p>&nbsp;<\/p>\n<ul>\n<li style=\"font-weight: 400;\" aria-level=\"1\"><span style=\"font-weight: 400;\">des flasques en bois dont une est richement d\u00e9cor\u00e9 d\u2019une plaque en laiton repouss\u00e9 repr\u00e9sentant la t\u00eate d\u2019un cheval ainsi que des boutons en laiton<\/span><\/li>\n<li style=\"font-weight: 400;\" aria-level=\"1\"><span style=\"font-weight: 400;\">un quartier en cuir clair clout\u00e9s sur les c\u00f4t\u00e9s<\/span><\/li>\n<li style=\"font-weight: 400;\" aria-level=\"1\"><span style=\"font-weight: 400;\">une tuy\u00e8re en laiton ou cuivre<\/span><\/li>\n<\/ul>\n<p><span style=\"font-weight: 400;\">deux manches \/ poign\u00e9es en bois ergonomiques con\u00e7us pour offrir une prise en main confortable et faciliter l&rsquo;utilisation sans effort<\/span><\/p>\n<p>&nbsp;<\/p>\n<p><span style=\"font-weight: 400;\">Ce soufflet est id\u00e9al pour raviver les flammes en toute s\u00e9curit\u00e9 et ajouter une touche de tradition \u00e0 vos soir\u00e9es pr\u00e8s du feu.\u00a0<\/span><\/p>\n<p>&nbsp;<\/p>\n<p><span style=\"font-weight: 400;\">Red\u00e9couvrez le plaisir d&rsquo;une chemin\u00e9e bien entretenue avec style.<\/span><\/p>\n<p><span style=\"font-weight: 400;\">Good condition<\/span><\/p>\n<p>&nbsp;<\/p>\n<p><span style=\"font-weight: 400;\">LO 44 x LA 16 cm<\/span><\/p>","protected":false},"excerpt":{"rendered":"<p>Ajoutez une touche de charme et d&rsquo;\u00e9l\u00e9gance \u00e0 votre foyer avec ce soufflet de chemin\u00e9e vintage comprenant &nbsp; des flasques en bois dont une est richement d\u00e9cor\u00e9 d\u2019une plaque en laiton repouss\u00e9 repr\u00e9sentant la t\u00eate d\u2019un cheval ainsi que des boutons en laiton un quartier en cuir clair clout\u00e9s sur les c\u00f4t\u00e9s une tuy\u00e8re en [&hellip;]<\/p>\n","protected":false},"featured_media":25303,"template":"","meta":{"site-sidebar-layout":"default","site-content-layout":"","ast-site-content-layout":"default","site-content-style":"default","site-sidebar-style":"default","ast-global-header-display":"","ast-banner-title-visibility":"","ast-main-header-display":"","ast-hfb-above-header-display":"","ast-hfb-below-header-display":"","ast-hfb-mobile-header-display":"","site-post-title":"","ast-breadcrumbs-content":"","ast-featured-img":"","footer-sml-layout":"","ast-disable-related-posts":"","theme-transparent-header-meta":"default","adv-header-id-meta":"","stick-header-meta":"","header-above-stick-meta":"","header-main-stick-meta":"","header-below-stick-meta":"","astra-migrate-meta-layouts":"set","ast-page-background-enabled":"default","ast-page-background-meta":{"desktop":{"background-color":"var(--ast-global-color-4)","background-image":"","background-repeat":"repeat","background-position":"center center","background-size":"auto","background-attachment":"scroll","background-type":"","background-media":"","overlay-type":"","overlay-color":"","overlay-opacity":"","overlay-gradient":""},"tablet":{"background-color":"","background-image":"","background-repeat":"repeat","background-position":"center center","background-size":"auto","background-attachment":"scroll","background-type":"","background-media":"","overlay-type":"","overlay-color":"","overlay-opacity":"","overlay-gradient":""},"mobile":{"background-color":"","background-image":"","background-repeat":"repeat","background-position":"center center","background-size":"auto","background-attachment":"scroll","background-type":"","background-media":"","overlay-type":"","overlay-color":"","overlay-opacity":"","overlay-gradient":""}},"ast-content-background-meta":{"desktop":{"background-color":"var(--ast-global-color-5)","background-image":"","background-repeat":"repeat","background-position":"center center","background-size":"auto","background-attachment":"scroll","background-type":"","background-media":"","overlay-type":"","overlay-color":"","overlay-opacity":"","overlay-gradient":""},"tablet":{"background-color":"var(--ast-global-color-5)","background-image":"","background-repeat":"repeat","background-position":"center center","background-size":"auto","background-attachment":"scroll","background-type":"","background-media":"","overlay-type":"","overlay-color":"","overlay-opacity":"","overlay-gradient":""},"mobile":{"background-color":"var(--ast-global-color-5)","background-image":"","background-repeat":"repeat","background-position":"center center","background-size":"auto","background-attachment":"scroll","background-type":"","background-media":"","overlay-type":"","overlay-color":"","overlay-opacity":"","overlay-gradient":""}}},"product_cat":[3568,3571],"product_tag":[1081,1197,1326,1079,1367,1253,2226,1011],"yoast_head":"<!-- This site is optimized with the Yoast SEO plugin v20.8 - https:\/\/yoast.com\/wordpress\/plugins\/seo\/ -->\n<title>Ancien Soufllet de Chemin\u00e9e en Bois &amp; Laiton D\u00e9cor Cheval - Vintage French Finds<\/title>\n<meta name=\"description\" content=\"The best of French vintage delivered to your doorstep direct from France : fashion, furniture, decoration, table art, curiosities, collections and art work.\" \/>\n<meta name=\"robots\" content=\"index, follow, max-snippet:-1, max-image-preview:large, max-video-preview:-1\" \/>\n<link rel=\"canonical\" href=\"https:\/\/vintagefrenchfinds.com\/en\/product\/ancien-soufllet-de-cheminee-en-bois-laiton-decor-cheval\/\" \/>\n<meta property=\"og:locale\" content=\"en_GB\" \/>\n<meta property=\"og:type\" content=\"article\" \/>\n<meta property=\"og:title\" content=\"Ancien Soufllet de Chemin\u00e9e en Bois &amp; Laiton D\u00e9cor Cheval - Vintage French Finds\" \/>\n<meta property=\"og:description\" content=\"The best of French vintage delivered to your doorstep direct from France : fashion, furniture, decoration, table art, curiosities, collections and art work.\" \/>\n<meta property=\"og:url\" content=\"https:\/\/vintagefrenchfinds.com\/en\/product\/ancien-soufllet-de-cheminee-en-bois-laiton-decor-cheval\/\" \/>\n<meta property=\"og:site_name\" content=\"Vintage French Finds\" \/>\n<meta property=\"article:modified_time\" content=\"2025-03-17T15:38:18+00:00\" \/>\n<meta property=\"og:image\" content=\"https:\/\/vintagefrenchfinds.com\/wp-content\/uploads\/2024\/06\/DSCN3720.jpg\" \/>\n\t<meta property=\"og:image:width\" content=\"709\" \/>\n\t<meta property=\"og:image:height\" content=\"665\" \/>\n\t<meta property=\"og:image:type\" content=\"image\/jpeg\" \/>\n<meta name=\"twitter:card\" content=\"summary_large_image\" \/>\n<meta name=\"twitter:label1\" content=\"Estimated reading time\" \/>\n\t<meta name=\"twitter:data1\" content=\"1 minute\" \/>\n<script type=\"application\/ld+json\" class=\"yoast-schema-graph\">{\"@context\":\"https:\/\/schema.org\",\"@graph\":[{\"@type\":\"WebPage\",\"@id\":\"https:\/\/vintagefrenchfinds.com\/product\/ancien-soufllet-de-cheminee-en-bois-laiton-decor-cheval\",\"url\":\"https:\/\/vintagefrenchfinds.com\/product\/ancien-soufllet-de-cheminee-en-bois-laiton-decor-cheval\",\"name\":\"Ancien Soufllet de Chemin\u00e9e en Bois & Laiton D\u00e9cor Cheval - Vintage French Finds\",\"isPartOf\":{\"@id\":\"https:\/\/vintagefrenchfinds.com\/#website\"},\"datePublished\":\"2024-06-24T18:29:05+00:00\",\"dateModified\":\"2025-03-17T15:38:18+00:00\",\"description\":\"The best of French vintage delivered to your doorstep direct from France : fashion, furniture, decoration, table art, curiosities, collections and art work.\",\"breadcrumb\":{\"@id\":\"https:\/\/vintagefrenchfinds.com\/product\/ancien-soufllet-de-cheminee-en-bois-laiton-decor-cheval#breadcrumb\"},\"inLanguage\":\"en-GB\",\"potentialAction\":[{\"@type\":\"ReadAction\",\"target\":[\"https:\/\/vintagefrenchfinds.com\/product\/ancien-soufllet-de-cheminee-en-bois-laiton-decor-cheval\"]}]},{\"@type\":\"BreadcrumbList\",\"@id\":\"https:\/\/vintagefrenchfinds.com\/product\/ancien-soufllet-de-cheminee-en-bois-laiton-decor-cheval#breadcrumb\",\"itemListElement\":[{\"@type\":\"ListItem\",\"position\":1,\"name\":\"Home\",\"item\":\"https:\/\/vintagefrenchfinds.com\/\"},{\"@type\":\"ListItem\",\"position\":2,\"name\":\"BOUTIQUE\",\"item\":\"https:\/\/vintagefrenchfinds.com\/shop\"},{\"@type\":\"ListItem\",\"position\":3,\"name\":\"Ancien Soufllet de Chemin\u00e9e en Bois &#038; Laiton D\u00e9cor Cheval\"}]},{\"@type\":\"WebSite\",\"@id\":\"https:\/\/vintagefrenchfinds.com\/#website\",\"url\":\"https:\/\/vintagefrenchfinds.com\/\",\"name\":\"Vintage French Finds\",\"description\":\"The best of French vintage delivered to your doorstep direct from France : fashion, furniture, decoration, table art, curiosities, collections and art work.\",\"potentialAction\":[{\"@type\":\"SearchAction\",\"target\":{\"@type\":\"EntryPoint\",\"urlTemplate\":\"https:\/\/vintagefrenchfinds.com\/?s={search_term_string}\"},\"query-input\":\"required name=search_term_string\"}],\"inLanguage\":\"en-GB\"}]}<\/script>\n<!-- \/ Yoast SEO plugin. -->","yoast_head_json":{"title":"Ancien Soufllet de Chemin\u00e9e en Bois & Laiton D\u00e9cor Cheval - Vintage French Finds","description":"The best of French vintage delivered to your doorstep direct from France : fashion, furniture, decoration, table art, curiosities, collections and art work.","robots":{"index":"index","follow":"follow","max-snippet":"max-snippet:-1","max-image-preview":"max-image-preview:large","max-video-preview":"max-video-preview:-1"},"canonical":"https:\/\/vintagefrenchfinds.com\/en\/product\/ancien-soufllet-de-cheminee-en-bois-laiton-decor-cheval\/","og_locale":"en_GB","og_type":"article","og_title":"Ancien Soufllet de Chemin\u00e9e en Bois & Laiton D\u00e9cor Cheval - Vintage French Finds","og_description":"The best of French vintage delivered to your doorstep direct from France : fashion, furniture, decoration, table art, curiosities, collections and art work.","og_url":"https:\/\/vintagefrenchfinds.com\/en\/product\/ancien-soufllet-de-cheminee-en-bois-laiton-decor-cheval\/","og_site_name":"Vintage French Finds","article_modified_time":"2025-03-17T15:38:18+00:00","og_image":[{"width":709,"height":665,"url":"https:\/\/vintagefrenchfinds.com\/wp-content\/uploads\/2024\/06\/DSCN3720.jpg","type":"image\/jpeg"}],"twitter_card":"summary_large_image","twitter_misc":{"Estimated reading time":"1 minute"},"schema":{"@context":"https:\/\/schema.org","@graph":[{"@type":"WebPage","@id":"https:\/\/vintagefrenchfinds.com\/product\/ancien-soufllet-de-cheminee-en-bois-laiton-decor-cheval","url":"https:\/\/vintagefrenchfinds.com\/product\/ancien-soufllet-de-cheminee-en-bois-laiton-decor-cheval","name":"Ancien Soufllet de Chemin\u00e9e en Bois & Laiton D\u00e9cor Cheval - Vintage French Finds","isPartOf":{"@id":"https:\/\/vintagefrenchfinds.com\/#website"},"datePublished":"2024-06-24T18:29:05+00:00","dateModified":"2025-03-17T15:38:18+00:00","description":"The best of French vintage delivered to your doorstep direct from France : fashion, furniture, decoration, table art, curiosities, collections and art work.","breadcrumb":{"@id":"https:\/\/vintagefrenchfinds.com\/product\/ancien-soufllet-de-cheminee-en-bois-laiton-decor-cheval#breadcrumb"},"inLanguage":"en-GB","potentialAction":[{"@type":"ReadAction","target":["https:\/\/vintagefrenchfinds.com\/product\/ancien-soufllet-de-cheminee-en-bois-laiton-decor-cheval"]}]},{"@type":"BreadcrumbList","@id":"https:\/\/vintagefrenchfinds.com\/product\/ancien-soufllet-de-cheminee-en-bois-laiton-decor-cheval#breadcrumb","itemListElement":[{"@type":"ListItem","position":1,"name":"Home","item":"https:\/\/vintagefrenchfinds.com\/"},{"@type":"ListItem","position":2,"name":"BOUTIQUE","item":"https:\/\/vintagefrenchfinds.com\/shop"},{"@type":"ListItem","position":3,"name":"Ancien Soufllet de Chemin\u00e9e en Bois &#038; Laiton D\u00e9cor Cheval"}]},{"@type":"WebSite","@id":"https:\/\/vintagefrenchfinds.com\/#website","url":"https:\/\/vintagefrenchfinds.com\/","name":"Vintage French Finds\u00a0","description":"The best of French vintage delivered to your doorstep direct from France : fashion, furniture, decoration, table art, curiosities, collections and art work.","potentialAction":[{"@type":"SearchAction","target":{"@type":"EntryPoint","urlTemplate":"https:\/\/vintagefrenchfinds.com\/?s={search_term_string}"},"query-input":"required name=search_term_string"}],"inLanguage":"en-GB"}]}},"post_mailing_queue_ids":[],"_links":{"self":[{"href":"https:\/\/vintagefrenchfinds.com\/en\/wp-json\/wp\/v2\/product\/25301"}],"collection":[{"href":"https:\/\/vintagefrenchfinds.com\/en\/wp-json\/wp\/v2\/product"}],"about":[{"href":"https:\/\/vintagefrenchfinds.com\/en\/wp-json\/wp\/v2\/types\/product"}],"wp:featuredmedia":[{"embeddable":true,"href":"https:\/\/vintagefrenchfinds.com\/en\/wp-json\/wp\/v2\/media\/25303"}],"wp:attachment":[{"href":"https:\/\/vintagefrenchfinds.com\/en\/wp-json\/wp\/v2\/media?parent=25301"}],"wp:term":[{"taxonomy":"product_cat","embeddable":true,"href":"https:\/\/vintagefrenchfinds.com\/en\/wp-json\/wp\/v2\/product_cat?post=25301"},{"taxonomy":"product_tag","embeddable":true,"href":"https:\/\/vintagefrenchfinds.com\/en\/wp-json\/wp\/v2\/product_tag?post=25301"}],"curies":[{"name":"wp","href":"https:\/\/api.w.org\/{rel}","templated":true}]}}