{"id":25340,"date":"2024-06-24T20:16:10","date_gmt":"2024-06-24T20:16:10","guid":{"rendered":"https:\/\/vintagefrenchfinds.com\/?post_type=product&#038;p=25340"},"modified":"2025-11-01T18:31:18","modified_gmt":"2025-11-01T18:31:18","slug":"ancien-tableau-a-lhuile-encadre-et-signe-arlequin","status":"publish","type":"product","link":"https:\/\/vintagefrenchfinds.com\/en\/product\/ancien-tableau-a-lhuile-encadre-et-signe-arlequin","title":{"rendered":"Ancien Tableau \u00e0 L&rsquo;Huile Encadr\u00e9 et Sign\u00e9 : Arlequin"},"content":{"rendered":"<p><span style=\"font-weight: 400;\">Ce tableau \u00e0 l&rsquo;huile vintage d\u00e9peint Arlequin, un personnage central de la commedia dell&rsquo;arte italienne, envelopp\u00e9 dans son costume traditionnel aux motifs losang\u00e9s multicolores.<\/span><\/p>\n<p><span style=\"font-weight: 400;\">Le personnage est repr\u00e9sent\u00e9 dans une pose espi\u00e8gle, refl\u00e9tant son r\u00f4le de serviteur astucieux et farceur. Les traits de son visage sont pos\u00e9s de travers \u00e0 la fa\u00e7on de Picasso.\u00a0<\/span><\/p>\n<p><span style=\"font-weight: 400;\">Son visage jaune et son chapeau blanc sont en contraste des couleurs sombres de ses habits et du fond du tableau.<\/span><\/p>\n<p><span style=\"font-weight: 400;\">Ce portrait d&rsquo;Arlequin est non seulement une repr\u00e9sentation artistique d&rsquo;un personnage de th\u00e9\u00e2tre, mais aussi une exploration de la dualit\u00e9 humaine \u2013 le masque cachant une r\u00e9alit\u00e9 complexe. L&rsquo;artiste a su capturer l&rsquo;essence de l&rsquo;Arlequin, \u00e0 la fois joyeux et myst\u00e9rieux, espi\u00e8gle et sage.\u00a0<\/span><\/p>\n<p>&nbsp;<\/p>\n<p><span style=\"font-weight: 400;\">L\u2019\u0153uvre est sign\u00e9e et dat\u00e9e par l\u2019artiste\u00a0: A.T. Hibault 57<\/span><\/p>\n<p>&nbsp;<\/p>\n<p><span style=\"font-weight: 400;\">Elle est pr\u00e9sent\u00e9e sous verre dans un cadre en bois c\u00e9rus\u00e9.<\/span><\/p>\n<p>&nbsp;<\/p>\n<p><span style=\"font-weight: 400;\">(cadre) LA 31 x H37 cm &#8211; (\u0153uvre) LA 22 x H 28 cm <\/span><\/p>","protected":false},"excerpt":{"rendered":"<p>Ce tableau \u00e0 l&rsquo;huile vintage d\u00e9peint Arlequin, un personnage central de la commedia dell&rsquo;arte italienne, envelopp\u00e9 dans son costume traditionnel aux motifs losang\u00e9s multicolores. Le personnage est repr\u00e9sent\u00e9 dans une pose espi\u00e8gle, refl\u00e9tant son r\u00f4le de serviteur astucieux et farceur. Les traits de son visage sont pos\u00e9s de travers \u00e0 la fa\u00e7on de Picasso.\u00a0 Son [&hellip;]<\/p>\n","protected":false},"featured_media":25342,"template":"","meta":{"site-sidebar-layout":"default","site-content-layout":"","ast-site-content-layout":"default","site-content-style":"default","site-sidebar-style":"default","ast-global-header-display":"","ast-banner-title-visibility":"","ast-main-header-display":"","ast-hfb-above-header-display":"","ast-hfb-below-header-display":"","ast-hfb-mobile-header-display":"","site-post-title":"","ast-breadcrumbs-content":"","ast-featured-img":"","footer-sml-layout":"","ast-disable-related-posts":"","theme-transparent-header-meta":"default","adv-header-id-meta":"","stick-header-meta":"","header-above-stick-meta":"","header-main-stick-meta":"","header-below-stick-meta":"","astra-migrate-meta-layouts":"set","ast-page-background-enabled":"default","ast-page-background-meta":{"desktop":{"background-color":"var(--ast-global-color-4)","background-image":"","background-repeat":"repeat","background-position":"center center","background-size":"auto","background-attachment":"scroll","background-type":"","background-media":"","overlay-type":"","overlay-color":"","overlay-opacity":"","overlay-gradient":""},"tablet":{"background-color":"","background-image":"","background-repeat":"repeat","background-position":"center center","background-size":"auto","background-attachment":"scroll","background-type":"","background-media":"","overlay-type":"","overlay-color":"","overlay-opacity":"","overlay-gradient":""},"mobile":{"background-color":"","background-image":"","background-repeat":"repeat","background-position":"center center","background-size":"auto","background-attachment":"scroll","background-type":"","background-media":"","overlay-type":"","overlay-color":"","overlay-opacity":"","overlay-gradient":""}},"ast-content-background-meta":{"desktop":{"background-color":"var(--ast-global-color-5)","background-image":"","background-repeat":"repeat","background-position":"center center","background-size":"auto","background-attachment":"scroll","background-type":"","background-media":"","overlay-type":"","overlay-color":"","overlay-opacity":"","overlay-gradient":""},"tablet":{"background-color":"var(--ast-global-color-5)","background-image":"","background-repeat":"repeat","background-position":"center center","background-size":"auto","background-attachment":"scroll","background-type":"","background-media":"","overlay-type":"","overlay-color":"","overlay-opacity":"","overlay-gradient":""},"mobile":{"background-color":"var(--ast-global-color-5)","background-image":"","background-repeat":"repeat","background-position":"center center","background-size":"auto","background-attachment":"scroll","background-type":"","background-media":"","overlay-type":"","overlay-color":"","overlay-opacity":"","overlay-gradient":""}}},"product_cat":[27,64],"product_tag":[1197,1051,1727,3707,1452,1011],"yoast_head":"<!-- This site is optimized with the Yoast SEO plugin v20.8 - https:\/\/yoast.com\/wordpress\/plugins\/seo\/ -->\n<title>Ancien Tableau \u00e0 L&#039;Huile Encadr\u00e9 et Sign\u00e9 : Arlequin - Vintage French Finds<\/title>\n<meta name=\"description\" content=\"The best of French vintage delivered to your doorstep direct from France : fashion, furniture, decoration, table art, curiosities, collections and art work.\" \/>\n<meta name=\"robots\" content=\"index, follow, max-snippet:-1, max-image-preview:large, max-video-preview:-1\" \/>\n<link rel=\"canonical\" href=\"https:\/\/vintagefrenchfinds.com\/en\/product\/ancien-tableau-a-lhuile-encadre-et-signe-arlequin\/\" \/>\n<meta property=\"og:locale\" content=\"en_GB\" \/>\n<meta property=\"og:type\" content=\"article\" \/>\n<meta property=\"og:title\" content=\"Ancien Tableau \u00e0 L&#039;Huile Encadr\u00e9 et Sign\u00e9 : Arlequin - Vintage French Finds\" \/>\n<meta property=\"og:description\" content=\"The best of French vintage delivered to your doorstep direct from France : fashion, furniture, decoration, table art, curiosities, collections and art work.\" \/>\n<meta property=\"og:url\" content=\"https:\/\/vintagefrenchfinds.com\/en\/product\/ancien-tableau-a-lhuile-encadre-et-signe-arlequin\/\" \/>\n<meta property=\"og:site_name\" content=\"Vintage French Finds\" \/>\n<meta property=\"article:modified_time\" content=\"2025-11-01T18:31:18+00:00\" \/>\n<meta property=\"og:image\" content=\"https:\/\/vintagefrenchfinds.com\/wp-content\/uploads\/2024\/06\/DSCN0110.jpg\" \/>\n\t<meta property=\"og:image:width\" content=\"886\" \/>\n\t<meta property=\"og:image:height\" content=\"886\" \/>\n\t<meta property=\"og:image:type\" content=\"image\/jpeg\" \/>\n<meta name=\"twitter:card\" content=\"summary_large_image\" \/>\n<meta name=\"twitter:label1\" content=\"Estimated reading time\" \/>\n\t<meta name=\"twitter:data1\" content=\"1 minute\" \/>\n<script type=\"application\/ld+json\" class=\"yoast-schema-graph\">{\"@context\":\"https:\/\/schema.org\",\"@graph\":[{\"@type\":\"WebPage\",\"@id\":\"https:\/\/vintagefrenchfinds.com\/product\/ancien-tableau-a-lhuile-encadre-et-signe-arlequin\",\"url\":\"https:\/\/vintagefrenchfinds.com\/product\/ancien-tableau-a-lhuile-encadre-et-signe-arlequin\",\"name\":\"Ancien Tableau \u00e0 L'Huile Encadr\u00e9 et Sign\u00e9 : Arlequin - Vintage French Finds\",\"isPartOf\":{\"@id\":\"https:\/\/vintagefrenchfinds.com\/#website\"},\"datePublished\":\"2024-06-24T20:16:10+00:00\",\"dateModified\":\"2025-11-01T18:31:18+00:00\",\"description\":\"The best of French vintage delivered to your doorstep direct from France : fashion, furniture, decoration, table art, curiosities, collections and art work.\",\"breadcrumb\":{\"@id\":\"https:\/\/vintagefrenchfinds.com\/product\/ancien-tableau-a-lhuile-encadre-et-signe-arlequin#breadcrumb\"},\"inLanguage\":\"en-GB\",\"potentialAction\":[{\"@type\":\"ReadAction\",\"target\":[\"https:\/\/vintagefrenchfinds.com\/product\/ancien-tableau-a-lhuile-encadre-et-signe-arlequin\"]}]},{\"@type\":\"BreadcrumbList\",\"@id\":\"https:\/\/vintagefrenchfinds.com\/product\/ancien-tableau-a-lhuile-encadre-et-signe-arlequin#breadcrumb\",\"itemListElement\":[{\"@type\":\"ListItem\",\"position\":1,\"name\":\"Home\",\"item\":\"https:\/\/vintagefrenchfinds.com\/\"},{\"@type\":\"ListItem\",\"position\":2,\"name\":\"BOUTIQUE\",\"item\":\"https:\/\/vintagefrenchfinds.com\/shop\"},{\"@type\":\"ListItem\",\"position\":3,\"name\":\"Ancien Tableau \u00e0 L&#8217;Huile Encadr\u00e9 et Sign\u00e9 : Arlequin\"}]},{\"@type\":\"WebSite\",\"@id\":\"https:\/\/vintagefrenchfinds.com\/#website\",\"url\":\"https:\/\/vintagefrenchfinds.com\/\",\"name\":\"Vintage French Finds\",\"description\":\"The best of French vintage delivered to your doorstep direct from France : fashion, furniture, decoration, table art, curiosities, collections and art work.\",\"potentialAction\":[{\"@type\":\"SearchAction\",\"target\":{\"@type\":\"EntryPoint\",\"urlTemplate\":\"https:\/\/vintagefrenchfinds.com\/?s={search_term_string}\"},\"query-input\":\"required name=search_term_string\"}],\"inLanguage\":\"en-GB\"}]}<\/script>\n<!-- \/ Yoast SEO plugin. -->","yoast_head_json":{"title":"Ancien Tableau \u00e0 L'Huile Encadr\u00e9 et Sign\u00e9 : Arlequin - Vintage French Finds","description":"The best of French vintage delivered to your doorstep direct from France : fashion, furniture, decoration, table art, curiosities, collections and art work.","robots":{"index":"index","follow":"follow","max-snippet":"max-snippet:-1","max-image-preview":"max-image-preview:large","max-video-preview":"max-video-preview:-1"},"canonical":"https:\/\/vintagefrenchfinds.com\/en\/product\/ancien-tableau-a-lhuile-encadre-et-signe-arlequin\/","og_locale":"en_GB","og_type":"article","og_title":"Ancien Tableau \u00e0 L'Huile Encadr\u00e9 et Sign\u00e9 : Arlequin - Vintage French Finds","og_description":"The best of French vintage delivered to your doorstep direct from France : fashion, furniture, decoration, table art, curiosities, collections and art work.","og_url":"https:\/\/vintagefrenchfinds.com\/en\/product\/ancien-tableau-a-lhuile-encadre-et-signe-arlequin\/","og_site_name":"Vintage French Finds","article_modified_time":"2025-11-01T18:31:18+00:00","og_image":[{"width":886,"height":886,"url":"https:\/\/vintagefrenchfinds.com\/wp-content\/uploads\/2024\/06\/DSCN0110.jpg","type":"image\/jpeg"}],"twitter_card":"summary_large_image","twitter_misc":{"Estimated reading time":"1 minute"},"schema":{"@context":"https:\/\/schema.org","@graph":[{"@type":"WebPage","@id":"https:\/\/vintagefrenchfinds.com\/product\/ancien-tableau-a-lhuile-encadre-et-signe-arlequin","url":"https:\/\/vintagefrenchfinds.com\/product\/ancien-tableau-a-lhuile-encadre-et-signe-arlequin","name":"Ancien Tableau \u00e0 L'Huile Encadr\u00e9 et Sign\u00e9 : Arlequin - Vintage French Finds","isPartOf":{"@id":"https:\/\/vintagefrenchfinds.com\/#website"},"datePublished":"2024-06-24T20:16:10+00:00","dateModified":"2025-11-01T18:31:18+00:00","description":"The best of French vintage delivered to your doorstep direct from France : fashion, furniture, decoration, table art, curiosities, collections and art work.","breadcrumb":{"@id":"https:\/\/vintagefrenchfinds.com\/product\/ancien-tableau-a-lhuile-encadre-et-signe-arlequin#breadcrumb"},"inLanguage":"en-GB","potentialAction":[{"@type":"ReadAction","target":["https:\/\/vintagefrenchfinds.com\/product\/ancien-tableau-a-lhuile-encadre-et-signe-arlequin"]}]},{"@type":"BreadcrumbList","@id":"https:\/\/vintagefrenchfinds.com\/product\/ancien-tableau-a-lhuile-encadre-et-signe-arlequin#breadcrumb","itemListElement":[{"@type":"ListItem","position":1,"name":"Home","item":"https:\/\/vintagefrenchfinds.com\/"},{"@type":"ListItem","position":2,"name":"BOUTIQUE","item":"https:\/\/vintagefrenchfinds.com\/shop"},{"@type":"ListItem","position":3,"name":"Ancien Tableau \u00e0 L&#8217;Huile Encadr\u00e9 et Sign\u00e9 : Arlequin"}]},{"@type":"WebSite","@id":"https:\/\/vintagefrenchfinds.com\/#website","url":"https:\/\/vintagefrenchfinds.com\/","name":"Vintage French Finds\u00a0","description":"The best of French vintage delivered to your doorstep direct from France : fashion, furniture, decoration, table art, curiosities, collections and art work.","potentialAction":[{"@type":"SearchAction","target":{"@type":"EntryPoint","urlTemplate":"https:\/\/vintagefrenchfinds.com\/?s={search_term_string}"},"query-input":"required name=search_term_string"}],"inLanguage":"en-GB"}]}},"post_mailing_queue_ids":[],"_links":{"self":[{"href":"https:\/\/vintagefrenchfinds.com\/en\/wp-json\/wp\/v2\/product\/25340"}],"collection":[{"href":"https:\/\/vintagefrenchfinds.com\/en\/wp-json\/wp\/v2\/product"}],"about":[{"href":"https:\/\/vintagefrenchfinds.com\/en\/wp-json\/wp\/v2\/types\/product"}],"wp:featuredmedia":[{"embeddable":true,"href":"https:\/\/vintagefrenchfinds.com\/en\/wp-json\/wp\/v2\/media\/25342"}],"wp:attachment":[{"href":"https:\/\/vintagefrenchfinds.com\/en\/wp-json\/wp\/v2\/media?parent=25340"}],"wp:term":[{"taxonomy":"product_cat","embeddable":true,"href":"https:\/\/vintagefrenchfinds.com\/en\/wp-json\/wp\/v2\/product_cat?post=25340"},{"taxonomy":"product_tag","embeddable":true,"href":"https:\/\/vintagefrenchfinds.com\/en\/wp-json\/wp\/v2\/product_tag?post=25340"}],"curies":[{"name":"wp","href":"https:\/\/api.w.org\/{rel}","templated":true}]}}