{"id":25694,"date":"2024-07-17T10:14:16","date_gmt":"2024-07-17T10:14:16","guid":{"rendered":"https:\/\/vintagefrenchfinds.com\/?post_type=product&#038;p=25694"},"modified":"2025-03-19T16:17:45","modified_gmt":"2025-03-19T16:17:45","slug":"ancienne-lampe-pigeon-dauphin-en-laiton","status":"publish","type":"product","link":"https:\/\/vintagefrenchfinds.com\/en\/product\/ancienne-lampe-pigeon-dauphin-en-laiton","title":{"rendered":"Ancienne Lampe Pigeon Trianon en Laiton"},"content":{"rendered":"<p><span style=\"font-weight: 400;\">Superbe lampe \u00e0 p\u00e9trole \/ essence min\u00e9rale \u00ab\u00a0Pigeon\u00a0\u00bb vintage en laiton.<\/span><\/p>\n<p>&nbsp;<\/p>\n<p><span style=\"font-weight: 400;\">Ce mod\u00e8le \u00ab\u00a0Trianon\u00a0\u00bb se caract\u00e9rise par\u00a0<\/span><\/p>\n<ul>\n<li style=\"font-weight: 400;\" aria-level=\"1\"><span style=\"font-weight: 400;\">un socle richement orn\u00e9 de feuilles en relief<\/span>&nbsp;<\/li>\n<li style=\"font-weight: 400;\" aria-level=\"1\"><span style=\"font-weight: 400;\">un r\u00e9servoir portant une inscription<\/span><\/li>\n<\/ul>\n<p><span style=\"font-weight: 400;\">\u00ab\u00a0\u00a0Lampe Pigeon \u2026<\/span><span style=\"font-weight: 400;\">Surtout Rien qu\u2019a l&rsquo;essence minerale \u00ab\u00a0<\/span><\/p>\n<p>&nbsp;<\/p>\n<ul>\n<li style=\"font-weight: 400;\" aria-level=\"1\"><span style=\"font-weight: 400;\">une mollette\u00a0<\/span><\/li>\n<\/ul>\n<p>&nbsp;<\/p>\n<ul>\n<li style=\"font-weight: 400;\" aria-level=\"1\"><span style=\"font-weight: 400;\">un bec pr\u00e9vu pour enfermer une m\u00e8che cylindrique qui est en contact permanent avec le feutre imbib\u00e9 d\u2019essence.<\/span><\/li>\n<\/ul>\n<p>&nbsp;<\/p>\n<ul>\n<li style=\"font-weight: 400;\" aria-level=\"1\"><span style=\"font-weight: 400;\">Une galerie qui s\u2019enfile sur le bec et soutient la verrine. Elle est perc\u00e9e \u00e0 sa base de petits trous qui permettent un appel d\u2019air conduisant \u00e0 tripler la puissance \u00e9clairante de la flamme<\/span><\/li>\n<\/ul>\n<p>&nbsp;<\/p>\n<ul>\n<li style=\"font-weight: 400;\" aria-level=\"1\"><span style=\"font-weight: 400;\">\u00a0un abat-jour \/ verrine en verre transparent<\/span><\/li>\n<\/ul>\n<p>&nbsp;<\/p>\n<p><span style=\"font-weight: 400;\">Ce luminaire fut invent\u00e9 en 1882 par Charles Pigeon qui cherchait \u00e0 cr\u00e9er une lampe s\u00e9curis\u00e9e \u00e0 un co\u00fbt tr\u00e8s abordable. Le premier brevet fut d\u00e9pos\u00e9 en 1884 et la lampe Pigeon fut pr\u00e9sent\u00e9e \u00e0 l\u2019Exposition universelle de 1900.<\/span><\/p>\n<p><span style=\"font-weight: 400;\">Une r\u00e9volution pour ce type de lampe car ses caract\u00e9ristiques la rendent inexplosible<\/span><\/p>\n<p><span style=\"font-weight: 400;\">\u00a0L\u2019ann\u00e9e suivante, une lampe standard est imagin\u00e9e pour permettre des utilisations dans la vie de tous les jours comme lampe d\u2019int\u00e9rieur, lampe d\u2019atelier, lampe de poche etc.<\/span><\/p>\n<p><span style=\"font-weight: 400;\">Que vous soyez collectionneur d&rsquo;objets vintage ou simplement \u00e0 la recherche d&rsquo;une pi\u00e8ce unique pour embellir votre maison, cette lampe \u00e0 flamme est le choix id\u00e9al. Elle convient \u00e9galement comme cadeau pour les amateurs de d\u00e9coration r\u00e9tro et d\u2019histoire.<\/span><\/p>\n<p><span style=\"font-weight: 400;\">Traces du temps visibles dans les photos<\/span><\/p>\n<p>&nbsp;<\/p>\n<p><span style=\"font-weight: 400;\">(pied) H 23 cm (abat-jour) H 8,6 cm<\/span><\/p>","protected":false},"excerpt":{"rendered":"<p>Superbe lampe \u00e0 p\u00e9trole \/ essence min\u00e9rale \u00ab\u00a0Pigeon\u00a0\u00bb vintage en laiton. &nbsp; Ce mod\u00e8le \u00ab\u00a0Trianon\u00a0\u00bb se caract\u00e9rise par\u00a0 un socle richement orn\u00e9 de feuilles en relief&nbsp; un r\u00e9servoir portant une inscription \u00ab\u00a0\u00a0Lampe Pigeon \u2026Surtout Rien qu\u2019a l&rsquo;essence minerale \u00ab\u00a0 &nbsp; une mollette\u00a0 &nbsp; un bec pr\u00e9vu pour enfermer une m\u00e8che cylindrique qui est en contact [&hellip;]<\/p>\n","protected":false},"featured_media":25814,"template":"","meta":{"site-sidebar-layout":"default","site-content-layout":"","ast-site-content-layout":"default","site-content-style":"default","site-sidebar-style":"default","ast-global-header-display":"","ast-banner-title-visibility":"","ast-main-header-display":"","ast-hfb-above-header-display":"","ast-hfb-below-header-display":"","ast-hfb-mobile-header-display":"","site-post-title":"","ast-breadcrumbs-content":"","ast-featured-img":"","footer-sml-layout":"","ast-disable-related-posts":"","theme-transparent-header-meta":"default","adv-header-id-meta":"","stick-header-meta":"","header-above-stick-meta":"","header-main-stick-meta":"","header-below-stick-meta":"","astra-migrate-meta-layouts":"set","ast-page-background-enabled":"default","ast-page-background-meta":{"desktop":{"background-color":"var(--ast-global-color-4)","background-image":"","background-repeat":"repeat","background-position":"center center","background-size":"auto","background-attachment":"scroll","background-type":"","background-media":"","overlay-type":"","overlay-color":"","overlay-opacity":"","overlay-gradient":""},"tablet":{"background-color":"","background-image":"","background-repeat":"repeat","background-position":"center center","background-size":"auto","background-attachment":"scroll","background-type":"","background-media":"","overlay-type":"","overlay-color":"","overlay-opacity":"","overlay-gradient":""},"mobile":{"background-color":"","background-image":"","background-repeat":"repeat","background-position":"center center","background-size":"auto","background-attachment":"scroll","background-type":"","background-media":"","overlay-type":"","overlay-color":"","overlay-opacity":"","overlay-gradient":""}},"ast-content-background-meta":{"desktop":{"background-color":"var(--ast-global-color-5)","background-image":"","background-repeat":"repeat","background-position":"center center","background-size":"auto","background-attachment":"scroll","background-type":"","background-media":"","overlay-type":"","overlay-color":"","overlay-opacity":"","overlay-gradient":""},"tablet":{"background-color":"var(--ast-global-color-5)","background-image":"","background-repeat":"repeat","background-position":"center center","background-size":"auto","background-attachment":"scroll","background-type":"","background-media":"","overlay-type":"","overlay-color":"","overlay-opacity":"","overlay-gradient":""},"mobile":{"background-color":"var(--ast-global-color-5)","background-image":"","background-repeat":"repeat","background-position":"center center","background-size":"auto","background-attachment":"scroll","background-type":"","background-media":"","overlay-type":"","overlay-color":"","overlay-opacity":"","overlay-gradient":""}}},"product_cat":[23,3541],"product_tag":[1197,1253,1767,1139,1915,1946,1011],"yoast_head":"<!-- This site is optimized with the Yoast SEO plugin v20.8 - https:\/\/yoast.com\/wordpress\/plugins\/seo\/ -->\n<title>Ancienne Lampe Pigeon Trianon en Laiton - Vintage French Finds<\/title>\n<meta name=\"description\" content=\"The best of French vintage delivered to your doorstep direct from France : fashion, furniture, decoration, table art, curiosities, collections and art work.\" \/>\n<meta name=\"robots\" content=\"index, follow, max-snippet:-1, max-image-preview:large, max-video-preview:-1\" \/>\n<link rel=\"canonical\" href=\"https:\/\/vintagefrenchfinds.com\/en\/product\/ancienne-lampe-pigeon-dauphin-en-laiton\/\" \/>\n<meta property=\"og:locale\" content=\"en_GB\" \/>\n<meta property=\"og:type\" content=\"article\" \/>\n<meta property=\"og:title\" content=\"Ancienne Lampe Pigeon Trianon en Laiton - Vintage French Finds\" \/>\n<meta property=\"og:description\" content=\"The best of French vintage delivered to your doorstep direct from France : fashion, furniture, decoration, table art, curiosities, collections and art work.\" \/>\n<meta property=\"og:url\" content=\"https:\/\/vintagefrenchfinds.com\/en\/product\/ancienne-lampe-pigeon-dauphin-en-laiton\/\" \/>\n<meta property=\"og:site_name\" content=\"Vintage French Finds\" \/>\n<meta property=\"article:modified_time\" content=\"2025-03-19T16:17:45+00:00\" \/>\n<meta property=\"og:image\" content=\"https:\/\/vintagefrenchfinds.com\/wp-content\/uploads\/2024\/07\/DSCN0339-1.jpg\" \/>\n\t<meta property=\"og:image:width\" content=\"886\" \/>\n\t<meta property=\"og:image:height\" content=\"743\" \/>\n\t<meta property=\"og:image:type\" content=\"image\/jpeg\" \/>\n<meta name=\"twitter:card\" content=\"summary_large_image\" \/>\n<meta name=\"twitter:label1\" content=\"Estimated reading time\" \/>\n\t<meta name=\"twitter:data1\" content=\"2 minutes\" \/>\n<script type=\"application\/ld+json\" class=\"yoast-schema-graph\">{\"@context\":\"https:\/\/schema.org\",\"@graph\":[{\"@type\":\"WebPage\",\"@id\":\"https:\/\/vintagefrenchfinds.com\/product\/ancienne-lampe-pigeon-dauphin-en-laiton\",\"url\":\"https:\/\/vintagefrenchfinds.com\/product\/ancienne-lampe-pigeon-dauphin-en-laiton\",\"name\":\"Ancienne Lampe Pigeon Trianon en Laiton - Vintage French Finds\",\"isPartOf\":{\"@id\":\"https:\/\/vintagefrenchfinds.com\/#website\"},\"datePublished\":\"2024-07-17T10:14:16+00:00\",\"dateModified\":\"2025-03-19T16:17:45+00:00\",\"description\":\"The best of French vintage delivered to your doorstep direct from France : fashion, furniture, decoration, table art, curiosities, collections and art work.\",\"breadcrumb\":{\"@id\":\"https:\/\/vintagefrenchfinds.com\/product\/ancienne-lampe-pigeon-dauphin-en-laiton#breadcrumb\"},\"inLanguage\":\"en-GB\",\"potentialAction\":[{\"@type\":\"ReadAction\",\"target\":[\"https:\/\/vintagefrenchfinds.com\/product\/ancienne-lampe-pigeon-dauphin-en-laiton\"]}]},{\"@type\":\"BreadcrumbList\",\"@id\":\"https:\/\/vintagefrenchfinds.com\/product\/ancienne-lampe-pigeon-dauphin-en-laiton#breadcrumb\",\"itemListElement\":[{\"@type\":\"ListItem\",\"position\":1,\"name\":\"Home\",\"item\":\"https:\/\/vintagefrenchfinds.com\/\"},{\"@type\":\"ListItem\",\"position\":2,\"name\":\"BOUTIQUE\",\"item\":\"https:\/\/vintagefrenchfinds.com\/shop\"},{\"@type\":\"ListItem\",\"position\":3,\"name\":\"Ancienne Lampe Pigeon Trianon en Laiton\"}]},{\"@type\":\"WebSite\",\"@id\":\"https:\/\/vintagefrenchfinds.com\/#website\",\"url\":\"https:\/\/vintagefrenchfinds.com\/\",\"name\":\"Vintage French Finds\",\"description\":\"The best of French vintage delivered to your doorstep direct from France : fashion, furniture, decoration, table art, curiosities, collections and art work.\",\"potentialAction\":[{\"@type\":\"SearchAction\",\"target\":{\"@type\":\"EntryPoint\",\"urlTemplate\":\"https:\/\/vintagefrenchfinds.com\/?s={search_term_string}\"},\"query-input\":\"required name=search_term_string\"}],\"inLanguage\":\"en-GB\"}]}<\/script>\n<!-- \/ Yoast SEO plugin. -->","yoast_head_json":{"title":"Ancienne Lampe Pigeon Trianon en Laiton - Vintage French Finds","description":"The best of French vintage delivered to your doorstep direct from France : fashion, furniture, decoration, table art, curiosities, collections and art work.","robots":{"index":"index","follow":"follow","max-snippet":"max-snippet:-1","max-image-preview":"max-image-preview:large","max-video-preview":"max-video-preview:-1"},"canonical":"https:\/\/vintagefrenchfinds.com\/en\/product\/ancienne-lampe-pigeon-dauphin-en-laiton\/","og_locale":"en_GB","og_type":"article","og_title":"Ancienne Lampe Pigeon Trianon en Laiton - Vintage French Finds","og_description":"The best of French vintage delivered to your doorstep direct from France : fashion, furniture, decoration, table art, curiosities, collections and art work.","og_url":"https:\/\/vintagefrenchfinds.com\/en\/product\/ancienne-lampe-pigeon-dauphin-en-laiton\/","og_site_name":"Vintage French Finds","article_modified_time":"2025-03-19T16:17:45+00:00","og_image":[{"width":886,"height":743,"url":"https:\/\/vintagefrenchfinds.com\/wp-content\/uploads\/2024\/07\/DSCN0339-1.jpg","type":"image\/jpeg"}],"twitter_card":"summary_large_image","twitter_misc":{"Estimated reading time":"2 minutes"},"schema":{"@context":"https:\/\/schema.org","@graph":[{"@type":"WebPage","@id":"https:\/\/vintagefrenchfinds.com\/product\/ancienne-lampe-pigeon-dauphin-en-laiton","url":"https:\/\/vintagefrenchfinds.com\/product\/ancienne-lampe-pigeon-dauphin-en-laiton","name":"Ancienne Lampe Pigeon Trianon en Laiton - Vintage French Finds","isPartOf":{"@id":"https:\/\/vintagefrenchfinds.com\/#website"},"datePublished":"2024-07-17T10:14:16+00:00","dateModified":"2025-03-19T16:17:45+00:00","description":"The best of French vintage delivered to your doorstep direct from France : fashion, furniture, decoration, table art, curiosities, collections and art work.","breadcrumb":{"@id":"https:\/\/vintagefrenchfinds.com\/product\/ancienne-lampe-pigeon-dauphin-en-laiton#breadcrumb"},"inLanguage":"en-GB","potentialAction":[{"@type":"ReadAction","target":["https:\/\/vintagefrenchfinds.com\/product\/ancienne-lampe-pigeon-dauphin-en-laiton"]}]},{"@type":"BreadcrumbList","@id":"https:\/\/vintagefrenchfinds.com\/product\/ancienne-lampe-pigeon-dauphin-en-laiton#breadcrumb","itemListElement":[{"@type":"ListItem","position":1,"name":"Home","item":"https:\/\/vintagefrenchfinds.com\/"},{"@type":"ListItem","position":2,"name":"BOUTIQUE","item":"https:\/\/vintagefrenchfinds.com\/shop"},{"@type":"ListItem","position":3,"name":"Ancienne Lampe Pigeon Trianon en Laiton"}]},{"@type":"WebSite","@id":"https:\/\/vintagefrenchfinds.com\/#website","url":"https:\/\/vintagefrenchfinds.com\/","name":"Vintage French Finds\u00a0","description":"The best of French vintage delivered to your doorstep direct from France : fashion, furniture, decoration, table art, curiosities, collections and art work.","potentialAction":[{"@type":"SearchAction","target":{"@type":"EntryPoint","urlTemplate":"https:\/\/vintagefrenchfinds.com\/?s={search_term_string}"},"query-input":"required name=search_term_string"}],"inLanguage":"en-GB"}]}},"post_mailing_queue_ids":[],"_links":{"self":[{"href":"https:\/\/vintagefrenchfinds.com\/en\/wp-json\/wp\/v2\/product\/25694"}],"collection":[{"href":"https:\/\/vintagefrenchfinds.com\/en\/wp-json\/wp\/v2\/product"}],"about":[{"href":"https:\/\/vintagefrenchfinds.com\/en\/wp-json\/wp\/v2\/types\/product"}],"wp:featuredmedia":[{"embeddable":true,"href":"https:\/\/vintagefrenchfinds.com\/en\/wp-json\/wp\/v2\/media\/25814"}],"wp:attachment":[{"href":"https:\/\/vintagefrenchfinds.com\/en\/wp-json\/wp\/v2\/media?parent=25694"}],"wp:term":[{"taxonomy":"product_cat","embeddable":true,"href":"https:\/\/vintagefrenchfinds.com\/en\/wp-json\/wp\/v2\/product_cat?post=25694"},{"taxonomy":"product_tag","embeddable":true,"href":"https:\/\/vintagefrenchfinds.com\/en\/wp-json\/wp\/v2\/product_tag?post=25694"}],"curies":[{"name":"wp","href":"https:\/\/api.w.org\/{rel}","templated":true}]}}