{"id":25763,"date":"2024-08-07T08:52:02","date_gmt":"2024-08-07T08:52:02","guid":{"rendered":"https:\/\/vintagefrenchfinds.com\/?post_type=product&#038;p=25763"},"modified":"2025-03-19T16:17:34","modified_gmt":"2025-03-19T16:17:34","slug":"ancien-bougeoir-de-chambre-pigeon-en-laiton-porcelaine","status":"publish","type":"product","link":"https:\/\/vintagefrenchfinds.com\/en\/product\/ancien-bougeoir-de-chambre-pigeon-en-laiton-porcelaine","title":{"rendered":"Ancien Bougeoir de Chambre Pigeon en Laiton &#038; Porcelaine"},"content":{"rendered":"<p><span style=\"font-weight: 400;\">Lampe \u00e0 p\u00e9trole \/ essence min\u00e9rale \u00ab\u00a0Pigeon\u00a0\u00bb vintage en laiton.<\/span><\/p>\n<p>&nbsp;<\/p>\n<p><span style=\"font-weight: 400;\">Ce mod\u00e8le \u00ab\u00a0Bougeoir de Chambre\u00a0\u00bb se caract\u00e9rise par\u00a0<\/span><\/p>\n<ul>\n<li style=\"font-weight: 400;\" aria-level=\"1\"><span style=\"font-weight: 400;\">un fond plat<\/span><\/li>\n<\/ul>\n<p>&nbsp;<\/p>\n<ul>\n<li style=\"font-weight: 400;\" aria-level=\"1\"><span style=\"font-weight: 400;\">une poign\u00e9e ronde<\/span><\/li>\n<\/ul>\n<p>&nbsp;<\/p>\n<ul>\n<li style=\"font-weight: 400;\" aria-level=\"1\"><span style=\"font-weight: 400;\">une mollette<\/span><\/li>\n<\/ul>\n<p>&nbsp;<\/p>\n<ul>\n<li style=\"font-weight: 400;\" aria-level=\"1\"><span style=\"font-weight: 400;\">&#8211; une bougie blanche<\/span><\/li>\n<\/ul>\n<p>&nbsp;<\/p>\n<ul>\n<li style=\"font-weight: 400;\" aria-level=\"1\"><span style=\"font-weight: 400;\">\u00a0un abat-jour \/ verrine en verre transparent<\/span><\/li>\n<\/ul>\n<p>&nbsp;<\/p>\n<p><span style=\"font-weight: 400;\">Ce luminaire fut invent\u00e9 en 1882 par Charles Pigeon qui cherchait \u00e0 cr\u00e9er une lampe s\u00e9curis\u00e9e \u00e0 un co\u00fbt tr\u00e8s abordable. Le premier brevet fut d\u00e9pos\u00e9 en 1884 et la lampe Pigeon fut pr\u00e9sent\u00e9e \u00e0 l\u2019Exposition universelle de 1900.<\/span><\/p>\n<p><span style=\"font-weight: 400;\">Une r\u00e9volution pour ce type de lampe car ses caract\u00e9ristiques la rendent inexplosible<\/span><\/p>\n<p><span style=\"font-weight: 400;\">\u00a0L\u2019ann\u00e9e suivante, une lampe standard est imagin\u00e9e pour permettre des utilisations dans la vie de tous les jours comme lampe d\u2019int\u00e9rieur, lampe d\u2019atelier, lampe de poche etc.<\/span><\/p>\n<p><span style=\"font-weight: 400;\">Que vous soyez collectionneur d&rsquo;objets vintage ou simplement \u00e0 la recherche d&rsquo;une pi\u00e8ce unique pour embellir votre maison, cette lampe \u00e0 flamme est le choix id\u00e9al. Elle convient \u00e9galement comme cadeau pour les amateurs de d\u00e9coration r\u00e9tro et d\u2019histoire.<\/span><\/p>\n<p><span style=\"font-weight: 400;\">Quelques traces du temps visibles dans les photos<\/span><\/p>\n<p><span style=\"font-weight: 400;\">(pied) H 15 x D 15 x LA 16,5 cm (abat-jour) H 8,6 cm<\/span><\/p>","protected":false},"excerpt":{"rendered":"<p>Lampe \u00e0 p\u00e9trole \/ essence min\u00e9rale \u00ab\u00a0Pigeon\u00a0\u00bb vintage en laiton. &nbsp; Ce mod\u00e8le \u00ab\u00a0Bougeoir de Chambre\u00a0\u00bb se caract\u00e9rise par\u00a0 un fond plat &nbsp; une poign\u00e9e ronde &nbsp; une mollette &nbsp; &#8211; une bougie blanche &nbsp; \u00a0un abat-jour \/ verrine en verre transparent &nbsp; Ce luminaire fut invent\u00e9 en 1882 par Charles Pigeon qui cherchait \u00e0 [&hellip;]<\/p>\n","protected":false},"featured_media":25853,"template":"","meta":{"site-sidebar-layout":"default","site-content-layout":"","ast-site-content-layout":"default","site-content-style":"default","site-sidebar-style":"default","ast-global-header-display":"","ast-banner-title-visibility":"","ast-main-header-display":"","ast-hfb-above-header-display":"","ast-hfb-below-header-display":"","ast-hfb-mobile-header-display":"","site-post-title":"","ast-breadcrumbs-content":"","ast-featured-img":"","footer-sml-layout":"","ast-disable-related-posts":"","theme-transparent-header-meta":"default","adv-header-id-meta":"","stick-header-meta":"","header-above-stick-meta":"","header-main-stick-meta":"","header-below-stick-meta":"","astra-migrate-meta-layouts":"set","ast-page-background-enabled":"default","ast-page-background-meta":{"desktop":{"background-color":"var(--ast-global-color-4)","background-image":"","background-repeat":"repeat","background-position":"center center","background-size":"auto","background-attachment":"scroll","background-type":"","background-media":"","overlay-type":"","overlay-color":"","overlay-opacity":"","overlay-gradient":""},"tablet":{"background-color":"","background-image":"","background-repeat":"repeat","background-position":"center center","background-size":"auto","background-attachment":"scroll","background-type":"","background-media":"","overlay-type":"","overlay-color":"","overlay-opacity":"","overlay-gradient":""},"mobile":{"background-color":"","background-image":"","background-repeat":"repeat","background-position":"center center","background-size":"auto","background-attachment":"scroll","background-type":"","background-media":"","overlay-type":"","overlay-color":"","overlay-opacity":"","overlay-gradient":""}},"ast-content-background-meta":{"desktop":{"background-color":"var(--ast-global-color-5)","background-image":"","background-repeat":"repeat","background-position":"center center","background-size":"auto","background-attachment":"scroll","background-type":"","background-media":"","overlay-type":"","overlay-color":"","overlay-opacity":"","overlay-gradient":""},"tablet":{"background-color":"var(--ast-global-color-5)","background-image":"","background-repeat":"repeat","background-position":"center center","background-size":"auto","background-attachment":"scroll","background-type":"","background-media":"","overlay-type":"","overlay-color":"","overlay-opacity":"","overlay-gradient":""},"mobile":{"background-color":"var(--ast-global-color-5)","background-image":"","background-repeat":"repeat","background-position":"center center","background-size":"auto","background-attachment":"scroll","background-type":"","background-media":"","overlay-type":"","overlay-color":"","overlay-opacity":"","overlay-gradient":""}}},"product_cat":[23,3541],"product_tag":[1197,1397,1253,1767,1139,1915,1946,1211,1011],"yoast_head":"<!-- This site is optimized with the Yoast SEO plugin v20.8 - https:\/\/yoast.com\/wordpress\/plugins\/seo\/ -->\n<title>Ancien Bougeoir de Chambre Pigeon en Laiton &amp; Porcelaine - Vintage French Finds<\/title>\n<meta name=\"description\" content=\"The best of French vintage delivered to your doorstep direct from France : fashion, furniture, decoration, table art, curiosities, collections and art work.\" \/>\n<meta name=\"robots\" content=\"index, follow, max-snippet:-1, max-image-preview:large, max-video-preview:-1\" \/>\n<link rel=\"canonical\" href=\"https:\/\/vintagefrenchfinds.com\/en\/product\/ancien-bougeoir-de-chambre-pigeon-en-laiton-porcelaine\/\" \/>\n<meta property=\"og:locale\" content=\"en_GB\" \/>\n<meta property=\"og:type\" content=\"article\" \/>\n<meta property=\"og:title\" content=\"Ancien Bougeoir de Chambre Pigeon en Laiton &amp; Porcelaine - Vintage French Finds\" \/>\n<meta property=\"og:description\" content=\"The best of French vintage delivered to your doorstep direct from France : fashion, furniture, decoration, table art, curiosities, collections and art work.\" \/>\n<meta property=\"og:url\" content=\"https:\/\/vintagefrenchfinds.com\/en\/product\/ancien-bougeoir-de-chambre-pigeon-en-laiton-porcelaine\/\" \/>\n<meta property=\"og:site_name\" content=\"Vintage French Finds\" \/>\n<meta property=\"article:modified_time\" content=\"2025-03-19T16:17:34+00:00\" \/>\n<meta property=\"og:image\" content=\"https:\/\/vintagefrenchfinds.com\/wp-content\/uploads\/2024\/08\/DSCN0387-1.jpg\" \/>\n\t<meta property=\"og:image:width\" content=\"886\" \/>\n\t<meta property=\"og:image:height\" content=\"684\" \/>\n\t<meta property=\"og:image:type\" content=\"image\/jpeg\" \/>\n<meta name=\"twitter:card\" content=\"summary_large_image\" \/>\n<meta name=\"twitter:label1\" content=\"Estimated reading time\" \/>\n\t<meta name=\"twitter:data1\" content=\"1 minute\" \/>\n<script type=\"application\/ld+json\" class=\"yoast-schema-graph\">{\"@context\":\"https:\/\/schema.org\",\"@graph\":[{\"@type\":\"WebPage\",\"@id\":\"https:\/\/vintagefrenchfinds.com\/product\/ancien-bougeoir-de-chambre-pigeon-en-laiton-porcelaine\",\"url\":\"https:\/\/vintagefrenchfinds.com\/product\/ancien-bougeoir-de-chambre-pigeon-en-laiton-porcelaine\",\"name\":\"Ancien Bougeoir de Chambre Pigeon en Laiton & Porcelaine - Vintage French Finds\",\"isPartOf\":{\"@id\":\"https:\/\/vintagefrenchfinds.com\/#website\"},\"datePublished\":\"2024-08-07T08:52:02+00:00\",\"dateModified\":\"2025-03-19T16:17:34+00:00\",\"description\":\"The best of French vintage delivered to your doorstep direct from France : fashion, furniture, decoration, table art, curiosities, collections and art work.\",\"breadcrumb\":{\"@id\":\"https:\/\/vintagefrenchfinds.com\/product\/ancien-bougeoir-de-chambre-pigeon-en-laiton-porcelaine#breadcrumb\"},\"inLanguage\":\"en-GB\",\"potentialAction\":[{\"@type\":\"ReadAction\",\"target\":[\"https:\/\/vintagefrenchfinds.com\/product\/ancien-bougeoir-de-chambre-pigeon-en-laiton-porcelaine\"]}]},{\"@type\":\"BreadcrumbList\",\"@id\":\"https:\/\/vintagefrenchfinds.com\/product\/ancien-bougeoir-de-chambre-pigeon-en-laiton-porcelaine#breadcrumb\",\"itemListElement\":[{\"@type\":\"ListItem\",\"position\":1,\"name\":\"Home\",\"item\":\"https:\/\/vintagefrenchfinds.com\/\"},{\"@type\":\"ListItem\",\"position\":2,\"name\":\"BOUTIQUE\",\"item\":\"https:\/\/vintagefrenchfinds.com\/shop\"},{\"@type\":\"ListItem\",\"position\":3,\"name\":\"Ancien Bougeoir de Chambre Pigeon en Laiton &#038; Porcelaine\"}]},{\"@type\":\"WebSite\",\"@id\":\"https:\/\/vintagefrenchfinds.com\/#website\",\"url\":\"https:\/\/vintagefrenchfinds.com\/\",\"name\":\"Vintage French Finds\",\"description\":\"The best of French vintage delivered to your doorstep direct from France : fashion, furniture, decoration, table art, curiosities, collections and art work.\",\"potentialAction\":[{\"@type\":\"SearchAction\",\"target\":{\"@type\":\"EntryPoint\",\"urlTemplate\":\"https:\/\/vintagefrenchfinds.com\/?s={search_term_string}\"},\"query-input\":\"required name=search_term_string\"}],\"inLanguage\":\"en-GB\"}]}<\/script>\n<!-- \/ Yoast SEO plugin. -->","yoast_head_json":{"title":"Ancien Bougeoir de Chambre Pigeon en Laiton & Porcelaine - Vintage French Finds","description":"The best of French vintage delivered to your doorstep direct from France : fashion, furniture, decoration, table art, curiosities, collections and art work.","robots":{"index":"index","follow":"follow","max-snippet":"max-snippet:-1","max-image-preview":"max-image-preview:large","max-video-preview":"max-video-preview:-1"},"canonical":"https:\/\/vintagefrenchfinds.com\/en\/product\/ancien-bougeoir-de-chambre-pigeon-en-laiton-porcelaine\/","og_locale":"en_GB","og_type":"article","og_title":"Ancien Bougeoir de Chambre Pigeon en Laiton & Porcelaine - Vintage French Finds","og_description":"The best of French vintage delivered to your doorstep direct from France : fashion, furniture, decoration, table art, curiosities, collections and art work.","og_url":"https:\/\/vintagefrenchfinds.com\/en\/product\/ancien-bougeoir-de-chambre-pigeon-en-laiton-porcelaine\/","og_site_name":"Vintage French Finds","article_modified_time":"2025-03-19T16:17:34+00:00","og_image":[{"width":886,"height":684,"url":"https:\/\/vintagefrenchfinds.com\/wp-content\/uploads\/2024\/08\/DSCN0387-1.jpg","type":"image\/jpeg"}],"twitter_card":"summary_large_image","twitter_misc":{"Estimated reading time":"1 minute"},"schema":{"@context":"https:\/\/schema.org","@graph":[{"@type":"WebPage","@id":"https:\/\/vintagefrenchfinds.com\/product\/ancien-bougeoir-de-chambre-pigeon-en-laiton-porcelaine","url":"https:\/\/vintagefrenchfinds.com\/product\/ancien-bougeoir-de-chambre-pigeon-en-laiton-porcelaine","name":"Ancien Bougeoir de Chambre Pigeon en Laiton & Porcelaine - Vintage French Finds","isPartOf":{"@id":"https:\/\/vintagefrenchfinds.com\/#website"},"datePublished":"2024-08-07T08:52:02+00:00","dateModified":"2025-03-19T16:17:34+00:00","description":"The best of French vintage delivered to your doorstep direct from France : fashion, furniture, decoration, table art, curiosities, collections and art work.","breadcrumb":{"@id":"https:\/\/vintagefrenchfinds.com\/product\/ancien-bougeoir-de-chambre-pigeon-en-laiton-porcelaine#breadcrumb"},"inLanguage":"en-GB","potentialAction":[{"@type":"ReadAction","target":["https:\/\/vintagefrenchfinds.com\/product\/ancien-bougeoir-de-chambre-pigeon-en-laiton-porcelaine"]}]},{"@type":"BreadcrumbList","@id":"https:\/\/vintagefrenchfinds.com\/product\/ancien-bougeoir-de-chambre-pigeon-en-laiton-porcelaine#breadcrumb","itemListElement":[{"@type":"ListItem","position":1,"name":"Home","item":"https:\/\/vintagefrenchfinds.com\/"},{"@type":"ListItem","position":2,"name":"BOUTIQUE","item":"https:\/\/vintagefrenchfinds.com\/shop"},{"@type":"ListItem","position":3,"name":"Ancien Bougeoir de Chambre Pigeon en Laiton &#038; Porcelaine"}]},{"@type":"WebSite","@id":"https:\/\/vintagefrenchfinds.com\/#website","url":"https:\/\/vintagefrenchfinds.com\/","name":"Vintage French Finds\u00a0","description":"The best of French vintage delivered to your doorstep direct from France : fashion, furniture, decoration, table art, curiosities, collections and art work.","potentialAction":[{"@type":"SearchAction","target":{"@type":"EntryPoint","urlTemplate":"https:\/\/vintagefrenchfinds.com\/?s={search_term_string}"},"query-input":"required name=search_term_string"}],"inLanguage":"en-GB"}]}},"post_mailing_queue_ids":[],"_links":{"self":[{"href":"https:\/\/vintagefrenchfinds.com\/en\/wp-json\/wp\/v2\/product\/25763"}],"collection":[{"href":"https:\/\/vintagefrenchfinds.com\/en\/wp-json\/wp\/v2\/product"}],"about":[{"href":"https:\/\/vintagefrenchfinds.com\/en\/wp-json\/wp\/v2\/types\/product"}],"wp:featuredmedia":[{"embeddable":true,"href":"https:\/\/vintagefrenchfinds.com\/en\/wp-json\/wp\/v2\/media\/25853"}],"wp:attachment":[{"href":"https:\/\/vintagefrenchfinds.com\/en\/wp-json\/wp\/v2\/media?parent=25763"}],"wp:term":[{"taxonomy":"product_cat","embeddable":true,"href":"https:\/\/vintagefrenchfinds.com\/en\/wp-json\/wp\/v2\/product_cat?post=25763"},{"taxonomy":"product_tag","embeddable":true,"href":"https:\/\/vintagefrenchfinds.com\/en\/wp-json\/wp\/v2\/product_tag?post=25763"}],"curies":[{"name":"wp","href":"https:\/\/api.w.org\/{rel}","templated":true}]}}