{"id":25785,"date":"2024-08-07T20:33:07","date_gmt":"2024-08-07T20:33:07","guid":{"rendered":"https:\/\/vintagefrenchfinds.com\/?post_type=product&#038;p=25785"},"modified":"2025-08-02T15:34:34","modified_gmt":"2025-08-02T15:34:34","slug":"ancien-rechaud-le-sauveur-en-fonte-et-laiton-poli","status":"publish","type":"product","link":"https:\/\/vintagefrenchfinds.com\/en\/product\/ancien-rechaud-le-sauveur-en-fonte-et-laiton-poli","title":{"rendered":"Ancien Rechaud Le Sauveur en Fonte et Laiton Poli"},"content":{"rendered":"<p><span style=\"font-weight: 400;\">R\u00e9chaud \u00e0 alcool\u00a0 \u00ab\u00a0Le Sauver\u00a0\u00bb vintage en laiton poli.<\/span><\/p>\n<p>&nbsp;<\/p>\n<p><span style=\"font-weight: 400;\">Ce mod\u00e8le poss\u00e8de les m\u00eames qualit\u00e9s que la lampe Pigeon en termes de s\u00e9curit\u00e9, solidit\u00e9 et propret\u00e9. Il est garanti inexplicable.<\/span><\/p>\n<p>&nbsp;<\/p>\n<p><span style=\"font-weight: 400;\">Il est compos\u00e9 de\u00a0<\/span><\/p>\n<p>&nbsp;<\/p>\n<ul>\n<li style=\"font-weight: 400;\" aria-level=\"1\"><span style=\"font-weight: 400;\">Un corps en laiton poli repouss\u00e9 d\u2019une seule pi\u00e8ce avec un double fond serti et soud\u00e9<\/span><\/li>\n<\/ul>\n<p>&nbsp;<\/p>\n<ul>\n<li style=\"font-weight: 400;\" aria-level=\"1\"><span style=\"font-weight: 400;\">Une manche en bois<\/span><\/li>\n<\/ul>\n<p>&nbsp;<\/p>\n<ul>\n<li style=\"font-weight: 400;\" aria-level=\"1\"><span style=\"font-weight: 400;\">Un support en fer blanc<\/span><\/li>\n<\/ul>\n<p>&nbsp;<\/p>\n<ul>\n<li style=\"font-weight: 400;\" aria-level=\"1\"><span style=\"font-weight: 400;\">Un r\u00e9gulateur \u00e0 spirale<\/span><\/li>\n<\/ul>\n<p>&nbsp;<\/p>\n<p><span style=\"font-weight: 400;\">L\u2019abat-jour en photo ne fait pas parti de l\u2019\u00e9quipement\u00a0!<\/span><\/p>\n<p>&nbsp;<\/p>\n<p><span style=\"font-weight: 400;\">Charles Pigeon est c\u00e9l\u00e8bre pour sa lampe s\u00e9curis\u00e9e \u00e0 un co\u00fbt tr\u00e8s abordable. Le premier brevet fut d\u00e9pos\u00e9 en 1884 et la lampe Pigeon fut pr\u00e9sent\u00e9e \u00e0 l\u2019Exposition universelle de 1900.<\/span><\/p>\n<p><span style=\"font-weight: 400;\">Une r\u00e9volution pour ce type de lampe car ses caract\u00e9ristiques la rendent inexplosible<\/span><\/p>\n<p><span style=\"font-weight: 400;\">\u00a0L\u2019ann\u00e9e suivante, une lampe standard est imagin\u00e9e pour permettre des utilisations dans la vie de tous les jours comme lampe d\u2019int\u00e9rieur, lampe d\u2019atelier, lampe de poche etc.<\/span><\/p>\n<p><span style=\"font-weight: 400;\">Que vous soyez collectionneur d&rsquo;objets vintage ou simplement \u00e0 la recherche d&rsquo;une pi\u00e8ce unique pour embellir votre maison, ce r\u00e9chaud est le choix id\u00e9al. Elle convient \u00e9galement comme cadeau pour les amateurs de d\u00e9coration r\u00e9tro et d\u2019histoire.<\/span><\/p>\n<p><span style=\"font-weight: 400;\">Good condition<\/span><\/p>\n<p>&nbsp;<\/p>\n<p><span style=\"font-weight: 400;\">H 13,5 x L 23 x D 15 cm<\/span><\/p>","protected":false},"excerpt":{"rendered":"<p>R\u00e9chaud \u00e0 alcool\u00a0 \u00ab\u00a0Le Sauver\u00a0\u00bb vintage en laiton poli. &nbsp; Ce mod\u00e8le poss\u00e8de les m\u00eames qualit\u00e9s que la lampe Pigeon en termes de s\u00e9curit\u00e9, solidit\u00e9 et propret\u00e9. Il est garanti inexplicable. &nbsp; Il est compos\u00e9 de\u00a0 &nbsp; Un corps en laiton poli repouss\u00e9 d\u2019une seule pi\u00e8ce avec un double fond serti et soud\u00e9 &nbsp; Une [&hellip;]<\/p>\n","protected":false},"featured_media":25788,"template":"","meta":{"site-sidebar-layout":"default","site-content-layout":"","ast-site-content-layout":"default","site-content-style":"default","site-sidebar-style":"default","ast-global-header-display":"","ast-banner-title-visibility":"","ast-main-header-display":"","ast-hfb-above-header-display":"","ast-hfb-below-header-display":"","ast-hfb-mobile-header-display":"","site-post-title":"","ast-breadcrumbs-content":"","ast-featured-img":"","footer-sml-layout":"","ast-disable-related-posts":"","theme-transparent-header-meta":"default","adv-header-id-meta":"","stick-header-meta":"","header-above-stick-meta":"","header-main-stick-meta":"","header-below-stick-meta":"","astra-migrate-meta-layouts":"set","ast-page-background-enabled":"default","ast-page-background-meta":{"desktop":{"background-color":"var(--ast-global-color-4)","background-image":"","background-repeat":"repeat","background-position":"center center","background-size":"auto","background-attachment":"scroll","background-type":"","background-media":"","overlay-type":"","overlay-color":"","overlay-opacity":"","overlay-gradient":""},"tablet":{"background-color":"","background-image":"","background-repeat":"repeat","background-position":"center center","background-size":"auto","background-attachment":"scroll","background-type":"","background-media":"","overlay-type":"","overlay-color":"","overlay-opacity":"","overlay-gradient":""},"mobile":{"background-color":"","background-image":"","background-repeat":"repeat","background-position":"center center","background-size":"auto","background-attachment":"scroll","background-type":"","background-media":"","overlay-type":"","overlay-color":"","overlay-opacity":"","overlay-gradient":""}},"ast-content-background-meta":{"desktop":{"background-color":"var(--ast-global-color-5)","background-image":"","background-repeat":"repeat","background-position":"center center","background-size":"auto","background-attachment":"scroll","background-type":"","background-media":"","overlay-type":"","overlay-color":"","overlay-opacity":"","overlay-gradient":""},"tablet":{"background-color":"var(--ast-global-color-5)","background-image":"","background-repeat":"repeat","background-position":"center center","background-size":"auto","background-attachment":"scroll","background-type":"","background-media":"","overlay-type":"","overlay-color":"","overlay-opacity":"","overlay-gradient":""},"mobile":{"background-color":"var(--ast-global-color-5)","background-image":"","background-repeat":"repeat","background-position":"center center","background-size":"auto","background-attachment":"scroll","background-type":"","background-media":"","overlay-type":"","overlay-color":"","overlay-opacity":"","overlay-gradient":""}}},"product_cat":[3560,3567],"product_tag":[1197,1920,1259,1253,3391,1749,2965,1011],"yoast_head":"<!-- This site is optimized with the Yoast SEO plugin v20.8 - https:\/\/yoast.com\/wordpress\/plugins\/seo\/ -->\n<title>Ancien Rechaud Le Sauveur en Fonte et Laiton Poli - Vintage French Finds<\/title>\n<meta name=\"description\" content=\"The best of French vintage delivered to your doorstep direct from France : fashion, furniture, decoration, table art, curiosities, collections and art work.\" \/>\n<meta name=\"robots\" content=\"index, follow, max-snippet:-1, max-image-preview:large, max-video-preview:-1\" \/>\n<link rel=\"canonical\" href=\"https:\/\/vintagefrenchfinds.com\/en\/product\/ancien-rechaud-le-sauveur-en-fonte-et-laiton-poli\/\" \/>\n<meta property=\"og:locale\" content=\"en_GB\" \/>\n<meta property=\"og:type\" content=\"article\" \/>\n<meta property=\"og:title\" content=\"Ancien Rechaud Le Sauveur en Fonte et Laiton Poli - Vintage French Finds\" \/>\n<meta property=\"og:description\" content=\"The best of French vintage delivered to your doorstep direct from France : fashion, furniture, decoration, table art, curiosities, collections and art work.\" \/>\n<meta property=\"og:url\" content=\"https:\/\/vintagefrenchfinds.com\/en\/product\/ancien-rechaud-le-sauveur-en-fonte-et-laiton-poli\/\" \/>\n<meta property=\"og:site_name\" content=\"Vintage French Finds\" \/>\n<meta property=\"article:modified_time\" content=\"2025-08-02T15:34:34+00:00\" \/>\n<meta property=\"og:image\" content=\"https:\/\/vintagefrenchfinds.com\/wp-content\/uploads\/2024\/08\/DSCN0383.jpg\" \/>\n\t<meta property=\"og:image:width\" content=\"886\" \/>\n\t<meta property=\"og:image:height\" content=\"886\" \/>\n\t<meta property=\"og:image:type\" content=\"image\/jpeg\" \/>\n<meta name=\"twitter:card\" content=\"summary_large_image\" \/>\n<meta name=\"twitter:label1\" content=\"Estimated reading time\" \/>\n\t<meta name=\"twitter:data1\" content=\"1 minute\" \/>\n<script type=\"application\/ld+json\" class=\"yoast-schema-graph\">{\"@context\":\"https:\/\/schema.org\",\"@graph\":[{\"@type\":\"WebPage\",\"@id\":\"https:\/\/vintagefrenchfinds.com\/product\/ancien-rechaud-le-sauveur-en-fonte-et-laiton-poli\",\"url\":\"https:\/\/vintagefrenchfinds.com\/product\/ancien-rechaud-le-sauveur-en-fonte-et-laiton-poli\",\"name\":\"Ancien Rechaud Le Sauveur en Fonte et Laiton Poli - Vintage French Finds\",\"isPartOf\":{\"@id\":\"https:\/\/vintagefrenchfinds.com\/#website\"},\"datePublished\":\"2024-08-07T20:33:07+00:00\",\"dateModified\":\"2025-08-02T15:34:34+00:00\",\"description\":\"The best of French vintage delivered to your doorstep direct from France : fashion, furniture, decoration, table art, curiosities, collections and art work.\",\"breadcrumb\":{\"@id\":\"https:\/\/vintagefrenchfinds.com\/product\/ancien-rechaud-le-sauveur-en-fonte-et-laiton-poli#breadcrumb\"},\"inLanguage\":\"en-GB\",\"potentialAction\":[{\"@type\":\"ReadAction\",\"target\":[\"https:\/\/vintagefrenchfinds.com\/product\/ancien-rechaud-le-sauveur-en-fonte-et-laiton-poli\"]}]},{\"@type\":\"BreadcrumbList\",\"@id\":\"https:\/\/vintagefrenchfinds.com\/product\/ancien-rechaud-le-sauveur-en-fonte-et-laiton-poli#breadcrumb\",\"itemListElement\":[{\"@type\":\"ListItem\",\"position\":1,\"name\":\"Home\",\"item\":\"https:\/\/vintagefrenchfinds.com\/\"},{\"@type\":\"ListItem\",\"position\":2,\"name\":\"BOUTIQUE\",\"item\":\"https:\/\/vintagefrenchfinds.com\/shop\"},{\"@type\":\"ListItem\",\"position\":3,\"name\":\"Ancien Rechaud Le Sauveur en Fonte et Laiton Poli\"}]},{\"@type\":\"WebSite\",\"@id\":\"https:\/\/vintagefrenchfinds.com\/#website\",\"url\":\"https:\/\/vintagefrenchfinds.com\/\",\"name\":\"Vintage French Finds\",\"description\":\"The best of French vintage delivered to your doorstep direct from France : fashion, furniture, decoration, table art, curiosities, collections and art work.\",\"potentialAction\":[{\"@type\":\"SearchAction\",\"target\":{\"@type\":\"EntryPoint\",\"urlTemplate\":\"https:\/\/vintagefrenchfinds.com\/?s={search_term_string}\"},\"query-input\":\"required name=search_term_string\"}],\"inLanguage\":\"en-GB\"}]}<\/script>\n<!-- \/ Yoast SEO plugin. -->","yoast_head_json":{"title":"Ancien Rechaud Le Sauveur en Fonte et Laiton Poli - Vintage French Finds","description":"The best of French vintage delivered to your doorstep direct from France : fashion, furniture, decoration, table art, curiosities, collections and art work.","robots":{"index":"index","follow":"follow","max-snippet":"max-snippet:-1","max-image-preview":"max-image-preview:large","max-video-preview":"max-video-preview:-1"},"canonical":"https:\/\/vintagefrenchfinds.com\/en\/product\/ancien-rechaud-le-sauveur-en-fonte-et-laiton-poli\/","og_locale":"en_GB","og_type":"article","og_title":"Ancien Rechaud Le Sauveur en Fonte et Laiton Poli - Vintage French Finds","og_description":"The best of French vintage delivered to your doorstep direct from France : fashion, furniture, decoration, table art, curiosities, collections and art work.","og_url":"https:\/\/vintagefrenchfinds.com\/en\/product\/ancien-rechaud-le-sauveur-en-fonte-et-laiton-poli\/","og_site_name":"Vintage French Finds","article_modified_time":"2025-08-02T15:34:34+00:00","og_image":[{"width":886,"height":886,"url":"https:\/\/vintagefrenchfinds.com\/wp-content\/uploads\/2024\/08\/DSCN0383.jpg","type":"image\/jpeg"}],"twitter_card":"summary_large_image","twitter_misc":{"Estimated reading time":"1 minute"},"schema":{"@context":"https:\/\/schema.org","@graph":[{"@type":"WebPage","@id":"https:\/\/vintagefrenchfinds.com\/product\/ancien-rechaud-le-sauveur-en-fonte-et-laiton-poli","url":"https:\/\/vintagefrenchfinds.com\/product\/ancien-rechaud-le-sauveur-en-fonte-et-laiton-poli","name":"Ancien Rechaud Le Sauveur en Fonte et Laiton Poli - Vintage French Finds","isPartOf":{"@id":"https:\/\/vintagefrenchfinds.com\/#website"},"datePublished":"2024-08-07T20:33:07+00:00","dateModified":"2025-08-02T15:34:34+00:00","description":"The best of French vintage delivered to your doorstep direct from France : fashion, furniture, decoration, table art, curiosities, collections and art work.","breadcrumb":{"@id":"https:\/\/vintagefrenchfinds.com\/product\/ancien-rechaud-le-sauveur-en-fonte-et-laiton-poli#breadcrumb"},"inLanguage":"en-GB","potentialAction":[{"@type":"ReadAction","target":["https:\/\/vintagefrenchfinds.com\/product\/ancien-rechaud-le-sauveur-en-fonte-et-laiton-poli"]}]},{"@type":"BreadcrumbList","@id":"https:\/\/vintagefrenchfinds.com\/product\/ancien-rechaud-le-sauveur-en-fonte-et-laiton-poli#breadcrumb","itemListElement":[{"@type":"ListItem","position":1,"name":"Home","item":"https:\/\/vintagefrenchfinds.com\/"},{"@type":"ListItem","position":2,"name":"BOUTIQUE","item":"https:\/\/vintagefrenchfinds.com\/shop"},{"@type":"ListItem","position":3,"name":"Ancien Rechaud Le Sauveur en Fonte et Laiton Poli"}]},{"@type":"WebSite","@id":"https:\/\/vintagefrenchfinds.com\/#website","url":"https:\/\/vintagefrenchfinds.com\/","name":"Vintage French Finds\u00a0","description":"The best of French vintage delivered to your doorstep direct from France : fashion, furniture, decoration, table art, curiosities, collections and art work.","potentialAction":[{"@type":"SearchAction","target":{"@type":"EntryPoint","urlTemplate":"https:\/\/vintagefrenchfinds.com\/?s={search_term_string}"},"query-input":"required name=search_term_string"}],"inLanguage":"en-GB"}]}},"post_mailing_queue_ids":[],"_links":{"self":[{"href":"https:\/\/vintagefrenchfinds.com\/en\/wp-json\/wp\/v2\/product\/25785"}],"collection":[{"href":"https:\/\/vintagefrenchfinds.com\/en\/wp-json\/wp\/v2\/product"}],"about":[{"href":"https:\/\/vintagefrenchfinds.com\/en\/wp-json\/wp\/v2\/types\/product"}],"wp:featuredmedia":[{"embeddable":true,"href":"https:\/\/vintagefrenchfinds.com\/en\/wp-json\/wp\/v2\/media\/25788"}],"wp:attachment":[{"href":"https:\/\/vintagefrenchfinds.com\/en\/wp-json\/wp\/v2\/media?parent=25785"}],"wp:term":[{"taxonomy":"product_cat","embeddable":true,"href":"https:\/\/vintagefrenchfinds.com\/en\/wp-json\/wp\/v2\/product_cat?post=25785"},{"taxonomy":"product_tag","embeddable":true,"href":"https:\/\/vintagefrenchfinds.com\/en\/wp-json\/wp\/v2\/product_tag?post=25785"}],"curies":[{"name":"wp","href":"https:\/\/api.w.org\/{rel}","templated":true}]}}