{"id":25990,"date":"2024-08-14T11:29:52","date_gmt":"2024-08-14T11:29:52","guid":{"rendered":"https:\/\/vintagefrenchfinds.com\/?post_type=product&#038;p=25990"},"modified":"2025-06-14T12:49:00","modified_gmt":"2025-06-14T12:49:00","slug":"ancien-service-a-the-japonais-hayasi-kutani","status":"publish","type":"product","link":"https:\/\/vintagefrenchfinds.com\/en\/product\/ancien-service-a-the-japonais-hayasi-kutani","title":{"rendered":"Ancien Service \u00e0 Th\u00e9 Japonais  &#8211; Hayasi Kutani"},"content":{"rendered":"<p><span style=\"font-weight: 400;\">Service \u00e0 th\u00e9 vintage en porcelaine fine de la manufacture Hayasi bas\u00e9e \u00e0 Kutani , Japon.<\/span><\/p>\n<p>&nbsp;<\/p>\n<p><span style=\"font-weight: 400;\">The set includes<\/span><\/p>\n<p>&nbsp;<\/p>\n<p><span style=\"font-weight: 400;\">4 tasses (H 5,5 x LO 11 x D 10,5 cm)<\/span><\/p>\n<p>&nbsp;<\/p>\n<p><span style=\"font-weight: 400;\">4 soucoupes\u00a0 (D 14 cm)<\/span><\/p>\n<p>&nbsp;<\/p>\n<p><span style=\"font-weight: 400;\">th\u00e9i\u00e8re (H 19 x LO 25 cm)<\/span><\/p>\n<p>&nbsp;<\/p>\n<p><span style=\"font-weight: 400;\">pot \u00e0 lait (H 10,5 x LA 14 cm)<\/span><\/p>\n<p>&nbsp;<\/p>\n<p><span style=\"font-weight: 400;\">pot \u00e0 lait avec couvercle (H 10 x LA 10 cm)<\/span><\/p>\n<p>&nbsp;<\/p>\n<p><span style=\"font-weight: 400;\">sucrier PM (H 10,5 x LO 13 cm)<\/span><\/p>\n<p>&nbsp;<\/p>\n<p><span style=\"font-weight: 400;\">sucrier GM (H 10\u00a0 x LO 17 cm)<\/span><\/p>\n<p>&nbsp;<\/p>\n<p><span style=\"font-weight: 400;\">Ces pi\u00e8ces en \u00ab\u00a0fine china\u00a0\u00bb blanc sont orn\u00e9s d\u2019un d\u00e9cor raffin\u00e9 et minimaliste en nuances de noir et de gris rehauss\u00e9 de l\u2019or.\u00a0<\/span><\/p>\n<p>&nbsp;<\/p>\n<p><span style=\"font-weight: 400;\">On voit en premier plan un bambou et , au deuxi\u00e8me plan, une maison au bord de l\u2019eau juxtapos\u00e9e d\u2019un moulin.<\/span><\/p>\n<p><span style=\"font-weight: 400;\">La porcelaine fine de Kutani (<\/span><span style=\"font-weight: 400;\">Kutaniyaki) <\/span><span style=\"font-weight: 400;\">a une riche histoire remontant au XVIIe si\u00e8cle.\u00a0<\/span><\/p>\n<p><span style=\"font-weight: 400;\">Elle est r\u00e9put\u00e9e pour ses d\u00e9corations minutieuses et ses couleurs \u00e9clatantes. Les artisans utilisent des techniques de gla\u00e7age et de peinture sur \u00e9mail, appliquant des motifs traditionnels tels que des paysages, des fleurs, des oiseaux et des sc\u00e8nes de la vie quotidienne. Les styles varient du r\u00e9aliste au stylis\u00e9, avec une grande attention aux d\u00e9tails.<\/span><\/p>\n<p>&nbsp;<\/p>\n<p><span style=\"font-weight: 400;\">Very good state<\/span><\/p>\n<p>&nbsp;<\/p>\n<p><span style=\"font-weight: 400;\">D\u00e9couvrez les autres articles du m\u00eame service\u00a0: assiettes creuses, assiettes plates, plats ovales, bols, sauci\u00e8res, soupi\u00e8res, tasses \u00e0 caf\u00e9 et service \u00e0 th\u00e9.<\/span><\/p>","protected":false},"excerpt":{"rendered":"<p>Service \u00e0 th\u00e9 vintage en porcelaine fine de la manufacture Hayasi bas\u00e9e \u00e0 Kutani , Japon. &nbsp; L\u2019ensemble comprend &nbsp; 4 tasses (H 5,5 x LO 11 x D 10,5 cm) &nbsp; 4 soucoupes\u00a0 (D 14 cm) &nbsp; th\u00e9i\u00e8re (H 19 x LO 25 cm) &nbsp; pot \u00e0 lait (H 10,5 x LA 14 cm) [&hellip;]<\/p>\n","protected":false},"featured_media":27134,"template":"","meta":{"site-sidebar-layout":"default","site-content-layout":"default","ast-site-content-layout":"default","site-content-style":"default","site-sidebar-style":"default","ast-global-header-display":"","ast-banner-title-visibility":"","ast-main-header-display":"","ast-hfb-above-header-display":"","ast-hfb-below-header-display":"","ast-hfb-mobile-header-display":"","site-post-title":"","ast-breadcrumbs-content":"","ast-featured-img":"","footer-sml-layout":"","ast-disable-related-posts":"","theme-transparent-header-meta":"default","adv-header-id-meta":"","stick-header-meta":"","header-above-stick-meta":"","header-main-stick-meta":"","header-below-stick-meta":"","astra-migrate-meta-layouts":"set","ast-page-background-enabled":"default","ast-page-background-meta":{"desktop":{"background-color":"var(--ast-global-color-4)","background-image":"","background-repeat":"repeat","background-position":"center center","background-size":"auto","background-attachment":"scroll","background-type":"","background-media":"","overlay-type":"","overlay-color":"","overlay-opacity":"","overlay-gradient":""},"tablet":{"background-color":"","background-image":"","background-repeat":"repeat","background-position":"center center","background-size":"auto","background-attachment":"scroll","background-type":"","background-media":"","overlay-type":"","overlay-color":"","overlay-opacity":"","overlay-gradient":""},"mobile":{"background-color":"","background-image":"","background-repeat":"repeat","background-position":"center center","background-size":"auto","background-attachment":"scroll","background-type":"","background-media":"","overlay-type":"","overlay-color":"","overlay-opacity":"","overlay-gradient":""}},"ast-content-background-meta":{"desktop":{"background-color":"var(--ast-global-color-5)","background-image":"","background-repeat":"repeat","background-position":"center center","background-size":"auto","background-attachment":"scroll","background-type":"","background-media":"","overlay-type":"","overlay-color":"","overlay-opacity":"","overlay-gradient":""},"tablet":{"background-color":"var(--ast-global-color-5)","background-image":"","background-repeat":"repeat","background-position":"center center","background-size":"auto","background-attachment":"scroll","background-type":"","background-media":"","overlay-type":"","overlay-color":"","overlay-opacity":"","overlay-gradient":""},"mobile":{"background-color":"var(--ast-global-color-5)","background-image":"","background-repeat":"repeat","background-position":"center center","background-size":"auto","background-attachment":"scroll","background-type":"","background-media":"","overlay-type":"","overlay-color":"","overlay-opacity":"","overlay-gradient":""}}},"product_cat":[3542,3552],"product_tag":[1197,1115,1920,3693,3846,1211,3687,1222,1011],"yoast_head":"<!-- This site is optimized with the Yoast SEO plugin v20.8 - https:\/\/yoast.com\/wordpress\/plugins\/seo\/ -->\n<title>Ancien Service \u00e0 Th\u00e9 Japonais - Hayasi Kutani - Vintage French Finds<\/title>\n<meta name=\"description\" content=\"The best of French vintage delivered to your doorstep direct from France : fashion, furniture, decoration, table art, curiosities, collections and art work.\" \/>\n<meta name=\"robots\" content=\"index, follow, max-snippet:-1, max-image-preview:large, max-video-preview:-1\" \/>\n<link rel=\"canonical\" href=\"https:\/\/vintagefrenchfinds.com\/en\/product\/ancien-service-a-the-japonais-hayasi-kutani\/\" \/>\n<meta property=\"og:locale\" content=\"en_GB\" \/>\n<meta property=\"og:type\" content=\"article\" \/>\n<meta property=\"og:title\" content=\"Ancien Service \u00e0 Th\u00e9 Japonais - Hayasi Kutani - Vintage French Finds\" \/>\n<meta property=\"og:description\" content=\"The best of French vintage delivered to your doorstep direct from France : fashion, furniture, decoration, table art, curiosities, collections and art work.\" \/>\n<meta property=\"og:url\" content=\"https:\/\/vintagefrenchfinds.com\/en\/product\/ancien-service-a-the-japonais-hayasi-kutani\/\" \/>\n<meta property=\"og:site_name\" content=\"Vintage French Finds\" \/>\n<meta property=\"article:modified_time\" content=\"2025-06-14T12:49:00+00:00\" \/>\n<meta property=\"og:image\" content=\"https:\/\/vintagefrenchfinds.com\/wp-content\/uploads\/2024\/08\/DSCN0502-1.jpg\" \/>\n\t<meta property=\"og:image:width\" content=\"886\" \/>\n\t<meta property=\"og:image:height\" content=\"797\" \/>\n\t<meta property=\"og:image:type\" content=\"image\/jpeg\" \/>\n<meta name=\"twitter:card\" content=\"summary_large_image\" \/>\n<meta name=\"twitter:label1\" content=\"Estimated reading time\" \/>\n\t<meta name=\"twitter:data1\" content=\"1 minute\" \/>\n<script type=\"application\/ld+json\" class=\"yoast-schema-graph\">{\"@context\":\"https:\/\/schema.org\",\"@graph\":[{\"@type\":\"WebPage\",\"@id\":\"https:\/\/vintagefrenchfinds.com\/product\/ancien-service-a-the-japonais-hayasi-kutani\",\"url\":\"https:\/\/vintagefrenchfinds.com\/product\/ancien-service-a-the-japonais-hayasi-kutani\",\"name\":\"Ancien Service \u00e0 Th\u00e9 Japonais - Hayasi Kutani - Vintage French Finds\",\"isPartOf\":{\"@id\":\"https:\/\/vintagefrenchfinds.com\/#website\"},\"datePublished\":\"2024-08-14T11:29:52+00:00\",\"dateModified\":\"2025-06-14T12:49:00+00:00\",\"description\":\"The best of French vintage delivered to your doorstep direct from France : fashion, furniture, decoration, table art, curiosities, collections and art work.\",\"breadcrumb\":{\"@id\":\"https:\/\/vintagefrenchfinds.com\/product\/ancien-service-a-the-japonais-hayasi-kutani#breadcrumb\"},\"inLanguage\":\"en-GB\",\"potentialAction\":[{\"@type\":\"ReadAction\",\"target\":[\"https:\/\/vintagefrenchfinds.com\/product\/ancien-service-a-the-japonais-hayasi-kutani\"]}]},{\"@type\":\"BreadcrumbList\",\"@id\":\"https:\/\/vintagefrenchfinds.com\/product\/ancien-service-a-the-japonais-hayasi-kutani#breadcrumb\",\"itemListElement\":[{\"@type\":\"ListItem\",\"position\":1,\"name\":\"Home\",\"item\":\"https:\/\/vintagefrenchfinds.com\/\"},{\"@type\":\"ListItem\",\"position\":2,\"name\":\"BOUTIQUE\",\"item\":\"https:\/\/vintagefrenchfinds.com\/shop\"},{\"@type\":\"ListItem\",\"position\":3,\"name\":\"Ancien Service \u00e0 Th\u00e9 Japonais &#8211; Hayasi Kutani\"}]},{\"@type\":\"WebSite\",\"@id\":\"https:\/\/vintagefrenchfinds.com\/#website\",\"url\":\"https:\/\/vintagefrenchfinds.com\/\",\"name\":\"Vintage French Finds\",\"description\":\"The best of French vintage delivered to your doorstep direct from France : fashion, furniture, decoration, table art, curiosities, collections and art work.\",\"potentialAction\":[{\"@type\":\"SearchAction\",\"target\":{\"@type\":\"EntryPoint\",\"urlTemplate\":\"https:\/\/vintagefrenchfinds.com\/?s={search_term_string}\"},\"query-input\":\"required name=search_term_string\"}],\"inLanguage\":\"en-GB\"}]}<\/script>\n<!-- \/ Yoast SEO plugin. -->","yoast_head_json":{"title":"Ancien Service \u00e0 Th\u00e9 Japonais - Hayasi Kutani - Vintage French Finds","description":"The best of French vintage delivered to your doorstep direct from France : fashion, furniture, decoration, table art, curiosities, collections and art work.","robots":{"index":"index","follow":"follow","max-snippet":"max-snippet:-1","max-image-preview":"max-image-preview:large","max-video-preview":"max-video-preview:-1"},"canonical":"https:\/\/vintagefrenchfinds.com\/en\/product\/ancien-service-a-the-japonais-hayasi-kutani\/","og_locale":"en_GB","og_type":"article","og_title":"Ancien Service \u00e0 Th\u00e9 Japonais - Hayasi Kutani - Vintage French Finds","og_description":"The best of French vintage delivered to your doorstep direct from France : fashion, furniture, decoration, table art, curiosities, collections and art work.","og_url":"https:\/\/vintagefrenchfinds.com\/en\/product\/ancien-service-a-the-japonais-hayasi-kutani\/","og_site_name":"Vintage French Finds","article_modified_time":"2025-06-14T12:49:00+00:00","og_image":[{"width":886,"height":797,"url":"https:\/\/vintagefrenchfinds.com\/wp-content\/uploads\/2024\/08\/DSCN0502-1.jpg","type":"image\/jpeg"}],"twitter_card":"summary_large_image","twitter_misc":{"Estimated reading time":"1 minute"},"schema":{"@context":"https:\/\/schema.org","@graph":[{"@type":"WebPage","@id":"https:\/\/vintagefrenchfinds.com\/product\/ancien-service-a-the-japonais-hayasi-kutani","url":"https:\/\/vintagefrenchfinds.com\/product\/ancien-service-a-the-japonais-hayasi-kutani","name":"Ancien Service \u00e0 Th\u00e9 Japonais - Hayasi Kutani - Vintage French Finds","isPartOf":{"@id":"https:\/\/vintagefrenchfinds.com\/#website"},"datePublished":"2024-08-14T11:29:52+00:00","dateModified":"2025-06-14T12:49:00+00:00","description":"The best of French vintage delivered to your doorstep direct from France : fashion, furniture, decoration, table art, curiosities, collections and art work.","breadcrumb":{"@id":"https:\/\/vintagefrenchfinds.com\/product\/ancien-service-a-the-japonais-hayasi-kutani#breadcrumb"},"inLanguage":"en-GB","potentialAction":[{"@type":"ReadAction","target":["https:\/\/vintagefrenchfinds.com\/product\/ancien-service-a-the-japonais-hayasi-kutani"]}]},{"@type":"BreadcrumbList","@id":"https:\/\/vintagefrenchfinds.com\/product\/ancien-service-a-the-japonais-hayasi-kutani#breadcrumb","itemListElement":[{"@type":"ListItem","position":1,"name":"Home","item":"https:\/\/vintagefrenchfinds.com\/"},{"@type":"ListItem","position":2,"name":"BOUTIQUE","item":"https:\/\/vintagefrenchfinds.com\/shop"},{"@type":"ListItem","position":3,"name":"Ancien Service \u00e0 Th\u00e9 Japonais &#8211; Hayasi Kutani"}]},{"@type":"WebSite","@id":"https:\/\/vintagefrenchfinds.com\/#website","url":"https:\/\/vintagefrenchfinds.com\/","name":"Vintage French Finds\u00a0","description":"The best of French vintage delivered to your doorstep direct from France : fashion, furniture, decoration, table art, curiosities, collections and art work.","potentialAction":[{"@type":"SearchAction","target":{"@type":"EntryPoint","urlTemplate":"https:\/\/vintagefrenchfinds.com\/?s={search_term_string}"},"query-input":"required name=search_term_string"}],"inLanguage":"en-GB"}]}},"post_mailing_queue_ids":[],"_links":{"self":[{"href":"https:\/\/vintagefrenchfinds.com\/en\/wp-json\/wp\/v2\/product\/25990"}],"collection":[{"href":"https:\/\/vintagefrenchfinds.com\/en\/wp-json\/wp\/v2\/product"}],"about":[{"href":"https:\/\/vintagefrenchfinds.com\/en\/wp-json\/wp\/v2\/types\/product"}],"wp:featuredmedia":[{"embeddable":true,"href":"https:\/\/vintagefrenchfinds.com\/en\/wp-json\/wp\/v2\/media\/27134"}],"wp:attachment":[{"href":"https:\/\/vintagefrenchfinds.com\/en\/wp-json\/wp\/v2\/media?parent=25990"}],"wp:term":[{"taxonomy":"product_cat","embeddable":true,"href":"https:\/\/vintagefrenchfinds.com\/en\/wp-json\/wp\/v2\/product_cat?post=25990"},{"taxonomy":"product_tag","embeddable":true,"href":"https:\/\/vintagefrenchfinds.com\/en\/wp-json\/wp\/v2\/product_tag?post=25990"}],"curies":[{"name":"wp","href":"https:\/\/api.w.org\/{rel}","templated":true}]}}