{"id":26134,"date":"2024-08-22T19:35:05","date_gmt":"2024-08-22T19:35:05","guid":{"rendered":"https:\/\/vintagefrenchfinds.com\/?post_type=product&#038;p=26134"},"modified":"2025-05-21T21:14:59","modified_gmt":"2025-05-21T21:14:59","slug":"ancienne-soupiere-poisson-en-majolique-au-bain-marie","status":"publish","type":"product","link":"https:\/\/vintagefrenchfinds.com\/en\/product\/ancienne-soupiere-poisson-en-majolique-au-bain-marie","title":{"rendered":"Ancienne Soupi\u00e8re Poisson en Majolique \u00ab\u00a0Au Bain Marie\u00a0\u00bb"},"content":{"rendered":"<p><span style=\"font-weight: 400;\">Ajoutez une touche d&rsquo;\u00e9l\u00e9gance r\u00e9tro \u00e0 votre table avec cette superbe soupi\u00e8re vintage en fa\u00efence grise en forme de poisson aux d\u00e9tails soigneusement sculpt\u00e9s et sa finition \u00e9maill\u00e9e brillante.<\/span><\/p>\n<p><span style=\"font-weight: 400;\">Le service comprend une loche ainsi que 5 petits ramequins \/ porte-cuill\u00e8res assortis.<\/span><\/p>\n<p><span style=\"font-weight: 400;\">Estampill\u00e9 sur le dessous\u00a0: Au Bain Marie &#8211; Paris<\/span><\/p>\n<p><span style=\"font-weight: 400;\">Fabriqu\u00e9e avec un savoir-faire artisanal, cette soupi\u00e8re est non seulement un bel objet de d\u00e9coration, mais aussi un ustensile pratique pour servir vos soupes, rago\u00fbts ou bouillons. Sa g\u00e9n\u00e9reuse capacit\u00e9 permet de r\u00e9galer plusieurs convives, tandis que son couvercle herm\u00e9tique garde vos plats au chaud.<\/span><\/p>\n<p><span style=\"font-weight: 400;\">Que ce soit pour un d\u00eener en famille ou pour impressionner vos invit\u00e9s lors d&rsquo;une soir\u00e9e \u00e0 th\u00e8me, cet accessoire ajoutera une note de charme et d&rsquo;authenticit\u00e9 \u00e0 votre table.\u00a0<\/span><\/p>\n<p><span style=\"font-weight: 400;\">Un beau cadeau de cr\u00e9maill\u00e8re ou d\u2019anniversaire pour les passionn\u00e9s de cuisine et les amateurs de l\u2019art de la table d\u2019antan.<\/span><\/p>\n<p>&nbsp;<\/p>\n<p><span style=\"font-weight: 400;\">(soupi\u00e8re) LO 40 x H 20 x P 12 cm (ramequin) LO 11 x LA 5,5 cm<\/span><\/p>","protected":false},"excerpt":{"rendered":"<p>Ajoutez une touche d&rsquo;\u00e9l\u00e9gance r\u00e9tro \u00e0 votre table avec cette superbe soupi\u00e8re vintage en fa\u00efence grise en forme de poisson aux d\u00e9tails soigneusement sculpt\u00e9s et sa finition \u00e9maill\u00e9e brillante. Le service comprend une loche ainsi que 5 petits ramequins \/ porte-cuill\u00e8res assortis. Estampill\u00e9 sur le dessous\u00a0: Au Bain Marie &#8211; Paris Fabriqu\u00e9e avec un savoir-faire [&hellip;]<\/p>\n","protected":false},"featured_media":26135,"template":"","meta":{"site-sidebar-layout":"default","site-content-layout":"default","ast-site-content-layout":"default","site-content-style":"default","site-sidebar-style":"default","ast-global-header-display":"","ast-banner-title-visibility":"","ast-main-header-display":"","ast-hfb-above-header-display":"","ast-hfb-below-header-display":"","ast-hfb-mobile-header-display":"","site-post-title":"","ast-breadcrumbs-content":"","ast-featured-img":"","footer-sml-layout":"","ast-disable-related-posts":"","theme-transparent-header-meta":"default","adv-header-id-meta":"","stick-header-meta":"","header-above-stick-meta":"","header-main-stick-meta":"","header-below-stick-meta":"","astra-migrate-meta-layouts":"set","ast-page-background-enabled":"default","ast-page-background-meta":{"desktop":{"background-color":"var(--ast-global-color-4)","background-image":"","background-repeat":"repeat","background-position":"center center","background-size":"auto","background-attachment":"scroll","background-type":"","background-media":"","overlay-type":"","overlay-color":"","overlay-opacity":"","overlay-gradient":""},"tablet":{"background-color":"","background-image":"","background-repeat":"repeat","background-position":"center center","background-size":"auto","background-attachment":"scroll","background-type":"","background-media":"","overlay-type":"","overlay-color":"","overlay-opacity":"","overlay-gradient":""},"mobile":{"background-color":"","background-image":"","background-repeat":"repeat","background-position":"center center","background-size":"auto","background-attachment":"scroll","background-type":"","background-media":"","overlay-type":"","overlay-color":"","overlay-opacity":"","overlay-gradient":""}},"ast-content-background-meta":{"desktop":{"background-color":"var(--ast-global-color-5)","background-image":"","background-repeat":"repeat","background-position":"center center","background-size":"auto","background-attachment":"scroll","background-type":"","background-media":"","overlay-type":"","overlay-color":"","overlay-opacity":"","overlay-gradient":""},"tablet":{"background-color":"var(--ast-global-color-5)","background-image":"","background-repeat":"repeat","background-position":"center center","background-size":"auto","background-attachment":"scroll","background-type":"","background-media":"","overlay-type":"","overlay-color":"","overlay-opacity":"","overlay-gradient":""},"mobile":{"background-color":"var(--ast-global-color-5)","background-image":"","background-repeat":"repeat","background-position":"center center","background-size":"auto","background-attachment":"scroll","background-type":"","background-media":"","overlay-type":"","overlay-color":"","overlay-opacity":"","overlay-gradient":""}}},"product_cat":[3542,3550],"product_tag":[1197,1115,1920,3867,1019,1157,1011],"yoast_head":"<!-- This site is optimized with the Yoast SEO plugin v20.8 - https:\/\/yoast.com\/wordpress\/plugins\/seo\/ -->\n<title>Ancienne Soupi\u00e8re Poisson en Majolique &quot;Au Bain Marie&quot; - Vintage French Finds<\/title>\n<meta name=\"description\" content=\"The best of French vintage delivered to your doorstep direct from France : fashion, furniture, decoration, table art, curiosities, collections and art work.\" \/>\n<meta name=\"robots\" content=\"index, follow, max-snippet:-1, max-image-preview:large, max-video-preview:-1\" \/>\n<link rel=\"canonical\" href=\"https:\/\/vintagefrenchfinds.com\/en\/product\/ancienne-soupiere-poisson-en-majolique-au-bain-marie\/\" \/>\n<meta property=\"og:locale\" content=\"en_GB\" \/>\n<meta property=\"og:type\" content=\"article\" \/>\n<meta property=\"og:title\" content=\"Ancienne Soupi\u00e8re Poisson en Majolique &quot;Au Bain Marie&quot; - Vintage French Finds\" \/>\n<meta property=\"og:description\" content=\"The best of French vintage delivered to your doorstep direct from France : fashion, furniture, decoration, table art, curiosities, collections and art work.\" \/>\n<meta property=\"og:url\" content=\"https:\/\/vintagefrenchfinds.com\/en\/product\/ancienne-soupiere-poisson-en-majolique-au-bain-marie\/\" \/>\n<meta property=\"og:site_name\" content=\"Vintage French Finds\" \/>\n<meta property=\"article:modified_time\" content=\"2025-05-21T21:14:59+00:00\" \/>\n<meta property=\"og:image\" content=\"https:\/\/vintagefrenchfinds.com\/wp-content\/uploads\/2024\/08\/DSCN0641.jpg\" \/>\n\t<meta property=\"og:image:width\" content=\"886\" \/>\n\t<meta property=\"og:image:height\" content=\"864\" \/>\n\t<meta property=\"og:image:type\" content=\"image\/jpeg\" \/>\n<meta name=\"twitter:card\" content=\"summary_large_image\" \/>\n<meta name=\"twitter:label1\" content=\"Estimated reading time\" \/>\n\t<meta name=\"twitter:data1\" content=\"1 minute\" \/>\n<script type=\"application\/ld+json\" class=\"yoast-schema-graph\">{\"@context\":\"https:\/\/schema.org\",\"@graph\":[{\"@type\":\"WebPage\",\"@id\":\"https:\/\/vintagefrenchfinds.com\/product\/ancienne-soupiere-poisson-en-majolique-au-bain-marie\",\"url\":\"https:\/\/vintagefrenchfinds.com\/product\/ancienne-soupiere-poisson-en-majolique-au-bain-marie\",\"name\":\"Ancienne Soupi\u00e8re Poisson en Majolique \\\"Au Bain Marie\\\" - Vintage French Finds\",\"isPartOf\":{\"@id\":\"https:\/\/vintagefrenchfinds.com\/#website\"},\"datePublished\":\"2024-08-22T19:35:05+00:00\",\"dateModified\":\"2025-05-21T21:14:59+00:00\",\"description\":\"The best of French vintage delivered to your doorstep direct from France : fashion, furniture, decoration, table art, curiosities, collections and art work.\",\"breadcrumb\":{\"@id\":\"https:\/\/vintagefrenchfinds.com\/product\/ancienne-soupiere-poisson-en-majolique-au-bain-marie#breadcrumb\"},\"inLanguage\":\"en-GB\",\"potentialAction\":[{\"@type\":\"ReadAction\",\"target\":[\"https:\/\/vintagefrenchfinds.com\/product\/ancienne-soupiere-poisson-en-majolique-au-bain-marie\"]}]},{\"@type\":\"BreadcrumbList\",\"@id\":\"https:\/\/vintagefrenchfinds.com\/product\/ancienne-soupiere-poisson-en-majolique-au-bain-marie#breadcrumb\",\"itemListElement\":[{\"@type\":\"ListItem\",\"position\":1,\"name\":\"Home\",\"item\":\"https:\/\/vintagefrenchfinds.com\/\"},{\"@type\":\"ListItem\",\"position\":2,\"name\":\"BOUTIQUE\",\"item\":\"https:\/\/vintagefrenchfinds.com\/shop\"},{\"@type\":\"ListItem\",\"position\":3,\"name\":\"Ancienne Soupi\u00e8re Poisson en Majolique \u00ab\u00a0Au Bain Marie\u00a0\u00bb\"}]},{\"@type\":\"WebSite\",\"@id\":\"https:\/\/vintagefrenchfinds.com\/#website\",\"url\":\"https:\/\/vintagefrenchfinds.com\/\",\"name\":\"Vintage French Finds\",\"description\":\"The best of French vintage delivered to your doorstep direct from France : fashion, furniture, decoration, table art, curiosities, collections and art work.\",\"potentialAction\":[{\"@type\":\"SearchAction\",\"target\":{\"@type\":\"EntryPoint\",\"urlTemplate\":\"https:\/\/vintagefrenchfinds.com\/?s={search_term_string}\"},\"query-input\":\"required name=search_term_string\"}],\"inLanguage\":\"en-GB\"}]}<\/script>\n<!-- \/ Yoast SEO plugin. -->","yoast_head_json":{"title":"Ancienne Soupi\u00e8re Poisson en Majolique \"Au Bain Marie\" - Vintage French Finds","description":"The best of French vintage delivered to your doorstep direct from France : fashion, furniture, decoration, table art, curiosities, collections and art work.","robots":{"index":"index","follow":"follow","max-snippet":"max-snippet:-1","max-image-preview":"max-image-preview:large","max-video-preview":"max-video-preview:-1"},"canonical":"https:\/\/vintagefrenchfinds.com\/en\/product\/ancienne-soupiere-poisson-en-majolique-au-bain-marie\/","og_locale":"en_GB","og_type":"article","og_title":"Ancienne Soupi\u00e8re Poisson en Majolique \"Au Bain Marie\" - Vintage French Finds","og_description":"The best of French vintage delivered to your doorstep direct from France : fashion, furniture, decoration, table art, curiosities, collections and art work.","og_url":"https:\/\/vintagefrenchfinds.com\/en\/product\/ancienne-soupiere-poisson-en-majolique-au-bain-marie\/","og_site_name":"Vintage French Finds","article_modified_time":"2025-05-21T21:14:59+00:00","og_image":[{"width":886,"height":864,"url":"https:\/\/vintagefrenchfinds.com\/wp-content\/uploads\/2024\/08\/DSCN0641.jpg","type":"image\/jpeg"}],"twitter_card":"summary_large_image","twitter_misc":{"Estimated reading time":"1 minute"},"schema":{"@context":"https:\/\/schema.org","@graph":[{"@type":"WebPage","@id":"https:\/\/vintagefrenchfinds.com\/product\/ancienne-soupiere-poisson-en-majolique-au-bain-marie","url":"https:\/\/vintagefrenchfinds.com\/product\/ancienne-soupiere-poisson-en-majolique-au-bain-marie","name":"Ancienne Soupi\u00e8re Poisson en Majolique \"Au Bain Marie\" - Vintage French Finds","isPartOf":{"@id":"https:\/\/vintagefrenchfinds.com\/#website"},"datePublished":"2024-08-22T19:35:05+00:00","dateModified":"2025-05-21T21:14:59+00:00","description":"The best of French vintage delivered to your doorstep direct from France : fashion, furniture, decoration, table art, curiosities, collections and art work.","breadcrumb":{"@id":"https:\/\/vintagefrenchfinds.com\/product\/ancienne-soupiere-poisson-en-majolique-au-bain-marie#breadcrumb"},"inLanguage":"en-GB","potentialAction":[{"@type":"ReadAction","target":["https:\/\/vintagefrenchfinds.com\/product\/ancienne-soupiere-poisson-en-majolique-au-bain-marie"]}]},{"@type":"BreadcrumbList","@id":"https:\/\/vintagefrenchfinds.com\/product\/ancienne-soupiere-poisson-en-majolique-au-bain-marie#breadcrumb","itemListElement":[{"@type":"ListItem","position":1,"name":"Home","item":"https:\/\/vintagefrenchfinds.com\/"},{"@type":"ListItem","position":2,"name":"BOUTIQUE","item":"https:\/\/vintagefrenchfinds.com\/shop"},{"@type":"ListItem","position":3,"name":"Ancienne Soupi\u00e8re Poisson en Majolique \u00ab\u00a0Au Bain Marie\u00a0\u00bb"}]},{"@type":"WebSite","@id":"https:\/\/vintagefrenchfinds.com\/#website","url":"https:\/\/vintagefrenchfinds.com\/","name":"Vintage French Finds\u00a0","description":"The best of French vintage delivered to your doorstep direct from France : fashion, furniture, decoration, table art, curiosities, collections and art work.","potentialAction":[{"@type":"SearchAction","target":{"@type":"EntryPoint","urlTemplate":"https:\/\/vintagefrenchfinds.com\/?s={search_term_string}"},"query-input":"required name=search_term_string"}],"inLanguage":"en-GB"}]}},"post_mailing_queue_ids":[],"_links":{"self":[{"href":"https:\/\/vintagefrenchfinds.com\/en\/wp-json\/wp\/v2\/product\/26134"}],"collection":[{"href":"https:\/\/vintagefrenchfinds.com\/en\/wp-json\/wp\/v2\/product"}],"about":[{"href":"https:\/\/vintagefrenchfinds.com\/en\/wp-json\/wp\/v2\/types\/product"}],"wp:featuredmedia":[{"embeddable":true,"href":"https:\/\/vintagefrenchfinds.com\/en\/wp-json\/wp\/v2\/media\/26135"}],"wp:attachment":[{"href":"https:\/\/vintagefrenchfinds.com\/en\/wp-json\/wp\/v2\/media?parent=26134"}],"wp:term":[{"taxonomy":"product_cat","embeddable":true,"href":"https:\/\/vintagefrenchfinds.com\/en\/wp-json\/wp\/v2\/product_cat?post=26134"},{"taxonomy":"product_tag","embeddable":true,"href":"https:\/\/vintagefrenchfinds.com\/en\/wp-json\/wp\/v2\/product_tag?post=26134"}],"curies":[{"name":"wp","href":"https:\/\/api.w.org\/{rel}","templated":true}]}}