{"id":26139,"date":"2024-08-22T19:40:55","date_gmt":"2024-08-22T19:40:55","guid":{"rendered":"https:\/\/vintagefrenchfinds.com\/?post_type=product&#038;p=26139"},"modified":"2025-03-17T16:21:29","modified_gmt":"2025-03-17T16:21:29","slug":"ancien-telephone-fixe-en-bakelite-noire-ptt-u43","status":"publish","type":"product","link":"https:\/\/vintagefrenchfinds.com\/en\/product\/ancien-telephone-fixe-en-bakelite-noire-ptt-u43","title":{"rendered":"Ancien T\u00e9l\u00e9phone Fixe en Bak\u00e9lite Noire :  PTT &#8211; U43"},"content":{"rendered":"<p><span style=\"font-weight: 400;\">Apportez une touche de nostalgie \u00e0 votre espace avec ce t\u00e9l\u00e9phone fixe \u00e0 cadran rotatif vintage en bak\u00e9lite, un v\u00e9ritable tr\u00e9sor du pass\u00e9 qui continue de fasciner par son design et son histoire.<\/span><span style=\"font-weight: 400;\"><br \/>\n<\/span><span style=\"font-weight: 400;\"><br \/>\n<\/span><span style=\"font-weight: 400;\">Cr\u00e9\u00e9 par <\/span><b>la soci\u00e9t\u00e9 Ericsson Colombes<\/b><span style=\"font-weight: 400;\"> et a<\/span><span style=\"font-weight: 400;\">dopt\u00e9 en 1943 par l&rsquo;Administration fran\u00e7aise des PTT pour \u00e9quiper son parc d&rsquo;abonn\u00e9s, et pour remplacer les postes PTT24, ce mod\u00e8le est dot\u00e9 d&rsquo;une carcasse en bak\u00e9lite noire contenant l&rsquo;appareillage \u00e9lectrom\u00e9canique principal et d&rsquo;un combin\u00e9 (<\/span><span style=\"font-weight: 400;\">\u00e9couteur-<\/span><span style=\"font-weight: 400;\">microphone) reposant sur des crochets-commutateur.<\/span><\/p>\n<p>&nbsp;<\/p>\n<p><span style=\"font-weight: 400;\">Incompatible avec le r\u00e9seau t\u00e9l\u00e9phonique actuel, il sera id\u00e9al comme objet de d\u00e9coration dans un int\u00e9rieur r\u00e9tro ou comme pi\u00e8ce de collection pour les passionn\u00e9s de t\u00e9l\u00e9communications anciennes.<\/span><\/p>\n<p>&nbsp;<\/p>\n<p><span style=\"font-weight: 400;\">LA 23,4 x H 15 x P 22,9 cm<\/span><\/p>","protected":false},"excerpt":{"rendered":"<p>Apportez une touche de nostalgie \u00e0 votre espace avec ce t\u00e9l\u00e9phone fixe \u00e0 cadran rotatif vintage en bak\u00e9lite, un v\u00e9ritable tr\u00e9sor du pass\u00e9 qui continue de fasciner par son design et son histoire. Cr\u00e9\u00e9 par la soci\u00e9t\u00e9 Ericsson Colombes et adopt\u00e9 en 1943 par l&rsquo;Administration fran\u00e7aise des PTT pour \u00e9quiper son parc d&rsquo;abonn\u00e9s, et pour [&hellip;]<\/p>\n","protected":false},"featured_media":26140,"template":"","meta":{"site-sidebar-layout":"default","site-content-layout":"","ast-site-content-layout":"default","site-content-style":"default","site-sidebar-style":"default","ast-global-header-display":"","ast-banner-title-visibility":"","ast-main-header-display":"","ast-hfb-above-header-display":"","ast-hfb-below-header-display":"","ast-hfb-mobile-header-display":"","site-post-title":"","ast-breadcrumbs-content":"","ast-featured-img":"","footer-sml-layout":"","ast-disable-related-posts":"","theme-transparent-header-meta":"default","adv-header-id-meta":"","stick-header-meta":"","header-above-stick-meta":"","header-main-stick-meta":"","header-below-stick-meta":"","astra-migrate-meta-layouts":"set","ast-page-background-enabled":"default","ast-page-background-meta":{"desktop":{"background-color":"var(--ast-global-color-4)","background-image":"","background-repeat":"repeat","background-position":"center center","background-size":"auto","background-attachment":"scroll","background-type":"","background-media":"","overlay-type":"","overlay-color":"","overlay-opacity":"","overlay-gradient":""},"tablet":{"background-color":"","background-image":"","background-repeat":"repeat","background-position":"center center","background-size":"auto","background-attachment":"scroll","background-type":"","background-media":"","overlay-type":"","overlay-color":"","overlay-opacity":"","overlay-gradient":""},"mobile":{"background-color":"","background-image":"","background-repeat":"repeat","background-position":"center center","background-size":"auto","background-attachment":"scroll","background-type":"","background-media":"","overlay-type":"","overlay-color":"","overlay-opacity":"","overlay-gradient":""}},"ast-content-background-meta":{"desktop":{"background-color":"var(--ast-global-color-5)","background-image":"","background-repeat":"repeat","background-position":"center center","background-size":"auto","background-attachment":"scroll","background-type":"","background-media":"","overlay-type":"","overlay-color":"","overlay-opacity":"","overlay-gradient":""},"tablet":{"background-color":"var(--ast-global-color-5)","background-image":"","background-repeat":"repeat","background-position":"center center","background-size":"auto","background-attachment":"scroll","background-type":"","background-media":"","overlay-type":"","overlay-color":"","overlay-opacity":"","overlay-gradient":""},"mobile":{"background-color":"var(--ast-global-color-5)","background-image":"","background-repeat":"repeat","background-position":"center center","background-size":"auto","background-attachment":"scroll","background-type":"","background-media":"","overlay-type":"","overlay-color":"","overlay-opacity":"","overlay-gradient":""}}},"product_cat":[3575,3579],"product_tag":[1197,1130,1533,3911,1011],"yoast_head":"<!-- This site is optimized with the Yoast SEO plugin v20.8 - https:\/\/yoast.com\/wordpress\/plugins\/seo\/ -->\n<title>Ancien T\u00e9l\u00e9phone Fixe en Bak\u00e9lite Noire : PTT - U43 - Vintage French Finds<\/title>\n<meta name=\"description\" content=\"The best of French vintage delivered to your doorstep direct from France : fashion, furniture, decoration, table art, curiosities, collections and art work.\" \/>\n<meta name=\"robots\" content=\"index, follow, max-snippet:-1, max-image-preview:large, max-video-preview:-1\" \/>\n<link rel=\"canonical\" href=\"https:\/\/vintagefrenchfinds.com\/en\/product\/ancien-telephone-fixe-en-bakelite-noire-ptt-u43\/\" \/>\n<meta property=\"og:locale\" content=\"en_GB\" \/>\n<meta property=\"og:type\" content=\"article\" \/>\n<meta property=\"og:title\" content=\"Ancien T\u00e9l\u00e9phone Fixe en Bak\u00e9lite Noire : PTT - U43 - Vintage French Finds\" \/>\n<meta property=\"og:description\" content=\"The best of French vintage delivered to your doorstep direct from France : fashion, furniture, decoration, table art, curiosities, collections and art work.\" \/>\n<meta property=\"og:url\" content=\"https:\/\/vintagefrenchfinds.com\/en\/product\/ancien-telephone-fixe-en-bakelite-noire-ptt-u43\/\" \/>\n<meta property=\"og:site_name\" content=\"Vintage French Finds\" \/>\n<meta property=\"article:modified_time\" content=\"2025-03-17T16:21:29+00:00\" \/>\n<meta property=\"og:image\" content=\"https:\/\/vintagefrenchfinds.com\/wp-content\/uploads\/2024\/08\/DSCN0628.jpg\" \/>\n\t<meta property=\"og:image:width\" content=\"886\" \/>\n\t<meta property=\"og:image:height\" content=\"886\" \/>\n\t<meta property=\"og:image:type\" content=\"image\/jpeg\" \/>\n<meta name=\"twitter:card\" content=\"summary_large_image\" \/>\n<meta name=\"twitter:label1\" content=\"Estimated reading time\" \/>\n\t<meta name=\"twitter:data1\" content=\"1 minute\" \/>\n<script type=\"application\/ld+json\" class=\"yoast-schema-graph\">{\"@context\":\"https:\/\/schema.org\",\"@graph\":[{\"@type\":\"WebPage\",\"@id\":\"https:\/\/vintagefrenchfinds.com\/product\/ancien-telephone-fixe-en-bakelite-noire-ptt-u43\",\"url\":\"https:\/\/vintagefrenchfinds.com\/product\/ancien-telephone-fixe-en-bakelite-noire-ptt-u43\",\"name\":\"Ancien T\u00e9l\u00e9phone Fixe en Bak\u00e9lite Noire : PTT - U43 - Vintage French Finds\",\"isPartOf\":{\"@id\":\"https:\/\/vintagefrenchfinds.com\/#website\"},\"datePublished\":\"2024-08-22T19:40:55+00:00\",\"dateModified\":\"2025-03-17T16:21:29+00:00\",\"description\":\"The best of French vintage delivered to your doorstep direct from France : fashion, furniture, decoration, table art, curiosities, collections and art work.\",\"breadcrumb\":{\"@id\":\"https:\/\/vintagefrenchfinds.com\/product\/ancien-telephone-fixe-en-bakelite-noire-ptt-u43#breadcrumb\"},\"inLanguage\":\"en-GB\",\"potentialAction\":[{\"@type\":\"ReadAction\",\"target\":[\"https:\/\/vintagefrenchfinds.com\/product\/ancien-telephone-fixe-en-bakelite-noire-ptt-u43\"]}]},{\"@type\":\"BreadcrumbList\",\"@id\":\"https:\/\/vintagefrenchfinds.com\/product\/ancien-telephone-fixe-en-bakelite-noire-ptt-u43#breadcrumb\",\"itemListElement\":[{\"@type\":\"ListItem\",\"position\":1,\"name\":\"Home\",\"item\":\"https:\/\/vintagefrenchfinds.com\/\"},{\"@type\":\"ListItem\",\"position\":2,\"name\":\"BOUTIQUE\",\"item\":\"https:\/\/vintagefrenchfinds.com\/shop\"},{\"@type\":\"ListItem\",\"position\":3,\"name\":\"Ancien T\u00e9l\u00e9phone Fixe en Bak\u00e9lite Noire : PTT &#8211; U43\"}]},{\"@type\":\"WebSite\",\"@id\":\"https:\/\/vintagefrenchfinds.com\/#website\",\"url\":\"https:\/\/vintagefrenchfinds.com\/\",\"name\":\"Vintage French Finds\",\"description\":\"The best of French vintage delivered to your doorstep direct from France : fashion, furniture, decoration, table art, curiosities, collections and art work.\",\"potentialAction\":[{\"@type\":\"SearchAction\",\"target\":{\"@type\":\"EntryPoint\",\"urlTemplate\":\"https:\/\/vintagefrenchfinds.com\/?s={search_term_string}\"},\"query-input\":\"required name=search_term_string\"}],\"inLanguage\":\"en-GB\"}]}<\/script>\n<!-- \/ Yoast SEO plugin. -->","yoast_head_json":{"title":"Ancien T\u00e9l\u00e9phone Fixe en Bak\u00e9lite Noire : PTT - U43 - Vintage French Finds","description":"The best of French vintage delivered to your doorstep direct from France : fashion, furniture, decoration, table art, curiosities, collections and art work.","robots":{"index":"index","follow":"follow","max-snippet":"max-snippet:-1","max-image-preview":"max-image-preview:large","max-video-preview":"max-video-preview:-1"},"canonical":"https:\/\/vintagefrenchfinds.com\/en\/product\/ancien-telephone-fixe-en-bakelite-noire-ptt-u43\/","og_locale":"en_GB","og_type":"article","og_title":"Ancien T\u00e9l\u00e9phone Fixe en Bak\u00e9lite Noire : PTT - U43 - Vintage French Finds","og_description":"The best of French vintage delivered to your doorstep direct from France : fashion, furniture, decoration, table art, curiosities, collections and art work.","og_url":"https:\/\/vintagefrenchfinds.com\/en\/product\/ancien-telephone-fixe-en-bakelite-noire-ptt-u43\/","og_site_name":"Vintage French Finds","article_modified_time":"2025-03-17T16:21:29+00:00","og_image":[{"width":886,"height":886,"url":"https:\/\/vintagefrenchfinds.com\/wp-content\/uploads\/2024\/08\/DSCN0628.jpg","type":"image\/jpeg"}],"twitter_card":"summary_large_image","twitter_misc":{"Estimated reading time":"1 minute"},"schema":{"@context":"https:\/\/schema.org","@graph":[{"@type":"WebPage","@id":"https:\/\/vintagefrenchfinds.com\/product\/ancien-telephone-fixe-en-bakelite-noire-ptt-u43","url":"https:\/\/vintagefrenchfinds.com\/product\/ancien-telephone-fixe-en-bakelite-noire-ptt-u43","name":"Ancien T\u00e9l\u00e9phone Fixe en Bak\u00e9lite Noire : PTT - U43 - Vintage French Finds","isPartOf":{"@id":"https:\/\/vintagefrenchfinds.com\/#website"},"datePublished":"2024-08-22T19:40:55+00:00","dateModified":"2025-03-17T16:21:29+00:00","description":"The best of French vintage delivered to your doorstep direct from France : fashion, furniture, decoration, table art, curiosities, collections and art work.","breadcrumb":{"@id":"https:\/\/vintagefrenchfinds.com\/product\/ancien-telephone-fixe-en-bakelite-noire-ptt-u43#breadcrumb"},"inLanguage":"en-GB","potentialAction":[{"@type":"ReadAction","target":["https:\/\/vintagefrenchfinds.com\/product\/ancien-telephone-fixe-en-bakelite-noire-ptt-u43"]}]},{"@type":"BreadcrumbList","@id":"https:\/\/vintagefrenchfinds.com\/product\/ancien-telephone-fixe-en-bakelite-noire-ptt-u43#breadcrumb","itemListElement":[{"@type":"ListItem","position":1,"name":"Home","item":"https:\/\/vintagefrenchfinds.com\/"},{"@type":"ListItem","position":2,"name":"BOUTIQUE","item":"https:\/\/vintagefrenchfinds.com\/shop"},{"@type":"ListItem","position":3,"name":"Ancien T\u00e9l\u00e9phone Fixe en Bak\u00e9lite Noire : PTT &#8211; U43"}]},{"@type":"WebSite","@id":"https:\/\/vintagefrenchfinds.com\/#website","url":"https:\/\/vintagefrenchfinds.com\/","name":"Vintage French Finds\u00a0","description":"The best of French vintage delivered to your doorstep direct from France : fashion, furniture, decoration, table art, curiosities, collections and art work.","potentialAction":[{"@type":"SearchAction","target":{"@type":"EntryPoint","urlTemplate":"https:\/\/vintagefrenchfinds.com\/?s={search_term_string}"},"query-input":"required name=search_term_string"}],"inLanguage":"en-GB"}]}},"post_mailing_queue_ids":[],"_links":{"self":[{"href":"https:\/\/vintagefrenchfinds.com\/en\/wp-json\/wp\/v2\/product\/26139"}],"collection":[{"href":"https:\/\/vintagefrenchfinds.com\/en\/wp-json\/wp\/v2\/product"}],"about":[{"href":"https:\/\/vintagefrenchfinds.com\/en\/wp-json\/wp\/v2\/types\/product"}],"wp:featuredmedia":[{"embeddable":true,"href":"https:\/\/vintagefrenchfinds.com\/en\/wp-json\/wp\/v2\/media\/26140"}],"wp:attachment":[{"href":"https:\/\/vintagefrenchfinds.com\/en\/wp-json\/wp\/v2\/media?parent=26139"}],"wp:term":[{"taxonomy":"product_cat","embeddable":true,"href":"https:\/\/vintagefrenchfinds.com\/en\/wp-json\/wp\/v2\/product_cat?post=26139"},{"taxonomy":"product_tag","embeddable":true,"href":"https:\/\/vintagefrenchfinds.com\/en\/wp-json\/wp\/v2\/product_tag?post=26139"}],"curies":[{"name":"wp","href":"https:\/\/api.w.org\/{rel}","templated":true}]}}