{"id":26783,"date":"2024-10-11T21:29:36","date_gmt":"2024-10-11T21:29:36","guid":{"rendered":"https:\/\/vintagefrenchfinds.com\/?post_type=product&#038;p=26783"},"modified":"2025-05-21T21:15:10","modified_gmt":"2025-05-21T21:15:10","slug":"service-tete-a-tete-en-ceramique-bleu-de-villeroy-boch","status":"publish","type":"product","link":"https:\/\/vintagefrenchfinds.com\/en\/product\/service-tete-a-tete-en-ceramique-bleu-de-villeroy-boch","title":{"rendered":"Service T\u00eate \u00e0 T\u00eate en C\u00e9ramique Bleu de Villeroy Boch"},"content":{"rendered":"<p><span style=\"font-weight: 400;\">Apportez une touche d&rsquo;\u00e9l\u00e9gance r\u00e9tro \u00e0 vos moments \u00e0 deux avec cet ensemble de vaisselle \u00ab\u00a0Moi, Toi Nous\u00a0\u00bb vintage sign\u00e9 <\/span><b>Villeroy &amp; Boch<\/b><span style=\"font-weight: 400;\">, une maison de renom pour ses cr\u00e9ations raffin\u00e9es et de haute qualit\u00e9.\u00a0<\/span><\/p>\n<p><span style=\"font-weight: 400;\">Con\u00e7u pour deux convives, cet ensemble en fa\u00efence bleu clair vous permet de partager un moment convivial tout en sublimant votre table avec style.\u00a0<\/span><\/p>\n<p><span style=\"font-weight: 400;\">Il comprend\u00a0:<\/span><\/p>\n<ul>\n<li><span style=\"font-weight: 400;\">2 x tasses (D 11,5 x H 6,5 cm) ** avec anses recoll\u00e9es **<\/span><\/li>\n<li><span style=\"font-weight: 400;\">2 x soucoupes (D 16,5 cm)<\/span><\/li>\n<li><span style=\"font-weight: 400;\">1 x pichet (LO 17,5 x H 9,5 x D 12 cm)<\/span><\/li>\n<\/ul>\n<p><span style=\"font-weight: 400;\">Que vous soyez amateurs de th\u00e9 , de caf\u00e9 ou m\u00eame de chocolat chaud, ce \u00ab\u00a0T\u00eate-\u00e0-T\u00eate\u00a0\u00bb allie \u00e0 merveille esth\u00e9tique et fonctionnalit\u00e9, rendant chaque moment partag\u00e9 encore plus sp\u00e9cial.<\/span><\/p>","protected":false},"excerpt":{"rendered":"<p>Apportez une touche d&rsquo;\u00e9l\u00e9gance r\u00e9tro \u00e0 vos moments \u00e0 deux avec cet ensemble de vaisselle \u00ab\u00a0Moi, Toi Nous\u00a0\u00bb vintage sign\u00e9 Villeroy &amp; Boch, une maison de renom pour ses cr\u00e9ations raffin\u00e9es et de haute qualit\u00e9.\u00a0 Con\u00e7u pour deux convives, cet ensemble en fa\u00efence bleu clair vous permet de partager un moment convivial tout en sublimant [&hellip;]<\/p>\n","protected":false},"featured_media":26787,"template":"","meta":{"site-sidebar-layout":"default","site-content-layout":"default","ast-site-content-layout":"default","site-content-style":"default","site-sidebar-style":"default","ast-global-header-display":"","ast-banner-title-visibility":"","ast-main-header-display":"","ast-hfb-above-header-display":"","ast-hfb-below-header-display":"","ast-hfb-mobile-header-display":"","site-post-title":"","ast-breadcrumbs-content":"","ast-featured-img":"","footer-sml-layout":"","ast-disable-related-posts":"","theme-transparent-header-meta":"default","adv-header-id-meta":"","stick-header-meta":"","header-above-stick-meta":"","header-main-stick-meta":"","header-below-stick-meta":"","astra-migrate-meta-layouts":"set","ast-page-background-enabled":"default","ast-page-background-meta":{"desktop":{"background-color":"var(--ast-global-color-4)","background-image":"","background-repeat":"repeat","background-position":"center center","background-size":"auto","background-attachment":"scroll","background-type":"","background-media":"","overlay-type":"","overlay-color":"","overlay-opacity":"","overlay-gradient":""},"tablet":{"background-color":"","background-image":"","background-repeat":"repeat","background-position":"center center","background-size":"auto","background-attachment":"scroll","background-type":"","background-media":"","overlay-type":"","overlay-color":"","overlay-opacity":"","overlay-gradient":""},"mobile":{"background-color":"","background-image":"","background-repeat":"repeat","background-position":"center center","background-size":"auto","background-attachment":"scroll","background-type":"","background-media":"","overlay-type":"","overlay-color":"","overlay-opacity":"","overlay-gradient":""}},"ast-content-background-meta":{"desktop":{"background-color":"var(--ast-global-color-5)","background-image":"","background-repeat":"repeat","background-position":"center center","background-size":"auto","background-attachment":"scroll","background-type":"","background-media":"","overlay-type":"","overlay-color":"","overlay-opacity":"","overlay-gradient":""},"tablet":{"background-color":"var(--ast-global-color-5)","background-image":"","background-repeat":"repeat","background-position":"center center","background-size":"auto","background-attachment":"scroll","background-type":"","background-media":"","overlay-type":"","overlay-color":"","overlay-opacity":"","overlay-gradient":""},"mobile":{"background-color":"var(--ast-global-color-5)","background-image":"","background-repeat":"repeat","background-position":"center center","background-size":"auto","background-attachment":"scroll","background-type":"","background-media":"","overlay-type":"","overlay-color":"","overlay-opacity":"","overlay-gradient":""}}},"product_cat":[3542,3543],"product_tag":[1197,1330,1023,2118,1099,1011],"yoast_head":"<!-- This site is optimized with the Yoast SEO plugin v20.8 - https:\/\/yoast.com\/wordpress\/plugins\/seo\/ -->\n<title>Service T\u00eate \u00e0 T\u00eate en C\u00e9ramique Bleu de Villeroy Boch - Vintage French Finds<\/title>\n<meta name=\"description\" content=\"The best of French vintage delivered to your doorstep direct from France : fashion, furniture, decoration, table art, curiosities, collections and art work.\" \/>\n<meta name=\"robots\" content=\"index, follow, max-snippet:-1, max-image-preview:large, max-video-preview:-1\" \/>\n<link rel=\"canonical\" href=\"https:\/\/vintagefrenchfinds.com\/en\/product\/service-tete-a-tete-en-ceramique-bleu-de-villeroy-boch\/\" \/>\n<meta property=\"og:locale\" content=\"en_GB\" \/>\n<meta property=\"og:type\" content=\"article\" \/>\n<meta property=\"og:title\" content=\"Service T\u00eate \u00e0 T\u00eate en C\u00e9ramique Bleu de Villeroy Boch - Vintage French Finds\" \/>\n<meta property=\"og:description\" content=\"The best of French vintage delivered to your doorstep direct from France : fashion, furniture, decoration, table art, curiosities, collections and art work.\" \/>\n<meta property=\"og:url\" content=\"https:\/\/vintagefrenchfinds.com\/en\/product\/service-tete-a-tete-en-ceramique-bleu-de-villeroy-boch\/\" \/>\n<meta property=\"og:site_name\" content=\"Vintage French Finds\" \/>\n<meta property=\"article:modified_time\" content=\"2025-05-21T21:15:10+00:00\" \/>\n<meta property=\"og:image\" content=\"https:\/\/vintagefrenchfinds.com\/wp-content\/uploads\/2024\/10\/DSCN1123.jpg\" \/>\n\t<meta property=\"og:image:width\" content=\"886\" \/>\n\t<meta property=\"og:image:height\" content=\"886\" \/>\n\t<meta property=\"og:image:type\" content=\"image\/jpeg\" \/>\n<meta name=\"twitter:card\" content=\"summary_large_image\" \/>\n<meta name=\"twitter:label1\" content=\"Estimated reading time\" \/>\n\t<meta name=\"twitter:data1\" content=\"1 minute\" \/>\n<script type=\"application\/ld+json\" class=\"yoast-schema-graph\">{\"@context\":\"https:\/\/schema.org\",\"@graph\":[{\"@type\":\"WebPage\",\"@id\":\"https:\/\/vintagefrenchfinds.com\/product\/service-tete-a-tete-en-ceramique-bleu-de-villeroy-boch\",\"url\":\"https:\/\/vintagefrenchfinds.com\/product\/service-tete-a-tete-en-ceramique-bleu-de-villeroy-boch\",\"name\":\"Service T\u00eate \u00e0 T\u00eate en C\u00e9ramique Bleu de Villeroy Boch - Vintage French Finds\",\"isPartOf\":{\"@id\":\"https:\/\/vintagefrenchfinds.com\/#website\"},\"datePublished\":\"2024-10-11T21:29:36+00:00\",\"dateModified\":\"2025-05-21T21:15:10+00:00\",\"description\":\"The best of French vintage delivered to your doorstep direct from France : fashion, furniture, decoration, table art, curiosities, collections and art work.\",\"breadcrumb\":{\"@id\":\"https:\/\/vintagefrenchfinds.com\/product\/service-tete-a-tete-en-ceramique-bleu-de-villeroy-boch#breadcrumb\"},\"inLanguage\":\"en-GB\",\"potentialAction\":[{\"@type\":\"ReadAction\",\"target\":[\"https:\/\/vintagefrenchfinds.com\/product\/service-tete-a-tete-en-ceramique-bleu-de-villeroy-boch\"]}]},{\"@type\":\"BreadcrumbList\",\"@id\":\"https:\/\/vintagefrenchfinds.com\/product\/service-tete-a-tete-en-ceramique-bleu-de-villeroy-boch#breadcrumb\",\"itemListElement\":[{\"@type\":\"ListItem\",\"position\":1,\"name\":\"Home\",\"item\":\"https:\/\/vintagefrenchfinds.com\/\"},{\"@type\":\"ListItem\",\"position\":2,\"name\":\"BOUTIQUE\",\"item\":\"https:\/\/vintagefrenchfinds.com\/shop\"},{\"@type\":\"ListItem\",\"position\":3,\"name\":\"Service T\u00eate \u00e0 T\u00eate en C\u00e9ramique Bleu de Villeroy Boch\"}]},{\"@type\":\"WebSite\",\"@id\":\"https:\/\/vintagefrenchfinds.com\/#website\",\"url\":\"https:\/\/vintagefrenchfinds.com\/\",\"name\":\"Vintage French Finds\",\"description\":\"The best of French vintage delivered to your doorstep direct from France : fashion, furniture, decoration, table art, curiosities, collections and art work.\",\"potentialAction\":[{\"@type\":\"SearchAction\",\"target\":{\"@type\":\"EntryPoint\",\"urlTemplate\":\"https:\/\/vintagefrenchfinds.com\/?s={search_term_string}\"},\"query-input\":\"required name=search_term_string\"}],\"inLanguage\":\"en-GB\"}]}<\/script>\n<!-- \/ Yoast SEO plugin. -->","yoast_head_json":{"title":"Service T\u00eate \u00e0 T\u00eate en C\u00e9ramique Bleu de Villeroy Boch - Vintage French Finds","description":"The best of French vintage delivered to your doorstep direct from France : fashion, furniture, decoration, table art, curiosities, collections and art work.","robots":{"index":"index","follow":"follow","max-snippet":"max-snippet:-1","max-image-preview":"max-image-preview:large","max-video-preview":"max-video-preview:-1"},"canonical":"https:\/\/vintagefrenchfinds.com\/en\/product\/service-tete-a-tete-en-ceramique-bleu-de-villeroy-boch\/","og_locale":"en_GB","og_type":"article","og_title":"Service T\u00eate \u00e0 T\u00eate en C\u00e9ramique Bleu de Villeroy Boch - Vintage French Finds","og_description":"The best of French vintage delivered to your doorstep direct from France : fashion, furniture, decoration, table art, curiosities, collections and art work.","og_url":"https:\/\/vintagefrenchfinds.com\/en\/product\/service-tete-a-tete-en-ceramique-bleu-de-villeroy-boch\/","og_site_name":"Vintage French Finds","article_modified_time":"2025-05-21T21:15:10+00:00","og_image":[{"width":886,"height":886,"url":"https:\/\/vintagefrenchfinds.com\/wp-content\/uploads\/2024\/10\/DSCN1123.jpg","type":"image\/jpeg"}],"twitter_card":"summary_large_image","twitter_misc":{"Estimated reading time":"1 minute"},"schema":{"@context":"https:\/\/schema.org","@graph":[{"@type":"WebPage","@id":"https:\/\/vintagefrenchfinds.com\/product\/service-tete-a-tete-en-ceramique-bleu-de-villeroy-boch","url":"https:\/\/vintagefrenchfinds.com\/product\/service-tete-a-tete-en-ceramique-bleu-de-villeroy-boch","name":"Service T\u00eate \u00e0 T\u00eate en C\u00e9ramique Bleu de Villeroy Boch - Vintage French Finds","isPartOf":{"@id":"https:\/\/vintagefrenchfinds.com\/#website"},"datePublished":"2024-10-11T21:29:36+00:00","dateModified":"2025-05-21T21:15:10+00:00","description":"The best of French vintage delivered to your doorstep direct from France : fashion, furniture, decoration, table art, curiosities, collections and art work.","breadcrumb":{"@id":"https:\/\/vintagefrenchfinds.com\/product\/service-tete-a-tete-en-ceramique-bleu-de-villeroy-boch#breadcrumb"},"inLanguage":"en-GB","potentialAction":[{"@type":"ReadAction","target":["https:\/\/vintagefrenchfinds.com\/product\/service-tete-a-tete-en-ceramique-bleu-de-villeroy-boch"]}]},{"@type":"BreadcrumbList","@id":"https:\/\/vintagefrenchfinds.com\/product\/service-tete-a-tete-en-ceramique-bleu-de-villeroy-boch#breadcrumb","itemListElement":[{"@type":"ListItem","position":1,"name":"Home","item":"https:\/\/vintagefrenchfinds.com\/"},{"@type":"ListItem","position":2,"name":"BOUTIQUE","item":"https:\/\/vintagefrenchfinds.com\/shop"},{"@type":"ListItem","position":3,"name":"Service T\u00eate \u00e0 T\u00eate en C\u00e9ramique Bleu de Villeroy Boch"}]},{"@type":"WebSite","@id":"https:\/\/vintagefrenchfinds.com\/#website","url":"https:\/\/vintagefrenchfinds.com\/","name":"Vintage French Finds\u00a0","description":"The best of French vintage delivered to your doorstep direct from France : fashion, furniture, decoration, table art, curiosities, collections and art work.","potentialAction":[{"@type":"SearchAction","target":{"@type":"EntryPoint","urlTemplate":"https:\/\/vintagefrenchfinds.com\/?s={search_term_string}"},"query-input":"required name=search_term_string"}],"inLanguage":"en-GB"}]}},"post_mailing_queue_ids":[],"_links":{"self":[{"href":"https:\/\/vintagefrenchfinds.com\/en\/wp-json\/wp\/v2\/product\/26783"}],"collection":[{"href":"https:\/\/vintagefrenchfinds.com\/en\/wp-json\/wp\/v2\/product"}],"about":[{"href":"https:\/\/vintagefrenchfinds.com\/en\/wp-json\/wp\/v2\/types\/product"}],"wp:featuredmedia":[{"embeddable":true,"href":"https:\/\/vintagefrenchfinds.com\/en\/wp-json\/wp\/v2\/media\/26787"}],"wp:attachment":[{"href":"https:\/\/vintagefrenchfinds.com\/en\/wp-json\/wp\/v2\/media?parent=26783"}],"wp:term":[{"taxonomy":"product_cat","embeddable":true,"href":"https:\/\/vintagefrenchfinds.com\/en\/wp-json\/wp\/v2\/product_cat?post=26783"},{"taxonomy":"product_tag","embeddable":true,"href":"https:\/\/vintagefrenchfinds.com\/en\/wp-json\/wp\/v2\/product_tag?post=26783"}],"curies":[{"name":"wp","href":"https:\/\/api.w.org\/{rel}","templated":true}]}}