{"id":27006,"date":"2024-11-09T17:38:15","date_gmt":"2024-11-09T17:38:15","guid":{"rendered":"https:\/\/vintagefrenchfinds.com\/?post_type=product&#038;p=27006"},"modified":"2025-03-19T15:36:19","modified_gmt":"2025-03-19T15:36:19","slug":"ancien-broc-pichet-en-gres-emaille-blanc","status":"publish","type":"product","link":"https:\/\/vintagefrenchfinds.com\/en\/product\/ancien-broc-pichet-en-gres-emaille-blanc","title":{"rendered":"Ancien Broc Pichet en Gr\u00e8s Emaill\u00e9 Blanc"},"content":{"rendered":"<p><span style=\"font-weight: 400;\">Apportez une touche d&rsquo;authenticit\u00e9 \u00e0 votre int\u00e9rieur avec ce pichet vintage en gr\u00e8s \u00e9maill\u00e9.<\/span><\/p>\n<p>&nbsp;<\/p>\n<p><span style=\"font-weight: 400;\">Ce broc s\u00e9duit par son charme rustique et son allure robuste, h\u00e9rit\u00e9e des traditions artisanales d&rsquo;antan. La surface \u00e9maill\u00e9e offre un jeu de textures et de reflets uniques, qui varient subtilement selon la lumi\u00e8re, mettant en valeur des teintes naturelles et apaisantes.<\/span><\/p>\n<p><span style=\"font-weight: 400;\">Sa capacit\u00e9 g\u00e9n\u00e9reuse en fait un alli\u00e9 de choix pour servir des boissons fra\u00eeches ou chaudes, ou encore comme pi\u00e8ce d\u00e9corative pour accueillir des bouquets s\u00e9ch\u00e9s ou des branches feuillues.\u00a0<\/span><\/p>\n<p><span style=\"font-weight: 400;\">La poign\u00e9e ergonomique assure une prise en main confortable et stable, tandis que son bec verseur est con\u00e7u pour \u00e9viter tout \u00e9coulement ind\u00e9sirable.<\/span><\/p>\n<p><span style=\"font-weight: 400;\">Chaque broc est une pi\u00e8ce unique, marqu\u00e9e par de l\u00e9g\u00e8res variations de couleur et de texture dues \u00e0 la cuisson artisanale du gr\u00e8s.\u00a0<\/span><\/p>\n<p><span style=\"font-weight: 400;\">Id\u00e9al pour les amateurs de d\u00e9coration r\u00e9tro et les passionn\u00e9s d\u2019objets authentiques, ce carafe trouvera facilement sa place dans une cuisine chaleureuse, une salle \u00e0 manger conviviale ou m\u00eame un salon de style boh\u00e8me.<\/span><\/p>\n<p>&nbsp;<\/p>\n<p><span style=\"font-weight: 400;\">H 18 x LA 20,5 x D 13,5 cm<\/span><\/p>","protected":false},"excerpt":{"rendered":"<p>Apportez une touche d&rsquo;authenticit\u00e9 \u00e0 votre int\u00e9rieur avec ce pichet vintage en gr\u00e8s \u00e9maill\u00e9. &nbsp; Ce broc s\u00e9duit par son charme rustique et son allure robuste, h\u00e9rit\u00e9e des traditions artisanales d&rsquo;antan. La surface \u00e9maill\u00e9e offre un jeu de textures et de reflets uniques, qui varient subtilement selon la lumi\u00e8re, mettant en valeur des teintes naturelles [&hellip;]<\/p>\n","protected":false},"featured_media":27007,"template":"","meta":{"site-sidebar-layout":"default","site-content-layout":"","ast-site-content-layout":"default","site-content-style":"default","site-sidebar-style":"default","ast-global-header-display":"","ast-banner-title-visibility":"","ast-main-header-display":"","ast-hfb-above-header-display":"","ast-hfb-below-header-display":"","ast-hfb-mobile-header-display":"","site-post-title":"","ast-breadcrumbs-content":"","ast-featured-img":"","footer-sml-layout":"","ast-disable-related-posts":"","theme-transparent-header-meta":"default","adv-header-id-meta":"","stick-header-meta":"","header-above-stick-meta":"","header-main-stick-meta":"","header-below-stick-meta":"","astra-migrate-meta-layouts":"set","ast-page-background-enabled":"default","ast-page-background-meta":{"desktop":{"background-color":"var(--ast-global-color-4)","background-image":"","background-repeat":"repeat","background-position":"center center","background-size":"auto","background-attachment":"scroll","background-type":"","background-media":"","overlay-type":"","overlay-color":"","overlay-opacity":"","overlay-gradient":""},"tablet":{"background-color":"","background-image":"","background-repeat":"repeat","background-position":"center center","background-size":"auto","background-attachment":"scroll","background-type":"","background-media":"","overlay-type":"","overlay-color":"","overlay-opacity":"","overlay-gradient":""},"mobile":{"background-color":"","background-image":"","background-repeat":"repeat","background-position":"center center","background-size":"auto","background-attachment":"scroll","background-type":"","background-media":"","overlay-type":"","overlay-color":"","overlay-opacity":"","overlay-gradient":""}},"ast-content-background-meta":{"desktop":{"background-color":"var(--ast-global-color-5)","background-image":"","background-repeat":"repeat","background-position":"center center","background-size":"auto","background-attachment":"scroll","background-type":"","background-media":"","overlay-type":"","overlay-color":"","overlay-opacity":"","overlay-gradient":""},"tablet":{"background-color":"var(--ast-global-color-5)","background-image":"","background-repeat":"repeat","background-position":"center center","background-size":"auto","background-attachment":"scroll","background-type":"","background-media":"","overlay-type":"","overlay-color":"","overlay-opacity":"","overlay-gradient":""},"mobile":{"background-color":"var(--ast-global-color-5)","background-image":"","background-repeat":"repeat","background-position":"center center","background-size":"auto","background-attachment":"scroll","background-type":"","background-media":"","overlay-type":"","overlay-color":"","overlay-opacity":"","overlay-gradient":""}}},"product_cat":[3542,3551],"product_tag":[1197,1115,1578,1201,1920,3870,1030,1024,1011],"yoast_head":"<!-- This site is optimized with the Yoast SEO plugin v20.8 - https:\/\/yoast.com\/wordpress\/plugins\/seo\/ -->\n<title>Ancien Broc Pichet en Gr\u00e8s Emaill\u00e9 Blanc - Vintage French Finds<\/title>\n<meta name=\"description\" content=\"The best of French vintage delivered to your doorstep direct from France : fashion, furniture, decoration, table art, curiosities, collections and art work.\" \/>\n<meta name=\"robots\" content=\"index, follow, max-snippet:-1, max-image-preview:large, max-video-preview:-1\" \/>\n<link rel=\"canonical\" href=\"https:\/\/vintagefrenchfinds.com\/en\/product\/ancien-broc-pichet-en-gres-emaille-blanc\/\" \/>\n<meta property=\"og:locale\" content=\"en_GB\" \/>\n<meta property=\"og:type\" content=\"article\" \/>\n<meta property=\"og:title\" content=\"Ancien Broc Pichet en Gr\u00e8s Emaill\u00e9 Blanc - Vintage French Finds\" \/>\n<meta property=\"og:description\" content=\"The best of French vintage delivered to your doorstep direct from France : fashion, furniture, decoration, table art, curiosities, collections and art work.\" \/>\n<meta property=\"og:url\" content=\"https:\/\/vintagefrenchfinds.com\/en\/product\/ancien-broc-pichet-en-gres-emaille-blanc\/\" \/>\n<meta property=\"og:site_name\" content=\"Vintage French Finds\" \/>\n<meta property=\"article:modified_time\" content=\"2025-03-19T15:36:19+00:00\" \/>\n<meta property=\"og:image\" content=\"https:\/\/vintagefrenchfinds.com\/wp-content\/uploads\/2024\/11\/DSCN1292.jpg\" \/>\n\t<meta property=\"og:image:width\" content=\"886\" \/>\n\t<meta property=\"og:image:height\" content=\"886\" \/>\n\t<meta property=\"og:image:type\" content=\"image\/jpeg\" \/>\n<meta name=\"twitter:card\" content=\"summary_large_image\" \/>\n<meta name=\"twitter:label1\" content=\"Estimated reading time\" \/>\n\t<meta name=\"twitter:data1\" content=\"1 minute\" \/>\n<script type=\"application\/ld+json\" class=\"yoast-schema-graph\">{\"@context\":\"https:\/\/schema.org\",\"@graph\":[{\"@type\":\"WebPage\",\"@id\":\"https:\/\/vintagefrenchfinds.com\/product\/ancien-broc-pichet-en-gres-emaille-blanc\",\"url\":\"https:\/\/vintagefrenchfinds.com\/product\/ancien-broc-pichet-en-gres-emaille-blanc\",\"name\":\"Ancien Broc Pichet en Gr\u00e8s Emaill\u00e9 Blanc - Vintage French Finds\",\"isPartOf\":{\"@id\":\"https:\/\/vintagefrenchfinds.com\/#website\"},\"datePublished\":\"2024-11-09T17:38:15+00:00\",\"dateModified\":\"2025-03-19T15:36:19+00:00\",\"description\":\"The best of French vintage delivered to your doorstep direct from France : fashion, furniture, decoration, table art, curiosities, collections and art work.\",\"breadcrumb\":{\"@id\":\"https:\/\/vintagefrenchfinds.com\/product\/ancien-broc-pichet-en-gres-emaille-blanc#breadcrumb\"},\"inLanguage\":\"en-GB\",\"potentialAction\":[{\"@type\":\"ReadAction\",\"target\":[\"https:\/\/vintagefrenchfinds.com\/product\/ancien-broc-pichet-en-gres-emaille-blanc\"]}]},{\"@type\":\"BreadcrumbList\",\"@id\":\"https:\/\/vintagefrenchfinds.com\/product\/ancien-broc-pichet-en-gres-emaille-blanc#breadcrumb\",\"itemListElement\":[{\"@type\":\"ListItem\",\"position\":1,\"name\":\"Home\",\"item\":\"https:\/\/vintagefrenchfinds.com\/\"},{\"@type\":\"ListItem\",\"position\":2,\"name\":\"BOUTIQUE\",\"item\":\"https:\/\/vintagefrenchfinds.com\/shop\"},{\"@type\":\"ListItem\",\"position\":3,\"name\":\"Ancien Broc Pichet en Gr\u00e8s Emaill\u00e9 Blanc\"}]},{\"@type\":\"WebSite\",\"@id\":\"https:\/\/vintagefrenchfinds.com\/#website\",\"url\":\"https:\/\/vintagefrenchfinds.com\/\",\"name\":\"Vintage French Finds\",\"description\":\"The best of French vintage delivered to your doorstep direct from France : fashion, furniture, decoration, table art, curiosities, collections and art work.\",\"potentialAction\":[{\"@type\":\"SearchAction\",\"target\":{\"@type\":\"EntryPoint\",\"urlTemplate\":\"https:\/\/vintagefrenchfinds.com\/?s={search_term_string}\"},\"query-input\":\"required name=search_term_string\"}],\"inLanguage\":\"en-GB\"}]}<\/script>\n<!-- \/ Yoast SEO plugin. -->","yoast_head_json":{"title":"Ancien Broc Pichet en Gr\u00e8s Emaill\u00e9 Blanc - Vintage French Finds","description":"The best of French vintage delivered to your doorstep direct from France : fashion, furniture, decoration, table art, curiosities, collections and art work.","robots":{"index":"index","follow":"follow","max-snippet":"max-snippet:-1","max-image-preview":"max-image-preview:large","max-video-preview":"max-video-preview:-1"},"canonical":"https:\/\/vintagefrenchfinds.com\/en\/product\/ancien-broc-pichet-en-gres-emaille-blanc\/","og_locale":"en_GB","og_type":"article","og_title":"Ancien Broc Pichet en Gr\u00e8s Emaill\u00e9 Blanc - Vintage French Finds","og_description":"The best of French vintage delivered to your doorstep direct from France : fashion, furniture, decoration, table art, curiosities, collections and art work.","og_url":"https:\/\/vintagefrenchfinds.com\/en\/product\/ancien-broc-pichet-en-gres-emaille-blanc\/","og_site_name":"Vintage French Finds","article_modified_time":"2025-03-19T15:36:19+00:00","og_image":[{"width":886,"height":886,"url":"https:\/\/vintagefrenchfinds.com\/wp-content\/uploads\/2024\/11\/DSCN1292.jpg","type":"image\/jpeg"}],"twitter_card":"summary_large_image","twitter_misc":{"Estimated reading time":"1 minute"},"schema":{"@context":"https:\/\/schema.org","@graph":[{"@type":"WebPage","@id":"https:\/\/vintagefrenchfinds.com\/product\/ancien-broc-pichet-en-gres-emaille-blanc","url":"https:\/\/vintagefrenchfinds.com\/product\/ancien-broc-pichet-en-gres-emaille-blanc","name":"Ancien Broc Pichet en Gr\u00e8s Emaill\u00e9 Blanc - Vintage French Finds","isPartOf":{"@id":"https:\/\/vintagefrenchfinds.com\/#website"},"datePublished":"2024-11-09T17:38:15+00:00","dateModified":"2025-03-19T15:36:19+00:00","description":"The best of French vintage delivered to your doorstep direct from France : fashion, furniture, decoration, table art, curiosities, collections and art work.","breadcrumb":{"@id":"https:\/\/vintagefrenchfinds.com\/product\/ancien-broc-pichet-en-gres-emaille-blanc#breadcrumb"},"inLanguage":"en-GB","potentialAction":[{"@type":"ReadAction","target":["https:\/\/vintagefrenchfinds.com\/product\/ancien-broc-pichet-en-gres-emaille-blanc"]}]},{"@type":"BreadcrumbList","@id":"https:\/\/vintagefrenchfinds.com\/product\/ancien-broc-pichet-en-gres-emaille-blanc#breadcrumb","itemListElement":[{"@type":"ListItem","position":1,"name":"Home","item":"https:\/\/vintagefrenchfinds.com\/"},{"@type":"ListItem","position":2,"name":"BOUTIQUE","item":"https:\/\/vintagefrenchfinds.com\/shop"},{"@type":"ListItem","position":3,"name":"Ancien Broc Pichet en Gr\u00e8s Emaill\u00e9 Blanc"}]},{"@type":"WebSite","@id":"https:\/\/vintagefrenchfinds.com\/#website","url":"https:\/\/vintagefrenchfinds.com\/","name":"Vintage French Finds\u00a0","description":"The best of French vintage delivered to your doorstep direct from France : fashion, furniture, decoration, table art, curiosities, collections and art work.","potentialAction":[{"@type":"SearchAction","target":{"@type":"EntryPoint","urlTemplate":"https:\/\/vintagefrenchfinds.com\/?s={search_term_string}"},"query-input":"required name=search_term_string"}],"inLanguage":"en-GB"}]}},"post_mailing_queue_ids":[],"_links":{"self":[{"href":"https:\/\/vintagefrenchfinds.com\/en\/wp-json\/wp\/v2\/product\/27006"}],"collection":[{"href":"https:\/\/vintagefrenchfinds.com\/en\/wp-json\/wp\/v2\/product"}],"about":[{"href":"https:\/\/vintagefrenchfinds.com\/en\/wp-json\/wp\/v2\/types\/product"}],"wp:featuredmedia":[{"embeddable":true,"href":"https:\/\/vintagefrenchfinds.com\/en\/wp-json\/wp\/v2\/media\/27007"}],"wp:attachment":[{"href":"https:\/\/vintagefrenchfinds.com\/en\/wp-json\/wp\/v2\/media?parent=27006"}],"wp:term":[{"taxonomy":"product_cat","embeddable":true,"href":"https:\/\/vintagefrenchfinds.com\/en\/wp-json\/wp\/v2\/product_cat?post=27006"},{"taxonomy":"product_tag","embeddable":true,"href":"https:\/\/vintagefrenchfinds.com\/en\/wp-json\/wp\/v2\/product_tag?post=27006"}],"curies":[{"name":"wp","href":"https:\/\/api.w.org\/{rel}","templated":true}]}}