{"id":27026,"date":"2024-11-09T17:56:15","date_gmt":"2024-11-09T17:56:15","guid":{"rendered":"https:\/\/vintagefrenchfinds.com\/?post_type=product&#038;p=27026"},"modified":"2025-05-21T19:03:38","modified_gmt":"2025-05-21T19:03:38","slug":"ancienne-coupe-a-fruits-en-ceramique-de-vallauris","status":"publish","type":"product","link":"https:\/\/vintagefrenchfinds.com\/en\/product\/ancienne-coupe-a-fruits-en-ceramique-de-vallauris","title":{"rendered":"Ancienne Coupe \u00e0 Fruits en C\u00e9ramique de Vallauris"},"content":{"rendered":"<p><span style=\"font-weight: 400;\">Ajoutez une touche d\u2019\u00e9l\u00e9gance r\u00e9tro \u00e0 votre int\u00e9rieur avec cette coupe \u00e0 fruits vintage de Vallauris.<\/span><\/p>\n<p><span style=\"font-weight: 400;\">Fabriqu\u00e9e dans les ann\u00e9es 1950-60, cette pi\u00e8ce unique incarne le charme de la c\u00e9ramique fran\u00e7aise artisanale, c\u00e9l\u00e9br\u00e9e pour ses formes organiques et ses finitions \u00e9maill\u00e9es riches en couleurs.<\/span><\/p>\n<p><span style=\"font-weight: 400;\">Avec ses courbes g\u00e9n\u00e9reuses et son design audacieux, cette coupe se distingue par sa forme en \u2018moule\u2019 ainsi que par ses nuances chaudes de brun et d\u2019ocre, rehauss\u00e9es de touches subtiles de vert d\u2019eau et de rouge.\u00a0<\/span><\/p>\n<p><span style=\"font-weight: 400;\">Id\u00e9ale comme centre de table ou comme objet de d\u00e9coration, cette coupe \u00e0 fruits est parfaite pour exposer vos fruits frais ou pour \u00eatre admir\u00e9e telle quelle.\u00a0<\/span><\/p>\n<p><span style=\"font-weight: 400;\">Que vous soyez passionn\u00e9 de vintage ou amateur de c\u00e9ramique d\u2019art, cette pi\u00e8ce est un clin d\u2019\u0153il raffin\u00e9 \u00e0 l\u2019histoire et \u00e0 l\u2019art de Vallauris.<\/span><\/p>\n<p>&nbsp;<\/p>\n<p><span style=\"font-weight: 400;\">LO 42,5 x LA 25 x H 11 cm<\/span><\/p>","protected":false},"excerpt":{"rendered":"<p>Ajoutez une touche d\u2019\u00e9l\u00e9gance r\u00e9tro \u00e0 votre int\u00e9rieur avec cette coupe \u00e0 fruits vintage de Vallauris. Fabriqu\u00e9e dans les ann\u00e9es 1950-60, cette pi\u00e8ce unique incarne le charme de la c\u00e9ramique fran\u00e7aise artisanale, c\u00e9l\u00e9br\u00e9e pour ses formes organiques et ses finitions \u00e9maill\u00e9es riches en couleurs. Avec ses courbes g\u00e9n\u00e9reuses et son design audacieux, cette coupe se [&hellip;]<\/p>\n","protected":false},"featured_media":27027,"template":"","meta":{"site-sidebar-layout":"default","site-content-layout":"default","ast-site-content-layout":"default","site-content-style":"default","site-sidebar-style":"default","ast-global-header-display":"","ast-banner-title-visibility":"","ast-main-header-display":"","ast-hfb-above-header-display":"","ast-hfb-below-header-display":"","ast-hfb-mobile-header-display":"","site-post-title":"","ast-breadcrumbs-content":"","ast-featured-img":"","footer-sml-layout":"","ast-disable-related-posts":"","theme-transparent-header-meta":"default","adv-header-id-meta":"","stick-header-meta":"","header-above-stick-meta":"","header-main-stick-meta":"","header-below-stick-meta":"","astra-migrate-meta-layouts":"set","ast-page-background-enabled":"default","ast-page-background-meta":{"desktop":{"background-color":"var(--ast-global-color-4)","background-image":"","background-repeat":"repeat","background-position":"center center","background-size":"auto","background-attachment":"scroll","background-type":"","background-media":"","overlay-type":"","overlay-color":"","overlay-opacity":"","overlay-gradient":""},"tablet":{"background-color":"","background-image":"","background-repeat":"repeat","background-position":"center center","background-size":"auto","background-attachment":"scroll","background-type":"","background-media":"","overlay-type":"","overlay-color":"","overlay-opacity":"","overlay-gradient":""},"mobile":{"background-color":"","background-image":"","background-repeat":"repeat","background-position":"center center","background-size":"auto","background-attachment":"scroll","background-type":"","background-media":"","overlay-type":"","overlay-color":"","overlay-opacity":"","overlay-gradient":""}},"ast-content-background-meta":{"desktop":{"background-color":"var(--ast-global-color-5)","background-image":"","background-repeat":"repeat","background-position":"center center","background-size":"auto","background-attachment":"scroll","background-type":"","background-media":"","overlay-type":"","overlay-color":"","overlay-opacity":"","overlay-gradient":""},"tablet":{"background-color":"var(--ast-global-color-5)","background-image":"","background-repeat":"repeat","background-position":"center center","background-size":"auto","background-attachment":"scroll","background-type":"","background-media":"","overlay-type":"","overlay-color":"","overlay-opacity":"","overlay-gradient":""},"mobile":{"background-color":"var(--ast-global-color-5)","background-image":"","background-repeat":"repeat","background-position":"center center","background-size":"auto","background-attachment":"scroll","background-type":"","background-media":"","overlay-type":"","overlay-color":"","overlay-opacity":"","overlay-gradient":""}}},"product_cat":[3542,3550],"product_tag":[1197,1103,1115,1023,1920,1022,1011],"yoast_head":"<!-- This site is optimized with the Yoast SEO plugin v20.8 - https:\/\/yoast.com\/wordpress\/plugins\/seo\/ -->\n<title>Ancienne Coupe \u00e0 Fruits en C\u00e9ramique de Vallauris - Vintage French Finds<\/title>\n<meta name=\"description\" content=\"The best of French vintage delivered to your doorstep direct from France : fashion, furniture, decoration, table art, curiosities, collections and art work.\" \/>\n<meta name=\"robots\" content=\"index, follow, max-snippet:-1, max-image-preview:large, max-video-preview:-1\" \/>\n<link rel=\"canonical\" href=\"https:\/\/vintagefrenchfinds.com\/en\/product\/ancienne-coupe-a-fruits-en-ceramique-de-vallauris\/\" \/>\n<meta property=\"og:locale\" content=\"en_GB\" \/>\n<meta property=\"og:type\" content=\"article\" \/>\n<meta property=\"og:title\" content=\"Ancienne Coupe \u00e0 Fruits en C\u00e9ramique de Vallauris - Vintage French Finds\" \/>\n<meta property=\"og:description\" content=\"The best of French vintage delivered to your doorstep direct from France : fashion, furniture, decoration, table art, curiosities, collections and art work.\" \/>\n<meta property=\"og:url\" content=\"https:\/\/vintagefrenchfinds.com\/en\/product\/ancienne-coupe-a-fruits-en-ceramique-de-vallauris\/\" \/>\n<meta property=\"og:site_name\" content=\"Vintage French Finds\" \/>\n<meta property=\"article:modified_time\" content=\"2025-05-21T19:03:38+00:00\" \/>\n<meta property=\"og:image\" content=\"https:\/\/vintagefrenchfinds.com\/wp-content\/uploads\/2024\/11\/DSCN1284.jpg\" \/>\n\t<meta property=\"og:image:width\" content=\"886\" \/>\n\t<meta property=\"og:image:height\" content=\"797\" \/>\n\t<meta property=\"og:image:type\" content=\"image\/jpeg\" \/>\n<meta name=\"twitter:card\" content=\"summary_large_image\" \/>\n<meta name=\"twitter:label1\" content=\"Estimated reading time\" \/>\n\t<meta name=\"twitter:data1\" content=\"1 minute\" \/>\n<script type=\"application\/ld+json\" class=\"yoast-schema-graph\">{\"@context\":\"https:\/\/schema.org\",\"@graph\":[{\"@type\":\"WebPage\",\"@id\":\"https:\/\/vintagefrenchfinds.com\/product\/ancienne-coupe-a-fruits-en-ceramique-de-vallauris\",\"url\":\"https:\/\/vintagefrenchfinds.com\/product\/ancienne-coupe-a-fruits-en-ceramique-de-vallauris\",\"name\":\"Ancienne Coupe \u00e0 Fruits en C\u00e9ramique de Vallauris - Vintage French Finds\",\"isPartOf\":{\"@id\":\"https:\/\/vintagefrenchfinds.com\/#website\"},\"datePublished\":\"2024-11-09T17:56:15+00:00\",\"dateModified\":\"2025-05-21T19:03:38+00:00\",\"description\":\"The best of French vintage delivered to your doorstep direct from France : fashion, furniture, decoration, table art, curiosities, collections and art work.\",\"breadcrumb\":{\"@id\":\"https:\/\/vintagefrenchfinds.com\/product\/ancienne-coupe-a-fruits-en-ceramique-de-vallauris#breadcrumb\"},\"inLanguage\":\"en-GB\",\"potentialAction\":[{\"@type\":\"ReadAction\",\"target\":[\"https:\/\/vintagefrenchfinds.com\/product\/ancienne-coupe-a-fruits-en-ceramique-de-vallauris\"]}]},{\"@type\":\"BreadcrumbList\",\"@id\":\"https:\/\/vintagefrenchfinds.com\/product\/ancienne-coupe-a-fruits-en-ceramique-de-vallauris#breadcrumb\",\"itemListElement\":[{\"@type\":\"ListItem\",\"position\":1,\"name\":\"Home\",\"item\":\"https:\/\/vintagefrenchfinds.com\/\"},{\"@type\":\"ListItem\",\"position\":2,\"name\":\"BOUTIQUE\",\"item\":\"https:\/\/vintagefrenchfinds.com\/shop\"},{\"@type\":\"ListItem\",\"position\":3,\"name\":\"Ancienne Coupe \u00e0 Fruits en C\u00e9ramique de Vallauris\"}]},{\"@type\":\"WebSite\",\"@id\":\"https:\/\/vintagefrenchfinds.com\/#website\",\"url\":\"https:\/\/vintagefrenchfinds.com\/\",\"name\":\"Vintage French Finds\",\"description\":\"The best of French vintage delivered to your doorstep direct from France : fashion, furniture, decoration, table art, curiosities, collections and art work.\",\"potentialAction\":[{\"@type\":\"SearchAction\",\"target\":{\"@type\":\"EntryPoint\",\"urlTemplate\":\"https:\/\/vintagefrenchfinds.com\/?s={search_term_string}\"},\"query-input\":\"required name=search_term_string\"}],\"inLanguage\":\"en-GB\"}]}<\/script>\n<!-- \/ Yoast SEO plugin. -->","yoast_head_json":{"title":"Ancienne Coupe \u00e0 Fruits en C\u00e9ramique de Vallauris - Vintage French Finds","description":"The best of French vintage delivered to your doorstep direct from France : fashion, furniture, decoration, table art, curiosities, collections and art work.","robots":{"index":"index","follow":"follow","max-snippet":"max-snippet:-1","max-image-preview":"max-image-preview:large","max-video-preview":"max-video-preview:-1"},"canonical":"https:\/\/vintagefrenchfinds.com\/en\/product\/ancienne-coupe-a-fruits-en-ceramique-de-vallauris\/","og_locale":"en_GB","og_type":"article","og_title":"Ancienne Coupe \u00e0 Fruits en C\u00e9ramique de Vallauris - Vintage French Finds","og_description":"The best of French vintage delivered to your doorstep direct from France : fashion, furniture, decoration, table art, curiosities, collections and art work.","og_url":"https:\/\/vintagefrenchfinds.com\/en\/product\/ancienne-coupe-a-fruits-en-ceramique-de-vallauris\/","og_site_name":"Vintage French Finds","article_modified_time":"2025-05-21T19:03:38+00:00","og_image":[{"width":886,"height":797,"url":"https:\/\/vintagefrenchfinds.com\/wp-content\/uploads\/2024\/11\/DSCN1284.jpg","type":"image\/jpeg"}],"twitter_card":"summary_large_image","twitter_misc":{"Estimated reading time":"1 minute"},"schema":{"@context":"https:\/\/schema.org","@graph":[{"@type":"WebPage","@id":"https:\/\/vintagefrenchfinds.com\/product\/ancienne-coupe-a-fruits-en-ceramique-de-vallauris","url":"https:\/\/vintagefrenchfinds.com\/product\/ancienne-coupe-a-fruits-en-ceramique-de-vallauris","name":"Ancienne Coupe \u00e0 Fruits en C\u00e9ramique de Vallauris - Vintage French Finds","isPartOf":{"@id":"https:\/\/vintagefrenchfinds.com\/#website"},"datePublished":"2024-11-09T17:56:15+00:00","dateModified":"2025-05-21T19:03:38+00:00","description":"The best of French vintage delivered to your doorstep direct from France : fashion, furniture, decoration, table art, curiosities, collections and art work.","breadcrumb":{"@id":"https:\/\/vintagefrenchfinds.com\/product\/ancienne-coupe-a-fruits-en-ceramique-de-vallauris#breadcrumb"},"inLanguage":"en-GB","potentialAction":[{"@type":"ReadAction","target":["https:\/\/vintagefrenchfinds.com\/product\/ancienne-coupe-a-fruits-en-ceramique-de-vallauris"]}]},{"@type":"BreadcrumbList","@id":"https:\/\/vintagefrenchfinds.com\/product\/ancienne-coupe-a-fruits-en-ceramique-de-vallauris#breadcrumb","itemListElement":[{"@type":"ListItem","position":1,"name":"Home","item":"https:\/\/vintagefrenchfinds.com\/"},{"@type":"ListItem","position":2,"name":"BOUTIQUE","item":"https:\/\/vintagefrenchfinds.com\/shop"},{"@type":"ListItem","position":3,"name":"Ancienne Coupe \u00e0 Fruits en C\u00e9ramique de Vallauris"}]},{"@type":"WebSite","@id":"https:\/\/vintagefrenchfinds.com\/#website","url":"https:\/\/vintagefrenchfinds.com\/","name":"Vintage French Finds\u00a0","description":"The best of French vintage delivered to your doorstep direct from France : fashion, furniture, decoration, table art, curiosities, collections and art work.","potentialAction":[{"@type":"SearchAction","target":{"@type":"EntryPoint","urlTemplate":"https:\/\/vintagefrenchfinds.com\/?s={search_term_string}"},"query-input":"required name=search_term_string"}],"inLanguage":"en-GB"}]}},"post_mailing_queue_ids":[],"_links":{"self":[{"href":"https:\/\/vintagefrenchfinds.com\/en\/wp-json\/wp\/v2\/product\/27026"}],"collection":[{"href":"https:\/\/vintagefrenchfinds.com\/en\/wp-json\/wp\/v2\/product"}],"about":[{"href":"https:\/\/vintagefrenchfinds.com\/en\/wp-json\/wp\/v2\/types\/product"}],"wp:featuredmedia":[{"embeddable":true,"href":"https:\/\/vintagefrenchfinds.com\/en\/wp-json\/wp\/v2\/media\/27027"}],"wp:attachment":[{"href":"https:\/\/vintagefrenchfinds.com\/en\/wp-json\/wp\/v2\/media?parent=27026"}],"wp:term":[{"taxonomy":"product_cat","embeddable":true,"href":"https:\/\/vintagefrenchfinds.com\/en\/wp-json\/wp\/v2\/product_cat?post=27026"},{"taxonomy":"product_tag","embeddable":true,"href":"https:\/\/vintagefrenchfinds.com\/en\/wp-json\/wp\/v2\/product_tag?post=27026"}],"curies":[{"name":"wp","href":"https:\/\/api.w.org\/{rel}","templated":true}]}}