{"id":27446,"date":"2025-01-15T11:38:48","date_gmt":"2025-01-15T11:38:48","guid":{"rendered":"https:\/\/vintagefrenchfinds.com\/?post_type=product&#038;p=27446"},"modified":"2025-03-24T16:45:18","modified_gmt":"2025-03-24T16:45:18","slug":"ancien-serviteur-de-cheminee-en-fer-forge-laiton","status":"publish","type":"product","link":"https:\/\/vintagefrenchfinds.com\/en\/product\/ancien-serviteur-de-cheminee-en-fer-forge-laiton","title":{"rendered":"Ancien Serviteur de Chemin\u00e9e en Fer Forg\u00e9 &#038; Laiton"},"content":{"rendered":"<p><span style=\"font-weight: 400;\">Apportez charme et authenticit\u00e9 \u00e0 votre espace de vie avec ce serviteur de chemin\u00e9e vintage en fer forg\u00e9.\u00a0<\/span><\/p>\n<p><span style=\"font-weight: 400;\">Alliant style r\u00e9tro et praticit\u00e9, cet accessoire incontournable est con\u00e7u pour sublimer votre foyer tout en assurant un entretien optimal.\u00a0<\/span><\/p>\n<p><span style=\"font-weight: 400;\">Compos\u00e9 de trois outils essentiels \u2013 pelle, balai, pince\u2013 chaque pi\u00e8ce est forg\u00e9e pour une robustesse et une prise en main confortable.\u00a0<\/span><\/p>\n<p><span style=\"font-weight: 400;\">Le design sobre rehauss\u00e9 d\u2019une boule en laiton, en fait un v\u00e9ritable objet de d\u00e9coration, rappelant les foyers d&rsquo;autrefois tout en restant pratique pour un usage quotidien.<\/span><\/p>\n<p><span style=\"font-weight: 400;\">Ce serviteur de chemin\u00e9e s&rsquo;int\u00e8gre aussi bien dans une maison de campagne que dans un int\u00e9rieur contemporain souhaitant une touche d\u2019authenticit\u00e9.\u00a0<\/span><\/p>\n<p><span style=\"font-weight: 400;\">H 66,5 cm. <\/span><\/p>","protected":false},"excerpt":{"rendered":"<p>Apportez charme et authenticit\u00e9 \u00e0 votre espace de vie avec ce serviteur de chemin\u00e9e vintage en fer forg\u00e9.\u00a0 Alliant style r\u00e9tro et praticit\u00e9, cet accessoire incontournable est con\u00e7u pour sublimer votre foyer tout en assurant un entretien optimal.\u00a0 Compos\u00e9 de trois outils essentiels \u2013 pelle, balai, pince\u2013 chaque pi\u00e8ce est forg\u00e9e pour une robustesse et [&hellip;]<\/p>\n","protected":false},"featured_media":27447,"template":"","meta":{"site-sidebar-layout":"default","site-content-layout":"default","ast-site-content-layout":"default","site-content-style":"default","site-sidebar-style":"default","ast-global-header-display":"","ast-banner-title-visibility":"","ast-main-header-display":"","ast-hfb-above-header-display":"","ast-hfb-below-header-display":"","ast-hfb-mobile-header-display":"","site-post-title":"","ast-breadcrumbs-content":"","ast-featured-img":"","footer-sml-layout":"","ast-disable-related-posts":"","theme-transparent-header-meta":"default","adv-header-id-meta":"","stick-header-meta":"","header-above-stick-meta":"","header-main-stick-meta":"","header-below-stick-meta":"","astra-migrate-meta-layouts":"set","ast-page-background-enabled":"default","ast-page-background-meta":{"desktop":{"background-color":"var(--ast-global-color-4)","background-image":"","background-repeat":"repeat","background-position":"center center","background-size":"auto","background-attachment":"scroll","background-type":"","background-media":"","overlay-type":"","overlay-color":"","overlay-opacity":"","overlay-gradient":""},"tablet":{"background-color":"","background-image":"","background-repeat":"repeat","background-position":"center center","background-size":"auto","background-attachment":"scroll","background-type":"","background-media":"","overlay-type":"","overlay-color":"","overlay-opacity":"","overlay-gradient":""},"mobile":{"background-color":"","background-image":"","background-repeat":"repeat","background-position":"center center","background-size":"auto","background-attachment":"scroll","background-type":"","background-media":"","overlay-type":"","overlay-color":"","overlay-opacity":"","overlay-gradient":""}},"ast-content-background-meta":{"desktop":{"background-color":"var(--ast-global-color-5)","background-image":"","background-repeat":"repeat","background-position":"center center","background-size":"auto","background-attachment":"scroll","background-type":"","background-media":"","overlay-type":"","overlay-color":"","overlay-opacity":"","overlay-gradient":""},"tablet":{"background-color":"var(--ast-global-color-5)","background-image":"","background-repeat":"repeat","background-position":"center center","background-size":"auto","background-attachment":"scroll","background-type":"","background-media":"","overlay-type":"","overlay-color":"","overlay-opacity":"","overlay-gradient":""},"mobile":{"background-color":"var(--ast-global-color-5)","background-image":"","background-repeat":"repeat","background-position":"center center","background-size":"auto","background-attachment":"scroll","background-type":"","background-media":"","overlay-type":"","overlay-color":"","overlay-opacity":"","overlay-gradient":""}}},"product_cat":[3568,3571],"product_tag":[1081,1197,1079,1224,1253,2824,1011],"yoast_head":"<!-- This site is optimized with the Yoast SEO plugin v20.8 - https:\/\/yoast.com\/wordpress\/plugins\/seo\/ -->\n<title>Ancien Serviteur de Chemin\u00e9e en Fer Forg\u00e9 &amp; Laiton - Vintage French Finds<\/title>\n<meta name=\"description\" content=\"The best of French vintage delivered to your doorstep direct from France : fashion, furniture, decoration, table art, curiosities, collections and art work.\" \/>\n<meta name=\"robots\" content=\"index, follow, max-snippet:-1, max-image-preview:large, max-video-preview:-1\" \/>\n<link rel=\"canonical\" href=\"https:\/\/vintagefrenchfinds.com\/en\/product\/ancien-serviteur-de-cheminee-en-fer-forge-laiton\/\" \/>\n<meta property=\"og:locale\" content=\"en_GB\" \/>\n<meta property=\"og:type\" content=\"article\" \/>\n<meta property=\"og:title\" content=\"Ancien Serviteur de Chemin\u00e9e en Fer Forg\u00e9 &amp; Laiton - Vintage French Finds\" \/>\n<meta property=\"og:description\" content=\"The best of French vintage delivered to your doorstep direct from France : fashion, furniture, decoration, table art, curiosities, collections and art work.\" \/>\n<meta property=\"og:url\" content=\"https:\/\/vintagefrenchfinds.com\/en\/product\/ancien-serviteur-de-cheminee-en-fer-forge-laiton\/\" \/>\n<meta property=\"og:site_name\" content=\"Vintage French Finds\" \/>\n<meta property=\"article:modified_time\" content=\"2025-03-24T16:45:18+00:00\" \/>\n<meta property=\"og:image\" content=\"https:\/\/vintagefrenchfinds.com\/wp-content\/uploads\/2025\/01\/DSCN1358.jpg\" \/>\n\t<meta property=\"og:image:width\" content=\"886\" \/>\n\t<meta property=\"og:image:height\" content=\"886\" \/>\n\t<meta property=\"og:image:type\" content=\"image\/jpeg\" \/>\n<meta name=\"twitter:card\" content=\"summary_large_image\" \/>\n<meta name=\"twitter:label1\" content=\"Estimated reading time\" \/>\n\t<meta name=\"twitter:data1\" content=\"1 minute\" \/>\n<script type=\"application\/ld+json\" class=\"yoast-schema-graph\">{\"@context\":\"https:\/\/schema.org\",\"@graph\":[{\"@type\":\"WebPage\",\"@id\":\"https:\/\/vintagefrenchfinds.com\/product\/ancien-serviteur-de-cheminee-en-fer-forge-laiton\",\"url\":\"https:\/\/vintagefrenchfinds.com\/product\/ancien-serviteur-de-cheminee-en-fer-forge-laiton\",\"name\":\"Ancien Serviteur de Chemin\u00e9e en Fer Forg\u00e9 & Laiton - Vintage French Finds\",\"isPartOf\":{\"@id\":\"https:\/\/vintagefrenchfinds.com\/#website\"},\"datePublished\":\"2025-01-15T11:38:48+00:00\",\"dateModified\":\"2025-03-24T16:45:18+00:00\",\"description\":\"The best of French vintage delivered to your doorstep direct from France : fashion, furniture, decoration, table art, curiosities, collections and art work.\",\"breadcrumb\":{\"@id\":\"https:\/\/vintagefrenchfinds.com\/product\/ancien-serviteur-de-cheminee-en-fer-forge-laiton#breadcrumb\"},\"inLanguage\":\"en-GB\",\"potentialAction\":[{\"@type\":\"ReadAction\",\"target\":[\"https:\/\/vintagefrenchfinds.com\/product\/ancien-serviteur-de-cheminee-en-fer-forge-laiton\"]}]},{\"@type\":\"BreadcrumbList\",\"@id\":\"https:\/\/vintagefrenchfinds.com\/product\/ancien-serviteur-de-cheminee-en-fer-forge-laiton#breadcrumb\",\"itemListElement\":[{\"@type\":\"ListItem\",\"position\":1,\"name\":\"Home\",\"item\":\"https:\/\/vintagefrenchfinds.com\/\"},{\"@type\":\"ListItem\",\"position\":2,\"name\":\"BOUTIQUE\",\"item\":\"https:\/\/vintagefrenchfinds.com\/shop\"},{\"@type\":\"ListItem\",\"position\":3,\"name\":\"Ancien Serviteur de Chemin\u00e9e en Fer Forg\u00e9 &#038; Laiton\"}]},{\"@type\":\"WebSite\",\"@id\":\"https:\/\/vintagefrenchfinds.com\/#website\",\"url\":\"https:\/\/vintagefrenchfinds.com\/\",\"name\":\"Vintage French Finds\",\"description\":\"The best of French vintage delivered to your doorstep direct from France : fashion, furniture, decoration, table art, curiosities, collections and art work.\",\"potentialAction\":[{\"@type\":\"SearchAction\",\"target\":{\"@type\":\"EntryPoint\",\"urlTemplate\":\"https:\/\/vintagefrenchfinds.com\/?s={search_term_string}\"},\"query-input\":\"required name=search_term_string\"}],\"inLanguage\":\"en-GB\"}]}<\/script>\n<!-- \/ Yoast SEO plugin. -->","yoast_head_json":{"title":"Ancien Serviteur de Chemin\u00e9e en Fer Forg\u00e9 & Laiton - Vintage French Finds","description":"The best of French vintage delivered to your doorstep direct from France : fashion, furniture, decoration, table art, curiosities, collections and art work.","robots":{"index":"index","follow":"follow","max-snippet":"max-snippet:-1","max-image-preview":"max-image-preview:large","max-video-preview":"max-video-preview:-1"},"canonical":"https:\/\/vintagefrenchfinds.com\/en\/product\/ancien-serviteur-de-cheminee-en-fer-forge-laiton\/","og_locale":"en_GB","og_type":"article","og_title":"Ancien Serviteur de Chemin\u00e9e en Fer Forg\u00e9 & Laiton - Vintage French Finds","og_description":"The best of French vintage delivered to your doorstep direct from France : fashion, furniture, decoration, table art, curiosities, collections and art work.","og_url":"https:\/\/vintagefrenchfinds.com\/en\/product\/ancien-serviteur-de-cheminee-en-fer-forge-laiton\/","og_site_name":"Vintage French Finds","article_modified_time":"2025-03-24T16:45:18+00:00","og_image":[{"width":886,"height":886,"url":"https:\/\/vintagefrenchfinds.com\/wp-content\/uploads\/2025\/01\/DSCN1358.jpg","type":"image\/jpeg"}],"twitter_card":"summary_large_image","twitter_misc":{"Estimated reading time":"1 minute"},"schema":{"@context":"https:\/\/schema.org","@graph":[{"@type":"WebPage","@id":"https:\/\/vintagefrenchfinds.com\/product\/ancien-serviteur-de-cheminee-en-fer-forge-laiton","url":"https:\/\/vintagefrenchfinds.com\/product\/ancien-serviteur-de-cheminee-en-fer-forge-laiton","name":"Ancien Serviteur de Chemin\u00e9e en Fer Forg\u00e9 & Laiton - Vintage French Finds","isPartOf":{"@id":"https:\/\/vintagefrenchfinds.com\/#website"},"datePublished":"2025-01-15T11:38:48+00:00","dateModified":"2025-03-24T16:45:18+00:00","description":"The best of French vintage delivered to your doorstep direct from France : fashion, furniture, decoration, table art, curiosities, collections and art work.","breadcrumb":{"@id":"https:\/\/vintagefrenchfinds.com\/product\/ancien-serviteur-de-cheminee-en-fer-forge-laiton#breadcrumb"},"inLanguage":"en-GB","potentialAction":[{"@type":"ReadAction","target":["https:\/\/vintagefrenchfinds.com\/product\/ancien-serviteur-de-cheminee-en-fer-forge-laiton"]}]},{"@type":"BreadcrumbList","@id":"https:\/\/vintagefrenchfinds.com\/product\/ancien-serviteur-de-cheminee-en-fer-forge-laiton#breadcrumb","itemListElement":[{"@type":"ListItem","position":1,"name":"Home","item":"https:\/\/vintagefrenchfinds.com\/"},{"@type":"ListItem","position":2,"name":"BOUTIQUE","item":"https:\/\/vintagefrenchfinds.com\/shop"},{"@type":"ListItem","position":3,"name":"Ancien Serviteur de Chemin\u00e9e en Fer Forg\u00e9 &#038; Laiton"}]},{"@type":"WebSite","@id":"https:\/\/vintagefrenchfinds.com\/#website","url":"https:\/\/vintagefrenchfinds.com\/","name":"Vintage French Finds\u00a0","description":"The best of French vintage delivered to your doorstep direct from France : fashion, furniture, decoration, table art, curiosities, collections and art work.","potentialAction":[{"@type":"SearchAction","target":{"@type":"EntryPoint","urlTemplate":"https:\/\/vintagefrenchfinds.com\/?s={search_term_string}"},"query-input":"required name=search_term_string"}],"inLanguage":"en-GB"}]}},"post_mailing_queue_ids":[],"_links":{"self":[{"href":"https:\/\/vintagefrenchfinds.com\/en\/wp-json\/wp\/v2\/product\/27446"}],"collection":[{"href":"https:\/\/vintagefrenchfinds.com\/en\/wp-json\/wp\/v2\/product"}],"about":[{"href":"https:\/\/vintagefrenchfinds.com\/en\/wp-json\/wp\/v2\/types\/product"}],"wp:featuredmedia":[{"embeddable":true,"href":"https:\/\/vintagefrenchfinds.com\/en\/wp-json\/wp\/v2\/media\/27447"}],"wp:attachment":[{"href":"https:\/\/vintagefrenchfinds.com\/en\/wp-json\/wp\/v2\/media?parent=27446"}],"wp:term":[{"taxonomy":"product_cat","embeddable":true,"href":"https:\/\/vintagefrenchfinds.com\/en\/wp-json\/wp\/v2\/product_cat?post=27446"},{"taxonomy":"product_tag","embeddable":true,"href":"https:\/\/vintagefrenchfinds.com\/en\/wp-json\/wp\/v2\/product_tag?post=27446"}],"curies":[{"name":"wp","href":"https:\/\/api.w.org\/{rel}","templated":true}]}}