{"id":27657,"date":"2025-01-29T09:58:59","date_gmt":"2025-01-29T09:58:59","guid":{"rendered":"https:\/\/vintagefrenchfinds.com\/?post_type=product&#038;p=27657"},"modified":"2025-10-07T13:36:32","modified_gmt":"2025-10-07T13:36:32","slug":"ancien-grand-plat-oval-rheinpfalz-hartporzellan-germany","status":"publish","type":"product","link":"https:\/\/vintagefrenchfinds.com\/en\/product\/ancien-grand-plat-oval-rheinpfalz-hartporzellan-germany","title":{"rendered":"Ancien Grand Plat Oval &#8211; Rheinpfalz Hartporzellan Germany"},"content":{"rendered":"<p><span style=\"font-weight: 400;\">Grand plat vintage de forme ovale en porcelaine blanche avec un marlin orn\u00e9 d\u2019un \u00e9l\u00e9gant d\u00e9cor dor\u00e9.<\/span><\/p>\n<p>&nbsp;<\/p>\n<p><span style=\"font-weight: 400;\">Il est estampill\u00e9 Rheinpfalz Hartporzellan Germany<\/span><\/p>\n<p>&nbsp;<\/p>\n<p><span style=\"font-weight: 400;\">Cette pi\u00e8ce \u00e9pur\u00e9e incarne le raffinement et l\u2019artisanat d\u2019une \u00e9poque r\u00e9volue, o\u00f9 le soin du d\u00e9tail et la qualit\u00e9 primait avant tout.<\/span><\/p>\n<p>&nbsp;<\/p>\n<p><span style=\"font-weight: 400;\">Id\u00e9al pour des d\u00eeners \u00e9l\u00e9gants ou pour compl\u00e9ter un service,\u00a0 afin que chaque repas devienne une exp\u00e9rience unique, empreinte de tradition et de beaut\u00e9.\u00a0<\/span><\/p>\n<p>&nbsp;<\/p>\n<p><span style=\"font-weight: 400;\">Il fera \u00e9galement un beau cadeau de cr\u00e9maill\u00e8re ou de mariage pour des amateurs de l\u2019art de la table.<\/span><\/p>\n<p>&nbsp;<\/p>\n<p><span style=\"font-weight: 400;\">\u00c9galement disponible dans le m\u00eame service\u00a0: des ramequins, des assiettes plates, des assiettes creuses, des assiettes \u00e0 dessert, des assiettes plates, une soupi\u00e8re et un saucier.<\/span><\/p>\n<p>&nbsp;<\/p>\n<p><span style=\"font-weight: 400;\">LO 36,5 x LA 24,5 cm<\/span><\/p>","protected":false},"excerpt":{"rendered":"<p>Grand plat vintage de forme ovale en porcelaine blanche avec un marlin orn\u00e9 d\u2019un \u00e9l\u00e9gant d\u00e9cor dor\u00e9. &nbsp; Il est estampill\u00e9 Rheinpfalz Hartporzellan Germany &nbsp; Cette pi\u00e8ce \u00e9pur\u00e9e incarne le raffinement et l\u2019artisanat d\u2019une \u00e9poque r\u00e9volue, o\u00f9 le soin du d\u00e9tail et la qualit\u00e9 primait avant tout. &nbsp; Id\u00e9al pour des d\u00eeners \u00e9l\u00e9gants ou pour [&hellip;]<\/p>\n","protected":false},"featured_media":27659,"template":"","meta":{"site-sidebar-layout":"default","site-content-layout":"default","ast-site-content-layout":"default","site-content-style":"default","site-sidebar-style":"default","ast-global-header-display":"","ast-banner-title-visibility":"","ast-main-header-display":"","ast-hfb-above-header-display":"","ast-hfb-below-header-display":"","ast-hfb-mobile-header-display":"","site-post-title":"","ast-breadcrumbs-content":"","ast-featured-img":"","footer-sml-layout":"","ast-disable-related-posts":"","theme-transparent-header-meta":"default","adv-header-id-meta":"","stick-header-meta":"","header-above-stick-meta":"","header-main-stick-meta":"","header-below-stick-meta":"","astra-migrate-meta-layouts":"set","ast-page-background-enabled":"default","ast-page-background-meta":{"desktop":{"background-color":"var(--ast-global-color-4)","background-image":"","background-repeat":"repeat","background-position":"center center","background-size":"auto","background-attachment":"scroll","background-type":"","background-media":"","overlay-type":"","overlay-color":"","overlay-opacity":"","overlay-gradient":""},"tablet":{"background-color":"","background-image":"","background-repeat":"repeat","background-position":"center center","background-size":"auto","background-attachment":"scroll","background-type":"","background-media":"","overlay-type":"","overlay-color":"","overlay-opacity":"","overlay-gradient":""},"mobile":{"background-color":"","background-image":"","background-repeat":"repeat","background-position":"center center","background-size":"auto","background-attachment":"scroll","background-type":"","background-media":"","overlay-type":"","overlay-color":"","overlay-opacity":"","overlay-gradient":""}},"ast-content-background-meta":{"desktop":{"background-color":"var(--ast-global-color-5)","background-image":"","background-repeat":"repeat","background-position":"center center","background-size":"auto","background-attachment":"scroll","background-type":"","background-media":"","overlay-type":"","overlay-color":"","overlay-opacity":"","overlay-gradient":""},"tablet":{"background-color":"var(--ast-global-color-5)","background-image":"","background-repeat":"repeat","background-position":"center center","background-size":"auto","background-attachment":"scroll","background-type":"","background-media":"","overlay-type":"","overlay-color":"","overlay-opacity":"","overlay-gradient":""},"mobile":{"background-color":"var(--ast-global-color-5)","background-image":"","background-repeat":"repeat","background-position":"center center","background-size":"auto","background-attachment":"scroll","background-type":"","background-media":"","overlay-type":"","overlay-color":"","overlay-opacity":"","overlay-gradient":""}}},"product_cat":[3542,3544],"product_tag":[1197,1115,1845,1457,1920,3510,1543,1731,1211,3512,1011],"yoast_head":"<!-- This site is optimized with the Yoast SEO plugin v20.8 - https:\/\/yoast.com\/wordpress\/plugins\/seo\/ -->\n<title>Ancien Grand Plat Oval - Rheinpfalz Hartporzellan Germany - Vintage French Finds<\/title>\n<meta name=\"description\" content=\"The best of French vintage delivered to your doorstep direct from France : fashion, furniture, decoration, table art, curiosities, collections and art work.\" \/>\n<meta name=\"robots\" content=\"index, follow, max-snippet:-1, max-image-preview:large, max-video-preview:-1\" \/>\n<link rel=\"canonical\" href=\"https:\/\/vintagefrenchfinds.com\/en\/product\/ancien-grand-plat-oval-rheinpfalz-hartporzellan-germany\/\" \/>\n<meta property=\"og:locale\" content=\"en_GB\" \/>\n<meta property=\"og:type\" content=\"article\" \/>\n<meta property=\"og:title\" content=\"Ancien Grand Plat Oval - Rheinpfalz Hartporzellan Germany - Vintage French Finds\" \/>\n<meta property=\"og:description\" content=\"The best of French vintage delivered to your doorstep direct from France : fashion, furniture, decoration, table art, curiosities, collections and art work.\" \/>\n<meta property=\"og:url\" content=\"https:\/\/vintagefrenchfinds.com\/en\/product\/ancien-grand-plat-oval-rheinpfalz-hartporzellan-germany\/\" \/>\n<meta property=\"og:site_name\" content=\"Vintage French Finds\" \/>\n<meta property=\"article:modified_time\" content=\"2025-10-07T13:36:32+00:00\" \/>\n<meta property=\"og:image\" content=\"https:\/\/vintagefrenchfinds.com\/wp-content\/uploads\/2025\/01\/DSCN1759-e1738144855818.jpg\" \/>\n\t<meta property=\"og:image:width\" content=\"886\" \/>\n\t<meta property=\"og:image:height\" content=\"584\" \/>\n\t<meta property=\"og:image:type\" content=\"image\/jpeg\" \/>\n<meta name=\"twitter:card\" content=\"summary_large_image\" \/>\n<meta name=\"twitter:label1\" content=\"Estimated reading time\" \/>\n\t<meta name=\"twitter:data1\" content=\"1 minute\" \/>\n<script type=\"application\/ld+json\" class=\"yoast-schema-graph\">{\"@context\":\"https:\/\/schema.org\",\"@graph\":[{\"@type\":\"WebPage\",\"@id\":\"https:\/\/vintagefrenchfinds.com\/product\/ancien-grand-plat-oval-rheinpfalz-hartporzellan-germany\",\"url\":\"https:\/\/vintagefrenchfinds.com\/product\/ancien-grand-plat-oval-rheinpfalz-hartporzellan-germany\",\"name\":\"Ancien Grand Plat Oval - Rheinpfalz Hartporzellan Germany - Vintage French Finds\",\"isPartOf\":{\"@id\":\"https:\/\/vintagefrenchfinds.com\/#website\"},\"datePublished\":\"2025-01-29T09:58:59+00:00\",\"dateModified\":\"2025-10-07T13:36:32+00:00\",\"description\":\"The best of French vintage delivered to your doorstep direct from France : fashion, furniture, decoration, table art, curiosities, collections and art work.\",\"breadcrumb\":{\"@id\":\"https:\/\/vintagefrenchfinds.com\/product\/ancien-grand-plat-oval-rheinpfalz-hartporzellan-germany#breadcrumb\"},\"inLanguage\":\"en-GB\",\"potentialAction\":[{\"@type\":\"ReadAction\",\"target\":[\"https:\/\/vintagefrenchfinds.com\/product\/ancien-grand-plat-oval-rheinpfalz-hartporzellan-germany\"]}]},{\"@type\":\"BreadcrumbList\",\"@id\":\"https:\/\/vintagefrenchfinds.com\/product\/ancien-grand-plat-oval-rheinpfalz-hartporzellan-germany#breadcrumb\",\"itemListElement\":[{\"@type\":\"ListItem\",\"position\":1,\"name\":\"Home\",\"item\":\"https:\/\/vintagefrenchfinds.com\/\"},{\"@type\":\"ListItem\",\"position\":2,\"name\":\"BOUTIQUE\",\"item\":\"https:\/\/vintagefrenchfinds.com\/shop\"},{\"@type\":\"ListItem\",\"position\":3,\"name\":\"Ancien Grand Plat Oval &#8211; Rheinpfalz Hartporzellan Germany\"}]},{\"@type\":\"WebSite\",\"@id\":\"https:\/\/vintagefrenchfinds.com\/#website\",\"url\":\"https:\/\/vintagefrenchfinds.com\/\",\"name\":\"Vintage French Finds\",\"description\":\"The best of French vintage delivered to your doorstep direct from France : fashion, furniture, decoration, table art, curiosities, collections and art work.\",\"potentialAction\":[{\"@type\":\"SearchAction\",\"target\":{\"@type\":\"EntryPoint\",\"urlTemplate\":\"https:\/\/vintagefrenchfinds.com\/?s={search_term_string}\"},\"query-input\":\"required name=search_term_string\"}],\"inLanguage\":\"en-GB\"}]}<\/script>\n<!-- \/ Yoast SEO plugin. -->","yoast_head_json":{"title":"Ancien Grand Plat Oval - Rheinpfalz Hartporzellan Germany - Vintage French Finds","description":"The best of French vintage delivered to your doorstep direct from France : fashion, furniture, decoration, table art, curiosities, collections and art work.","robots":{"index":"index","follow":"follow","max-snippet":"max-snippet:-1","max-image-preview":"max-image-preview:large","max-video-preview":"max-video-preview:-1"},"canonical":"https:\/\/vintagefrenchfinds.com\/en\/product\/ancien-grand-plat-oval-rheinpfalz-hartporzellan-germany\/","og_locale":"en_GB","og_type":"article","og_title":"Ancien Grand Plat Oval - Rheinpfalz Hartporzellan Germany - Vintage French Finds","og_description":"The best of French vintage delivered to your doorstep direct from France : fashion, furniture, decoration, table art, curiosities, collections and art work.","og_url":"https:\/\/vintagefrenchfinds.com\/en\/product\/ancien-grand-plat-oval-rheinpfalz-hartporzellan-germany\/","og_site_name":"Vintage French Finds","article_modified_time":"2025-10-07T13:36:32+00:00","og_image":[{"width":886,"height":584,"url":"https:\/\/vintagefrenchfinds.com\/wp-content\/uploads\/2025\/01\/DSCN1759-e1738144855818.jpg","type":"image\/jpeg"}],"twitter_card":"summary_large_image","twitter_misc":{"Estimated reading time":"1 minute"},"schema":{"@context":"https:\/\/schema.org","@graph":[{"@type":"WebPage","@id":"https:\/\/vintagefrenchfinds.com\/product\/ancien-grand-plat-oval-rheinpfalz-hartporzellan-germany","url":"https:\/\/vintagefrenchfinds.com\/product\/ancien-grand-plat-oval-rheinpfalz-hartporzellan-germany","name":"Ancien Grand Plat Oval - Rheinpfalz Hartporzellan Germany - Vintage French Finds","isPartOf":{"@id":"https:\/\/vintagefrenchfinds.com\/#website"},"datePublished":"2025-01-29T09:58:59+00:00","dateModified":"2025-10-07T13:36:32+00:00","description":"The best of French vintage delivered to your doorstep direct from France : fashion, furniture, decoration, table art, curiosities, collections and art work.","breadcrumb":{"@id":"https:\/\/vintagefrenchfinds.com\/product\/ancien-grand-plat-oval-rheinpfalz-hartporzellan-germany#breadcrumb"},"inLanguage":"en-GB","potentialAction":[{"@type":"ReadAction","target":["https:\/\/vintagefrenchfinds.com\/product\/ancien-grand-plat-oval-rheinpfalz-hartporzellan-germany"]}]},{"@type":"BreadcrumbList","@id":"https:\/\/vintagefrenchfinds.com\/product\/ancien-grand-plat-oval-rheinpfalz-hartporzellan-germany#breadcrumb","itemListElement":[{"@type":"ListItem","position":1,"name":"Home","item":"https:\/\/vintagefrenchfinds.com\/"},{"@type":"ListItem","position":2,"name":"BOUTIQUE","item":"https:\/\/vintagefrenchfinds.com\/shop"},{"@type":"ListItem","position":3,"name":"Ancien Grand Plat Oval &#8211; Rheinpfalz Hartporzellan Germany"}]},{"@type":"WebSite","@id":"https:\/\/vintagefrenchfinds.com\/#website","url":"https:\/\/vintagefrenchfinds.com\/","name":"Vintage French Finds\u00a0","description":"The best of French vintage delivered to your doorstep direct from France : fashion, furniture, decoration, table art, curiosities, collections and art work.","potentialAction":[{"@type":"SearchAction","target":{"@type":"EntryPoint","urlTemplate":"https:\/\/vintagefrenchfinds.com\/?s={search_term_string}"},"query-input":"required name=search_term_string"}],"inLanguage":"en-GB"}]}},"post_mailing_queue_ids":[],"_links":{"self":[{"href":"https:\/\/vintagefrenchfinds.com\/en\/wp-json\/wp\/v2\/product\/27657"}],"collection":[{"href":"https:\/\/vintagefrenchfinds.com\/en\/wp-json\/wp\/v2\/product"}],"about":[{"href":"https:\/\/vintagefrenchfinds.com\/en\/wp-json\/wp\/v2\/types\/product"}],"wp:featuredmedia":[{"embeddable":true,"href":"https:\/\/vintagefrenchfinds.com\/en\/wp-json\/wp\/v2\/media\/27659"}],"wp:attachment":[{"href":"https:\/\/vintagefrenchfinds.com\/en\/wp-json\/wp\/v2\/media?parent=27657"}],"wp:term":[{"taxonomy":"product_cat","embeddable":true,"href":"https:\/\/vintagefrenchfinds.com\/en\/wp-json\/wp\/v2\/product_cat?post=27657"},{"taxonomy":"product_tag","embeddable":true,"href":"https:\/\/vintagefrenchfinds.com\/en\/wp-json\/wp\/v2\/product_tag?post=27657"}],"curies":[{"name":"wp","href":"https:\/\/api.w.org\/{rel}","templated":true}]}}