{"id":28284,"date":"2025-02-24T12:31:19","date_gmt":"2025-02-24T12:31:19","guid":{"rendered":"https:\/\/vintagefrenchfinds.com\/?post_type=product&#038;p=28284"},"modified":"2025-04-02T14:19:28","modified_gmt":"2025-04-02T14:19:28","slug":"ancienne-chope-en-gres-beu-de-betschdorf","status":"publish","type":"product","link":"https:\/\/vintagefrenchfinds.com\/en\/product\/ancienne-chope-en-gres-beu-de-betschdorf","title":{"rendered":"Ancienne Chope en Gr\u00e8s Bleu de Betschdorf"},"content":{"rendered":"<p><span style=\"font-weight: 400;\">Plongez dans l\u2019authenticit\u00e9 alsacienne avec cette belle chope \u00e0 bi\u00e8re vintage en gr\u00e8s de Betschdorf, un v\u00e9ritable symbole du savoir-faire artisanal.\u00a0<\/span><\/p>\n<p><span style=\"font-weight: 400;\">Fabriqu\u00e9e selon des techniques ancestrales, cette chope est con\u00e7ue en gr\u00e8s saltglazed (\u00e9maill\u00e9 au sel), un <\/span><span style=\"font-weight: 400;\">proc\u00e9d\u00e9 introduit par potiers du<\/span><b>\u00a0<\/b><span style=\"font-weight: 400;\">Westerwald<\/span><b>\u00a0 <\/b><span style=\"font-weight: 400;\">\u00e0 Betschdorf au d\u00e9but du XVIIIe si\u00e8cle.<\/span><\/p>\n<p><span style=\"font-weight: 400;\">Il lui conf\u00e8re son aspect typique gris bleut\u00e9 et une grande robustesse.<\/span><\/p>\n<p><span style=\"font-weight: 400;\">Son d\u00e9cor traditionnel, souvent orn\u00e9 de motifs floraux, de sc\u00e8nes folkloriques ou de blasons, est appliqu\u00e9 \u00e0 la main, rendant chaque pi\u00e8ce unique.\u00a0<\/span><\/p>\n<p><span style=\"font-weight: 400;\">Gr\u00e2ce \u00e0 ses propri\u00e9t\u00e9s thermiques, elle conserve id\u00e9alement la fra\u00eecheur de votre bi\u00e8re, pour une d\u00e9gustation des plus agr\u00e9ables.<\/span><\/p>\n<p><span style=\"font-weight: 400;\">On trouve une signature ou inscription sur le socle.<\/span><\/p>\n<p><span style=\"font-weight: 400;\">Que vous soyez amateur de bi\u00e8res artisanales ou collectionneur d\u2019objets alsaciens, ce r\u00e9cipient apportera une touche d\u2019authenticit\u00e9 et d\u2019\u00e9l\u00e9gance \u00e0 votre table.\u00a0<\/span><\/p>\n<p><span style=\"font-weight: 400;\">H 12,5 x D 7,5 cm<\/span><\/p>","protected":false},"excerpt":{"rendered":"<p>Plongez dans l\u2019authenticit\u00e9 alsacienne avec cette belle chope \u00e0 bi\u00e8re vintage en gr\u00e8s de Betschdorf, un v\u00e9ritable symbole du savoir-faire artisanal.\u00a0 Fabriqu\u00e9e selon des techniques ancestrales, cette chope est con\u00e7ue en gr\u00e8s saltglazed (\u00e9maill\u00e9 au sel), un proc\u00e9d\u00e9 introduit par potiers du\u00a0Westerwald\u00a0 \u00e0 Betschdorf au d\u00e9but du XVIIIe si\u00e8cle. Il lui conf\u00e8re son aspect typique [&hellip;]<\/p>\n","protected":false},"featured_media":28285,"template":"","meta":{"site-sidebar-layout":"default","site-content-layout":"","ast-site-content-layout":"default","site-content-style":"default","site-sidebar-style":"default","ast-global-header-display":"","ast-banner-title-visibility":"","ast-main-header-display":"","ast-hfb-above-header-display":"","ast-hfb-below-header-display":"","ast-hfb-mobile-header-display":"","site-post-title":"","ast-breadcrumbs-content":"","ast-featured-img":"","footer-sml-layout":"","ast-disable-related-posts":"","theme-transparent-header-meta":"default","adv-header-id-meta":"","stick-header-meta":"","header-above-stick-meta":"","header-main-stick-meta":"","header-below-stick-meta":"","astra-migrate-meta-layouts":"set","ast-page-background-enabled":"default","ast-page-background-meta":{"desktop":{"background-color":"var(--ast-global-color-4)","background-image":"","background-repeat":"repeat","background-position":"center center","background-size":"auto","background-attachment":"scroll","background-type":"","background-media":"","overlay-type":"","overlay-color":"","overlay-opacity":"","overlay-gradient":""},"tablet":{"background-color":"","background-image":"","background-repeat":"repeat","background-position":"center center","background-size":"auto","background-attachment":"scroll","background-type":"","background-media":"","overlay-type":"","overlay-color":"","overlay-opacity":"","overlay-gradient":""},"mobile":{"background-color":"","background-image":"","background-repeat":"repeat","background-position":"center center","background-size":"auto","background-attachment":"scroll","background-type":"","background-media":"","overlay-type":"","overlay-color":"","overlay-opacity":"","overlay-gradient":""}},"ast-content-background-meta":{"desktop":{"background-color":"var(--ast-global-color-5)","background-image":"","background-repeat":"repeat","background-position":"center center","background-size":"auto","background-attachment":"scroll","background-type":"","background-media":"","overlay-type":"","overlay-color":"","overlay-opacity":"","overlay-gradient":""},"tablet":{"background-color":"var(--ast-global-color-5)","background-image":"","background-repeat":"repeat","background-position":"center center","background-size":"auto","background-attachment":"scroll","background-type":"","background-media":"","overlay-type":"","overlay-color":"","overlay-opacity":"","overlay-gradient":""},"mobile":{"background-color":"var(--ast-global-color-5)","background-image":"","background-repeat":"repeat","background-position":"center center","background-size":"auto","background-attachment":"scroll","background-type":"","background-media":"","overlay-type":"","overlay-color":"","overlay-opacity":"","overlay-gradient":""}}},"product_cat":[3542,3553],"product_tag":[1197,1115,1330,3922,1920,1030,2118,1011],"yoast_head":"<!-- This site is optimized with the Yoast SEO plugin v20.8 - https:\/\/yoast.com\/wordpress\/plugins\/seo\/ -->\n<title>Ancienne Chope en Gr\u00e8s Bleu de Betschdorf - Vintage French Finds<\/title>\n<meta name=\"description\" content=\"The best of French vintage delivered to your doorstep direct from France : fashion, furniture, decoration, table art, curiosities, collections and art work.\" \/>\n<meta name=\"robots\" content=\"index, follow, max-snippet:-1, max-image-preview:large, max-video-preview:-1\" \/>\n<link rel=\"canonical\" href=\"https:\/\/vintagefrenchfinds.com\/en\/product\/ancienne-chope-en-gres-beu-de-betschdorf\/\" \/>\n<meta property=\"og:locale\" content=\"en_GB\" \/>\n<meta property=\"og:type\" content=\"article\" \/>\n<meta property=\"og:title\" content=\"Ancienne Chope en Gr\u00e8s Bleu de Betschdorf - Vintage French Finds\" \/>\n<meta property=\"og:description\" content=\"The best of French vintage delivered to your doorstep direct from France : fashion, furniture, decoration, table art, curiosities, collections and art work.\" \/>\n<meta property=\"og:url\" content=\"https:\/\/vintagefrenchfinds.com\/en\/product\/ancienne-chope-en-gres-beu-de-betschdorf\/\" \/>\n<meta property=\"og:site_name\" content=\"Vintage French Finds\" \/>\n<meta property=\"article:modified_time\" content=\"2025-04-02T14:19:28+00:00\" \/>\n<meta property=\"og:image\" content=\"https:\/\/vintagefrenchfinds.com\/wp-content\/uploads\/2025\/02\/DSCN1797.jpg\" \/>\n\t<meta property=\"og:image:width\" content=\"886\" \/>\n\t<meta property=\"og:image:height\" content=\"886\" \/>\n\t<meta property=\"og:image:type\" content=\"image\/jpeg\" \/>\n<meta name=\"twitter:card\" content=\"summary_large_image\" \/>\n<meta name=\"twitter:label1\" content=\"Estimated reading time\" \/>\n\t<meta name=\"twitter:data1\" content=\"1 minute\" \/>\n<script type=\"application\/ld+json\" class=\"yoast-schema-graph\">{\"@context\":\"https:\/\/schema.org\",\"@graph\":[{\"@type\":\"WebPage\",\"@id\":\"https:\/\/vintagefrenchfinds.com\/product\/ancienne-chope-en-gres-beu-de-betschdorf\",\"url\":\"https:\/\/vintagefrenchfinds.com\/product\/ancienne-chope-en-gres-beu-de-betschdorf\",\"name\":\"Ancienne Chope en Gr\u00e8s Bleu de Betschdorf - Vintage French Finds\",\"isPartOf\":{\"@id\":\"https:\/\/vintagefrenchfinds.com\/#website\"},\"datePublished\":\"2025-02-24T12:31:19+00:00\",\"dateModified\":\"2025-04-02T14:19:28+00:00\",\"description\":\"The best of French vintage delivered to your doorstep direct from France : fashion, furniture, decoration, table art, curiosities, collections and art work.\",\"breadcrumb\":{\"@id\":\"https:\/\/vintagefrenchfinds.com\/product\/ancienne-chope-en-gres-beu-de-betschdorf#breadcrumb\"},\"inLanguage\":\"en-GB\",\"potentialAction\":[{\"@type\":\"ReadAction\",\"target\":[\"https:\/\/vintagefrenchfinds.com\/product\/ancienne-chope-en-gres-beu-de-betschdorf\"]}]},{\"@type\":\"BreadcrumbList\",\"@id\":\"https:\/\/vintagefrenchfinds.com\/product\/ancienne-chope-en-gres-beu-de-betschdorf#breadcrumb\",\"itemListElement\":[{\"@type\":\"ListItem\",\"position\":1,\"name\":\"Home\",\"item\":\"https:\/\/vintagefrenchfinds.com\/\"},{\"@type\":\"ListItem\",\"position\":2,\"name\":\"BOUTIQUE\",\"item\":\"https:\/\/vintagefrenchfinds.com\/shop\"},{\"@type\":\"ListItem\",\"position\":3,\"name\":\"Ancienne Chope en Gr\u00e8s Bleu de Betschdorf\"}]},{\"@type\":\"WebSite\",\"@id\":\"https:\/\/vintagefrenchfinds.com\/#website\",\"url\":\"https:\/\/vintagefrenchfinds.com\/\",\"name\":\"Vintage French Finds\",\"description\":\"The best of French vintage delivered to your doorstep direct from France : fashion, furniture, decoration, table art, curiosities, collections and art work.\",\"potentialAction\":[{\"@type\":\"SearchAction\",\"target\":{\"@type\":\"EntryPoint\",\"urlTemplate\":\"https:\/\/vintagefrenchfinds.com\/?s={search_term_string}\"},\"query-input\":\"required name=search_term_string\"}],\"inLanguage\":\"en-GB\"}]}<\/script>\n<!-- \/ Yoast SEO plugin. -->","yoast_head_json":{"title":"Ancienne Chope en Gr\u00e8s Bleu de Betschdorf - Vintage French Finds","description":"The best of French vintage delivered to your doorstep direct from France : fashion, furniture, decoration, table art, curiosities, collections and art work.","robots":{"index":"index","follow":"follow","max-snippet":"max-snippet:-1","max-image-preview":"max-image-preview:large","max-video-preview":"max-video-preview:-1"},"canonical":"https:\/\/vintagefrenchfinds.com\/en\/product\/ancienne-chope-en-gres-beu-de-betschdorf\/","og_locale":"en_GB","og_type":"article","og_title":"Ancienne Chope en Gr\u00e8s Bleu de Betschdorf - Vintage French Finds","og_description":"The best of French vintage delivered to your doorstep direct from France : fashion, furniture, decoration, table art, curiosities, collections and art work.","og_url":"https:\/\/vintagefrenchfinds.com\/en\/product\/ancienne-chope-en-gres-beu-de-betschdorf\/","og_site_name":"Vintage French Finds","article_modified_time":"2025-04-02T14:19:28+00:00","og_image":[{"width":886,"height":886,"url":"https:\/\/vintagefrenchfinds.com\/wp-content\/uploads\/2025\/02\/DSCN1797.jpg","type":"image\/jpeg"}],"twitter_card":"summary_large_image","twitter_misc":{"Estimated reading time":"1 minute"},"schema":{"@context":"https:\/\/schema.org","@graph":[{"@type":"WebPage","@id":"https:\/\/vintagefrenchfinds.com\/product\/ancienne-chope-en-gres-beu-de-betschdorf","url":"https:\/\/vintagefrenchfinds.com\/product\/ancienne-chope-en-gres-beu-de-betschdorf","name":"Ancienne Chope en Gr\u00e8s Bleu de Betschdorf - Vintage French Finds","isPartOf":{"@id":"https:\/\/vintagefrenchfinds.com\/#website"},"datePublished":"2025-02-24T12:31:19+00:00","dateModified":"2025-04-02T14:19:28+00:00","description":"The best of French vintage delivered to your doorstep direct from France : fashion, furniture, decoration, table art, curiosities, collections and art work.","breadcrumb":{"@id":"https:\/\/vintagefrenchfinds.com\/product\/ancienne-chope-en-gres-beu-de-betschdorf#breadcrumb"},"inLanguage":"en-GB","potentialAction":[{"@type":"ReadAction","target":["https:\/\/vintagefrenchfinds.com\/product\/ancienne-chope-en-gres-beu-de-betschdorf"]}]},{"@type":"BreadcrumbList","@id":"https:\/\/vintagefrenchfinds.com\/product\/ancienne-chope-en-gres-beu-de-betschdorf#breadcrumb","itemListElement":[{"@type":"ListItem","position":1,"name":"Home","item":"https:\/\/vintagefrenchfinds.com\/"},{"@type":"ListItem","position":2,"name":"BOUTIQUE","item":"https:\/\/vintagefrenchfinds.com\/shop"},{"@type":"ListItem","position":3,"name":"Ancienne Chope en Gr\u00e8s Bleu de Betschdorf"}]},{"@type":"WebSite","@id":"https:\/\/vintagefrenchfinds.com\/#website","url":"https:\/\/vintagefrenchfinds.com\/","name":"Vintage French Finds\u00a0","description":"The best of French vintage delivered to your doorstep direct from France : fashion, furniture, decoration, table art, curiosities, collections and art work.","potentialAction":[{"@type":"SearchAction","target":{"@type":"EntryPoint","urlTemplate":"https:\/\/vintagefrenchfinds.com\/?s={search_term_string}"},"query-input":"required name=search_term_string"}],"inLanguage":"en-GB"}]}},"post_mailing_queue_ids":[],"_links":{"self":[{"href":"https:\/\/vintagefrenchfinds.com\/en\/wp-json\/wp\/v2\/product\/28284"}],"collection":[{"href":"https:\/\/vintagefrenchfinds.com\/en\/wp-json\/wp\/v2\/product"}],"about":[{"href":"https:\/\/vintagefrenchfinds.com\/en\/wp-json\/wp\/v2\/types\/product"}],"wp:featuredmedia":[{"embeddable":true,"href":"https:\/\/vintagefrenchfinds.com\/en\/wp-json\/wp\/v2\/media\/28285"}],"wp:attachment":[{"href":"https:\/\/vintagefrenchfinds.com\/en\/wp-json\/wp\/v2\/media?parent=28284"}],"wp:term":[{"taxonomy":"product_cat","embeddable":true,"href":"https:\/\/vintagefrenchfinds.com\/en\/wp-json\/wp\/v2\/product_cat?post=28284"},{"taxonomy":"product_tag","embeddable":true,"href":"https:\/\/vintagefrenchfinds.com\/en\/wp-json\/wp\/v2\/product_tag?post=28284"}],"curies":[{"name":"wp","href":"https:\/\/api.w.org\/{rel}","templated":true}]}}