{"id":29463,"date":"2025-03-25T23:39:09","date_gmt":"2025-03-25T23:39:09","guid":{"rendered":"https:\/\/vintagefrenchfinds.com\/?post_type=product&#038;p=29463"},"modified":"2025-11-14T17:01:13","modified_gmt":"2025-11-14T17:01:13","slug":"12-anciennes-assiettes-creuses-en-faience-de-gien-decor-rouen","status":"publish","type":"product","link":"https:\/\/vintagefrenchfinds.com\/en\/product\/12-anciennes-assiettes-creuses-en-faience-de-gien-decor-rouen","title":{"rendered":"12 Anciennes Assiettes Creuses en Fa\u00efence de Gien &#8211; D\u00e9cor Rouen"},"content":{"rendered":"<p><span style=\"font-weight: 400;\">Apportez une touche d\u2019\u00e9l\u00e9gance \u00e0 votre table avec ces magnifiques assiettes creuses vintage de la c\u00e9l\u00e8bre fa\u00efencerie de Gien<\/span><\/p>\n<p>&nbsp;<\/p>\n<p><span style=\"font-weight: 400;\">Ce mod\u00e8le au bords chantourn\u00e9s arbore le d\u00e9cor Rouen\u00a0: <\/span><span style=\"font-weight: 400;\">un m\u00e9daillon au centre et une frise sur le contour de couleur bleu cobalt sur fond blanc.<\/span><\/p>\n<p>&nbsp;<\/p>\n<p><span style=\"font-weight: 400;\">La Fa\u00efencerie de Gien, fond\u00e9e en 1821 par l&rsquo;Anglais Thomas Hall, est l\u2019une des plus prestigieuses manufactures de fa\u00efence en France.<\/span><\/p>\n<p>&nbsp;<\/p>\n<p><span style=\"font-weight: 400;\">Situ\u00e9e \u00e0 Gien, dans le Loiret, elle est r\u00e9put\u00e9e pour son savoir-faire exceptionnel et la richesse de ses d\u00e9cors inspir\u00e9s de l\u2019histoire, de la nature et des traditions fran\u00e7aises.<\/span><\/p>\n<p>&nbsp;<\/p>\n<p><span style=\"font-weight: 400;\">Leur fa\u00efence de haute qualit\u00e9 offre une excellente r\u00e9sistance tout en sublimant vos repas par son charme authentique.<\/span><\/p>\n<p>&nbsp;<\/p>\n<p><span style=\"font-weight: 400;\">Que ce soit pour un usage quotidien ou pour embellir une table de f\u00eate, cette vaisselle s\u00e9duira les amateurs d\u2019arts de la table et les collectionneurs en qu\u00eate d\u2019objets authentiques.<\/span><\/p>\n<p>&nbsp;<\/p>\n<p><span style=\"font-weight: 400;\">\u00c9galement disponibles dans la m\u00eame collection\u00a0: assiettes \u00e0 dessert \u2013 assiettes plates \u2013 plats de pr\u00e9sentation<\/span><\/p>\n<p>&nbsp;<\/p>\n<p><span style=\"font-weight: 400;\">D 25 cm<\/span><\/p>","protected":false},"excerpt":{"rendered":"<p>Apportez une touche d\u2019\u00e9l\u00e9gance \u00e0 votre table avec ces magnifiques assiettes creuses vintage de la c\u00e9l\u00e8bre fa\u00efencerie de Gien &nbsp; Ce mod\u00e8le au bords chantourn\u00e9s arbore le d\u00e9cor Rouen\u00a0: un m\u00e9daillon au centre et une frise sur le contour de couleur bleu cobalt sur fond blanc. &nbsp; La Fa\u00efencerie de Gien, fond\u00e9e en 1821 par [&hellip;]<\/p>\n","protected":false},"featured_media":29468,"template":"","meta":{"site-sidebar-layout":"default","site-content-layout":"default","ast-site-content-layout":"default","site-content-style":"default","site-sidebar-style":"default","ast-global-header-display":"","ast-banner-title-visibility":"","ast-main-header-display":"","ast-hfb-above-header-display":"","ast-hfb-below-header-display":"","ast-hfb-mobile-header-display":"","site-post-title":"","ast-breadcrumbs-content":"","ast-featured-img":"","footer-sml-layout":"","ast-disable-related-posts":"","theme-transparent-header-meta":"default","adv-header-id-meta":"","stick-header-meta":"","header-above-stick-meta":"","header-main-stick-meta":"","header-below-stick-meta":"","astra-migrate-meta-layouts":"set","ast-page-background-enabled":"default","ast-page-background-meta":{"desktop":{"background-color":"var(--ast-global-color-4)","background-image":"","background-repeat":"repeat","background-position":"center center","background-size":"auto","background-attachment":"scroll","background-type":"","background-media":"","overlay-type":"","overlay-color":"","overlay-opacity":"","overlay-gradient":""},"tablet":{"background-color":"","background-image":"","background-repeat":"repeat","background-position":"center center","background-size":"auto","background-attachment":"scroll","background-type":"","background-media":"","overlay-type":"","overlay-color":"","overlay-opacity":"","overlay-gradient":""},"mobile":{"background-color":"","background-image":"","background-repeat":"repeat","background-position":"center center","background-size":"auto","background-attachment":"scroll","background-type":"","background-media":"","overlay-type":"","overlay-color":"","overlay-opacity":"","overlay-gradient":""}},"ast-content-background-meta":{"desktop":{"background-color":"var(--ast-global-color-5)","background-image":"","background-repeat":"repeat","background-position":"center center","background-size":"auto","background-attachment":"scroll","background-type":"","background-media":"","overlay-type":"","overlay-color":"","overlay-opacity":"","overlay-gradient":""},"tablet":{"background-color":"var(--ast-global-color-5)","background-image":"","background-repeat":"repeat","background-position":"center center","background-size":"auto","background-attachment":"scroll","background-type":"","background-media":"","overlay-type":"","overlay-color":"","overlay-opacity":"","overlay-gradient":""},"mobile":{"background-color":"var(--ast-global-color-5)","background-image":"","background-repeat":"repeat","background-position":"center center","background-size":"auto","background-attachment":"scroll","background-type":"","background-media":"","overlay-type":"","overlay-color":"","overlay-opacity":"","overlay-gradient":""}}},"product_cat":[3542,3545],"product_tag":[1197,1115,1845,1184,1578,1330,1920,1062,1223,1011],"yoast_head":"<!-- This site is optimized with the Yoast SEO plugin v20.8 - https:\/\/yoast.com\/wordpress\/plugins\/seo\/ -->\n<title>12 Anciennes Assiettes Creuses en Fa\u00efence de Gien - D\u00e9cor Rouen - Vintage French Finds<\/title>\n<meta name=\"description\" content=\"The best of French vintage delivered to your doorstep direct from France : fashion, furniture, decoration, table art, curiosities, collections and art work.\" \/>\n<meta name=\"robots\" content=\"index, follow, max-snippet:-1, max-image-preview:large, max-video-preview:-1\" \/>\n<link rel=\"canonical\" href=\"https:\/\/vintagefrenchfinds.com\/en\/product\/12-anciennes-assiettes-creuses-en-faience-de-gien-decor-rouen\/\" \/>\n<meta property=\"og:locale\" content=\"en_GB\" \/>\n<meta property=\"og:type\" content=\"article\" \/>\n<meta property=\"og:title\" content=\"12 Anciennes Assiettes Creuses en Fa\u00efence de Gien - D\u00e9cor Rouen - Vintage French Finds\" \/>\n<meta property=\"og:description\" content=\"The best of French vintage delivered to your doorstep direct from France : fashion, furniture, decoration, table art, curiosities, collections and art work.\" \/>\n<meta property=\"og:url\" content=\"https:\/\/vintagefrenchfinds.com\/en\/product\/12-anciennes-assiettes-creuses-en-faience-de-gien-decor-rouen\/\" \/>\n<meta property=\"og:site_name\" content=\"Vintage French Finds\" \/>\n<meta property=\"article:modified_time\" content=\"2025-11-14T17:01:13+00:00\" \/>\n<meta property=\"og:image\" content=\"https:\/\/vintagefrenchfinds.com\/wp-content\/uploads\/2025\/03\/DSCN2077.jpg\" \/>\n\t<meta property=\"og:image:width\" content=\"1181\" \/>\n\t<meta property=\"og:image:height\" content=\"886\" \/>\n\t<meta property=\"og:image:type\" content=\"image\/jpeg\" \/>\n<meta name=\"twitter:card\" content=\"summary_large_image\" \/>\n<meta name=\"twitter:label1\" content=\"Estimated reading time\" \/>\n\t<meta name=\"twitter:data1\" content=\"1 minute\" \/>\n<script type=\"application\/ld+json\" class=\"yoast-schema-graph\">{\"@context\":\"https:\/\/schema.org\",\"@graph\":[{\"@type\":\"WebPage\",\"@id\":\"https:\/\/vintagefrenchfinds.com\/product\/12-anciennes-assiettes-creuses-en-faience-de-gien-decor-rouen\",\"url\":\"https:\/\/vintagefrenchfinds.com\/product\/12-anciennes-assiettes-creuses-en-faience-de-gien-decor-rouen\",\"name\":\"12 Anciennes Assiettes Creuses en Fa\u00efence de Gien - D\u00e9cor Rouen - Vintage French Finds\",\"isPartOf\":{\"@id\":\"https:\/\/vintagefrenchfinds.com\/#website\"},\"datePublished\":\"2025-03-25T23:39:09+00:00\",\"dateModified\":\"2025-11-14T17:01:13+00:00\",\"description\":\"The best of French vintage delivered to your doorstep direct from France : fashion, furniture, decoration, table art, curiosities, collections and art work.\",\"breadcrumb\":{\"@id\":\"https:\/\/vintagefrenchfinds.com\/product\/12-anciennes-assiettes-creuses-en-faience-de-gien-decor-rouen#breadcrumb\"},\"inLanguage\":\"en-GB\",\"potentialAction\":[{\"@type\":\"ReadAction\",\"target\":[\"https:\/\/vintagefrenchfinds.com\/product\/12-anciennes-assiettes-creuses-en-faience-de-gien-decor-rouen\"]}]},{\"@type\":\"BreadcrumbList\",\"@id\":\"https:\/\/vintagefrenchfinds.com\/product\/12-anciennes-assiettes-creuses-en-faience-de-gien-decor-rouen#breadcrumb\",\"itemListElement\":[{\"@type\":\"ListItem\",\"position\":1,\"name\":\"Home\",\"item\":\"https:\/\/vintagefrenchfinds.com\/\"},{\"@type\":\"ListItem\",\"position\":2,\"name\":\"BOUTIQUE\",\"item\":\"https:\/\/vintagefrenchfinds.com\/shop\"},{\"@type\":\"ListItem\",\"position\":3,\"name\":\"12 Anciennes Assiettes Creuses en Fa\u00efence de Gien &#8211; D\u00e9cor Rouen\"}]},{\"@type\":\"WebSite\",\"@id\":\"https:\/\/vintagefrenchfinds.com\/#website\",\"url\":\"https:\/\/vintagefrenchfinds.com\/\",\"name\":\"Vintage French Finds\",\"description\":\"The best of French vintage delivered to your doorstep direct from France : fashion, furniture, decoration, table art, curiosities, collections and art work.\",\"potentialAction\":[{\"@type\":\"SearchAction\",\"target\":{\"@type\":\"EntryPoint\",\"urlTemplate\":\"https:\/\/vintagefrenchfinds.com\/?s={search_term_string}\"},\"query-input\":\"required name=search_term_string\"}],\"inLanguage\":\"en-GB\"}]}<\/script>\n<!-- \/ Yoast SEO plugin. -->","yoast_head_json":{"title":"12 Anciennes Assiettes Creuses en Fa\u00efence de Gien - D\u00e9cor Rouen - Vintage French Finds","description":"The best of French vintage delivered to your doorstep direct from France : fashion, furniture, decoration, table art, curiosities, collections and art work.","robots":{"index":"index","follow":"follow","max-snippet":"max-snippet:-1","max-image-preview":"max-image-preview:large","max-video-preview":"max-video-preview:-1"},"canonical":"https:\/\/vintagefrenchfinds.com\/en\/product\/12-anciennes-assiettes-creuses-en-faience-de-gien-decor-rouen\/","og_locale":"en_GB","og_type":"article","og_title":"12 Anciennes Assiettes Creuses en Fa\u00efence de Gien - D\u00e9cor Rouen - Vintage French Finds","og_description":"The best of French vintage delivered to your doorstep direct from France : fashion, furniture, decoration, table art, curiosities, collections and art work.","og_url":"https:\/\/vintagefrenchfinds.com\/en\/product\/12-anciennes-assiettes-creuses-en-faience-de-gien-decor-rouen\/","og_site_name":"Vintage French Finds","article_modified_time":"2025-11-14T17:01:13+00:00","og_image":[{"width":1181,"height":886,"url":"https:\/\/vintagefrenchfinds.com\/wp-content\/uploads\/2025\/03\/DSCN2077.jpg","type":"image\/jpeg"}],"twitter_card":"summary_large_image","twitter_misc":{"Estimated reading time":"1 minute"},"schema":{"@context":"https:\/\/schema.org","@graph":[{"@type":"WebPage","@id":"https:\/\/vintagefrenchfinds.com\/product\/12-anciennes-assiettes-creuses-en-faience-de-gien-decor-rouen","url":"https:\/\/vintagefrenchfinds.com\/product\/12-anciennes-assiettes-creuses-en-faience-de-gien-decor-rouen","name":"12 Anciennes Assiettes Creuses en Fa\u00efence de Gien - D\u00e9cor Rouen - Vintage French Finds","isPartOf":{"@id":"https:\/\/vintagefrenchfinds.com\/#website"},"datePublished":"2025-03-25T23:39:09+00:00","dateModified":"2025-11-14T17:01:13+00:00","description":"The best of French vintage delivered to your doorstep direct from France : fashion, furniture, decoration, table art, curiosities, collections and art work.","breadcrumb":{"@id":"https:\/\/vintagefrenchfinds.com\/product\/12-anciennes-assiettes-creuses-en-faience-de-gien-decor-rouen#breadcrumb"},"inLanguage":"en-GB","potentialAction":[{"@type":"ReadAction","target":["https:\/\/vintagefrenchfinds.com\/product\/12-anciennes-assiettes-creuses-en-faience-de-gien-decor-rouen"]}]},{"@type":"BreadcrumbList","@id":"https:\/\/vintagefrenchfinds.com\/product\/12-anciennes-assiettes-creuses-en-faience-de-gien-decor-rouen#breadcrumb","itemListElement":[{"@type":"ListItem","position":1,"name":"Home","item":"https:\/\/vintagefrenchfinds.com\/"},{"@type":"ListItem","position":2,"name":"BOUTIQUE","item":"https:\/\/vintagefrenchfinds.com\/shop"},{"@type":"ListItem","position":3,"name":"12 Anciennes Assiettes Creuses en Fa\u00efence de Gien &#8211; D\u00e9cor Rouen"}]},{"@type":"WebSite","@id":"https:\/\/vintagefrenchfinds.com\/#website","url":"https:\/\/vintagefrenchfinds.com\/","name":"Vintage French Finds\u00a0","description":"The best of French vintage delivered to your doorstep direct from France : fashion, furniture, decoration, table art, curiosities, collections and art work.","potentialAction":[{"@type":"SearchAction","target":{"@type":"EntryPoint","urlTemplate":"https:\/\/vintagefrenchfinds.com\/?s={search_term_string}"},"query-input":"required name=search_term_string"}],"inLanguage":"en-GB"}]}},"post_mailing_queue_ids":[],"_links":{"self":[{"href":"https:\/\/vintagefrenchfinds.com\/en\/wp-json\/wp\/v2\/product\/29463"}],"collection":[{"href":"https:\/\/vintagefrenchfinds.com\/en\/wp-json\/wp\/v2\/product"}],"about":[{"href":"https:\/\/vintagefrenchfinds.com\/en\/wp-json\/wp\/v2\/types\/product"}],"wp:featuredmedia":[{"embeddable":true,"href":"https:\/\/vintagefrenchfinds.com\/en\/wp-json\/wp\/v2\/media\/29468"}],"wp:attachment":[{"href":"https:\/\/vintagefrenchfinds.com\/en\/wp-json\/wp\/v2\/media?parent=29463"}],"wp:term":[{"taxonomy":"product_cat","embeddable":true,"href":"https:\/\/vintagefrenchfinds.com\/en\/wp-json\/wp\/v2\/product_cat?post=29463"},{"taxonomy":"product_tag","embeddable":true,"href":"https:\/\/vintagefrenchfinds.com\/en\/wp-json\/wp\/v2\/product_tag?post=29463"}],"curies":[{"name":"wp","href":"https:\/\/api.w.org\/{rel}","templated":true}]}}