{"id":29679,"date":"2025-05-06T11:02:17","date_gmt":"2025-05-06T11:02:17","guid":{"rendered":"https:\/\/vintagefrenchfinds.com\/?post_type=product&#038;p=29679"},"modified":"2025-05-21T21:15:19","modified_gmt":"2025-05-21T21:15:19","slug":"ancien-pichet-barbotine-cochon-maitre-dhotel","status":"publish","type":"product","link":"https:\/\/vintagefrenchfinds.com\/en\/product\/ancien-pichet-barbotine-cochon-maitre-dhotel","title":{"rendered":"Ancien Pichet Barbotine Cochon Maitre d&rsquo;H\u00f4tel"},"content":{"rendered":"<p><span style=\"font-weight: 400;\">Apportez une touche d&rsquo;originalit\u00e9 \u00e0 votre table avec ce superbe pichet en barbotine vintage repr\u00e9sentant un cochon en habit de ma\u00eetre d&rsquo;h\u00f4tel.\u00a0<\/span><\/p>\n<p>&nbsp;<\/p>\n<p><span style=\"font-weight: 400;\">Finement travaill\u00e9, ce pichet allie humour et raffinement gr\u00e2ce \u00e0 ses d\u00e9tails soign\u00e9s : veston vert, cravate noire et tablier blanc.<\/span><\/p>\n<p>&nbsp;<\/p>\n<p><span style=\"font-weight: 400;\">R\u00e9alis\u00e9 en fa\u00efence \u00e9maill\u00e9e, il incarne tout le savoir-faire traditionnel de la barbotine du XIX\u1d49 et d\u00e9but XX\u1d49 si\u00e8cle, c\u00e9l\u00e8bre pour ses couleurs vives et ses formes pleines de vie.\u00a0<\/span><\/p>\n<p>&nbsp;<\/p>\n<p><span style=\"font-weight: 400;\">Sa poign\u00e9e et son bec verseur parfaitement int\u00e9gr\u00e9s en font autant un objet pratique qu&rsquo;une v\u00e9ritable pi\u00e8ce de collection.<\/span><\/p>\n<p>&nbsp;<\/p>\n<p><span style=\"font-weight: 400;\">Que ce soit pour servir vos boissons lors d\u2019un repas convivial ou simplement pour d\u00e9corer votre int\u00e9rieur avec une note r\u00e9tro et champ\u00eatre, ce pichet ne manquera pas de s\u00e9duire vos invit\u00e9s !<\/span><\/p>\n<p>&nbsp;<\/p>\n<p><span style=\"font-weight: 400;\">H25,5 x LA 17,5 x P 14 cm<\/span><\/p>","protected":false},"excerpt":{"rendered":"<p>Apportez une touche d&rsquo;originalit\u00e9 \u00e0 votre table avec ce superbe pichet en barbotine vintage repr\u00e9sentant un cochon en habit de ma\u00eetre d&rsquo;h\u00f4tel.\u00a0 &nbsp; Finement travaill\u00e9, ce pichet allie humour et raffinement gr\u00e2ce \u00e0 ses d\u00e9tails soign\u00e9s : veston vert, cravate noire et tablier blanc. &nbsp; R\u00e9alis\u00e9 en fa\u00efence \u00e9maill\u00e9e, il incarne tout le savoir-faire traditionnel [&hellip;]<\/p>\n","protected":false},"featured_media":29682,"template":"","meta":{"site-sidebar-layout":"default","site-content-layout":"default","ast-site-content-layout":"default","site-content-style":"default","site-sidebar-style":"default","ast-global-header-display":"","ast-banner-title-visibility":"","ast-main-header-display":"","ast-hfb-above-header-display":"","ast-hfb-below-header-display":"","ast-hfb-mobile-header-display":"","site-post-title":"","ast-breadcrumbs-content":"","ast-featured-img":"","footer-sml-layout":"","ast-disable-related-posts":"","theme-transparent-header-meta":"default","adv-header-id-meta":"","stick-header-meta":"","header-above-stick-meta":"","header-main-stick-meta":"","header-below-stick-meta":"","astra-migrate-meta-layouts":"set","ast-page-background-enabled":"default","ast-page-background-meta":{"desktop":{"background-color":"var(--ast-global-color-4)","background-image":"","background-repeat":"repeat","background-position":"center center","background-size":"auto","background-attachment":"scroll","background-type":"","background-media":"","overlay-type":"","overlay-color":"","overlay-opacity":"","overlay-gradient":""},"tablet":{"background-color":"","background-image":"","background-repeat":"repeat","background-position":"center center","background-size":"auto","background-attachment":"scroll","background-type":"","background-media":"","overlay-type":"","overlay-color":"","overlay-opacity":"","overlay-gradient":""},"mobile":{"background-color":"","background-image":"","background-repeat":"repeat","background-position":"center center","background-size":"auto","background-attachment":"scroll","background-type":"","background-media":"","overlay-type":"","overlay-color":"","overlay-opacity":"","overlay-gradient":""}},"ast-content-background-meta":{"desktop":{"background-color":"var(--ast-global-color-5)","background-image":"","background-repeat":"repeat","background-position":"center center","background-size":"auto","background-attachment":"scroll","background-type":"","background-media":"","overlay-type":"","overlay-color":"","overlay-opacity":"","overlay-gradient":""},"tablet":{"background-color":"var(--ast-global-color-5)","background-image":"","background-repeat":"repeat","background-position":"center center","background-size":"auto","background-attachment":"scroll","background-type":"","background-media":"","overlay-type":"","overlay-color":"","overlay-opacity":"","overlay-gradient":""},"mobile":{"background-color":"var(--ast-global-color-5)","background-image":"","background-repeat":"repeat","background-position":"center center","background-size":"auto","background-attachment":"scroll","background-type":"","background-media":"","overlay-type":"","overlay-color":"","overlay-opacity":"","overlay-gradient":""}}},"product_cat":[3542,3551],"product_tag":[1197,1115,1016,4212,1920,3870,1024],"yoast_head":"<!-- This site is optimized with the Yoast SEO plugin v20.8 - https:\/\/yoast.com\/wordpress\/plugins\/seo\/ -->\n<title>Ancien Pichet Barbotine Cochon Maitre d&#039;H\u00f4tel - Vintage French Finds<\/title>\n<meta name=\"description\" content=\"The best of French vintage delivered to your doorstep direct from France : fashion, furniture, decoration, table art, curiosities, collections and art work.\" \/>\n<meta name=\"robots\" content=\"index, follow, max-snippet:-1, max-image-preview:large, max-video-preview:-1\" \/>\n<link rel=\"canonical\" href=\"https:\/\/vintagefrenchfinds.com\/en\/product\/ancien-pichet-barbotine-cochon-maitre-dhotel\/\" \/>\n<meta property=\"og:locale\" content=\"en_GB\" \/>\n<meta property=\"og:type\" content=\"article\" \/>\n<meta property=\"og:title\" content=\"Ancien Pichet Barbotine Cochon Maitre d&#039;H\u00f4tel - Vintage French Finds\" \/>\n<meta property=\"og:description\" content=\"The best of French vintage delivered to your doorstep direct from France : fashion, furniture, decoration, table art, curiosities, collections and art work.\" \/>\n<meta property=\"og:url\" content=\"https:\/\/vintagefrenchfinds.com\/en\/product\/ancien-pichet-barbotine-cochon-maitre-dhotel\/\" \/>\n<meta property=\"og:site_name\" content=\"Vintage French Finds\" \/>\n<meta property=\"article:modified_time\" content=\"2025-05-21T21:15:19+00:00\" \/>\n<meta property=\"og:image\" content=\"https:\/\/vintagefrenchfinds.com\/wp-content\/uploads\/2025\/05\/Ancien-Pichet-Barbotine-Cochon-Maitre-dHotel-1.jpg\" \/>\n\t<meta property=\"og:image:width\" content=\"886\" \/>\n\t<meta property=\"og:image:height\" content=\"886\" \/>\n\t<meta property=\"og:image:type\" content=\"image\/jpeg\" \/>\n<meta name=\"twitter:card\" content=\"summary_large_image\" \/>\n<meta name=\"twitter:label1\" content=\"Estimated reading time\" \/>\n\t<meta name=\"twitter:data1\" content=\"1 minute\" \/>\n<script type=\"application\/ld+json\" class=\"yoast-schema-graph\">{\"@context\":\"https:\/\/schema.org\",\"@graph\":[{\"@type\":\"WebPage\",\"@id\":\"https:\/\/vintagefrenchfinds.com\/product\/ancien-pichet-barbotine-cochon-maitre-dhotel\",\"url\":\"https:\/\/vintagefrenchfinds.com\/product\/ancien-pichet-barbotine-cochon-maitre-dhotel\",\"name\":\"Ancien Pichet Barbotine Cochon Maitre d'H\u00f4tel - Vintage French Finds\",\"isPartOf\":{\"@id\":\"https:\/\/vintagefrenchfinds.com\/#website\"},\"datePublished\":\"2025-05-06T11:02:17+00:00\",\"dateModified\":\"2025-05-21T21:15:19+00:00\",\"description\":\"The best of French vintage delivered to your doorstep direct from France : fashion, furniture, decoration, table art, curiosities, collections and art work.\",\"breadcrumb\":{\"@id\":\"https:\/\/vintagefrenchfinds.com\/product\/ancien-pichet-barbotine-cochon-maitre-dhotel#breadcrumb\"},\"inLanguage\":\"en-GB\",\"potentialAction\":[{\"@type\":\"ReadAction\",\"target\":[\"https:\/\/vintagefrenchfinds.com\/product\/ancien-pichet-barbotine-cochon-maitre-dhotel\"]}]},{\"@type\":\"BreadcrumbList\",\"@id\":\"https:\/\/vintagefrenchfinds.com\/product\/ancien-pichet-barbotine-cochon-maitre-dhotel#breadcrumb\",\"itemListElement\":[{\"@type\":\"ListItem\",\"position\":1,\"name\":\"Home\",\"item\":\"https:\/\/vintagefrenchfinds.com\/\"},{\"@type\":\"ListItem\",\"position\":2,\"name\":\"BOUTIQUE\",\"item\":\"https:\/\/vintagefrenchfinds.com\/shop\"},{\"@type\":\"ListItem\",\"position\":3,\"name\":\"Ancien Pichet Barbotine Cochon Maitre d&rsquo;H\u00f4tel\"}]},{\"@type\":\"WebSite\",\"@id\":\"https:\/\/vintagefrenchfinds.com\/#website\",\"url\":\"https:\/\/vintagefrenchfinds.com\/\",\"name\":\"Vintage French Finds\",\"description\":\"The best of French vintage delivered to your doorstep direct from France : fashion, furniture, decoration, table art, curiosities, collections and art work.\",\"potentialAction\":[{\"@type\":\"SearchAction\",\"target\":{\"@type\":\"EntryPoint\",\"urlTemplate\":\"https:\/\/vintagefrenchfinds.com\/?s={search_term_string}\"},\"query-input\":\"required name=search_term_string\"}],\"inLanguage\":\"en-GB\"}]}<\/script>\n<!-- \/ Yoast SEO plugin. -->","yoast_head_json":{"title":"Ancien Pichet Barbotine Cochon Maitre d'H\u00f4tel - Vintage French Finds","description":"The best of French vintage delivered to your doorstep direct from France : fashion, furniture, decoration, table art, curiosities, collections and art work.","robots":{"index":"index","follow":"follow","max-snippet":"max-snippet:-1","max-image-preview":"max-image-preview:large","max-video-preview":"max-video-preview:-1"},"canonical":"https:\/\/vintagefrenchfinds.com\/en\/product\/ancien-pichet-barbotine-cochon-maitre-dhotel\/","og_locale":"en_GB","og_type":"article","og_title":"Ancien Pichet Barbotine Cochon Maitre d'H\u00f4tel - Vintage French Finds","og_description":"The best of French vintage delivered to your doorstep direct from France : fashion, furniture, decoration, table art, curiosities, collections and art work.","og_url":"https:\/\/vintagefrenchfinds.com\/en\/product\/ancien-pichet-barbotine-cochon-maitre-dhotel\/","og_site_name":"Vintage French Finds","article_modified_time":"2025-05-21T21:15:19+00:00","og_image":[{"width":886,"height":886,"url":"https:\/\/vintagefrenchfinds.com\/wp-content\/uploads\/2025\/05\/Ancien-Pichet-Barbotine-Cochon-Maitre-dHotel-1.jpg","type":"image\/jpeg"}],"twitter_card":"summary_large_image","twitter_misc":{"Estimated reading time":"1 minute"},"schema":{"@context":"https:\/\/schema.org","@graph":[{"@type":"WebPage","@id":"https:\/\/vintagefrenchfinds.com\/product\/ancien-pichet-barbotine-cochon-maitre-dhotel","url":"https:\/\/vintagefrenchfinds.com\/product\/ancien-pichet-barbotine-cochon-maitre-dhotel","name":"Ancien Pichet Barbotine Cochon Maitre d'H\u00f4tel - Vintage French Finds","isPartOf":{"@id":"https:\/\/vintagefrenchfinds.com\/#website"},"datePublished":"2025-05-06T11:02:17+00:00","dateModified":"2025-05-21T21:15:19+00:00","description":"The best of French vintage delivered to your doorstep direct from France : fashion, furniture, decoration, table art, curiosities, collections and art work.","breadcrumb":{"@id":"https:\/\/vintagefrenchfinds.com\/product\/ancien-pichet-barbotine-cochon-maitre-dhotel#breadcrumb"},"inLanguage":"en-GB","potentialAction":[{"@type":"ReadAction","target":["https:\/\/vintagefrenchfinds.com\/product\/ancien-pichet-barbotine-cochon-maitre-dhotel"]}]},{"@type":"BreadcrumbList","@id":"https:\/\/vintagefrenchfinds.com\/product\/ancien-pichet-barbotine-cochon-maitre-dhotel#breadcrumb","itemListElement":[{"@type":"ListItem","position":1,"name":"Home","item":"https:\/\/vintagefrenchfinds.com\/"},{"@type":"ListItem","position":2,"name":"BOUTIQUE","item":"https:\/\/vintagefrenchfinds.com\/shop"},{"@type":"ListItem","position":3,"name":"Ancien Pichet Barbotine Cochon Maitre d&rsquo;H\u00f4tel"}]},{"@type":"WebSite","@id":"https:\/\/vintagefrenchfinds.com\/#website","url":"https:\/\/vintagefrenchfinds.com\/","name":"Vintage French Finds\u00a0","description":"The best of French vintage delivered to your doorstep direct from France : fashion, furniture, decoration, table art, curiosities, collections and art work.","potentialAction":[{"@type":"SearchAction","target":{"@type":"EntryPoint","urlTemplate":"https:\/\/vintagefrenchfinds.com\/?s={search_term_string}"},"query-input":"required name=search_term_string"}],"inLanguage":"en-GB"}]}},"post_mailing_queue_ids":[],"_links":{"self":[{"href":"https:\/\/vintagefrenchfinds.com\/en\/wp-json\/wp\/v2\/product\/29679"}],"collection":[{"href":"https:\/\/vintagefrenchfinds.com\/en\/wp-json\/wp\/v2\/product"}],"about":[{"href":"https:\/\/vintagefrenchfinds.com\/en\/wp-json\/wp\/v2\/types\/product"}],"wp:featuredmedia":[{"embeddable":true,"href":"https:\/\/vintagefrenchfinds.com\/en\/wp-json\/wp\/v2\/media\/29682"}],"wp:attachment":[{"href":"https:\/\/vintagefrenchfinds.com\/en\/wp-json\/wp\/v2\/media?parent=29679"}],"wp:term":[{"taxonomy":"product_cat","embeddable":true,"href":"https:\/\/vintagefrenchfinds.com\/en\/wp-json\/wp\/v2\/product_cat?post=29679"},{"taxonomy":"product_tag","embeddable":true,"href":"https:\/\/vintagefrenchfinds.com\/en\/wp-json\/wp\/v2\/product_tag?post=29679"}],"curies":[{"name":"wp","href":"https:\/\/api.w.org\/{rel}","templated":true}]}}