{"id":30334,"date":"2025-06-23T17:50:18","date_gmt":"2025-06-23T17:50:18","guid":{"rendered":"https:\/\/vintagefrenchfinds.com\/?post_type=product&#038;p=30334"},"modified":"2025-06-26T20:14:22","modified_gmt":"2025-06-26T20:14:22","slug":"ancien-moulin-a-cafe-a-manivelle-japy-freres-3","status":"publish","type":"product","link":"https:\/\/vintagefrenchfinds.com\/en\/product\/ancien-moulin-a-cafe-a-manivelle-japy-freres-3","title":{"rendered":"Ancien Moulin \u00e0 Caf\u00e9 \u00e0 Manivelle Japy Fr\u00e8res"},"content":{"rendered":"<p><span style=\"font-weight: 400;\">Moulin \u00e0 caf\u00e9 \u00e0 manivelle vintage JAPY FR\u00c8RES en bois et m\u00e9tal.<\/span><\/p>\n<p>&nbsp;<\/p>\n<p><span style=\"font-weight: 400;\">Il porte le blason de la marque \u00ab Japy fr\u00e8res \u00bb\u00a0<\/span><\/p>\n<p>&nbsp;<\/p>\n<p><span style=\"font-weight: 400;\">Japy fr\u00e8res, dirig\u00e9e par les fils de F.Japy, tout comme Peugeot fr\u00e8res, est une industrie moderne qui a particip\u00e9 \u00e0 l\u2019essor du pays de Montb\u00e9liard. Tout a commenc\u00e9 dans un petit atelier fond\u00e9 par Fr\u00e9d\u00e9ric Japy en 1777, o\u00f9 il a modernis\u00e9 et m\u00e9canis\u00e9 le processus traditionnel de la production horlog\u00e8re.\u00a0<\/span><\/p>\n<p>&nbsp;<\/p>\n<p><span style=\"font-weight: 400;\">Dans l\u2019espoir de diversifier la production de son entreprise dans le domaine de la quincaillerie. Il c\u00e9da l\u2019entreprise \u00e0 ses trois fils en 1806 et la soci\u00e9t\u00e9 connue depuis, sous le nom de Japy Fr\u00e8res, connut un grand succ\u00e8s avec ses machines : pendules, outils, moteurs, pi\u00e8ces de v\u00e9lo, moulins \u00e0 caf\u00e9, machines \u00e0 \u00e9crire et plus encore.\u00a0<\/span><\/p>\n<p>&nbsp;<\/p>\n<p><span style=\"font-weight: 400;\">Rien de mieux que l\u2019odeur d\u2019un caf\u00e9 fra\u00eechement moulu ! Il pr\u00e9servera tout le charme et les ar\u00f4mes d\u2019un caf\u00e9 moulu \u00e0 l\u2019ancienne pour une d\u00e9gustation de qualit\u00e9.\u00a0<\/span><\/p>\n<p>&nbsp;<\/p>\n<p><span style=\"font-weight: 400;\">Cet objet d\u2019antan pourrait constituer \u00e9galement un joli \u00e9l\u00e9ment de d\u00e9coration pour une boutique de torr\u00e9facteur\/\u00e9picerie ou restaurant.\u00a0<\/span><\/p>\n<p>&nbsp;<\/p>\n<p><span style=\"font-weight: 400;\">It will also make a great gift for coffee lovers and collectors of vintage kitchenalia<\/span><\/p>\n<p>&nbsp;<\/p>\n<p><span style=\"font-weight: 400;\">LA 16,5 x P 16,5 x H 21 cm<\/span><\/p>","protected":false},"excerpt":{"rendered":"<p>Moulin \u00e0 caf\u00e9 \u00e0 manivelle vintage JAPY FR\u00c8RES en bois et m\u00e9tal. &nbsp; Il porte le blason de la marque \u00ab Japy fr\u00e8res \u00bb\u00a0 &nbsp; Japy fr\u00e8res, dirig\u00e9e par les fils de F.Japy, tout comme Peugeot fr\u00e8res, est une industrie moderne qui a particip\u00e9 \u00e0 l\u2019essor du pays de Montb\u00e9liard. Tout a commenc\u00e9 dans un [&hellip;]<\/p>\n","protected":false},"featured_media":30336,"template":"","meta":{"site-sidebar-layout":"default","site-content-layout":"default","ast-site-content-layout":"default","site-content-style":"default","site-sidebar-style":"default","ast-global-header-display":"","ast-banner-title-visibility":"","ast-main-header-display":"","ast-hfb-above-header-display":"","ast-hfb-below-header-display":"","ast-hfb-mobile-header-display":"","site-post-title":"","ast-breadcrumbs-content":"","ast-featured-img":"","footer-sml-layout":"","ast-disable-related-posts":"","theme-transparent-header-meta":"default","adv-header-id-meta":"","stick-header-meta":"","header-above-stick-meta":"","header-main-stick-meta":"","header-below-stick-meta":"","astra-migrate-meta-layouts":"set","ast-page-background-enabled":"default","ast-page-background-meta":{"desktop":{"background-color":"var(--ast-global-color-4)","background-image":"","background-repeat":"repeat","background-position":"center center","background-size":"auto","background-attachment":"scroll","background-type":"","background-media":"","overlay-type":"","overlay-color":"","overlay-opacity":"","overlay-gradient":""},"tablet":{"background-color":"","background-image":"","background-repeat":"repeat","background-position":"center center","background-size":"auto","background-attachment":"scroll","background-type":"","background-media":"","overlay-type":"","overlay-color":"","overlay-opacity":"","overlay-gradient":""},"mobile":{"background-color":"","background-image":"","background-repeat":"repeat","background-position":"center center","background-size":"auto","background-attachment":"scroll","background-type":"","background-media":"","overlay-type":"","overlay-color":"","overlay-opacity":"","overlay-gradient":""}},"ast-content-background-meta":{"desktop":{"background-color":"var(--ast-global-color-5)","background-image":"","background-repeat":"repeat","background-position":"center center","background-size":"auto","background-attachment":"scroll","background-type":"","background-media":"","overlay-type":"","overlay-color":"","overlay-opacity":"","overlay-gradient":""},"tablet":{"background-color":"var(--ast-global-color-5)","background-image":"","background-repeat":"repeat","background-position":"center center","background-size":"auto","background-attachment":"scroll","background-type":"","background-media":"","overlay-type":"","overlay-color":"","overlay-opacity":"","overlay-gradient":""},"mobile":{"background-color":"var(--ast-global-color-5)","background-image":"","background-repeat":"repeat","background-position":"center center","background-size":"auto","background-attachment":"scroll","background-type":"","background-media":"","overlay-type":"","overlay-color":"","overlay-opacity":"","overlay-gradient":""}}},"product_cat":[3560,3565],"product_tag":[1197,1115,1326,1616,2210,1920,4230,1518,2400,2208,1011],"yoast_head":"<!-- This site is optimized with the Yoast SEO plugin v20.8 - https:\/\/yoast.com\/wordpress\/plugins\/seo\/ -->\n<title>Ancien Moulin \u00e0 Caf\u00e9 \u00e0 Manivelle Japy Fr\u00e8res - Vintage French Finds<\/title>\n<meta name=\"description\" content=\"The best of French vintage delivered to your doorstep direct from France : fashion, furniture, decoration, table art, curiosities, collections and art work.\" \/>\n<meta name=\"robots\" content=\"index, follow, max-snippet:-1, max-image-preview:large, max-video-preview:-1\" \/>\n<link rel=\"canonical\" href=\"https:\/\/vintagefrenchfinds.com\/en\/product\/ancien-moulin-a-cafe-a-manivelle-japy-freres-3\/\" \/>\n<meta property=\"og:locale\" content=\"en_GB\" \/>\n<meta property=\"og:type\" content=\"article\" \/>\n<meta property=\"og:title\" content=\"Ancien Moulin \u00e0 Caf\u00e9 \u00e0 Manivelle Japy Fr\u00e8res - Vintage French Finds\" \/>\n<meta property=\"og:description\" content=\"The best of French vintage delivered to your doorstep direct from France : fashion, furniture, decoration, table art, curiosities, collections and art work.\" \/>\n<meta property=\"og:url\" content=\"https:\/\/vintagefrenchfinds.com\/en\/product\/ancien-moulin-a-cafe-a-manivelle-japy-freres-3\/\" \/>\n<meta property=\"og:site_name\" content=\"Vintage French Finds\" \/>\n<meta property=\"article:modified_time\" content=\"2025-06-26T20:14:22+00:00\" \/>\n<meta property=\"og:image\" content=\"https:\/\/vintagefrenchfinds.com\/wp-content\/uploads\/2025\/06\/Ancien-Moulin-a-Cafe-a-Manivelle-Japy-Freres-1.jpg\" \/>\n\t<meta property=\"og:image:width\" content=\"886\" \/>\n\t<meta property=\"og:image:height\" content=\"886\" \/>\n\t<meta property=\"og:image:type\" content=\"image\/jpeg\" \/>\n<meta name=\"twitter:card\" content=\"summary_large_image\" \/>\n<meta name=\"twitter:label1\" content=\"Estimated reading time\" \/>\n\t<meta name=\"twitter:data1\" content=\"1 minute\" \/>\n<script type=\"application\/ld+json\" class=\"yoast-schema-graph\">{\"@context\":\"https:\/\/schema.org\",\"@graph\":[{\"@type\":\"WebPage\",\"@id\":\"https:\/\/vintagefrenchfinds.com\/product\/ancien-moulin-a-cafe-a-manivelle-japy-freres-3\",\"url\":\"https:\/\/vintagefrenchfinds.com\/product\/ancien-moulin-a-cafe-a-manivelle-japy-freres-3\",\"name\":\"Ancien Moulin \u00e0 Caf\u00e9 \u00e0 Manivelle Japy Fr\u00e8res - Vintage French Finds\",\"isPartOf\":{\"@id\":\"https:\/\/vintagefrenchfinds.com\/#website\"},\"datePublished\":\"2025-06-23T17:50:18+00:00\",\"dateModified\":\"2025-06-26T20:14:22+00:00\",\"description\":\"The best of French vintage delivered to your doorstep direct from France : fashion, furniture, decoration, table art, curiosities, collections and art work.\",\"breadcrumb\":{\"@id\":\"https:\/\/vintagefrenchfinds.com\/product\/ancien-moulin-a-cafe-a-manivelle-japy-freres-3#breadcrumb\"},\"inLanguage\":\"en-GB\",\"potentialAction\":[{\"@type\":\"ReadAction\",\"target\":[\"https:\/\/vintagefrenchfinds.com\/product\/ancien-moulin-a-cafe-a-manivelle-japy-freres-3\"]}]},{\"@type\":\"BreadcrumbList\",\"@id\":\"https:\/\/vintagefrenchfinds.com\/product\/ancien-moulin-a-cafe-a-manivelle-japy-freres-3#breadcrumb\",\"itemListElement\":[{\"@type\":\"ListItem\",\"position\":1,\"name\":\"Home\",\"item\":\"https:\/\/vintagefrenchfinds.com\/\"},{\"@type\":\"ListItem\",\"position\":2,\"name\":\"BOUTIQUE\",\"item\":\"https:\/\/vintagefrenchfinds.com\/shop\"},{\"@type\":\"ListItem\",\"position\":3,\"name\":\"Ancien Moulin \u00e0 Caf\u00e9 \u00e0 Manivelle Japy Fr\u00e8res\"}]},{\"@type\":\"WebSite\",\"@id\":\"https:\/\/vintagefrenchfinds.com\/#website\",\"url\":\"https:\/\/vintagefrenchfinds.com\/\",\"name\":\"Vintage French Finds\",\"description\":\"The best of French vintage delivered to your doorstep direct from France : fashion, furniture, decoration, table art, curiosities, collections and art work.\",\"potentialAction\":[{\"@type\":\"SearchAction\",\"target\":{\"@type\":\"EntryPoint\",\"urlTemplate\":\"https:\/\/vintagefrenchfinds.com\/?s={search_term_string}\"},\"query-input\":\"required name=search_term_string\"}],\"inLanguage\":\"en-GB\"}]}<\/script>\n<!-- \/ Yoast SEO plugin. -->","yoast_head_json":{"title":"Ancien Moulin \u00e0 Caf\u00e9 \u00e0 Manivelle Japy Fr\u00e8res - Vintage French Finds","description":"The best of French vintage delivered to your doorstep direct from France : fashion, furniture, decoration, table art, curiosities, collections and art work.","robots":{"index":"index","follow":"follow","max-snippet":"max-snippet:-1","max-image-preview":"max-image-preview:large","max-video-preview":"max-video-preview:-1"},"canonical":"https:\/\/vintagefrenchfinds.com\/en\/product\/ancien-moulin-a-cafe-a-manivelle-japy-freres-3\/","og_locale":"en_GB","og_type":"article","og_title":"Ancien Moulin \u00e0 Caf\u00e9 \u00e0 Manivelle Japy Fr\u00e8res - Vintage French Finds","og_description":"The best of French vintage delivered to your doorstep direct from France : fashion, furniture, decoration, table art, curiosities, collections and art work.","og_url":"https:\/\/vintagefrenchfinds.com\/en\/product\/ancien-moulin-a-cafe-a-manivelle-japy-freres-3\/","og_site_name":"Vintage French Finds","article_modified_time":"2025-06-26T20:14:22+00:00","og_image":[{"width":886,"height":886,"url":"https:\/\/vintagefrenchfinds.com\/wp-content\/uploads\/2025\/06\/Ancien-Moulin-a-Cafe-a-Manivelle-Japy-Freres-1.jpg","type":"image\/jpeg"}],"twitter_card":"summary_large_image","twitter_misc":{"Estimated reading time":"1 minute"},"schema":{"@context":"https:\/\/schema.org","@graph":[{"@type":"WebPage","@id":"https:\/\/vintagefrenchfinds.com\/product\/ancien-moulin-a-cafe-a-manivelle-japy-freres-3","url":"https:\/\/vintagefrenchfinds.com\/product\/ancien-moulin-a-cafe-a-manivelle-japy-freres-3","name":"Ancien Moulin \u00e0 Caf\u00e9 \u00e0 Manivelle Japy Fr\u00e8res - Vintage French Finds","isPartOf":{"@id":"https:\/\/vintagefrenchfinds.com\/#website"},"datePublished":"2025-06-23T17:50:18+00:00","dateModified":"2025-06-26T20:14:22+00:00","description":"The best of French vintage delivered to your doorstep direct from France : fashion, furniture, decoration, table art, curiosities, collections and art work.","breadcrumb":{"@id":"https:\/\/vintagefrenchfinds.com\/product\/ancien-moulin-a-cafe-a-manivelle-japy-freres-3#breadcrumb"},"inLanguage":"en-GB","potentialAction":[{"@type":"ReadAction","target":["https:\/\/vintagefrenchfinds.com\/product\/ancien-moulin-a-cafe-a-manivelle-japy-freres-3"]}]},{"@type":"BreadcrumbList","@id":"https:\/\/vintagefrenchfinds.com\/product\/ancien-moulin-a-cafe-a-manivelle-japy-freres-3#breadcrumb","itemListElement":[{"@type":"ListItem","position":1,"name":"Home","item":"https:\/\/vintagefrenchfinds.com\/"},{"@type":"ListItem","position":2,"name":"BOUTIQUE","item":"https:\/\/vintagefrenchfinds.com\/shop"},{"@type":"ListItem","position":3,"name":"Ancien Moulin \u00e0 Caf\u00e9 \u00e0 Manivelle Japy Fr\u00e8res"}]},{"@type":"WebSite","@id":"https:\/\/vintagefrenchfinds.com\/#website","url":"https:\/\/vintagefrenchfinds.com\/","name":"Vintage French Finds\u00a0","description":"The best of French vintage delivered to your doorstep direct from France : fashion, furniture, decoration, table art, curiosities, collections and art work.","potentialAction":[{"@type":"SearchAction","target":{"@type":"EntryPoint","urlTemplate":"https:\/\/vintagefrenchfinds.com\/?s={search_term_string}"},"query-input":"required name=search_term_string"}],"inLanguage":"en-GB"}]}},"post_mailing_queue_ids":[],"_links":{"self":[{"href":"https:\/\/vintagefrenchfinds.com\/en\/wp-json\/wp\/v2\/product\/30334"}],"collection":[{"href":"https:\/\/vintagefrenchfinds.com\/en\/wp-json\/wp\/v2\/product"}],"about":[{"href":"https:\/\/vintagefrenchfinds.com\/en\/wp-json\/wp\/v2\/types\/product"}],"wp:featuredmedia":[{"embeddable":true,"href":"https:\/\/vintagefrenchfinds.com\/en\/wp-json\/wp\/v2\/media\/30336"}],"wp:attachment":[{"href":"https:\/\/vintagefrenchfinds.com\/en\/wp-json\/wp\/v2\/media?parent=30334"}],"wp:term":[{"taxonomy":"product_cat","embeddable":true,"href":"https:\/\/vintagefrenchfinds.com\/en\/wp-json\/wp\/v2\/product_cat?post=30334"},{"taxonomy":"product_tag","embeddable":true,"href":"https:\/\/vintagefrenchfinds.com\/en\/wp-json\/wp\/v2\/product_tag?post=30334"}],"curies":[{"name":"wp","href":"https:\/\/api.w.org\/{rel}","templated":true}]}}