{"id":31380,"date":"2025-08-07T08:30:13","date_gmt":"2025-08-07T08:30:13","guid":{"rendered":"https:\/\/vintagefrenchfinds.com\/?post_type=product&#038;p=31380"},"modified":"2025-12-01T12:13:53","modified_gmt":"2025-12-01T12:13:53","slug":"ancien-collier-a-chien-en-cuir-avec-piques-et-grelots","status":"publish","type":"product","link":"https:\/\/vintagefrenchfinds.com\/en\/product\/ancien-collier-a-chien-en-cuir-avec-piques-et-grelots","title":{"rendered":"Ancien Collier \u00e0 Chien en Cuir avec Piques et Grelots"},"content":{"rendered":"<p><span style=\"font-weight: 400;\">Ce collier \u00e0 chien vintage<\/span> <span style=\"font-weight: 400;\">est un<\/span> <span style=\"font-weight: 400;\">authentique t\u00e9moin d\u2019un savoir-faire d\u2019autrefois.\u00a0<\/span><\/p>\n<p><span style=\"font-weight: 400;\">Confectionn\u00e9 en cuir \u00e9pais et patin\u00e9 par le temps<\/span><b>,<\/b><span style=\"font-weight: 400;\"> il incarne \u00e0 la fois robustesse, utilit\u00e9 et caract\u00e8re.<\/span><\/p>\n<p><span style=\"font-weight: 400;\">L\u2019accessoire est orn\u00e9 de piques m\u00e9talliques, autrefois utilis\u00e9es pour prot\u00e9ger le chien contre les attaques, notamment lors de la garde ou de la chasse.\u00a0<\/span><\/p>\n<p><span style=\"font-weight: 400;\">Les grelots anciens, quant \u00e0 eux, ajoutent une touche sonore distinctive et permettaient de rep\u00e9rer l\u2019animal \u00e0 distance.<\/span><\/p>\n<p><span style=\"font-weight: 400;\">Id\u00e9al pour les collectionneurs<\/span><b>, <\/b><span style=\"font-weight: 400;\">les passionn\u00e9s d\u2019histoire rurale<\/span><b>,<\/b><span style=\"font-weight: 400;\"> ou pour un cabinet de curiosit\u00e9, ce collier raconte \u00e0 lui seul une \u00e9poque o\u00f9 l\u2019utilit\u00e9 se m\u00ealait \u00e0 l\u2019artisanat.<\/span><\/p>\n<p><span style=\"font-weight: 400;\">Un objet rare, charg\u00e9 de m\u00e9moire et de caract\u00e8re.<\/span><\/p>\n<p><span style=\"font-weight: 400;\">LO 50 cm<\/span><\/p>","protected":false},"excerpt":{"rendered":"<p>Ce collier \u00e0 chien vintage est un authentique t\u00e9moin d\u2019un savoir-faire d\u2019autrefois.\u00a0 Confectionn\u00e9 en cuir \u00e9pais et patin\u00e9 par le temps, il incarne \u00e0 la fois robustesse, utilit\u00e9 et caract\u00e8re. L\u2019accessoire est orn\u00e9 de piques m\u00e9talliques, autrefois utilis\u00e9es pour prot\u00e9ger le chien contre les attaques, notamment lors de la garde ou de la chasse.\u00a0 Les [&hellip;]<\/p>\n","protected":false},"featured_media":31381,"template":"","meta":{"site-sidebar-layout":"default","site-content-layout":"","ast-site-content-layout":"default","site-content-style":"default","site-sidebar-style":"default","ast-global-header-display":"","ast-banner-title-visibility":"","ast-main-header-display":"","ast-hfb-above-header-display":"","ast-hfb-below-header-display":"","ast-hfb-mobile-header-display":"","site-post-title":"","ast-breadcrumbs-content":"","ast-featured-img":"","footer-sml-layout":"","ast-disable-related-posts":"","theme-transparent-header-meta":"default","adv-header-id-meta":"","stick-header-meta":"","header-above-stick-meta":"","header-main-stick-meta":"","header-below-stick-meta":"","astra-migrate-meta-layouts":"set","ast-page-background-enabled":"default","ast-page-background-meta":{"desktop":{"background-color":"var(--ast-global-color-4)","background-image":"","background-repeat":"repeat","background-position":"center center","background-size":"auto","background-attachment":"scroll","background-type":"","background-media":"","overlay-type":"","overlay-color":"","overlay-opacity":"","overlay-gradient":""},"tablet":{"background-color":"","background-image":"","background-repeat":"repeat","background-position":"center center","background-size":"auto","background-attachment":"scroll","background-type":"","background-media":"","overlay-type":"","overlay-color":"","overlay-opacity":"","overlay-gradient":""},"mobile":{"background-color":"","background-image":"","background-repeat":"repeat","background-position":"center center","background-size":"auto","background-attachment":"scroll","background-type":"","background-media":"","overlay-type":"","overlay-color":"","overlay-opacity":"","overlay-gradient":""}},"ast-content-background-meta":{"desktop":{"background-color":"var(--ast-global-color-5)","background-image":"","background-repeat":"repeat","background-position":"center center","background-size":"auto","background-attachment":"scroll","background-type":"","background-media":"","overlay-type":"","overlay-color":"","overlay-opacity":"","overlay-gradient":""},"tablet":{"background-color":"var(--ast-global-color-5)","background-image":"","background-repeat":"repeat","background-position":"center center","background-size":"auto","background-attachment":"scroll","background-type":"","background-media":"","overlay-type":"","overlay-color":"","overlay-opacity":"","overlay-gradient":""},"mobile":{"background-color":"var(--ast-global-color-5)","background-image":"","background-repeat":"repeat","background-position":"center center","background-size":"auto","background-attachment":"scroll","background-type":"","background-media":"","overlay-type":"","overlay-color":"","overlay-opacity":"","overlay-gradient":""}}},"product_cat":[3575,3576],"product_tag":[1197,1369,4262,1011],"yoast_head":"<!-- This site is optimized with the Yoast SEO plugin v20.8 - https:\/\/yoast.com\/wordpress\/plugins\/seo\/ -->\n<title>Ancien Collier \u00e0 Chien en Cuir avec Piques et Grelots - Vintage French Finds<\/title>\n<meta name=\"description\" content=\"The best of French vintage delivered to your doorstep direct from France : fashion, furniture, decoration, table art, curiosities, collections and art work.\" \/>\n<meta name=\"robots\" content=\"index, follow, max-snippet:-1, max-image-preview:large, max-video-preview:-1\" \/>\n<link rel=\"canonical\" href=\"https:\/\/vintagefrenchfinds.com\/en\/product\/ancien-collier-a-chien-en-cuir-avec-piques-et-grelots\/\" \/>\n<meta property=\"og:locale\" content=\"en_GB\" \/>\n<meta property=\"og:type\" content=\"article\" \/>\n<meta property=\"og:title\" content=\"Ancien Collier \u00e0 Chien en Cuir avec Piques et Grelots - Vintage French Finds\" \/>\n<meta property=\"og:description\" content=\"The best of French vintage delivered to your doorstep direct from France : fashion, furniture, decoration, table art, curiosities, collections and art work.\" \/>\n<meta property=\"og:url\" content=\"https:\/\/vintagefrenchfinds.com\/en\/product\/ancien-collier-a-chien-en-cuir-avec-piques-et-grelots\/\" \/>\n<meta property=\"og:site_name\" content=\"Vintage French Finds\" \/>\n<meta property=\"article:modified_time\" content=\"2025-12-01T12:13:53+00:00\" \/>\n<meta property=\"og:image\" content=\"https:\/\/vintagefrenchfinds.com\/wp-content\/uploads\/2025\/08\/Ancien-Collier-a-Chien-en-Cuir-avec-Piques-et-Grelots-2.jpg\" \/>\n\t<meta property=\"og:image:width\" content=\"886\" \/>\n\t<meta property=\"og:image:height\" content=\"797\" \/>\n\t<meta property=\"og:image:type\" content=\"image\/jpeg\" \/>\n<meta name=\"twitter:card\" content=\"summary_large_image\" \/>\n<meta name=\"twitter:label1\" content=\"Estimated reading time\" \/>\n\t<meta name=\"twitter:data1\" content=\"1 minute\" \/>\n<script type=\"application\/ld+json\" class=\"yoast-schema-graph\">{\"@context\":\"https:\/\/schema.org\",\"@graph\":[{\"@type\":\"WebPage\",\"@id\":\"https:\/\/vintagefrenchfinds.com\/product\/ancien-collier-a-chien-en-cuir-avec-piques-et-grelots\",\"url\":\"https:\/\/vintagefrenchfinds.com\/product\/ancien-collier-a-chien-en-cuir-avec-piques-et-grelots\",\"name\":\"Ancien Collier \u00e0 Chien en Cuir avec Piques et Grelots - Vintage French Finds\",\"isPartOf\":{\"@id\":\"https:\/\/vintagefrenchfinds.com\/#website\"},\"datePublished\":\"2025-08-07T08:30:13+00:00\",\"dateModified\":\"2025-12-01T12:13:53+00:00\",\"description\":\"The best of French vintage delivered to your doorstep direct from France : fashion, furniture, decoration, table art, curiosities, collections and art work.\",\"breadcrumb\":{\"@id\":\"https:\/\/vintagefrenchfinds.com\/product\/ancien-collier-a-chien-en-cuir-avec-piques-et-grelots#breadcrumb\"},\"inLanguage\":\"en-GB\",\"potentialAction\":[{\"@type\":\"ReadAction\",\"target\":[\"https:\/\/vintagefrenchfinds.com\/product\/ancien-collier-a-chien-en-cuir-avec-piques-et-grelots\"]}]},{\"@type\":\"BreadcrumbList\",\"@id\":\"https:\/\/vintagefrenchfinds.com\/product\/ancien-collier-a-chien-en-cuir-avec-piques-et-grelots#breadcrumb\",\"itemListElement\":[{\"@type\":\"ListItem\",\"position\":1,\"name\":\"Home\",\"item\":\"https:\/\/vintagefrenchfinds.com\/\"},{\"@type\":\"ListItem\",\"position\":2,\"name\":\"BOUTIQUE\",\"item\":\"https:\/\/vintagefrenchfinds.com\/shop\"},{\"@type\":\"ListItem\",\"position\":3,\"name\":\"Ancien Collier \u00e0 Chien en Cuir avec Piques et Grelots\"}]},{\"@type\":\"WebSite\",\"@id\":\"https:\/\/vintagefrenchfinds.com\/#website\",\"url\":\"https:\/\/vintagefrenchfinds.com\/\",\"name\":\"Vintage French Finds\",\"description\":\"The best of French vintage delivered to your doorstep direct from France : fashion, furniture, decoration, table art, curiosities, collections and art work.\",\"potentialAction\":[{\"@type\":\"SearchAction\",\"target\":{\"@type\":\"EntryPoint\",\"urlTemplate\":\"https:\/\/vintagefrenchfinds.com\/?s={search_term_string}\"},\"query-input\":\"required name=search_term_string\"}],\"inLanguage\":\"en-GB\"}]}<\/script>\n<!-- \/ Yoast SEO plugin. -->","yoast_head_json":{"title":"Ancien Collier \u00e0 Chien en Cuir avec Piques et Grelots - Vintage French Finds","description":"The best of French vintage delivered to your doorstep direct from France : fashion, furniture, decoration, table art, curiosities, collections and art work.","robots":{"index":"index","follow":"follow","max-snippet":"max-snippet:-1","max-image-preview":"max-image-preview:large","max-video-preview":"max-video-preview:-1"},"canonical":"https:\/\/vintagefrenchfinds.com\/en\/product\/ancien-collier-a-chien-en-cuir-avec-piques-et-grelots\/","og_locale":"en_GB","og_type":"article","og_title":"Ancien Collier \u00e0 Chien en Cuir avec Piques et Grelots - Vintage French Finds","og_description":"The best of French vintage delivered to your doorstep direct from France : fashion, furniture, decoration, table art, curiosities, collections and art work.","og_url":"https:\/\/vintagefrenchfinds.com\/en\/product\/ancien-collier-a-chien-en-cuir-avec-piques-et-grelots\/","og_site_name":"Vintage French Finds","article_modified_time":"2025-12-01T12:13:53+00:00","og_image":[{"width":886,"height":797,"url":"https:\/\/vintagefrenchfinds.com\/wp-content\/uploads\/2025\/08\/Ancien-Collier-a-Chien-en-Cuir-avec-Piques-et-Grelots-2.jpg","type":"image\/jpeg"}],"twitter_card":"summary_large_image","twitter_misc":{"Estimated reading time":"1 minute"},"schema":{"@context":"https:\/\/schema.org","@graph":[{"@type":"WebPage","@id":"https:\/\/vintagefrenchfinds.com\/product\/ancien-collier-a-chien-en-cuir-avec-piques-et-grelots","url":"https:\/\/vintagefrenchfinds.com\/product\/ancien-collier-a-chien-en-cuir-avec-piques-et-grelots","name":"Ancien Collier \u00e0 Chien en Cuir avec Piques et Grelots - Vintage French Finds","isPartOf":{"@id":"https:\/\/vintagefrenchfinds.com\/#website"},"datePublished":"2025-08-07T08:30:13+00:00","dateModified":"2025-12-01T12:13:53+00:00","description":"The best of French vintage delivered to your doorstep direct from France : fashion, furniture, decoration, table art, curiosities, collections and art work.","breadcrumb":{"@id":"https:\/\/vintagefrenchfinds.com\/product\/ancien-collier-a-chien-en-cuir-avec-piques-et-grelots#breadcrumb"},"inLanguage":"en-GB","potentialAction":[{"@type":"ReadAction","target":["https:\/\/vintagefrenchfinds.com\/product\/ancien-collier-a-chien-en-cuir-avec-piques-et-grelots"]}]},{"@type":"BreadcrumbList","@id":"https:\/\/vintagefrenchfinds.com\/product\/ancien-collier-a-chien-en-cuir-avec-piques-et-grelots#breadcrumb","itemListElement":[{"@type":"ListItem","position":1,"name":"Home","item":"https:\/\/vintagefrenchfinds.com\/"},{"@type":"ListItem","position":2,"name":"BOUTIQUE","item":"https:\/\/vintagefrenchfinds.com\/shop"},{"@type":"ListItem","position":3,"name":"Ancien Collier \u00e0 Chien en Cuir avec Piques et Grelots"}]},{"@type":"WebSite","@id":"https:\/\/vintagefrenchfinds.com\/#website","url":"https:\/\/vintagefrenchfinds.com\/","name":"Vintage French Finds\u00a0","description":"The best of French vintage delivered to your doorstep direct from France : fashion, furniture, decoration, table art, curiosities, collections and art work.","potentialAction":[{"@type":"SearchAction","target":{"@type":"EntryPoint","urlTemplate":"https:\/\/vintagefrenchfinds.com\/?s={search_term_string}"},"query-input":"required name=search_term_string"}],"inLanguage":"en-GB"}]}},"post_mailing_queue_ids":[],"_links":{"self":[{"href":"https:\/\/vintagefrenchfinds.com\/en\/wp-json\/wp\/v2\/product\/31380"}],"collection":[{"href":"https:\/\/vintagefrenchfinds.com\/en\/wp-json\/wp\/v2\/product"}],"about":[{"href":"https:\/\/vintagefrenchfinds.com\/en\/wp-json\/wp\/v2\/types\/product"}],"wp:featuredmedia":[{"embeddable":true,"href":"https:\/\/vintagefrenchfinds.com\/en\/wp-json\/wp\/v2\/media\/31381"}],"wp:attachment":[{"href":"https:\/\/vintagefrenchfinds.com\/en\/wp-json\/wp\/v2\/media?parent=31380"}],"wp:term":[{"taxonomy":"product_cat","embeddable":true,"href":"https:\/\/vintagefrenchfinds.com\/en\/wp-json\/wp\/v2\/product_cat?post=31380"},{"taxonomy":"product_tag","embeddable":true,"href":"https:\/\/vintagefrenchfinds.com\/en\/wp-json\/wp\/v2\/product_tag?post=31380"}],"curies":[{"name":"wp","href":"https:\/\/api.w.org\/{rel}","templated":true}]}}