{"id":32551,"date":"2026-02-07T18:42:25","date_gmt":"2026-02-07T18:42:25","guid":{"rendered":"https:\/\/vintagefrenchfinds.com\/?post_type=product&#038;p=32551"},"modified":"2026-02-07T18:45:18","modified_gmt":"2026-02-07T18:45:18","slug":"ancien-vase-amphore-en-ceramique-helene-ugo-vallauris","status":"publish","type":"product","link":"https:\/\/vintagefrenchfinds.com\/en\/product\/ancien-vase-amphore-en-ceramique-helene-ugo-vallauris","title":{"rendered":"Ancien Vase Amphore en C\u00e9ramique &#8211; Helene Ugo Vallauris"},"content":{"rendered":"<p><span style=\"font-weight: 400;\">Petit vase vintage de forme amphore avec deux poign\u00e9es torsad\u00e9es en c\u00e9ramique de Vallauris.<\/span><\/p>\n<p>&nbsp;<\/p>\n<p><span style=\"font-weight: 400;\">Cette ville dans le sud de la France fut profond\u00e9ment marqu\u00e9e par une tradition c\u00e9ramique pluris\u00e9culaire, transmise de g\u00e9n\u00e9ration en g\u00e9n\u00e9ration. Ce savoir-faire artisanal a fa\u00e7onn\u00e9 son identit\u00e9 et attir\u00e9 de nombreux cr\u00e9ateurs au XX\u1d49 si\u00e8cle. Aujourd\u2019hui encore, Vallauris demeure un symbole vivant de cr\u00e9ation et d\u2019excellence artisanale.<\/span><\/p>\n<p>&nbsp;<\/p>\n<p><span style=\"font-weight: 400;\">Cette pi\u00e8ce se distingue par que son d\u00e9cor floral polychrome sur fond noir, rehauss\u00e9 de d\u00e9tails dor\u00e9s.<\/span><\/p>\n<p>&nbsp;<\/p>\n<p><span style=\"font-weight: 400;\">On retrouve la signature H\u00e9l\u00e8ne Ugo en creux sur la base ainsi que la signature SM<\/span><\/p>\n<p>&nbsp;<\/p>\n<p><span style=\"font-weight: 400;\">Epouse de Raymond Chastagnol, cette c\u00e9ramiste travaille avec son mari d\u00e8s 1954 dans leur atelier \u00ab H\u00e9l\u00e9ne Ugo \u00bb et au magasin \u00ab Au mortier de Provence \u00bb rebaptis\u00e9 plus tard \u00ab C\u00e9ramiques Chastagnol \u00bb. L&rsquo;artiste se sp\u00e9cialise dans les d\u00e9cors et objets sur le th\u00e8me de l&rsquo;Afrique.<\/span><\/p>\n<p>&nbsp;<\/p>\n<p><span style=\"font-weight: 400;\">H 17 x LA 19 x D 11,5 cm<\/span><\/p>","protected":false},"excerpt":{"rendered":"<p>Petit vase vintage de forme amphore avec deux poign\u00e9es torsad\u00e9es en c\u00e9ramique de Vallauris. &nbsp; Cette ville dans le sud de la France fut profond\u00e9ment marqu\u00e9e par une tradition c\u00e9ramique pluris\u00e9culaire, transmise de g\u00e9n\u00e9ration en g\u00e9n\u00e9ration. Ce savoir-faire artisanal a fa\u00e7onn\u00e9 son identit\u00e9 et attir\u00e9 de nombreux cr\u00e9ateurs au XX\u1d49 si\u00e8cle. Aujourd\u2019hui encore, Vallauris demeure [&hellip;]<\/p>\n","protected":false},"featured_media":32555,"template":"","meta":{"site-sidebar-layout":"default","site-content-layout":"","ast-site-content-layout":"default","site-content-style":"default","site-sidebar-style":"default","ast-global-header-display":"","ast-banner-title-visibility":"","ast-main-header-display":"","ast-hfb-above-header-display":"","ast-hfb-below-header-display":"","ast-hfb-mobile-header-display":"","site-post-title":"","ast-breadcrumbs-content":"","ast-featured-img":"","footer-sml-layout":"","ast-disable-related-posts":"","theme-transparent-header-meta":"default","adv-header-id-meta":"","stick-header-meta":"","header-above-stick-meta":"","header-main-stick-meta":"","header-below-stick-meta":"","astra-migrate-meta-layouts":"set","ast-page-background-enabled":"default","ast-page-background-meta":{"desktop":{"background-color":"var(--ast-global-color-4)","background-image":"","background-repeat":"repeat","background-position":"center center","background-size":"auto","background-attachment":"scroll","background-type":"","background-media":"","overlay-type":"","overlay-color":"","overlay-opacity":"","overlay-gradient":""},"tablet":{"background-color":"","background-image":"","background-repeat":"repeat","background-position":"center center","background-size":"auto","background-attachment":"scroll","background-type":"","background-media":"","overlay-type":"","overlay-color":"","overlay-opacity":"","overlay-gradient":""},"mobile":{"background-color":"","background-image":"","background-repeat":"repeat","background-position":"center center","background-size":"auto","background-attachment":"scroll","background-type":"","background-media":"","overlay-type":"","overlay-color":"","overlay-opacity":"","overlay-gradient":""}},"ast-content-background-meta":{"desktop":{"background-color":"var(--ast-global-color-5)","background-image":"","background-repeat":"repeat","background-position":"center center","background-size":"auto","background-attachment":"scroll","background-type":"","background-media":"","overlay-type":"","overlay-color":"","overlay-opacity":"","overlay-gradient":""},"tablet":{"background-color":"var(--ast-global-color-5)","background-image":"","background-repeat":"repeat","background-position":"center center","background-size":"auto","background-attachment":"scroll","background-type":"","background-media":"","overlay-type":"","overlay-color":"","overlay-opacity":"","overlay-gradient":""},"mobile":{"background-color":"var(--ast-global-color-5)","background-image":"","background-repeat":"repeat","background-position":"center center","background-size":"auto","background-attachment":"scroll","background-type":"","background-media":"","overlay-type":"","overlay-color":"","overlay-opacity":"","overlay-gradient":""}}},"product_cat":[30,3532],"product_tag":[1197,1023,3870,1022,1202,1011],"yoast_head":"<!-- This site is optimized with the Yoast SEO plugin v20.8 - https:\/\/yoast.com\/wordpress\/plugins\/seo\/ -->\n<title>Ancien Vase Amphore en C\u00e9ramique - Helene Ugo Vallauris - Vintage French Finds<\/title>\n<meta name=\"description\" content=\"The best of French vintage delivered to your doorstep direct from France : fashion, furniture, decoration, table art, curiosities, collections and art work.\" \/>\n<meta name=\"robots\" content=\"index, follow, max-snippet:-1, max-image-preview:large, max-video-preview:-1\" \/>\n<link rel=\"canonical\" href=\"https:\/\/vintagefrenchfinds.com\/en\/product\/ancien-vase-amphore-en-ceramique-helene-ugo-vallauris\/\" \/>\n<meta property=\"og:locale\" content=\"en_GB\" \/>\n<meta property=\"og:type\" content=\"article\" \/>\n<meta property=\"og:title\" content=\"Ancien Vase Amphore en C\u00e9ramique - Helene Ugo Vallauris - Vintage French Finds\" \/>\n<meta property=\"og:description\" content=\"The best of French vintage delivered to your doorstep direct from France : fashion, furniture, decoration, table art, curiosities, collections and art work.\" \/>\n<meta property=\"og:url\" content=\"https:\/\/vintagefrenchfinds.com\/en\/product\/ancien-vase-amphore-en-ceramique-helene-ugo-vallauris\/\" \/>\n<meta property=\"og:site_name\" content=\"Vintage French Finds\" \/>\n<meta property=\"article:modified_time\" content=\"2026-02-07T18:45:18+00:00\" \/>\n<meta property=\"og:image\" content=\"https:\/\/vintagefrenchfinds.com\/wp-content\/uploads\/2026\/02\/Ancien-Vase-Amphore-en-Ceramique-Helene-Ugo-Vallauris-4.jpg\" \/>\n\t<meta property=\"og:image:width\" content=\"886\" \/>\n\t<meta property=\"og:image:height\" content=\"886\" \/>\n\t<meta property=\"og:image:type\" content=\"image\/jpeg\" \/>\n<meta name=\"twitter:card\" content=\"summary_large_image\" \/>\n<meta name=\"twitter:label1\" content=\"Estimated reading time\" \/>\n\t<meta name=\"twitter:data1\" content=\"1 minute\" \/>\n<script type=\"application\/ld+json\" class=\"yoast-schema-graph\">{\"@context\":\"https:\/\/schema.org\",\"@graph\":[{\"@type\":\"WebPage\",\"@id\":\"https:\/\/vintagefrenchfinds.com\/product\/ancien-vase-amphore-en-ceramique-helene-ugo-vallauris\",\"url\":\"https:\/\/vintagefrenchfinds.com\/product\/ancien-vase-amphore-en-ceramique-helene-ugo-vallauris\",\"name\":\"Ancien Vase Amphore en C\u00e9ramique - Helene Ugo Vallauris - Vintage French Finds\",\"isPartOf\":{\"@id\":\"https:\/\/vintagefrenchfinds.com\/#website\"},\"datePublished\":\"2026-02-07T18:42:25+00:00\",\"dateModified\":\"2026-02-07T18:45:18+00:00\",\"description\":\"The best of French vintage delivered to your doorstep direct from France : fashion, furniture, decoration, table art, curiosities, collections and art work.\",\"breadcrumb\":{\"@id\":\"https:\/\/vintagefrenchfinds.com\/product\/ancien-vase-amphore-en-ceramique-helene-ugo-vallauris#breadcrumb\"},\"inLanguage\":\"en-GB\",\"potentialAction\":[{\"@type\":\"ReadAction\",\"target\":[\"https:\/\/vintagefrenchfinds.com\/product\/ancien-vase-amphore-en-ceramique-helene-ugo-vallauris\"]}]},{\"@type\":\"BreadcrumbList\",\"@id\":\"https:\/\/vintagefrenchfinds.com\/product\/ancien-vase-amphore-en-ceramique-helene-ugo-vallauris#breadcrumb\",\"itemListElement\":[{\"@type\":\"ListItem\",\"position\":1,\"name\":\"Home\",\"item\":\"https:\/\/vintagefrenchfinds.com\/\"},{\"@type\":\"ListItem\",\"position\":2,\"name\":\"BOUTIQUE\",\"item\":\"https:\/\/vintagefrenchfinds.com\/shop\"},{\"@type\":\"ListItem\",\"position\":3,\"name\":\"Ancien Vase Amphore en C\u00e9ramique &#8211; Helene Ugo Vallauris\"}]},{\"@type\":\"WebSite\",\"@id\":\"https:\/\/vintagefrenchfinds.com\/#website\",\"url\":\"https:\/\/vintagefrenchfinds.com\/\",\"name\":\"Vintage French Finds\",\"description\":\"The best of French vintage delivered to your doorstep direct from France : fashion, furniture, decoration, table art, curiosities, collections and art work.\",\"potentialAction\":[{\"@type\":\"SearchAction\",\"target\":{\"@type\":\"EntryPoint\",\"urlTemplate\":\"https:\/\/vintagefrenchfinds.com\/?s={search_term_string}\"},\"query-input\":\"required name=search_term_string\"}],\"inLanguage\":\"en-GB\"}]}<\/script>\n<!-- \/ Yoast SEO plugin. -->","yoast_head_json":{"title":"Ancien Vase Amphore en C\u00e9ramique - Helene Ugo Vallauris - Vintage French Finds","description":"The best of French vintage delivered to your doorstep direct from France : fashion, furniture, decoration, table art, curiosities, collections and art work.","robots":{"index":"index","follow":"follow","max-snippet":"max-snippet:-1","max-image-preview":"max-image-preview:large","max-video-preview":"max-video-preview:-1"},"canonical":"https:\/\/vintagefrenchfinds.com\/en\/product\/ancien-vase-amphore-en-ceramique-helene-ugo-vallauris\/","og_locale":"en_GB","og_type":"article","og_title":"Ancien Vase Amphore en C\u00e9ramique - Helene Ugo Vallauris - Vintage French Finds","og_description":"The best of French vintage delivered to your doorstep direct from France : fashion, furniture, decoration, table art, curiosities, collections and art work.","og_url":"https:\/\/vintagefrenchfinds.com\/en\/product\/ancien-vase-amphore-en-ceramique-helene-ugo-vallauris\/","og_site_name":"Vintage French Finds","article_modified_time":"2026-02-07T18:45:18+00:00","og_image":[{"width":886,"height":886,"url":"https:\/\/vintagefrenchfinds.com\/wp-content\/uploads\/2026\/02\/Ancien-Vase-Amphore-en-Ceramique-Helene-Ugo-Vallauris-4.jpg","type":"image\/jpeg"}],"twitter_card":"summary_large_image","twitter_misc":{"Estimated reading time":"1 minute"},"schema":{"@context":"https:\/\/schema.org","@graph":[{"@type":"WebPage","@id":"https:\/\/vintagefrenchfinds.com\/product\/ancien-vase-amphore-en-ceramique-helene-ugo-vallauris","url":"https:\/\/vintagefrenchfinds.com\/product\/ancien-vase-amphore-en-ceramique-helene-ugo-vallauris","name":"Ancien Vase Amphore en C\u00e9ramique - Helene Ugo Vallauris - Vintage French Finds","isPartOf":{"@id":"https:\/\/vintagefrenchfinds.com\/#website"},"datePublished":"2026-02-07T18:42:25+00:00","dateModified":"2026-02-07T18:45:18+00:00","description":"The best of French vintage delivered to your doorstep direct from France : fashion, furniture, decoration, table art, curiosities, collections and art work.","breadcrumb":{"@id":"https:\/\/vintagefrenchfinds.com\/product\/ancien-vase-amphore-en-ceramique-helene-ugo-vallauris#breadcrumb"},"inLanguage":"en-GB","potentialAction":[{"@type":"ReadAction","target":["https:\/\/vintagefrenchfinds.com\/product\/ancien-vase-amphore-en-ceramique-helene-ugo-vallauris"]}]},{"@type":"BreadcrumbList","@id":"https:\/\/vintagefrenchfinds.com\/product\/ancien-vase-amphore-en-ceramique-helene-ugo-vallauris#breadcrumb","itemListElement":[{"@type":"ListItem","position":1,"name":"Home","item":"https:\/\/vintagefrenchfinds.com\/"},{"@type":"ListItem","position":2,"name":"BOUTIQUE","item":"https:\/\/vintagefrenchfinds.com\/shop"},{"@type":"ListItem","position":3,"name":"Ancien Vase Amphore en C\u00e9ramique &#8211; Helene Ugo Vallauris"}]},{"@type":"WebSite","@id":"https:\/\/vintagefrenchfinds.com\/#website","url":"https:\/\/vintagefrenchfinds.com\/","name":"Vintage French Finds\u00a0","description":"The best of French vintage delivered to your doorstep direct from France : fashion, furniture, decoration, table art, curiosities, collections and art work.","potentialAction":[{"@type":"SearchAction","target":{"@type":"EntryPoint","urlTemplate":"https:\/\/vintagefrenchfinds.com\/?s={search_term_string}"},"query-input":"required name=search_term_string"}],"inLanguage":"en-GB"}]}},"post_mailing_queue_ids":[],"_links":{"self":[{"href":"https:\/\/vintagefrenchfinds.com\/en\/wp-json\/wp\/v2\/product\/32551"}],"collection":[{"href":"https:\/\/vintagefrenchfinds.com\/en\/wp-json\/wp\/v2\/product"}],"about":[{"href":"https:\/\/vintagefrenchfinds.com\/en\/wp-json\/wp\/v2\/types\/product"}],"wp:featuredmedia":[{"embeddable":true,"href":"https:\/\/vintagefrenchfinds.com\/en\/wp-json\/wp\/v2\/media\/32555"}],"wp:attachment":[{"href":"https:\/\/vintagefrenchfinds.com\/en\/wp-json\/wp\/v2\/media?parent=32551"}],"wp:term":[{"taxonomy":"product_cat","embeddable":true,"href":"https:\/\/vintagefrenchfinds.com\/en\/wp-json\/wp\/v2\/product_cat?post=32551"},{"taxonomy":"product_tag","embeddable":true,"href":"https:\/\/vintagefrenchfinds.com\/en\/wp-json\/wp\/v2\/product_tag?post=32551"}],"curies":[{"name":"wp","href":"https:\/\/api.w.org\/{rel}","templated":true}]}}