{"id":33022,"date":"2026-03-18T15:30:08","date_gmt":"2026-03-18T15:30:08","guid":{"rendered":"https:\/\/vintagefrenchfinds.com\/?post_type=product&#038;p=33022"},"modified":"2026-03-18T15:32:12","modified_gmt":"2026-03-18T15:32:12","slug":"2-anciens-pot-a-anse-en-gres-h-105-125-cm","status":"publish","type":"product","link":"https:\/\/vintagefrenchfinds.com\/en\/product\/2-anciens-pot-a-anse-en-gres-h-105-125-cm","title":{"rendered":"2 Anciens Pot \u00e0 Anse en Gr\u00e8s H 10,5 &#038; 12,5 cm"},"content":{"rendered":"<p><span style=\"font-weight: 400;\">Apportez une touche r\u00e9tro et authentique \u00e0 votre d\u00e9coration avec cette paire de pots \u00e0 anse en gr\u00e8s<\/span><b>.\u00a0<\/b><\/p>\n<p>&nbsp;<\/p>\n<p><span style=\"font-weight: 400;\">Longtemps consid\u00e9r\u00e9 comme plus noble que la terre cuite, le gr\u00e8s est particuli\u00e8rement \u00e0 la mode \u00e0 la fin du 19\u00e8me si\u00e8cle. Dot\u00e9 d\u2019une grande \u00e9tanch\u00e9it\u00e9, il est parfait pour stocker du lait, du beurre, de la cr\u00e8me, des salaisons, des condiments, et des liquides tels que l\u2019huile, le vinaigre et l&rsquo;alcool.<\/span><\/p>\n<p>&nbsp;<\/p>\n<p><span style=\"font-weight: 400;\">Leur anse pratique permet \u00e9galement de les d\u00e9placer facilement.<\/span><\/p>\n<p>&nbsp;<\/p>\n<p><span style=\"font-weight: 400;\">Chaque pot pr\u00e9sente une texture naturelle et chaleureuse<\/span><b>,<\/b><span style=\"font-weight: 400;\"> typique des c\u00e9ramiques artisanales d\u2019\u00e9poque, parfaite pour une ambiance campagne, rustique ou boh\u00e8me<\/span><b>.<\/b><\/p>\n<p>&nbsp;<\/p>\n<p><span style=\"font-weight: 400;\">Id\u00e9als pour une pr\u00e9sentation de fleurs s\u00e9ch\u00e9es, herbes aromatiques, ou simplement comme \u00e9l\u00e9ments d\u00e9coratifs sur une \u00e9tag\u00e8re ou une table.\u00a0<\/span><\/p>\n<p>&nbsp;<\/p>\n<p><span style=\"font-weight: 400;\">D 13,5 x LA 19 x H 12,5 cm<\/span><\/p>\n<p><span style=\"font-weight: 400;\">D 12 x LA 17 x H 10,5 cm<\/span><\/p>","protected":false},"excerpt":{"rendered":"<p>Apportez une touche r\u00e9tro et authentique \u00e0 votre d\u00e9coration avec cette paire de pots \u00e0 anse en gr\u00e8s.\u00a0 &nbsp; Longtemps consid\u00e9r\u00e9 comme plus noble que la terre cuite, le gr\u00e8s est particuli\u00e8rement \u00e0 la mode \u00e0 la fin du 19\u00e8me si\u00e8cle. Dot\u00e9 d\u2019une grande \u00e9tanch\u00e9it\u00e9, il est parfait pour stocker du lait, du beurre, de [&hellip;]<\/p>\n","protected":false},"featured_media":33026,"template":"","meta":{"site-sidebar-layout":"default","site-content-layout":"default","ast-site-content-layout":"default","site-content-style":"default","site-sidebar-style":"default","ast-global-header-display":"","ast-banner-title-visibility":"","ast-main-header-display":"","ast-hfb-above-header-display":"","ast-hfb-below-header-display":"","ast-hfb-mobile-header-display":"","site-post-title":"","ast-breadcrumbs-content":"","ast-featured-img":"","footer-sml-layout":"","ast-disable-related-posts":"","theme-transparent-header-meta":"default","adv-header-id-meta":"","stick-header-meta":"","header-above-stick-meta":"","header-main-stick-meta":"","header-below-stick-meta":"","astra-migrate-meta-layouts":"set","ast-page-background-enabled":"default","ast-page-background-meta":{"desktop":{"background-color":"var(--ast-global-color-4)","background-image":"","background-repeat":"repeat","background-position":"center center","background-size":"auto","background-attachment":"scroll","background-type":"","background-media":"","overlay-type":"","overlay-color":"","overlay-opacity":"","overlay-gradient":""},"tablet":{"background-color":"","background-image":"","background-repeat":"repeat","background-position":"center center","background-size":"auto","background-attachment":"scroll","background-type":"","background-media":"","overlay-type":"","overlay-color":"","overlay-opacity":"","overlay-gradient":""},"mobile":{"background-color":"","background-image":"","background-repeat":"repeat","background-position":"center center","background-size":"auto","background-attachment":"scroll","background-type":"","background-media":"","overlay-type":"","overlay-color":"","overlay-opacity":"","overlay-gradient":""}},"ast-content-background-meta":{"desktop":{"background-color":"var(--ast-global-color-5)","background-image":"","background-repeat":"repeat","background-position":"center center","background-size":"auto","background-attachment":"scroll","background-type":"","background-media":"","overlay-type":"","overlay-color":"","overlay-opacity":"","overlay-gradient":""},"tablet":{"background-color":"var(--ast-global-color-5)","background-image":"","background-repeat":"repeat","background-position":"center center","background-size":"auto","background-attachment":"scroll","background-type":"","background-media":"","overlay-type":"","overlay-color":"","overlay-opacity":"","overlay-gradient":""},"mobile":{"background-color":"var(--ast-global-color-5)","background-image":"","background-repeat":"repeat","background-position":"center center","background-size":"auto","background-attachment":"scroll","background-type":"","background-media":"","overlay-type":"","overlay-color":"","overlay-opacity":"","overlay-gradient":""}}},"product_cat":[30,3532],"product_tag":[4092,1197,3870,1030,1442,3055,1011],"yoast_head":"<!-- This site is optimized with the Yoast SEO plugin v20.8 - https:\/\/yoast.com\/wordpress\/plugins\/seo\/ -->\n<title>2 Anciens Pot \u00e0 Anse en Gr\u00e8s H 10,5 &amp; 12,5 cm - Vintage French Finds<\/title>\n<meta name=\"description\" content=\"The best of French vintage delivered to your doorstep direct from France : fashion, furniture, decoration, table art, curiosities, collections and art work.\" \/>\n<meta name=\"robots\" content=\"index, follow, max-snippet:-1, max-image-preview:large, max-video-preview:-1\" \/>\n<link rel=\"canonical\" href=\"https:\/\/vintagefrenchfinds.com\/en\/product\/2-anciens-pot-a-anse-en-gres-h-105-125-cm\/\" \/>\n<meta property=\"og:locale\" content=\"en_GB\" \/>\n<meta property=\"og:type\" content=\"article\" \/>\n<meta property=\"og:title\" content=\"2 Anciens Pot \u00e0 Anse en Gr\u00e8s H 10,5 &amp; 12,5 cm - Vintage French Finds\" \/>\n<meta property=\"og:description\" content=\"The best of French vintage delivered to your doorstep direct from France : fashion, furniture, decoration, table art, curiosities, collections and art work.\" \/>\n<meta property=\"og:url\" content=\"https:\/\/vintagefrenchfinds.com\/en\/product\/2-anciens-pot-a-anse-en-gres-h-105-125-cm\/\" \/>\n<meta property=\"og:site_name\" content=\"Vintage French Finds\" \/>\n<meta property=\"article:modified_time\" content=\"2026-03-18T15:32:12+00:00\" \/>\n<meta property=\"og:image\" content=\"https:\/\/vintagefrenchfinds.com\/wp-content\/uploads\/2026\/03\/2-Anciens-Pot-a-Anse-en-Gres-H-105-125-cm-4.jpg\" \/>\n\t<meta property=\"og:image:width\" content=\"886\" \/>\n\t<meta property=\"og:image:height\" content=\"797\" \/>\n\t<meta property=\"og:image:type\" content=\"image\/jpeg\" \/>\n<meta name=\"twitter:card\" content=\"summary_large_image\" \/>\n<meta name=\"twitter:label1\" content=\"Estimated reading time\" \/>\n\t<meta name=\"twitter:data1\" content=\"1 minute\" \/>\n<script type=\"application\/ld+json\" class=\"yoast-schema-graph\">{\"@context\":\"https:\/\/schema.org\",\"@graph\":[{\"@type\":\"WebPage\",\"@id\":\"https:\/\/vintagefrenchfinds.com\/product\/2-anciens-pot-a-anse-en-gres-h-105-125-cm\",\"url\":\"https:\/\/vintagefrenchfinds.com\/product\/2-anciens-pot-a-anse-en-gres-h-105-125-cm\",\"name\":\"2 Anciens Pot \u00e0 Anse en Gr\u00e8s H 10,5 & 12,5 cm - Vintage French Finds\",\"isPartOf\":{\"@id\":\"https:\/\/vintagefrenchfinds.com\/#website\"},\"datePublished\":\"2026-03-18T15:30:08+00:00\",\"dateModified\":\"2026-03-18T15:32:12+00:00\",\"description\":\"The best of French vintage delivered to your doorstep direct from France : fashion, furniture, decoration, table art, curiosities, collections and art work.\",\"breadcrumb\":{\"@id\":\"https:\/\/vintagefrenchfinds.com\/product\/2-anciens-pot-a-anse-en-gres-h-105-125-cm#breadcrumb\"},\"inLanguage\":\"en-GB\",\"potentialAction\":[{\"@type\":\"ReadAction\",\"target\":[\"https:\/\/vintagefrenchfinds.com\/product\/2-anciens-pot-a-anse-en-gres-h-105-125-cm\"]}]},{\"@type\":\"BreadcrumbList\",\"@id\":\"https:\/\/vintagefrenchfinds.com\/product\/2-anciens-pot-a-anse-en-gres-h-105-125-cm#breadcrumb\",\"itemListElement\":[{\"@type\":\"ListItem\",\"position\":1,\"name\":\"Home\",\"item\":\"https:\/\/vintagefrenchfinds.com\/\"},{\"@type\":\"ListItem\",\"position\":2,\"name\":\"BOUTIQUE\",\"item\":\"https:\/\/vintagefrenchfinds.com\/shop\"},{\"@type\":\"ListItem\",\"position\":3,\"name\":\"2 Anciens Pot \u00e0 Anse en Gr\u00e8s H 10,5 &#038; 12,5 cm\"}]},{\"@type\":\"WebSite\",\"@id\":\"https:\/\/vintagefrenchfinds.com\/#website\",\"url\":\"https:\/\/vintagefrenchfinds.com\/\",\"name\":\"Vintage French Finds\",\"description\":\"The best of French vintage delivered to your doorstep direct from France : fashion, furniture, decoration, table art, curiosities, collections and art work.\",\"potentialAction\":[{\"@type\":\"SearchAction\",\"target\":{\"@type\":\"EntryPoint\",\"urlTemplate\":\"https:\/\/vintagefrenchfinds.com\/?s={search_term_string}\"},\"query-input\":\"required name=search_term_string\"}],\"inLanguage\":\"en-GB\"}]}<\/script>\n<!-- \/ Yoast SEO plugin. -->","yoast_head_json":{"title":"2 Anciens Pot \u00e0 Anse en Gr\u00e8s H 10,5 & 12,5 cm - Vintage French Finds","description":"The best of French vintage delivered to your doorstep direct from France : fashion, furniture, decoration, table art, curiosities, collections and art work.","robots":{"index":"index","follow":"follow","max-snippet":"max-snippet:-1","max-image-preview":"max-image-preview:large","max-video-preview":"max-video-preview:-1"},"canonical":"https:\/\/vintagefrenchfinds.com\/en\/product\/2-anciens-pot-a-anse-en-gres-h-105-125-cm\/","og_locale":"en_GB","og_type":"article","og_title":"2 Anciens Pot \u00e0 Anse en Gr\u00e8s H 10,5 & 12,5 cm - Vintage French Finds","og_description":"The best of French vintage delivered to your doorstep direct from France : fashion, furniture, decoration, table art, curiosities, collections and art work.","og_url":"https:\/\/vintagefrenchfinds.com\/en\/product\/2-anciens-pot-a-anse-en-gres-h-105-125-cm\/","og_site_name":"Vintage French Finds","article_modified_time":"2026-03-18T15:32:12+00:00","og_image":[{"width":886,"height":797,"url":"https:\/\/vintagefrenchfinds.com\/wp-content\/uploads\/2026\/03\/2-Anciens-Pot-a-Anse-en-Gres-H-105-125-cm-4.jpg","type":"image\/jpeg"}],"twitter_card":"summary_large_image","twitter_misc":{"Estimated reading time":"1 minute"},"schema":{"@context":"https:\/\/schema.org","@graph":[{"@type":"WebPage","@id":"https:\/\/vintagefrenchfinds.com\/product\/2-anciens-pot-a-anse-en-gres-h-105-125-cm","url":"https:\/\/vintagefrenchfinds.com\/product\/2-anciens-pot-a-anse-en-gres-h-105-125-cm","name":"2 Anciens Pot \u00e0 Anse en Gr\u00e8s H 10,5 & 12,5 cm - Vintage French Finds","isPartOf":{"@id":"https:\/\/vintagefrenchfinds.com\/#website"},"datePublished":"2026-03-18T15:30:08+00:00","dateModified":"2026-03-18T15:32:12+00:00","description":"The best of French vintage delivered to your doorstep direct from France : fashion, furniture, decoration, table art, curiosities, collections and art work.","breadcrumb":{"@id":"https:\/\/vintagefrenchfinds.com\/product\/2-anciens-pot-a-anse-en-gres-h-105-125-cm#breadcrumb"},"inLanguage":"en-GB","potentialAction":[{"@type":"ReadAction","target":["https:\/\/vintagefrenchfinds.com\/product\/2-anciens-pot-a-anse-en-gres-h-105-125-cm"]}]},{"@type":"BreadcrumbList","@id":"https:\/\/vintagefrenchfinds.com\/product\/2-anciens-pot-a-anse-en-gres-h-105-125-cm#breadcrumb","itemListElement":[{"@type":"ListItem","position":1,"name":"Home","item":"https:\/\/vintagefrenchfinds.com\/"},{"@type":"ListItem","position":2,"name":"BOUTIQUE","item":"https:\/\/vintagefrenchfinds.com\/shop"},{"@type":"ListItem","position":3,"name":"2 Anciens Pot \u00e0 Anse en Gr\u00e8s H 10,5 &#038; 12,5 cm"}]},{"@type":"WebSite","@id":"https:\/\/vintagefrenchfinds.com\/#website","url":"https:\/\/vintagefrenchfinds.com\/","name":"Vintage French Finds\u00a0","description":"The best of French vintage delivered to your doorstep direct from France : fashion, furniture, decoration, table art, curiosities, collections and art work.","potentialAction":[{"@type":"SearchAction","target":{"@type":"EntryPoint","urlTemplate":"https:\/\/vintagefrenchfinds.com\/?s={search_term_string}"},"query-input":"required name=search_term_string"}],"inLanguage":"en-GB"}]}},"post_mailing_queue_ids":[],"_links":{"self":[{"href":"https:\/\/vintagefrenchfinds.com\/en\/wp-json\/wp\/v2\/product\/33022"}],"collection":[{"href":"https:\/\/vintagefrenchfinds.com\/en\/wp-json\/wp\/v2\/product"}],"about":[{"href":"https:\/\/vintagefrenchfinds.com\/en\/wp-json\/wp\/v2\/types\/product"}],"wp:featuredmedia":[{"embeddable":true,"href":"https:\/\/vintagefrenchfinds.com\/en\/wp-json\/wp\/v2\/media\/33026"}],"wp:attachment":[{"href":"https:\/\/vintagefrenchfinds.com\/en\/wp-json\/wp\/v2\/media?parent=33022"}],"wp:term":[{"taxonomy":"product_cat","embeddable":true,"href":"https:\/\/vintagefrenchfinds.com\/en\/wp-json\/wp\/v2\/product_cat?post=33022"},{"taxonomy":"product_tag","embeddable":true,"href":"https:\/\/vintagefrenchfinds.com\/en\/wp-json\/wp\/v2\/product_tag?post=33022"}],"curies":[{"name":"wp","href":"https:\/\/api.w.org\/{rel}","templated":true}]}}