{"id":33033,"date":"2026-03-18T15:37:27","date_gmt":"2026-03-18T15:37:27","guid":{"rendered":"https:\/\/vintagefrenchfinds.com\/?post_type=product&#038;p=33033"},"modified":"2026-03-18T15:41:28","modified_gmt":"2026-03-18T15:41:28","slug":"3-anciennes-chaises-de-bistrot-en-bois-baumann","status":"publish","type":"product","link":"https:\/\/vintagefrenchfinds.com\/en\/product\/3-anciennes-chaises-de-bistrot-en-bois-baumann","title":{"rendered":"3 Anciennes Chaises de Bistrot en Bois Baumann"},"content":{"rendered":"<p><span style=\"font-weight: 400;\">Ce trio de si\u00e8ges vintage refl\u00e8te le charme du mobilier de caf\u00e9 fran\u00e7ais du XX\u1d49 si\u00e8cle.<\/span><\/p>\n<p>&nbsp;<\/p>\n<p><span style=\"font-weight: 400;\">Ils sont estampill\u00e9s sur le dessous \u00ab\u00a0Baumann\u00a0\u00bb<\/span><\/p>\n<p>&nbsp;<\/p>\n<p><span style=\"font-weight: 400;\">Une manufacture cr\u00e9e en 1901 \u00e0 Colombier-Fontaine, dans le Doubs, par \u00c9mile Baumann, un Suisse passionn\u00e9 par le travail du bois.<\/span><\/p>\n<p>&nbsp;<\/p>\n<p><span style=\"font-weight: 400;\">Cet entrepreneur visionnaire souhaite d\u00e9mocratiser le mobilier de qualit\u00e9, \u00e0 une \u00e9poque o\u00f9 les meubles \u00e9taient soit tr\u00e8s chers, soit de qualit\u00e9 m\u00e9diocre<\/span><\/p>\n<p>&nbsp;<\/p>\n<p><span style=\"font-weight: 400;\">Baumann propose lui des si\u00e8ges \u00e9l\u00e9gants,\u00a0robustes et accessible.<\/span><\/p>\n<p>&nbsp;<\/p>\n<p><span style=\"font-weight: 400;\">Le bois courb\u00e9 \u00e0 la vapeur devient la sp\u00e9cialit\u00e9 de la maison. Cette m\u00e9thode r\u00e9volutionnaire permet de cr\u00e9er des courbes fluides et naturelles sans affaiblir la structure du bois.\u00a0<\/span><\/p>\n<p>&nbsp;<\/p>\n<p><span style=\"font-weight: 400;\">D\u2019ailleurs, c\u2019est exactement ce qui donne aux chaises Baumann cette silhouette si reconnaissable, avec leurs lignes \u00e9pur\u00e9es et leurs formes organiques.<\/span><\/p>\n<p>&nbsp;<\/p>\n<p><span style=\"font-weight: 400;\">Au fil des d\u00e9cennies, la manufacture va d\u00e9velopper toute une gamme de mod\u00e8les, chacun avec sa personnalit\u00e9 propre.\u00a0\u00a0<\/span><\/p>\n<p>&nbsp;<\/p>\n<p><span style=\"font-weight: 400;\">On retrouve bien sur ce mod\u00e8le l\u2019utilisation de la technique traditionnelle du bois courb\u00e9 ainsi que les petits dossiers cintr\u00e9s qui \u00e9pousent la forme du dos et garantissent de ce fait un confort optimal.<\/span><\/p>\n<p>&nbsp;<\/p>\n<p><span style=\"font-weight: 400;\">Sa finition en bois naturel patin\u00e9 apporte chaleur et caract\u00e8re \u00e0 n\u2019importe quel espace.<\/span><\/p>\n<p>&nbsp;<\/p>\n<p><span style=\"font-weight: 400;\">Solides et confortables, ces chaises peuvent \u00eatre utilis\u00e9es dans une cuisine, salle \u00e0 manger, caf\u00e9, bar ou brasserie.<\/span><\/p>\n<p>&nbsp;<\/p>\n<p><span style=\"font-weight: 400;\">Pi\u00e8ces vendues dans leur jus avec traces visibles dans les photos.<\/span><\/p>\n<p>&nbsp;<\/p>\n<p><span style=\"font-weight: 400;\">H 78,5 x LA 37,5 x P 36,5 cm &#8211; H assise 47 cm<\/span><\/p>","protected":false},"excerpt":{"rendered":"<p>Ce trio de si\u00e8ges vintage refl\u00e8te le charme du mobilier de caf\u00e9 fran\u00e7ais du XX\u1d49 si\u00e8cle. &nbsp; Ils sont estampill\u00e9s sur le dessous \u00ab\u00a0Baumann\u00a0\u00bb &nbsp; Une manufacture cr\u00e9e en 1901 \u00e0 Colombier-Fontaine, dans le Doubs, par \u00c9mile Baumann, un Suisse passionn\u00e9 par le travail du bois. &nbsp; Cet entrepreneur visionnaire souhaite d\u00e9mocratiser le mobilier de [&hellip;]<\/p>\n","protected":false},"featured_media":33035,"template":"","meta":{"site-sidebar-layout":"default","site-content-layout":"","ast-site-content-layout":"default","site-content-style":"default","site-sidebar-style":"default","ast-global-header-display":"","ast-banner-title-visibility":"","ast-main-header-display":"","ast-hfb-above-header-display":"","ast-hfb-below-header-display":"","ast-hfb-mobile-header-display":"","site-post-title":"","ast-breadcrumbs-content":"","ast-featured-img":"","footer-sml-layout":"","ast-disable-related-posts":"","theme-transparent-header-meta":"default","adv-header-id-meta":"","stick-header-meta":"","header-above-stick-meta":"","header-main-stick-meta":"","header-below-stick-meta":"","astra-migrate-meta-layouts":"set","ast-page-background-enabled":"default","ast-page-background-meta":{"desktop":{"background-color":"var(--ast-global-color-4)","background-image":"","background-repeat":"repeat","background-position":"center center","background-size":"auto","background-attachment":"scroll","background-type":"","background-media":"","overlay-type":"","overlay-color":"","overlay-opacity":"","overlay-gradient":""},"tablet":{"background-color":"","background-image":"","background-repeat":"repeat","background-position":"center center","background-size":"auto","background-attachment":"scroll","background-type":"","background-media":"","overlay-type":"","overlay-color":"","overlay-opacity":"","overlay-gradient":""},"mobile":{"background-color":"","background-image":"","background-repeat":"repeat","background-position":"center center","background-size":"auto","background-attachment":"scroll","background-type":"","background-media":"","overlay-type":"","overlay-color":"","overlay-opacity":"","overlay-gradient":""}},"ast-content-background-meta":{"desktop":{"background-color":"var(--ast-global-color-5)","background-image":"","background-repeat":"repeat","background-position":"center center","background-size":"auto","background-attachment":"scroll","background-type":"","background-media":"","overlay-type":"","overlay-color":"","overlay-opacity":"","overlay-gradient":""},"tablet":{"background-color":"var(--ast-global-color-5)","background-image":"","background-repeat":"repeat","background-position":"center center","background-size":"auto","background-attachment":"scroll","background-type":"","background-media":"","overlay-type":"","overlay-color":"","overlay-opacity":"","overlay-gradient":""},"mobile":{"background-color":"var(--ast-global-color-5)","background-image":"","background-repeat":"repeat","background-position":"center center","background-size":"auto","background-attachment":"scroll","background-type":"","background-media":"","overlay-type":"","overlay-color":"","overlay-opacity":"","overlay-gradient":""}}},"product_cat":[22,3531],"product_tag":[1197,3792,1326,1863,2476,1011],"yoast_head":"<!-- This site is optimized with the Yoast SEO plugin v20.8 - https:\/\/yoast.com\/wordpress\/plugins\/seo\/ -->\n<title>3 Anciennes Chaises de Bistrot en Bois Baumann - Vintage French Finds<\/title>\n<meta name=\"description\" content=\"The best of French vintage delivered to your doorstep direct from France : fashion, furniture, decoration, table art, curiosities, collections and art work.\" \/>\n<meta name=\"robots\" content=\"index, follow, max-snippet:-1, max-image-preview:large, max-video-preview:-1\" \/>\n<link rel=\"canonical\" href=\"https:\/\/vintagefrenchfinds.com\/en\/product\/3-anciennes-chaises-de-bistrot-en-bois-baumann\/\" \/>\n<meta property=\"og:locale\" content=\"en_GB\" \/>\n<meta property=\"og:type\" content=\"article\" \/>\n<meta property=\"og:title\" content=\"3 Anciennes Chaises de Bistrot en Bois Baumann - Vintage French Finds\" \/>\n<meta property=\"og:description\" content=\"The best of French vintage delivered to your doorstep direct from France : fashion, furniture, decoration, table art, curiosities, collections and art work.\" \/>\n<meta property=\"og:url\" content=\"https:\/\/vintagefrenchfinds.com\/en\/product\/3-anciennes-chaises-de-bistrot-en-bois-baumann\/\" \/>\n<meta property=\"og:site_name\" content=\"Vintage French Finds\" \/>\n<meta property=\"article:modified_time\" content=\"2026-03-18T15:41:28+00:00\" \/>\n<meta property=\"og:image\" content=\"https:\/\/vintagefrenchfinds.com\/wp-content\/uploads\/2026\/03\/3-Anciennes-Chaises-de-Bistrot-en-Bois-Baumann-6.jpg\" \/>\n\t<meta property=\"og:image:width\" content=\"886\" \/>\n\t<meta property=\"og:image:height\" content=\"886\" \/>\n\t<meta property=\"og:image:type\" content=\"image\/jpeg\" \/>\n<meta name=\"twitter:card\" content=\"summary_large_image\" \/>\n<meta name=\"twitter:label1\" content=\"Estimated reading time\" \/>\n\t<meta name=\"twitter:data1\" content=\"2 minutes\" \/>\n<script type=\"application\/ld+json\" class=\"yoast-schema-graph\">{\"@context\":\"https:\/\/schema.org\",\"@graph\":[{\"@type\":\"WebPage\",\"@id\":\"https:\/\/vintagefrenchfinds.com\/product\/3-anciennes-chaises-de-bistrot-en-bois-baumann\",\"url\":\"https:\/\/vintagefrenchfinds.com\/product\/3-anciennes-chaises-de-bistrot-en-bois-baumann\",\"name\":\"3 Anciennes Chaises de Bistrot en Bois Baumann - Vintage French Finds\",\"isPartOf\":{\"@id\":\"https:\/\/vintagefrenchfinds.com\/#website\"},\"datePublished\":\"2026-03-18T15:37:27+00:00\",\"dateModified\":\"2026-03-18T15:41:28+00:00\",\"description\":\"The best of French vintage delivered to your doorstep direct from France : fashion, furniture, decoration, table art, curiosities, collections and art work.\",\"breadcrumb\":{\"@id\":\"https:\/\/vintagefrenchfinds.com\/product\/3-anciennes-chaises-de-bistrot-en-bois-baumann#breadcrumb\"},\"inLanguage\":\"en-GB\",\"potentialAction\":[{\"@type\":\"ReadAction\",\"target\":[\"https:\/\/vintagefrenchfinds.com\/product\/3-anciennes-chaises-de-bistrot-en-bois-baumann\"]}]},{\"@type\":\"BreadcrumbList\",\"@id\":\"https:\/\/vintagefrenchfinds.com\/product\/3-anciennes-chaises-de-bistrot-en-bois-baumann#breadcrumb\",\"itemListElement\":[{\"@type\":\"ListItem\",\"position\":1,\"name\":\"Home\",\"item\":\"https:\/\/vintagefrenchfinds.com\/\"},{\"@type\":\"ListItem\",\"position\":2,\"name\":\"BOUTIQUE\",\"item\":\"https:\/\/vintagefrenchfinds.com\/shop\"},{\"@type\":\"ListItem\",\"position\":3,\"name\":\"3 Anciennes Chaises de Bistrot en Bois Baumann\"}]},{\"@type\":\"WebSite\",\"@id\":\"https:\/\/vintagefrenchfinds.com\/#website\",\"url\":\"https:\/\/vintagefrenchfinds.com\/\",\"name\":\"Vintage French Finds\",\"description\":\"The best of French vintage delivered to your doorstep direct from France : fashion, furniture, decoration, table art, curiosities, collections and art work.\",\"potentialAction\":[{\"@type\":\"SearchAction\",\"target\":{\"@type\":\"EntryPoint\",\"urlTemplate\":\"https:\/\/vintagefrenchfinds.com\/?s={search_term_string}\"},\"query-input\":\"required name=search_term_string\"}],\"inLanguage\":\"en-GB\"}]}<\/script>\n<!-- \/ Yoast SEO plugin. -->","yoast_head_json":{"title":"3 Anciennes Chaises de Bistrot en Bois Baumann - Vintage French Finds","description":"The best of French vintage delivered to your doorstep direct from France : fashion, furniture, decoration, table art, curiosities, collections and art work.","robots":{"index":"index","follow":"follow","max-snippet":"max-snippet:-1","max-image-preview":"max-image-preview:large","max-video-preview":"max-video-preview:-1"},"canonical":"https:\/\/vintagefrenchfinds.com\/en\/product\/3-anciennes-chaises-de-bistrot-en-bois-baumann\/","og_locale":"en_GB","og_type":"article","og_title":"3 Anciennes Chaises de Bistrot en Bois Baumann - Vintage French Finds","og_description":"The best of French vintage delivered to your doorstep direct from France : fashion, furniture, decoration, table art, curiosities, collections and art work.","og_url":"https:\/\/vintagefrenchfinds.com\/en\/product\/3-anciennes-chaises-de-bistrot-en-bois-baumann\/","og_site_name":"Vintage French Finds","article_modified_time":"2026-03-18T15:41:28+00:00","og_image":[{"width":886,"height":886,"url":"https:\/\/vintagefrenchfinds.com\/wp-content\/uploads\/2026\/03\/3-Anciennes-Chaises-de-Bistrot-en-Bois-Baumann-6.jpg","type":"image\/jpeg"}],"twitter_card":"summary_large_image","twitter_misc":{"Estimated reading time":"2 minutes"},"schema":{"@context":"https:\/\/schema.org","@graph":[{"@type":"WebPage","@id":"https:\/\/vintagefrenchfinds.com\/product\/3-anciennes-chaises-de-bistrot-en-bois-baumann","url":"https:\/\/vintagefrenchfinds.com\/product\/3-anciennes-chaises-de-bistrot-en-bois-baumann","name":"3 Anciennes Chaises de Bistrot en Bois Baumann - Vintage French Finds","isPartOf":{"@id":"https:\/\/vintagefrenchfinds.com\/#website"},"datePublished":"2026-03-18T15:37:27+00:00","dateModified":"2026-03-18T15:41:28+00:00","description":"The best of French vintage delivered to your doorstep direct from France : fashion, furniture, decoration, table art, curiosities, collections and art work.","breadcrumb":{"@id":"https:\/\/vintagefrenchfinds.com\/product\/3-anciennes-chaises-de-bistrot-en-bois-baumann#breadcrumb"},"inLanguage":"en-GB","potentialAction":[{"@type":"ReadAction","target":["https:\/\/vintagefrenchfinds.com\/product\/3-anciennes-chaises-de-bistrot-en-bois-baumann"]}]},{"@type":"BreadcrumbList","@id":"https:\/\/vintagefrenchfinds.com\/product\/3-anciennes-chaises-de-bistrot-en-bois-baumann#breadcrumb","itemListElement":[{"@type":"ListItem","position":1,"name":"Home","item":"https:\/\/vintagefrenchfinds.com\/"},{"@type":"ListItem","position":2,"name":"BOUTIQUE","item":"https:\/\/vintagefrenchfinds.com\/shop"},{"@type":"ListItem","position":3,"name":"3 Anciennes Chaises de Bistrot en Bois Baumann"}]},{"@type":"WebSite","@id":"https:\/\/vintagefrenchfinds.com\/#website","url":"https:\/\/vintagefrenchfinds.com\/","name":"Vintage French Finds\u00a0","description":"The best of French vintage delivered to your doorstep direct from France : fashion, furniture, decoration, table art, curiosities, collections and art work.","potentialAction":[{"@type":"SearchAction","target":{"@type":"EntryPoint","urlTemplate":"https:\/\/vintagefrenchfinds.com\/?s={search_term_string}"},"query-input":"required name=search_term_string"}],"inLanguage":"en-GB"}]}},"post_mailing_queue_ids":[],"_links":{"self":[{"href":"https:\/\/vintagefrenchfinds.com\/en\/wp-json\/wp\/v2\/product\/33033"}],"collection":[{"href":"https:\/\/vintagefrenchfinds.com\/en\/wp-json\/wp\/v2\/product"}],"about":[{"href":"https:\/\/vintagefrenchfinds.com\/en\/wp-json\/wp\/v2\/types\/product"}],"wp:featuredmedia":[{"embeddable":true,"href":"https:\/\/vintagefrenchfinds.com\/en\/wp-json\/wp\/v2\/media\/33035"}],"wp:attachment":[{"href":"https:\/\/vintagefrenchfinds.com\/en\/wp-json\/wp\/v2\/media?parent=33033"}],"wp:term":[{"taxonomy":"product_cat","embeddable":true,"href":"https:\/\/vintagefrenchfinds.com\/en\/wp-json\/wp\/v2\/product_cat?post=33033"},{"taxonomy":"product_tag","embeddable":true,"href":"https:\/\/vintagefrenchfinds.com\/en\/wp-json\/wp\/v2\/product_tag?post=33033"}],"curies":[{"name":"wp","href":"https:\/\/api.w.org\/{rel}","templated":true}]}}