{"id":3453,"date":"2020-07-05T18:55:08","date_gmt":"2020-07-05T18:55:08","guid":{"rendered":"http:\/\/vintagefrenchfinds.com\/?post_type=product&#038;p=3453"},"modified":"2025-03-05T11:37:48","modified_gmt":"2025-03-05T11:37:48","slug":"grand-plat-rond-ancien-en-faience-signe-de-style-rouen","status":"publish","type":"product","link":"https:\/\/vintagefrenchfinds.com\/en\/product\/grand-plat-rond-ancien-en-faience-signe-de-style-rouen","title":{"rendered":"Antique French Signed Round Earthenware Plate In Rouen Style"},"content":{"rendered":"<p>Vintage French large dish; a presentation plate in white ceramic with shades of blue for the decor inspired by Delft earthenware.<\/p>\n<p>Au centre 2 lions tiennent un \u00e9tendard sur lequel est affich\u00e9 une croix. Au dessus une couronne et en dessous : \u00ab\u00a0Cruce Deo Gladio Regi Jungor\u00a0\u00bb qui est la devise de la maison Saint\u00a0Phalle.<\/p>\n<p>Sign\u00e9 par l&rsquo;artiste sur le revers : R.<\/p>\n<p>L&rsquo;\u00e9mail est parti sur le bord sur environ 3 cm sinon en bon \u00e9tat.<\/p>\n<p>Cet objet semblerait \u00eatre une fa\u00efence ancienne de Rouen mais je ne suis pas\u00a0 une experte et je ne peux pas donc garantir l&rsquo;origine.<\/p>\n<p>Diameter 42.5 x Height 5 cm<\/p>","protected":false},"excerpt":{"rendered":"<p>Grand plat ancien &#8211; assiette de pr\u00e9sentation en c\u00e9ramique fa\u00efence blanche \u00e0 d\u00e9cor en cama\u00efeu de bleu inspir\u00e9 des fa\u00efences de Delft. Au centre 2 lions tiennent un \u00e9tendard sur lequel est affich\u00e9 une croix. Au dessus une couronne et en dessous : \u00ab\u00a0Cruce Deo Gladio Regi Jungor\u00a0\u00bb qui est la devise de la maison [&hellip;]<\/p>\n","protected":false},"featured_media":3445,"template":"","meta":{"site-sidebar-layout":"default","site-content-layout":"default","ast-site-content-layout":"default","site-content-style":"default","site-sidebar-style":"default","ast-global-header-display":"","ast-banner-title-visibility":"","ast-main-header-display":"","ast-hfb-above-header-display":"","ast-hfb-below-header-display":"","ast-hfb-mobile-header-display":"","site-post-title":"","ast-breadcrumbs-content":"","ast-featured-img":"","footer-sml-layout":"","ast-disable-related-posts":"","theme-transparent-header-meta":"default","adv-header-id-meta":"","stick-header-meta":"","header-above-stick-meta":"","header-main-stick-meta":"","header-below-stick-meta":"","astra-migrate-meta-layouts":"default","ast-page-background-enabled":"default","ast-page-background-meta":{"desktop":{"background-color":"var(--ast-global-color-4)","background-image":"","background-repeat":"repeat","background-position":"center center","background-size":"auto","background-attachment":"scroll","background-type":"","background-media":"","overlay-type":"","overlay-color":"","overlay-opacity":"","overlay-gradient":""},"tablet":{"background-color":"","background-image":"","background-repeat":"repeat","background-position":"center center","background-size":"auto","background-attachment":"scroll","background-type":"","background-media":"","overlay-type":"","overlay-color":"","overlay-opacity":"","overlay-gradient":""},"mobile":{"background-color":"","background-image":"","background-repeat":"repeat","background-position":"center center","background-size":"auto","background-attachment":"scroll","background-type":"","background-media":"","overlay-type":"","overlay-color":"","overlay-opacity":"","overlay-gradient":""}},"ast-content-background-meta":{"desktop":{"background-color":"var(--ast-global-color-5)","background-image":"","background-repeat":"repeat","background-position":"center center","background-size":"auto","background-attachment":"scroll","background-type":"","background-media":"","overlay-type":"","overlay-color":"","overlay-opacity":"","overlay-gradient":""},"tablet":{"background-color":"var(--ast-global-color-5)","background-image":"","background-repeat":"repeat","background-position":"center center","background-size":"auto","background-attachment":"scroll","background-type":"","background-media":"","overlay-type":"","overlay-color":"","overlay-opacity":"","overlay-gradient":""},"mobile":{"background-color":"var(--ast-global-color-5)","background-image":"","background-repeat":"repeat","background-position":"center center","background-size":"auto","background-attachment":"scroll","background-type":"","background-media":"","overlay-type":"","overlay-color":"","overlay-opacity":"","overlay-gradient":""}}},"product_cat":[3542,3547],"product_tag":[1197,1115,1845,1920,1174,2040,1011],"yoast_head":"<!-- This site is optimized with the Yoast SEO plugin v20.8 - https:\/\/yoast.com\/wordpress\/plugins\/seo\/ -->\n<title>Grand Plat Rond Ancien en Fa\u00efence Sign\u00e9 de Style Rouen - Vintage French Finds<\/title>\n<meta name=\"description\" content=\"The best of French vintage delivered to your doorstep direct from France : fashion, furniture, decoration, table art, curiosities, collections and art work.\" \/>\n<meta name=\"robots\" content=\"index, follow, max-snippet:-1, max-image-preview:large, max-video-preview:-1\" \/>\n<link rel=\"canonical\" href=\"https:\/\/vintagefrenchfinds.com\/en\/product\/grand-plat-rond-ancien-en-faience-signe-de-style-rouen\/\" \/>\n<meta property=\"og:locale\" content=\"en_GB\" \/>\n<meta property=\"og:type\" content=\"article\" \/>\n<meta property=\"og:title\" content=\"Grand Plat Rond Ancien en Fa\u00efence Sign\u00e9 de Style Rouen - Vintage French Finds\" \/>\n<meta property=\"og:description\" content=\"The best of French vintage delivered to your doorstep direct from France : fashion, furniture, decoration, table art, curiosities, collections and art work.\" \/>\n<meta property=\"og:url\" content=\"https:\/\/vintagefrenchfinds.com\/en\/product\/grand-plat-rond-ancien-en-faience-signe-de-style-rouen\/\" \/>\n<meta property=\"og:site_name\" content=\"Vintage French Finds\" \/>\n<meta property=\"article:modified_time\" content=\"2025-03-05T11:37:48+00:00\" \/>\n<meta property=\"og:image\" content=\"https:\/\/vintagefrenchfinds.com\/wp-content\/uploads\/2020\/07\/DSCN6273.jpg\" \/>\n\t<meta property=\"og:image:width\" content=\"886\" \/>\n\t<meta property=\"og:image:height\" content=\"829\" \/>\n\t<meta property=\"og:image:type\" content=\"image\/jpeg\" \/>\n<meta name=\"twitter:card\" content=\"summary_large_image\" \/>\n<meta name=\"twitter:label1\" content=\"Estimated reading time\" \/>\n\t<meta name=\"twitter:data1\" content=\"1 minute\" \/>\n<script type=\"application\/ld+json\" class=\"yoast-schema-graph\">{\"@context\":\"https:\/\/schema.org\",\"@graph\":[{\"@type\":\"WebPage\",\"@id\":\"https:\/\/vintagefrenchfinds.com\/product\/grand-plat-rond-ancien-en-faience-signe-de-style-rouen\",\"url\":\"https:\/\/vintagefrenchfinds.com\/product\/grand-plat-rond-ancien-en-faience-signe-de-style-rouen\",\"name\":\"Grand Plat Rond Ancien en Fa\u00efence Sign\u00e9 de Style Rouen - Vintage French Finds\",\"isPartOf\":{\"@id\":\"https:\/\/vintagefrenchfinds.com\/#website\"},\"datePublished\":\"2020-07-05T18:55:08+00:00\",\"dateModified\":\"2025-03-05T11:37:48+00:00\",\"description\":\"The best of French vintage delivered to your doorstep direct from France : fashion, furniture, decoration, table art, curiosities, collections and art work.\",\"breadcrumb\":{\"@id\":\"https:\/\/vintagefrenchfinds.com\/product\/grand-plat-rond-ancien-en-faience-signe-de-style-rouen#breadcrumb\"},\"inLanguage\":\"en-GB\",\"potentialAction\":[{\"@type\":\"ReadAction\",\"target\":[\"https:\/\/vintagefrenchfinds.com\/product\/grand-plat-rond-ancien-en-faience-signe-de-style-rouen\"]}]},{\"@type\":\"BreadcrumbList\",\"@id\":\"https:\/\/vintagefrenchfinds.com\/product\/grand-plat-rond-ancien-en-faience-signe-de-style-rouen#breadcrumb\",\"itemListElement\":[{\"@type\":\"ListItem\",\"position\":1,\"name\":\"Home\",\"item\":\"https:\/\/vintagefrenchfinds.com\/\"},{\"@type\":\"ListItem\",\"position\":2,\"name\":\"BOUTIQUE\",\"item\":\"https:\/\/vintagefrenchfinds.com\/shop\"},{\"@type\":\"ListItem\",\"position\":3,\"name\":\"Grand Plat Rond Ancien en Fa\u00efence Sign\u00e9 de Style Rouen\"}]},{\"@type\":\"WebSite\",\"@id\":\"https:\/\/vintagefrenchfinds.com\/#website\",\"url\":\"https:\/\/vintagefrenchfinds.com\/\",\"name\":\"Vintage French Finds\",\"description\":\"The best of French vintage delivered to your doorstep direct from France : fashion, furniture, decoration, table art, curiosities, collections and art work.\",\"potentialAction\":[{\"@type\":\"SearchAction\",\"target\":{\"@type\":\"EntryPoint\",\"urlTemplate\":\"https:\/\/vintagefrenchfinds.com\/?s={search_term_string}\"},\"query-input\":\"required name=search_term_string\"}],\"inLanguage\":\"en-GB\"}]}<\/script>\n<!-- \/ Yoast SEO plugin. -->","yoast_head_json":{"title":"Grand Plat Rond Ancien en Fa\u00efence Sign\u00e9 de Style Rouen - Vintage French Finds","description":"The best of French vintage delivered to your doorstep direct from France : fashion, furniture, decoration, table art, curiosities, collections and art work.","robots":{"index":"index","follow":"follow","max-snippet":"max-snippet:-1","max-image-preview":"max-image-preview:large","max-video-preview":"max-video-preview:-1"},"canonical":"https:\/\/vintagefrenchfinds.com\/en\/product\/grand-plat-rond-ancien-en-faience-signe-de-style-rouen\/","og_locale":"en_GB","og_type":"article","og_title":"Grand Plat Rond Ancien en Fa\u00efence Sign\u00e9 de Style Rouen - Vintage French Finds","og_description":"The best of French vintage delivered to your doorstep direct from France : fashion, furniture, decoration, table art, curiosities, collections and art work.","og_url":"https:\/\/vintagefrenchfinds.com\/en\/product\/grand-plat-rond-ancien-en-faience-signe-de-style-rouen\/","og_site_name":"Vintage French Finds","article_modified_time":"2025-03-05T11:37:48+00:00","og_image":[{"width":886,"height":829,"url":"https:\/\/vintagefrenchfinds.com\/wp-content\/uploads\/2020\/07\/DSCN6273.jpg","type":"image\/jpeg"}],"twitter_card":"summary_large_image","twitter_misc":{"Estimated reading time":"1 minute"},"schema":{"@context":"https:\/\/schema.org","@graph":[{"@type":"WebPage","@id":"https:\/\/vintagefrenchfinds.com\/product\/grand-plat-rond-ancien-en-faience-signe-de-style-rouen","url":"https:\/\/vintagefrenchfinds.com\/product\/grand-plat-rond-ancien-en-faience-signe-de-style-rouen","name":"Grand Plat Rond Ancien en Fa\u00efence Sign\u00e9 de Style Rouen - Vintage French Finds","isPartOf":{"@id":"https:\/\/vintagefrenchfinds.com\/#website"},"datePublished":"2020-07-05T18:55:08+00:00","dateModified":"2025-03-05T11:37:48+00:00","description":"The best of French vintage delivered to your doorstep direct from France : fashion, furniture, decoration, table art, curiosities, collections and art work.","breadcrumb":{"@id":"https:\/\/vintagefrenchfinds.com\/product\/grand-plat-rond-ancien-en-faience-signe-de-style-rouen#breadcrumb"},"inLanguage":"en-GB","potentialAction":[{"@type":"ReadAction","target":["https:\/\/vintagefrenchfinds.com\/product\/grand-plat-rond-ancien-en-faience-signe-de-style-rouen"]}]},{"@type":"BreadcrumbList","@id":"https:\/\/vintagefrenchfinds.com\/product\/grand-plat-rond-ancien-en-faience-signe-de-style-rouen#breadcrumb","itemListElement":[{"@type":"ListItem","position":1,"name":"Home","item":"https:\/\/vintagefrenchfinds.com\/"},{"@type":"ListItem","position":2,"name":"BOUTIQUE","item":"https:\/\/vintagefrenchfinds.com\/shop"},{"@type":"ListItem","position":3,"name":"Grand Plat Rond Ancien en Fa\u00efence Sign\u00e9 de Style Rouen"}]},{"@type":"WebSite","@id":"https:\/\/vintagefrenchfinds.com\/#website","url":"https:\/\/vintagefrenchfinds.com\/","name":"Vintage French Finds\u00a0","description":"The best of French vintage delivered to your doorstep direct from France : fashion, furniture, decoration, table art, curiosities, collections and art work.","potentialAction":[{"@type":"SearchAction","target":{"@type":"EntryPoint","urlTemplate":"https:\/\/vintagefrenchfinds.com\/?s={search_term_string}"},"query-input":"required name=search_term_string"}],"inLanguage":"en-GB"}]}},"post_mailing_queue_ids":[],"_links":{"self":[{"href":"https:\/\/vintagefrenchfinds.com\/en\/wp-json\/wp\/v2\/product\/3453"}],"collection":[{"href":"https:\/\/vintagefrenchfinds.com\/en\/wp-json\/wp\/v2\/product"}],"about":[{"href":"https:\/\/vintagefrenchfinds.com\/en\/wp-json\/wp\/v2\/types\/product"}],"wp:featuredmedia":[{"embeddable":true,"href":"https:\/\/vintagefrenchfinds.com\/en\/wp-json\/wp\/v2\/media\/3445"}],"wp:attachment":[{"href":"https:\/\/vintagefrenchfinds.com\/en\/wp-json\/wp\/v2\/media?parent=3453"}],"wp:term":[{"taxonomy":"product_cat","embeddable":true,"href":"https:\/\/vintagefrenchfinds.com\/en\/wp-json\/wp\/v2\/product_cat?post=3453"},{"taxonomy":"product_tag","embeddable":true,"href":"https:\/\/vintagefrenchfinds.com\/en\/wp-json\/wp\/v2\/product_tag?post=3453"}],"curies":[{"name":"wp","href":"https:\/\/api.w.org\/{rel}","templated":true}]}}