{"id":6765,"date":"2020-10-08T13:54:11","date_gmt":"2020-10-08T13:54:11","guid":{"rendered":"http:\/\/vintagefrenchfinds.com\/?post_type=product&#038;p=6765"},"modified":"2025-03-03T15:20:03","modified_gmt":"2025-03-03T15:20:03","slug":"ancien-service-de-vaisselle-de-la-faiencerie-lamandinoise-collection-vincennes","status":"publish","type":"product","link":"https:\/\/vintagefrenchfinds.com\/en\/product\/ancien-service-de-vaisselle-de-la-faiencerie-lamandinoise-collection-vincennes","title":{"rendered":"Antique French L\u2019Amandinoise Faience Dinnerware Set : Vincennes Collection"},"content":{"rendered":"<p class=\"p1\"><span class=\"s1\">Superb vintage ceramic tableware set by l\u2019Amandinoise, a pottery factory founded in Saint-Amand-Les-Eaux in 1900.<\/span><\/p>\n<p class=\"p1\"><span class=\"s1\">This is the VINCENNES collection decorated with exotic birds and polychrome flowers.<\/span><\/p>\n<p class=\"p1\"><span class=\"s1\">The set includes 27 pieces:<\/span><\/p>\n<p class=\"p1\"><span class=\"s1\">1 x large dish D 30.5 cm<\/span><\/p>\n<p class=\"p1\"><span class=\"s1\">1 x vegetable dish D 33 x H 15 cm<\/span><\/p>\n<p class=\"p1\"><span class=\"s1\">1 x oval dish LO 33 x W 23 cm<\/span><\/p>\n<p class=\"p1\"><span class=\"s1\">1 x salad bowl D 30 cm<\/span><\/p>\n<p class=\"p1\"><span class=\"s1\">1 x saucer LO 25 x H 9.5 cm<\/span><\/p>\n<p class=\"p1\"><span class=\"s1\">11 x soup plates D 24 cm<\/span><\/p>\n<p class=\"p1\"><span class=\"s1\">11 x flat plates D 24 cm<\/span><\/p>\n<p class=\"p1\"><span class=\"s1\">Very good state.<\/span><\/p>\n<p class=\"p1\"><span class=\"s1\">Very good condition.<\/br><\/br>It is possible to purchase items separately.<\/span><\/p>","protected":false},"excerpt":{"rendered":"<p>Superbe service de vaisselle vintage en c\u00e9ramique sign\u00e9 l\u2019Amandinoise, une fa\u00efencerie fond\u00e9e \u00e0 Saint-Amand-Les-Eaux en 1900. Il s\u2019agit de la collection VINCENNES \u00e0 d\u00e9cor d\u2019oiseaux exotiques et de fleurs polychromes. L\u2019ensemble comprend 27 pi\u00e8ces : 1 x grand plat D 30,5 cm 1 x l\u00e9gumier D 33 x H 15 cm 1 x plat oval [&hellip;]<\/p>\n","protected":false},"featured_media":6766,"template":"","meta":{"site-sidebar-layout":"default","site-content-layout":"default","ast-site-content-layout":"default","site-content-style":"default","site-sidebar-style":"default","ast-global-header-display":"","ast-banner-title-visibility":"","ast-main-header-display":"","ast-hfb-above-header-display":"","ast-hfb-below-header-display":"","ast-hfb-mobile-header-display":"","site-post-title":"","ast-breadcrumbs-content":"","ast-featured-img":"","footer-sml-layout":"","ast-disable-related-posts":"","theme-transparent-header-meta":"default","adv-header-id-meta":"","stick-header-meta":"","header-above-stick-meta":"","header-main-stick-meta":"","header-below-stick-meta":"","astra-migrate-meta-layouts":"set","ast-page-background-enabled":"default","ast-page-background-meta":{"desktop":{"background-color":"var(--ast-global-color-4)","background-image":"","background-repeat":"repeat","background-position":"center center","background-size":"auto","background-attachment":"scroll","background-type":"","background-media":"","overlay-type":"","overlay-color":"","overlay-opacity":"","overlay-gradient":""},"tablet":{"background-color":"","background-image":"","background-repeat":"repeat","background-position":"center center","background-size":"auto","background-attachment":"scroll","background-type":"","background-media":"","overlay-type":"","overlay-color":"","overlay-opacity":"","overlay-gradient":""},"mobile":{"background-color":"","background-image":"","background-repeat":"repeat","background-position":"center center","background-size":"auto","background-attachment":"scroll","background-type":"","background-media":"","overlay-type":"","overlay-color":"","overlay-opacity":"","overlay-gradient":""}},"ast-content-background-meta":{"desktop":{"background-color":"var(--ast-global-color-5)","background-image":"","background-repeat":"repeat","background-position":"center center","background-size":"auto","background-attachment":"scroll","background-type":"","background-media":"","overlay-type":"","overlay-color":"","overlay-opacity":"","overlay-gradient":""},"tablet":{"background-color":"var(--ast-global-color-5)","background-image":"","background-repeat":"repeat","background-position":"center center","background-size":"auto","background-attachment":"scroll","background-type":"","background-media":"","overlay-type":"","overlay-color":"","overlay-opacity":"","overlay-gradient":""},"mobile":{"background-color":"var(--ast-global-color-5)","background-image":"","background-repeat":"repeat","background-position":"center center","background-size":"auto","background-attachment":"scroll","background-type":"","background-media":"","overlay-type":"","overlay-color":"","overlay-opacity":"","overlay-gradient":""}}},"product_cat":[3542,3543],"product_tag":[1197,1115,1920,1174,1662,1011],"yoast_head":"<!-- This site is optimized with the Yoast SEO plugin v20.8 - https:\/\/yoast.com\/wordpress\/plugins\/seo\/ -->\n<title>Ancien Service de Vaisselle de la Fa\u00efencerie L\u2019Amandinoise : Collection Vincennes - Vintage French Finds<\/title>\n<meta name=\"description\" content=\"The best of French vintage delivered to your doorstep direct from France : fashion, furniture, decoration, table art, curiosities, collections and art work.\" \/>\n<meta name=\"robots\" content=\"index, follow, max-snippet:-1, max-image-preview:large, max-video-preview:-1\" \/>\n<link rel=\"canonical\" href=\"https:\/\/vintagefrenchfinds.com\/en\/product\/ancien-service-de-vaisselle-de-la-faiencerie-lamandinoise-collection-vincennes\/\" \/>\n<meta property=\"og:locale\" content=\"en_GB\" \/>\n<meta property=\"og:type\" content=\"article\" \/>\n<meta property=\"og:title\" content=\"Ancien Service de Vaisselle de la Fa\u00efencerie L\u2019Amandinoise : Collection Vincennes - Vintage French Finds\" \/>\n<meta property=\"og:description\" content=\"The best of French vintage delivered to your doorstep direct from France : fashion, furniture, decoration, table art, curiosities, collections and art work.\" \/>\n<meta property=\"og:url\" content=\"https:\/\/vintagefrenchfinds.com\/en\/product\/ancien-service-de-vaisselle-de-la-faiencerie-lamandinoise-collection-vincennes\/\" \/>\n<meta property=\"og:site_name\" content=\"Vintage French Finds\" \/>\n<meta property=\"article:modified_time\" content=\"2025-03-03T15:20:03+00:00\" \/>\n<meta property=\"og:image\" content=\"https:\/\/vintagefrenchfinds.com\/wp-content\/uploads\/2020\/10\/DSCN9930.jpg\" \/>\n\t<meta property=\"og:image:width\" content=\"886\" \/>\n\t<meta property=\"og:image:height\" content=\"733\" \/>\n\t<meta property=\"og:image:type\" content=\"image\/jpeg\" \/>\n<meta name=\"twitter:card\" content=\"summary_large_image\" \/>\n<meta name=\"twitter:label1\" content=\"Estimated reading time\" \/>\n\t<meta name=\"twitter:data1\" content=\"1 minute\" \/>\n<script type=\"application\/ld+json\" class=\"yoast-schema-graph\">{\"@context\":\"https:\/\/schema.org\",\"@graph\":[{\"@type\":\"WebPage\",\"@id\":\"https:\/\/vintagefrenchfinds.com\/product\/ancien-service-de-vaisselle-de-la-faiencerie-lamandinoise-collection-vincennes\",\"url\":\"https:\/\/vintagefrenchfinds.com\/product\/ancien-service-de-vaisselle-de-la-faiencerie-lamandinoise-collection-vincennes\",\"name\":\"Ancien Service de Vaisselle de la Fa\u00efencerie L\u2019Amandinoise : Collection Vincennes - Vintage French Finds\",\"isPartOf\":{\"@id\":\"https:\/\/vintagefrenchfinds.com\/#website\"},\"datePublished\":\"2020-10-08T13:54:11+00:00\",\"dateModified\":\"2025-03-03T15:20:03+00:00\",\"description\":\"The best of French vintage delivered to your doorstep direct from France : fashion, furniture, decoration, table art, curiosities, collections and art work.\",\"breadcrumb\":{\"@id\":\"https:\/\/vintagefrenchfinds.com\/product\/ancien-service-de-vaisselle-de-la-faiencerie-lamandinoise-collection-vincennes#breadcrumb\"},\"inLanguage\":\"en-GB\",\"potentialAction\":[{\"@type\":\"ReadAction\",\"target\":[\"https:\/\/vintagefrenchfinds.com\/product\/ancien-service-de-vaisselle-de-la-faiencerie-lamandinoise-collection-vincennes\"]}]},{\"@type\":\"BreadcrumbList\",\"@id\":\"https:\/\/vintagefrenchfinds.com\/product\/ancien-service-de-vaisselle-de-la-faiencerie-lamandinoise-collection-vincennes#breadcrumb\",\"itemListElement\":[{\"@type\":\"ListItem\",\"position\":1,\"name\":\"Home\",\"item\":\"https:\/\/vintagefrenchfinds.com\/\"},{\"@type\":\"ListItem\",\"position\":2,\"name\":\"BOUTIQUE\",\"item\":\"https:\/\/vintagefrenchfinds.com\/shop\"},{\"@type\":\"ListItem\",\"position\":3,\"name\":\"Ancien Service de Vaisselle de la Fa\u00efencerie L\u2019Amandinoise : Collection Vincennes\"}]},{\"@type\":\"WebSite\",\"@id\":\"https:\/\/vintagefrenchfinds.com\/#website\",\"url\":\"https:\/\/vintagefrenchfinds.com\/\",\"name\":\"Vintage French Finds\",\"description\":\"The best of French vintage delivered to your doorstep direct from France : fashion, furniture, decoration, table art, curiosities, collections and art work.\",\"potentialAction\":[{\"@type\":\"SearchAction\",\"target\":{\"@type\":\"EntryPoint\",\"urlTemplate\":\"https:\/\/vintagefrenchfinds.com\/?s={search_term_string}\"},\"query-input\":\"required name=search_term_string\"}],\"inLanguage\":\"en-GB\"}]}<\/script>\n<!-- \/ Yoast SEO plugin. -->","yoast_head_json":{"title":"Ancien Service de Vaisselle de la Fa\u00efencerie L\u2019Amandinoise : Collection Vincennes - Vintage French Finds","description":"The best of French vintage delivered to your doorstep direct from France : fashion, furniture, decoration, table art, curiosities, collections and art work.","robots":{"index":"index","follow":"follow","max-snippet":"max-snippet:-1","max-image-preview":"max-image-preview:large","max-video-preview":"max-video-preview:-1"},"canonical":"https:\/\/vintagefrenchfinds.com\/en\/product\/ancien-service-de-vaisselle-de-la-faiencerie-lamandinoise-collection-vincennes\/","og_locale":"en_GB","og_type":"article","og_title":"Ancien Service de Vaisselle de la Fa\u00efencerie L\u2019Amandinoise : Collection Vincennes - Vintage French Finds","og_description":"The best of French vintage delivered to your doorstep direct from France : fashion, furniture, decoration, table art, curiosities, collections and art work.","og_url":"https:\/\/vintagefrenchfinds.com\/en\/product\/ancien-service-de-vaisselle-de-la-faiencerie-lamandinoise-collection-vincennes\/","og_site_name":"Vintage French Finds","article_modified_time":"2025-03-03T15:20:03+00:00","og_image":[{"width":886,"height":733,"url":"https:\/\/vintagefrenchfinds.com\/wp-content\/uploads\/2020\/10\/DSCN9930.jpg","type":"image\/jpeg"}],"twitter_card":"summary_large_image","twitter_misc":{"Estimated reading time":"1 minute"},"schema":{"@context":"https:\/\/schema.org","@graph":[{"@type":"WebPage","@id":"https:\/\/vintagefrenchfinds.com\/product\/ancien-service-de-vaisselle-de-la-faiencerie-lamandinoise-collection-vincennes","url":"https:\/\/vintagefrenchfinds.com\/product\/ancien-service-de-vaisselle-de-la-faiencerie-lamandinoise-collection-vincennes","name":"Ancien Service de Vaisselle de la Fa\u00efencerie L\u2019Amandinoise : Collection Vincennes - Vintage French Finds","isPartOf":{"@id":"https:\/\/vintagefrenchfinds.com\/#website"},"datePublished":"2020-10-08T13:54:11+00:00","dateModified":"2025-03-03T15:20:03+00:00","description":"The best of French vintage delivered to your doorstep direct from France : fashion, furniture, decoration, table art, curiosities, collections and art work.","breadcrumb":{"@id":"https:\/\/vintagefrenchfinds.com\/product\/ancien-service-de-vaisselle-de-la-faiencerie-lamandinoise-collection-vincennes#breadcrumb"},"inLanguage":"en-GB","potentialAction":[{"@type":"ReadAction","target":["https:\/\/vintagefrenchfinds.com\/product\/ancien-service-de-vaisselle-de-la-faiencerie-lamandinoise-collection-vincennes"]}]},{"@type":"BreadcrumbList","@id":"https:\/\/vintagefrenchfinds.com\/product\/ancien-service-de-vaisselle-de-la-faiencerie-lamandinoise-collection-vincennes#breadcrumb","itemListElement":[{"@type":"ListItem","position":1,"name":"Home","item":"https:\/\/vintagefrenchfinds.com\/"},{"@type":"ListItem","position":2,"name":"BOUTIQUE","item":"https:\/\/vintagefrenchfinds.com\/shop"},{"@type":"ListItem","position":3,"name":"Ancien Service de Vaisselle de la Fa\u00efencerie L\u2019Amandinoise : Collection Vincennes"}]},{"@type":"WebSite","@id":"https:\/\/vintagefrenchfinds.com\/#website","url":"https:\/\/vintagefrenchfinds.com\/","name":"Vintage French Finds\u00a0","description":"The best of French vintage delivered to your doorstep direct from France : fashion, furniture, decoration, table art, curiosities, collections and art work.","potentialAction":[{"@type":"SearchAction","target":{"@type":"EntryPoint","urlTemplate":"https:\/\/vintagefrenchfinds.com\/?s={search_term_string}"},"query-input":"required name=search_term_string"}],"inLanguage":"en-GB"}]}},"post_mailing_queue_ids":[],"_links":{"self":[{"href":"https:\/\/vintagefrenchfinds.com\/en\/wp-json\/wp\/v2\/product\/6765"}],"collection":[{"href":"https:\/\/vintagefrenchfinds.com\/en\/wp-json\/wp\/v2\/product"}],"about":[{"href":"https:\/\/vintagefrenchfinds.com\/en\/wp-json\/wp\/v2\/types\/product"}],"wp:featuredmedia":[{"embeddable":true,"href":"https:\/\/vintagefrenchfinds.com\/en\/wp-json\/wp\/v2\/media\/6766"}],"wp:attachment":[{"href":"https:\/\/vintagefrenchfinds.com\/en\/wp-json\/wp\/v2\/media?parent=6765"}],"wp:term":[{"taxonomy":"product_cat","embeddable":true,"href":"https:\/\/vintagefrenchfinds.com\/en\/wp-json\/wp\/v2\/product_cat?post=6765"},{"taxonomy":"product_tag","embeddable":true,"href":"https:\/\/vintagefrenchfinds.com\/en\/wp-json\/wp\/v2\/product_tag?post=6765"}],"curies":[{"name":"wp","href":"https:\/\/api.w.org\/{rel}","templated":true}]}}