{"id":7206,"date":"2020-12-22T16:36:35","date_gmt":"2020-12-22T16:36:35","guid":{"rendered":"https:\/\/vintagefrenchfinds.com\/?post_type=product&#038;p=7206"},"modified":"2025-05-26T12:14:41","modified_gmt":"2025-05-26T12:14:41","slug":"2-anciennes-soupieres-legumiers-en-terre-de-fer-m-avril-au-port-du-havre","status":"publish","type":"product","link":"https:\/\/vintagefrenchfinds.com\/en\/product\/2-anciennes-soupieres-legumiers-en-terre-de-fer-m-avril-au-port-du-havre","title":{"rendered":"2 Antique French Ironstone Soup - Vegetable Tureens  M. AVRIL,  Le Havre Port"},"content":{"rendered":"<p class=\"p1\"><span class=\"s1\">Pair of vintage ironstone vegetable or soup tureens from the M. Avril manufacture, Le Havre.<\/span><\/p>\n<p class=\"p1\"><span class=\"s1\">The articles are in white ceramic with a dark green decoration : birds on flowering branches.<\/span><\/p>\n<p class=\"p1\"><span class=\"s1\">There are normal signs of wear and the handles have been re-glued: everything is visible in the photos.<\/span><\/p>\n<p class=\"p1\"><span class=\"s1\">PM: W 25 x D 23 x H 15 cm<\/span><\/p>\n<p class=\"p1\"><span class=\"s1\">GM: W 33 x D 24 x H 25 cm<\/span><\/p>","protected":false},"excerpt":{"rendered":"<p>Paire de soupi\u00e8res ou l\u00e9gumiers vintage en Terre de Fer de la manufacture M. Avril, Port du Havre. Les articles sont en c\u00e9ramique blanche avec un d\u00e9cor vert fonc\u00e9 : des oiseaux sur des branches en fleurs. Il y a des traces normales d\u2019usure et les anses ont \u00e9t\u00e9 recoll\u00e9es : tout est visible sur [&hellip;]<\/p>\n","protected":false},"featured_media":7208,"template":"","meta":{"site-sidebar-layout":"default","site-content-layout":"","ast-site-content-layout":"default","site-content-style":"default","site-sidebar-style":"default","ast-global-header-display":"","ast-banner-title-visibility":"","ast-main-header-display":"","ast-hfb-above-header-display":"","ast-hfb-below-header-display":"","ast-hfb-mobile-header-display":"","site-post-title":"","ast-breadcrumbs-content":"","ast-featured-img":"","footer-sml-layout":"","ast-disable-related-posts":"","theme-transparent-header-meta":"default","adv-header-id-meta":"","stick-header-meta":"","header-above-stick-meta":"","header-main-stick-meta":"","header-below-stick-meta":"","astra-migrate-meta-layouts":"set","ast-page-background-enabled":"default","ast-page-background-meta":{"desktop":{"background-color":"var(--ast-global-color-4)","background-image":"","background-repeat":"repeat","background-position":"center center","background-size":"auto","background-attachment":"scroll","background-type":"","background-media":"","overlay-type":"","overlay-color":"","overlay-opacity":"","overlay-gradient":""},"tablet":{"background-color":"","background-image":"","background-repeat":"repeat","background-position":"center center","background-size":"auto","background-attachment":"scroll","background-type":"","background-media":"","overlay-type":"","overlay-color":"","overlay-opacity":"","overlay-gradient":""},"mobile":{"background-color":"","background-image":"","background-repeat":"repeat","background-position":"center center","background-size":"auto","background-attachment":"scroll","background-type":"","background-media":"","overlay-type":"","overlay-color":"","overlay-opacity":"","overlay-gradient":""}},"ast-content-background-meta":{"desktop":{"background-color":"var(--ast-global-color-5)","background-image":"","background-repeat":"repeat","background-position":"center center","background-size":"auto","background-attachment":"scroll","background-type":"","background-media":"","overlay-type":"","overlay-color":"","overlay-opacity":"","overlay-gradient":""},"tablet":{"background-color":"var(--ast-global-color-5)","background-image":"","background-repeat":"repeat","background-position":"center center","background-size":"auto","background-attachment":"scroll","background-type":"","background-media":"","overlay-type":"","overlay-color":"","overlay-opacity":"","overlay-gradient":""},"mobile":{"background-color":"var(--ast-global-color-5)","background-image":"","background-repeat":"repeat","background-position":"center center","background-size":"auto","background-attachment":"scroll","background-type":"","background-media":"","overlay-type":"","overlay-color":"","overlay-opacity":"","overlay-gradient":""}}},"product_cat":[3542,3550],"product_tag":[1197,1115,1920,1174,1158,1157,1159,1011],"yoast_head":"<!-- This site is optimized with the Yoast SEO plugin v20.8 - https:\/\/yoast.com\/wordpress\/plugins\/seo\/ -->\n<title>2 Anciennes Soupi\u00e8res - L\u00e9gumiers en Terre de Fer M. Avril : Au Port du Havre - Vintage French Finds<\/title>\n<meta name=\"description\" content=\"The best of French vintage delivered to your doorstep direct from France : fashion, furniture, decoration, table art, curiosities, collections and art work.\" \/>\n<meta name=\"robots\" content=\"index, follow, max-snippet:-1, max-image-preview:large, max-video-preview:-1\" \/>\n<link rel=\"canonical\" href=\"https:\/\/vintagefrenchfinds.com\/en\/product\/2-anciennes-soupieres-legumiers-en-terre-de-fer-m-avril-au-port-du-havre\/\" \/>\n<meta property=\"og:locale\" content=\"en_GB\" \/>\n<meta property=\"og:type\" content=\"article\" \/>\n<meta property=\"og:title\" content=\"2 Anciennes Soupi\u00e8res - L\u00e9gumiers en Terre de Fer M. Avril : Au Port du Havre - Vintage French Finds\" \/>\n<meta property=\"og:description\" content=\"The best of French vintage delivered to your doorstep direct from France : fashion, furniture, decoration, table art, curiosities, collections and art work.\" \/>\n<meta property=\"og:url\" content=\"https:\/\/vintagefrenchfinds.com\/en\/product\/2-anciennes-soupieres-legumiers-en-terre-de-fer-m-avril-au-port-du-havre\/\" \/>\n<meta property=\"og:site_name\" content=\"Vintage French Finds\" \/>\n<meta property=\"article:modified_time\" content=\"2025-05-26T12:14:41+00:00\" \/>\n<meta property=\"og:image\" content=\"https:\/\/vintagefrenchfinds.com\/wp-content\/uploads\/2020\/12\/DSCN0308.jpg\" \/>\n\t<meta property=\"og:image:width\" content=\"886\" \/>\n\t<meta property=\"og:image:height\" content=\"622\" \/>\n\t<meta property=\"og:image:type\" content=\"image\/jpeg\" \/>\n<meta name=\"twitter:card\" content=\"summary_large_image\" \/>\n<meta name=\"twitter:label1\" content=\"Estimated reading time\" \/>\n\t<meta name=\"twitter:data1\" content=\"1 minute\" \/>\n<script type=\"application\/ld+json\" class=\"yoast-schema-graph\">{\"@context\":\"https:\/\/schema.org\",\"@graph\":[{\"@type\":\"WebPage\",\"@id\":\"https:\/\/vintagefrenchfinds.com\/product\/2-anciennes-soupieres-legumiers-en-terre-de-fer-m-avril-au-port-du-havre\",\"url\":\"https:\/\/vintagefrenchfinds.com\/product\/2-anciennes-soupieres-legumiers-en-terre-de-fer-m-avril-au-port-du-havre\",\"name\":\"2 Anciennes Soupi\u00e8res - L\u00e9gumiers en Terre de Fer M. Avril : Au Port du Havre - Vintage French Finds\",\"isPartOf\":{\"@id\":\"https:\/\/vintagefrenchfinds.com\/#website\"},\"datePublished\":\"2020-12-22T16:36:35+00:00\",\"dateModified\":\"2025-05-26T12:14:41+00:00\",\"description\":\"The best of French vintage delivered to your doorstep direct from France : fashion, furniture, decoration, table art, curiosities, collections and art work.\",\"breadcrumb\":{\"@id\":\"https:\/\/vintagefrenchfinds.com\/product\/2-anciennes-soupieres-legumiers-en-terre-de-fer-m-avril-au-port-du-havre#breadcrumb\"},\"inLanguage\":\"en-GB\",\"potentialAction\":[{\"@type\":\"ReadAction\",\"target\":[\"https:\/\/vintagefrenchfinds.com\/product\/2-anciennes-soupieres-legumiers-en-terre-de-fer-m-avril-au-port-du-havre\"]}]},{\"@type\":\"BreadcrumbList\",\"@id\":\"https:\/\/vintagefrenchfinds.com\/product\/2-anciennes-soupieres-legumiers-en-terre-de-fer-m-avril-au-port-du-havre#breadcrumb\",\"itemListElement\":[{\"@type\":\"ListItem\",\"position\":1,\"name\":\"Home\",\"item\":\"https:\/\/vintagefrenchfinds.com\/\"},{\"@type\":\"ListItem\",\"position\":2,\"name\":\"BOUTIQUE\",\"item\":\"https:\/\/vintagefrenchfinds.com\/shop\"},{\"@type\":\"ListItem\",\"position\":3,\"name\":\"2 Anciennes Soupi\u00e8res &#8211; L\u00e9gumiers en Terre de Fer M. Avril : Au Port du Havre\"}]},{\"@type\":\"WebSite\",\"@id\":\"https:\/\/vintagefrenchfinds.com\/#website\",\"url\":\"https:\/\/vintagefrenchfinds.com\/\",\"name\":\"Vintage French Finds\",\"description\":\"The best of French vintage delivered to your doorstep direct from France : fashion, furniture, decoration, table art, curiosities, collections and art work.\",\"potentialAction\":[{\"@type\":\"SearchAction\",\"target\":{\"@type\":\"EntryPoint\",\"urlTemplate\":\"https:\/\/vintagefrenchfinds.com\/?s={search_term_string}\"},\"query-input\":\"required name=search_term_string\"}],\"inLanguage\":\"en-GB\"}]}<\/script>\n<!-- \/ Yoast SEO plugin. -->","yoast_head_json":{"title":"2 Anciennes Soupi\u00e8res - L\u00e9gumiers en Terre de Fer M. Avril : Au Port du Havre - Vintage French Finds","description":"The best of French vintage delivered to your doorstep direct from France : fashion, furniture, decoration, table art, curiosities, collections and art work.","robots":{"index":"index","follow":"follow","max-snippet":"max-snippet:-1","max-image-preview":"max-image-preview:large","max-video-preview":"max-video-preview:-1"},"canonical":"https:\/\/vintagefrenchfinds.com\/en\/product\/2-anciennes-soupieres-legumiers-en-terre-de-fer-m-avril-au-port-du-havre\/","og_locale":"en_GB","og_type":"article","og_title":"2 Anciennes Soupi\u00e8res - L\u00e9gumiers en Terre de Fer M. Avril : Au Port du Havre - Vintage French Finds","og_description":"The best of French vintage delivered to your doorstep direct from France : fashion, furniture, decoration, table art, curiosities, collections and art work.","og_url":"https:\/\/vintagefrenchfinds.com\/en\/product\/2-anciennes-soupieres-legumiers-en-terre-de-fer-m-avril-au-port-du-havre\/","og_site_name":"Vintage French Finds","article_modified_time":"2025-05-26T12:14:41+00:00","og_image":[{"width":886,"height":622,"url":"https:\/\/vintagefrenchfinds.com\/wp-content\/uploads\/2020\/12\/DSCN0308.jpg","type":"image\/jpeg"}],"twitter_card":"summary_large_image","twitter_misc":{"Estimated reading time":"1 minute"},"schema":{"@context":"https:\/\/schema.org","@graph":[{"@type":"WebPage","@id":"https:\/\/vintagefrenchfinds.com\/product\/2-anciennes-soupieres-legumiers-en-terre-de-fer-m-avril-au-port-du-havre","url":"https:\/\/vintagefrenchfinds.com\/product\/2-anciennes-soupieres-legumiers-en-terre-de-fer-m-avril-au-port-du-havre","name":"2 Anciennes Soupi\u00e8res - L\u00e9gumiers en Terre de Fer M. Avril : Au Port du Havre - Vintage French Finds","isPartOf":{"@id":"https:\/\/vintagefrenchfinds.com\/#website"},"datePublished":"2020-12-22T16:36:35+00:00","dateModified":"2025-05-26T12:14:41+00:00","description":"The best of French vintage delivered to your doorstep direct from France : fashion, furniture, decoration, table art, curiosities, collections and art work.","breadcrumb":{"@id":"https:\/\/vintagefrenchfinds.com\/product\/2-anciennes-soupieres-legumiers-en-terre-de-fer-m-avril-au-port-du-havre#breadcrumb"},"inLanguage":"en-GB","potentialAction":[{"@type":"ReadAction","target":["https:\/\/vintagefrenchfinds.com\/product\/2-anciennes-soupieres-legumiers-en-terre-de-fer-m-avril-au-port-du-havre"]}]},{"@type":"BreadcrumbList","@id":"https:\/\/vintagefrenchfinds.com\/product\/2-anciennes-soupieres-legumiers-en-terre-de-fer-m-avril-au-port-du-havre#breadcrumb","itemListElement":[{"@type":"ListItem","position":1,"name":"Home","item":"https:\/\/vintagefrenchfinds.com\/"},{"@type":"ListItem","position":2,"name":"BOUTIQUE","item":"https:\/\/vintagefrenchfinds.com\/shop"},{"@type":"ListItem","position":3,"name":"2 Anciennes Soupi\u00e8res &#8211; L\u00e9gumiers en Terre de Fer M. Avril : Au Port du Havre"}]},{"@type":"WebSite","@id":"https:\/\/vintagefrenchfinds.com\/#website","url":"https:\/\/vintagefrenchfinds.com\/","name":"Vintage French Finds\u00a0","description":"The best of French vintage delivered to your doorstep direct from France : fashion, furniture, decoration, table art, curiosities, collections and art work.","potentialAction":[{"@type":"SearchAction","target":{"@type":"EntryPoint","urlTemplate":"https:\/\/vintagefrenchfinds.com\/?s={search_term_string}"},"query-input":"required name=search_term_string"}],"inLanguage":"en-GB"}]}},"post_mailing_queue_ids":[],"_links":{"self":[{"href":"https:\/\/vintagefrenchfinds.com\/en\/wp-json\/wp\/v2\/product\/7206"}],"collection":[{"href":"https:\/\/vintagefrenchfinds.com\/en\/wp-json\/wp\/v2\/product"}],"about":[{"href":"https:\/\/vintagefrenchfinds.com\/en\/wp-json\/wp\/v2\/types\/product"}],"wp:featuredmedia":[{"embeddable":true,"href":"https:\/\/vintagefrenchfinds.com\/en\/wp-json\/wp\/v2\/media\/7208"}],"wp:attachment":[{"href":"https:\/\/vintagefrenchfinds.com\/en\/wp-json\/wp\/v2\/media?parent=7206"}],"wp:term":[{"taxonomy":"product_cat","embeddable":true,"href":"https:\/\/vintagefrenchfinds.com\/en\/wp-json\/wp\/v2\/product_cat?post=7206"},{"taxonomy":"product_tag","embeddable":true,"href":"https:\/\/vintagefrenchfinds.com\/en\/wp-json\/wp\/v2\/product_tag?post=7206"}],"curies":[{"name":"wp","href":"https:\/\/api.w.org\/{rel}","templated":true}]}}