{"id":7234,"date":"2020-12-22T16:57:41","date_gmt":"2020-12-22T16:57:41","guid":{"rendered":"https:\/\/vintagefrenchfinds.com\/?post_type=product&#038;p=7234"},"modified":"2025-03-19T17:07:41","modified_gmt":"2025-03-19T17:07:41","slug":"6-anciennes-tasse-a-cafe-the-en-terre-cuite-vernissee-signees","status":"publish","type":"product","link":"https:\/\/vintagefrenchfinds.com\/en\/product\/6-anciennes-tasse-a-cafe-the-en-terre-cuite-vernissee-signees","title":{"rendered":"6 Antique Signed Glazed Terracotta Coffee \/ Tea Cup"},"content":{"rendered":"<p class=\"p1\"><span class=\"s1\">Set of 6 small vintage terracotta cups for tea \/ espresso \/ mulled wine.<\/span><\/p>\n<p class=\"p1\"><span class=\"s1\">Each cup is earth colored on the inside and white on the outside with a unique Art Nouveau style decoration each time in brown, green and black.<\/span><\/p>\n<p class=\"p1\"><span class=\"s1\">A signature is chiseled on the base.<\/span><\/p>\n<p class=\"p1\"><span class=\"s1\">Very good state.<\/span><\/p>\n<p class=\"p1\"><span class=\"s1\">Very good condition.<\/br><\/br>H 7 cm<\/span><\/p>","protected":false},"excerpt":{"rendered":"<p>Ensemble de 6 petites tasses vintage en terre cuite pour th\u00e9 \/ caf\u00e9 expresso \/ vin chaud. Chaque tasse est de couleur terre \u00e0 l\u2019int\u00e9rieur et blanche \u00e0 l\u2019ext\u00e9rieur avec une d\u00e9coration unique de style Art Nouveau \u00e0 chaque fois en marron, vert et noir. Une signature au burin se trouve sur la base. Tr\u00e8s [&hellip;]<\/p>\n","protected":false},"featured_media":7235,"template":"","meta":{"site-sidebar-layout":"default","site-content-layout":"","ast-site-content-layout":"default","site-content-style":"default","site-sidebar-style":"default","ast-global-header-display":"","ast-banner-title-visibility":"","ast-main-header-display":"","ast-hfb-above-header-display":"","ast-hfb-below-header-display":"","ast-hfb-mobile-header-display":"","site-post-title":"","ast-breadcrumbs-content":"","ast-featured-img":"","footer-sml-layout":"","ast-disable-related-posts":"","theme-transparent-header-meta":"default","adv-header-id-meta":"","stick-header-meta":"","header-above-stick-meta":"","header-main-stick-meta":"","header-below-stick-meta":"","astra-migrate-meta-layouts":"set","ast-page-background-enabled":"default","ast-page-background-meta":{"desktop":{"background-color":"var(--ast-global-color-4)","background-image":"","background-repeat":"repeat","background-position":"center center","background-size":"auto","background-attachment":"scroll","background-type":"","background-media":"","overlay-type":"","overlay-color":"","overlay-opacity":"","overlay-gradient":""},"tablet":{"background-color":"","background-image":"","background-repeat":"repeat","background-position":"center center","background-size":"auto","background-attachment":"scroll","background-type":"","background-media":"","overlay-type":"","overlay-color":"","overlay-opacity":"","overlay-gradient":""},"mobile":{"background-color":"","background-image":"","background-repeat":"repeat","background-position":"center center","background-size":"auto","background-attachment":"scroll","background-type":"","background-media":"","overlay-type":"","overlay-color":"","overlay-opacity":"","overlay-gradient":""}},"ast-content-background-meta":{"desktop":{"background-color":"var(--ast-global-color-5)","background-image":"","background-repeat":"repeat","background-position":"center center","background-size":"auto","background-attachment":"scroll","background-type":"","background-media":"","overlay-type":"","overlay-color":"","overlay-opacity":"","overlay-gradient":""},"tablet":{"background-color":"var(--ast-global-color-5)","background-image":"","background-repeat":"repeat","background-position":"center center","background-size":"auto","background-attachment":"scroll","background-type":"","background-media":"","overlay-type":"","overlay-color":"","overlay-opacity":"","overlay-gradient":""},"mobile":{"background-color":"var(--ast-global-color-5)","background-image":"","background-repeat":"repeat","background-position":"center center","background-size":"auto","background-attachment":"scroll","background-type":"","background-media":"","overlay-type":"","overlay-color":"","overlay-opacity":"","overlay-gradient":""}}},"product_cat":[3542,3553],"product_tag":[1197,1115,1920,2118,1169,1011],"yoast_head":"<!-- This site is optimized with the Yoast SEO plugin v20.8 - https:\/\/yoast.com\/wordpress\/plugins\/seo\/ -->\n<title>6 Anciennes Tasses \u00e0 Caf\u00e9 \/ Th\u00e9 en Terre Cuite Verniss\u00e9e Sign\u00e9es - Vintage French Finds<\/title>\n<meta name=\"description\" content=\"The best of French vintage delivered to your doorstep direct from France : fashion, furniture, decoration, table art, curiosities, collections and art work.\" \/>\n<meta name=\"robots\" content=\"index, follow, max-snippet:-1, max-image-preview:large, max-video-preview:-1\" \/>\n<link rel=\"canonical\" href=\"https:\/\/vintagefrenchfinds.com\/en\/product\/6-anciennes-tasse-a-cafe-the-en-terre-cuite-vernissee-signees\/\" \/>\n<meta property=\"og:locale\" content=\"en_GB\" \/>\n<meta property=\"og:type\" content=\"article\" \/>\n<meta property=\"og:title\" content=\"6 Anciennes Tasses \u00e0 Caf\u00e9 \/ Th\u00e9 en Terre Cuite Verniss\u00e9e Sign\u00e9es - Vintage French Finds\" \/>\n<meta property=\"og:description\" content=\"The best of French vintage delivered to your doorstep direct from France : fashion, furniture, decoration, table art, curiosities, collections and art work.\" \/>\n<meta property=\"og:url\" content=\"https:\/\/vintagefrenchfinds.com\/en\/product\/6-anciennes-tasse-a-cafe-the-en-terre-cuite-vernissee-signees\/\" \/>\n<meta property=\"og:site_name\" content=\"Vintage French Finds\" \/>\n<meta property=\"article:modified_time\" content=\"2025-03-19T17:07:41+00:00\" \/>\n<meta property=\"og:image\" content=\"https:\/\/vintagefrenchfinds.com\/wp-content\/uploads\/2020\/12\/DSCN0216.jpg\" \/>\n\t<meta property=\"og:image:width\" content=\"886\" \/>\n\t<meta property=\"og:image:height\" content=\"599\" \/>\n\t<meta property=\"og:image:type\" content=\"image\/jpeg\" \/>\n<meta name=\"twitter:card\" content=\"summary_large_image\" \/>\n<meta name=\"twitter:label1\" content=\"Estimated reading time\" \/>\n\t<meta name=\"twitter:data1\" content=\"1 minute\" \/>\n<script type=\"application\/ld+json\" class=\"yoast-schema-graph\">{\"@context\":\"https:\/\/schema.org\",\"@graph\":[{\"@type\":\"WebPage\",\"@id\":\"https:\/\/vintagefrenchfinds.com\/product\/6-anciennes-tasse-a-cafe-the-en-terre-cuite-vernissee-signees\",\"url\":\"https:\/\/vintagefrenchfinds.com\/product\/6-anciennes-tasse-a-cafe-the-en-terre-cuite-vernissee-signees\",\"name\":\"6 Anciennes Tasses \u00e0 Caf\u00e9 \/ Th\u00e9 en Terre Cuite Verniss\u00e9e Sign\u00e9es - Vintage French Finds\",\"isPartOf\":{\"@id\":\"https:\/\/vintagefrenchfinds.com\/#website\"},\"datePublished\":\"2020-12-22T16:57:41+00:00\",\"dateModified\":\"2025-03-19T17:07:41+00:00\",\"description\":\"The best of French vintage delivered to your doorstep direct from France : fashion, furniture, decoration, table art, curiosities, collections and art work.\",\"breadcrumb\":{\"@id\":\"https:\/\/vintagefrenchfinds.com\/product\/6-anciennes-tasse-a-cafe-the-en-terre-cuite-vernissee-signees#breadcrumb\"},\"inLanguage\":\"en-GB\",\"potentialAction\":[{\"@type\":\"ReadAction\",\"target\":[\"https:\/\/vintagefrenchfinds.com\/product\/6-anciennes-tasse-a-cafe-the-en-terre-cuite-vernissee-signees\"]}]},{\"@type\":\"BreadcrumbList\",\"@id\":\"https:\/\/vintagefrenchfinds.com\/product\/6-anciennes-tasse-a-cafe-the-en-terre-cuite-vernissee-signees#breadcrumb\",\"itemListElement\":[{\"@type\":\"ListItem\",\"position\":1,\"name\":\"Home\",\"item\":\"https:\/\/vintagefrenchfinds.com\/\"},{\"@type\":\"ListItem\",\"position\":2,\"name\":\"BOUTIQUE\",\"item\":\"https:\/\/vintagefrenchfinds.com\/shop\"},{\"@type\":\"ListItem\",\"position\":3,\"name\":\"6 Anciennes Tasses \u00e0 Caf\u00e9 \/ Th\u00e9 en Terre Cuite Verniss\u00e9e Sign\u00e9es\"}]},{\"@type\":\"WebSite\",\"@id\":\"https:\/\/vintagefrenchfinds.com\/#website\",\"url\":\"https:\/\/vintagefrenchfinds.com\/\",\"name\":\"Vintage French Finds\",\"description\":\"The best of French vintage delivered to your doorstep direct from France : fashion, furniture, decoration, table art, curiosities, collections and art work.\",\"potentialAction\":[{\"@type\":\"SearchAction\",\"target\":{\"@type\":\"EntryPoint\",\"urlTemplate\":\"https:\/\/vintagefrenchfinds.com\/?s={search_term_string}\"},\"query-input\":\"required name=search_term_string\"}],\"inLanguage\":\"en-GB\"}]}<\/script>\n<!-- \/ Yoast SEO plugin. -->","yoast_head_json":{"title":"6 Anciennes Tasses \u00e0 Caf\u00e9 \/ Th\u00e9 en Terre Cuite Verniss\u00e9e Sign\u00e9es - Vintage French Finds","description":"The best of French vintage delivered to your doorstep direct from France : fashion, furniture, decoration, table art, curiosities, collections and art work.","robots":{"index":"index","follow":"follow","max-snippet":"max-snippet:-1","max-image-preview":"max-image-preview:large","max-video-preview":"max-video-preview:-1"},"canonical":"https:\/\/vintagefrenchfinds.com\/en\/product\/6-anciennes-tasse-a-cafe-the-en-terre-cuite-vernissee-signees\/","og_locale":"en_GB","og_type":"article","og_title":"6 Anciennes Tasses \u00e0 Caf\u00e9 \/ Th\u00e9 en Terre Cuite Verniss\u00e9e Sign\u00e9es - Vintage French Finds","og_description":"The best of French vintage delivered to your doorstep direct from France : fashion, furniture, decoration, table art, curiosities, collections and art work.","og_url":"https:\/\/vintagefrenchfinds.com\/en\/product\/6-anciennes-tasse-a-cafe-the-en-terre-cuite-vernissee-signees\/","og_site_name":"Vintage French Finds","article_modified_time":"2025-03-19T17:07:41+00:00","og_image":[{"width":886,"height":599,"url":"https:\/\/vintagefrenchfinds.com\/wp-content\/uploads\/2020\/12\/DSCN0216.jpg","type":"image\/jpeg"}],"twitter_card":"summary_large_image","twitter_misc":{"Estimated reading time":"1 minute"},"schema":{"@context":"https:\/\/schema.org","@graph":[{"@type":"WebPage","@id":"https:\/\/vintagefrenchfinds.com\/product\/6-anciennes-tasse-a-cafe-the-en-terre-cuite-vernissee-signees","url":"https:\/\/vintagefrenchfinds.com\/product\/6-anciennes-tasse-a-cafe-the-en-terre-cuite-vernissee-signees","name":"6 Anciennes Tasses \u00e0 Caf\u00e9 \/ Th\u00e9 en Terre Cuite Verniss\u00e9e Sign\u00e9es - Vintage French Finds","isPartOf":{"@id":"https:\/\/vintagefrenchfinds.com\/#website"},"datePublished":"2020-12-22T16:57:41+00:00","dateModified":"2025-03-19T17:07:41+00:00","description":"The best of French vintage delivered to your doorstep direct from France : fashion, furniture, decoration, table art, curiosities, collections and art work.","breadcrumb":{"@id":"https:\/\/vintagefrenchfinds.com\/product\/6-anciennes-tasse-a-cafe-the-en-terre-cuite-vernissee-signees#breadcrumb"},"inLanguage":"en-GB","potentialAction":[{"@type":"ReadAction","target":["https:\/\/vintagefrenchfinds.com\/product\/6-anciennes-tasse-a-cafe-the-en-terre-cuite-vernissee-signees"]}]},{"@type":"BreadcrumbList","@id":"https:\/\/vintagefrenchfinds.com\/product\/6-anciennes-tasse-a-cafe-the-en-terre-cuite-vernissee-signees#breadcrumb","itemListElement":[{"@type":"ListItem","position":1,"name":"Home","item":"https:\/\/vintagefrenchfinds.com\/"},{"@type":"ListItem","position":2,"name":"BOUTIQUE","item":"https:\/\/vintagefrenchfinds.com\/shop"},{"@type":"ListItem","position":3,"name":"6 Anciennes Tasses \u00e0 Caf\u00e9 \/ Th\u00e9 en Terre Cuite Verniss\u00e9e Sign\u00e9es"}]},{"@type":"WebSite","@id":"https:\/\/vintagefrenchfinds.com\/#website","url":"https:\/\/vintagefrenchfinds.com\/","name":"Vintage French Finds\u00a0","description":"The best of French vintage delivered to your doorstep direct from France : fashion, furniture, decoration, table art, curiosities, collections and art work.","potentialAction":[{"@type":"SearchAction","target":{"@type":"EntryPoint","urlTemplate":"https:\/\/vintagefrenchfinds.com\/?s={search_term_string}"},"query-input":"required name=search_term_string"}],"inLanguage":"en-GB"}]}},"post_mailing_queue_ids":[],"_links":{"self":[{"href":"https:\/\/vintagefrenchfinds.com\/en\/wp-json\/wp\/v2\/product\/7234"}],"collection":[{"href":"https:\/\/vintagefrenchfinds.com\/en\/wp-json\/wp\/v2\/product"}],"about":[{"href":"https:\/\/vintagefrenchfinds.com\/en\/wp-json\/wp\/v2\/types\/product"}],"wp:featuredmedia":[{"embeddable":true,"href":"https:\/\/vintagefrenchfinds.com\/en\/wp-json\/wp\/v2\/media\/7235"}],"wp:attachment":[{"href":"https:\/\/vintagefrenchfinds.com\/en\/wp-json\/wp\/v2\/media?parent=7234"}],"wp:term":[{"taxonomy":"product_cat","embeddable":true,"href":"https:\/\/vintagefrenchfinds.com\/en\/wp-json\/wp\/v2\/product_cat?post=7234"},{"taxonomy":"product_tag","embeddable":true,"href":"https:\/\/vintagefrenchfinds.com\/en\/wp-json\/wp\/v2\/product_tag?post=7234"}],"curies":[{"name":"wp","href":"https:\/\/api.w.org\/{rel}","templated":true}]}}