{"id":7240,"date":"2020-12-23T14:17:30","date_gmt":"2020-12-23T14:17:30","guid":{"rendered":"https:\/\/vintagefrenchfinds.com\/?post_type=product&#038;p=7240"},"modified":"2025-03-05T15:57:37","modified_gmt":"2025-03-05T15:57:37","slug":"12-anciennes-assiettes-parlantes-en-terre-de-fer-hb-cie-collection-chansons-populaires","status":"publish","type":"product","link":"https:\/\/vintagefrenchfinds.com\/en\/product\/12-anciennes-assiettes-parlantes-en-terre-de-fer-hb-cie-collection-chansons-populaires","title":{"rendered":"12 Antique French Ironstone \u00ab\u00a0Talking\u00a0\u00bb Plates :  HB &amp; Cie: \"Popular Songs\" Collection"},"content":{"rendered":"<p class=\"p1\"><span class=\"s1\">Complete set of 12 earthenware dessert plates, dating from the 19th Century, on the theme of popular songs.<\/span><\/p>\n<p class=\"p1\"><span class=\"s1\">Each plate is dedicated to a different song with its own illustration:<\/span><\/p>\n<p class=\"p1\"><span class=\"s1\">1 - The Regiment\u2019s Girl<\/span><\/p>\n<p class=\"p1\"><span class=\"s1\">2 - The Daughter of the Drum Major<\/span><\/p>\n<p class=\"p1\"><span class=\"s1\">3 - The Musketeers at the Convent<\/span><\/p>\n<p class=\"p1\"><span class=\"s1\">4 - Miss Helyett<\/span><\/p>\n<p class=\"p1\"><span class=\"s1\">5 - The Mascot<\/span><\/p>\n<p class=\"p1\"><span class=\"s1\">6 -Madame Angot\u2019s Daughter<\/span><\/p>\n<p class=\"p1\"><span class=\"s1\">7 - The Little Bride<\/span><\/p>\n<p class=\"p1\"><span class=\"s1\">8 - RIP<\/span><\/p>\n<p class=\"p1\"><span class=\"s1\">9 - La Vivandi\u00e8re<\/span><\/p>\n<p class=\"p1\"><span class=\"s1\">10 - The Bells of Corneille<\/span><\/p>\n<p class=\"p1\"><span class=\"s1\">11 - Jocelyn<\/span><\/p>\n<p class=\"p1\"><span class=\"s1\">12 - The Heart and The Hand<\/span><\/p>\n<p class=\"p1\"><span class=\"s1\">Mint condition.<\/span><\/p>\n<p class=\"p1\"><span class=\"s1\">Rare find.<\/span><\/p>\n<p class=\"p1\"><span class=\"s1\">D 20 cm<\/span><\/p>","protected":false},"excerpt":{"rendered":"<p>S\u00e9rie compl\u00e8te de 12 assiettes \u00e0 dessert en fa\u00cfence, datant du 19eme Si\u00e8cle, sur le th\u00e8me des chansons populaires. Chaque assiette est d\u00e9di\u00e9e \u00e0 une chanson diff\u00e9rente avec son illustration propre : 1 &#8211; La Fille du R\u00e9giment 2 &#8211; La Fille du Tambour Major 3 &#8211; Les Mousquetaires au Couvent 4 &#8211; Miss Helyett [&hellip;]<\/p>\n","protected":false},"featured_media":7256,"template":"","meta":{"site-sidebar-layout":"default","site-content-layout":"default","ast-site-content-layout":"default","site-content-style":"default","site-sidebar-style":"default","ast-global-header-display":"","ast-banner-title-visibility":"","ast-main-header-display":"","ast-hfb-above-header-display":"","ast-hfb-below-header-display":"","ast-hfb-mobile-header-display":"","site-post-title":"","ast-breadcrumbs-content":"","ast-featured-img":"","footer-sml-layout":"","ast-disable-related-posts":"","theme-transparent-header-meta":"default","adv-header-id-meta":"","stick-header-meta":"","header-above-stick-meta":"","header-main-stick-meta":"","header-below-stick-meta":"","astra-migrate-meta-layouts":"set","ast-page-background-enabled":"default","ast-page-background-meta":{"desktop":{"background-color":"var(--ast-global-color-4)","background-image":"","background-repeat":"repeat","background-position":"center center","background-size":"auto","background-attachment":"scroll","background-type":"","background-media":"","overlay-type":"","overlay-color":"","overlay-opacity":"","overlay-gradient":""},"tablet":{"background-color":"","background-image":"","background-repeat":"repeat","background-position":"center center","background-size":"auto","background-attachment":"scroll","background-type":"","background-media":"","overlay-type":"","overlay-color":"","overlay-opacity":"","overlay-gradient":""},"mobile":{"background-color":"","background-image":"","background-repeat":"repeat","background-position":"center center","background-size":"auto","background-attachment":"scroll","background-type":"","background-media":"","overlay-type":"","overlay-color":"","overlay-opacity":"","overlay-gradient":""}},"ast-content-background-meta":{"desktop":{"background-color":"var(--ast-global-color-5)","background-image":"","background-repeat":"repeat","background-position":"center center","background-size":"auto","background-attachment":"scroll","background-type":"","background-media":"","overlay-type":"","overlay-color":"","overlay-opacity":"","overlay-gradient":""},"tablet":{"background-color":"var(--ast-global-color-5)","background-image":"","background-repeat":"repeat","background-position":"center center","background-size":"auto","background-attachment":"scroll","background-type":"","background-media":"","overlay-type":"","overlay-color":"","overlay-opacity":"","overlay-gradient":""},"mobile":{"background-color":"var(--ast-global-color-5)","background-image":"","background-repeat":"repeat","background-position":"center center","background-size":"auto","background-attachment":"scroll","background-type":"","background-media":"","overlay-type":"","overlay-color":"","overlay-opacity":"","overlay-gradient":""}}},"product_cat":[3542,3544],"product_tag":[1197,1115,1845,1457,1023,1920,1174,1574,1159,1011],"yoast_head":"<!-- This site is optimized with the Yoast SEO plugin v20.8 - https:\/\/yoast.com\/wordpress\/plugins\/seo\/ -->\n<title>12 Anciennes Assiettes Parlantes en Terre de Fer HB &amp; Cie : Collection \u00ab\u00a0Chansons Populaires\u00a0\u00bb - Vintage French Finds<\/title>\n<meta name=\"description\" content=\"The best of French vintage delivered to your doorstep direct from France : fashion, furniture, decoration, table art, curiosities, collections and art work.\" \/>\n<meta name=\"robots\" content=\"index, follow, max-snippet:-1, max-image-preview:large, max-video-preview:-1\" \/>\n<link rel=\"canonical\" href=\"https:\/\/vintagefrenchfinds.com\/en\/product\/12-anciennes-assiettes-parlantes-en-terre-de-fer-hb-cie-collection-chansons-populaires\/\" \/>\n<meta property=\"og:locale\" content=\"en_GB\" \/>\n<meta property=\"og:type\" content=\"article\" \/>\n<meta property=\"og:title\" content=\"12 Anciennes Assiettes Parlantes en Terre de Fer HB &amp; Cie : Collection \u00ab\u00a0Chansons Populaires\u00a0\u00bb - Vintage French Finds\" \/>\n<meta property=\"og:description\" content=\"The best of French vintage delivered to your doorstep direct from France : fashion, furniture, decoration, table art, curiosities, collections and art work.\" \/>\n<meta property=\"og:url\" content=\"https:\/\/vintagefrenchfinds.com\/en\/product\/12-anciennes-assiettes-parlantes-en-terre-de-fer-hb-cie-collection-chansons-populaires\/\" \/>\n<meta property=\"og:site_name\" content=\"Vintage French Finds\" \/>\n<meta property=\"article:modified_time\" content=\"2025-03-05T15:57:37+00:00\" \/>\n<meta property=\"og:image\" content=\"https:\/\/vintagefrenchfinds.com\/wp-content\/uploads\/2020\/12\/DSCN0284.jpg\" \/>\n\t<meta property=\"og:image:width\" content=\"654\" \/>\n\t<meta property=\"og:image:height\" content=\"886\" \/>\n\t<meta property=\"og:image:type\" content=\"image\/jpeg\" \/>\n<meta name=\"twitter:card\" content=\"summary_large_image\" \/>\n<meta name=\"twitter:label1\" content=\"Estimated reading time\" \/>\n\t<meta name=\"twitter:data1\" content=\"1 minute\" \/>\n<script type=\"application\/ld+json\" class=\"yoast-schema-graph\">{\"@context\":\"https:\/\/schema.org\",\"@graph\":[{\"@type\":\"WebPage\",\"@id\":\"https:\/\/vintagefrenchfinds.com\/product\/12-anciennes-assiettes-parlantes-en-terre-de-fer-hb-cie-collection-chansons-populaires\",\"url\":\"https:\/\/vintagefrenchfinds.com\/product\/12-anciennes-assiettes-parlantes-en-terre-de-fer-hb-cie-collection-chansons-populaires\",\"name\":\"12 Anciennes Assiettes Parlantes en Terre de Fer HB & Cie : Collection \u00ab\u00a0Chansons Populaires\u00a0\u00bb - Vintage French Finds\",\"isPartOf\":{\"@id\":\"https:\/\/vintagefrenchfinds.com\/#website\"},\"datePublished\":\"2020-12-23T14:17:30+00:00\",\"dateModified\":\"2025-03-05T15:57:37+00:00\",\"description\":\"The best of French vintage delivered to your doorstep direct from France : fashion, furniture, decoration, table art, curiosities, collections and art work.\",\"breadcrumb\":{\"@id\":\"https:\/\/vintagefrenchfinds.com\/product\/12-anciennes-assiettes-parlantes-en-terre-de-fer-hb-cie-collection-chansons-populaires#breadcrumb\"},\"inLanguage\":\"en-GB\",\"potentialAction\":[{\"@type\":\"ReadAction\",\"target\":[\"https:\/\/vintagefrenchfinds.com\/product\/12-anciennes-assiettes-parlantes-en-terre-de-fer-hb-cie-collection-chansons-populaires\"]}]},{\"@type\":\"BreadcrumbList\",\"@id\":\"https:\/\/vintagefrenchfinds.com\/product\/12-anciennes-assiettes-parlantes-en-terre-de-fer-hb-cie-collection-chansons-populaires#breadcrumb\",\"itemListElement\":[{\"@type\":\"ListItem\",\"position\":1,\"name\":\"Home\",\"item\":\"https:\/\/vintagefrenchfinds.com\/\"},{\"@type\":\"ListItem\",\"position\":2,\"name\":\"BOUTIQUE\",\"item\":\"https:\/\/vintagefrenchfinds.com\/shop\"},{\"@type\":\"ListItem\",\"position\":3,\"name\":\"12 Anciennes Assiettes Parlantes en Terre de Fer HB &#038; Cie : Collection \u00ab\u00a0Chansons Populaires\u00a0\u00bb\"}]},{\"@type\":\"WebSite\",\"@id\":\"https:\/\/vintagefrenchfinds.com\/#website\",\"url\":\"https:\/\/vintagefrenchfinds.com\/\",\"name\":\"Vintage French Finds\",\"description\":\"The best of French vintage delivered to your doorstep direct from France : fashion, furniture, decoration, table art, curiosities, collections and art work.\",\"potentialAction\":[{\"@type\":\"SearchAction\",\"target\":{\"@type\":\"EntryPoint\",\"urlTemplate\":\"https:\/\/vintagefrenchfinds.com\/?s={search_term_string}\"},\"query-input\":\"required name=search_term_string\"}],\"inLanguage\":\"en-GB\"}]}<\/script>\n<!-- \/ Yoast SEO plugin. -->","yoast_head_json":{"title":"12 Anciennes Assiettes Parlantes en Terre de Fer HB & Cie : Collection \u00ab\u00a0Chansons Populaires\u00a0\u00bb - Vintage French Finds","description":"The best of French vintage delivered to your doorstep direct from France : fashion, furniture, decoration, table art, curiosities, collections and art work.","robots":{"index":"index","follow":"follow","max-snippet":"max-snippet:-1","max-image-preview":"max-image-preview:large","max-video-preview":"max-video-preview:-1"},"canonical":"https:\/\/vintagefrenchfinds.com\/en\/product\/12-anciennes-assiettes-parlantes-en-terre-de-fer-hb-cie-collection-chansons-populaires\/","og_locale":"en_GB","og_type":"article","og_title":"12 Anciennes Assiettes Parlantes en Terre de Fer HB & Cie : Collection \u00ab\u00a0Chansons Populaires\u00a0\u00bb - Vintage French Finds","og_description":"The best of French vintage delivered to your doorstep direct from France : fashion, furniture, decoration, table art, curiosities, collections and art work.","og_url":"https:\/\/vintagefrenchfinds.com\/en\/product\/12-anciennes-assiettes-parlantes-en-terre-de-fer-hb-cie-collection-chansons-populaires\/","og_site_name":"Vintage French Finds","article_modified_time":"2025-03-05T15:57:37+00:00","og_image":[{"width":654,"height":886,"url":"https:\/\/vintagefrenchfinds.com\/wp-content\/uploads\/2020\/12\/DSCN0284.jpg","type":"image\/jpeg"}],"twitter_card":"summary_large_image","twitter_misc":{"Estimated reading time":"1 minute"},"schema":{"@context":"https:\/\/schema.org","@graph":[{"@type":"WebPage","@id":"https:\/\/vintagefrenchfinds.com\/product\/12-anciennes-assiettes-parlantes-en-terre-de-fer-hb-cie-collection-chansons-populaires","url":"https:\/\/vintagefrenchfinds.com\/product\/12-anciennes-assiettes-parlantes-en-terre-de-fer-hb-cie-collection-chansons-populaires","name":"12 Anciennes Assiettes Parlantes en Terre de Fer HB & Cie : Collection \u00ab\u00a0Chansons Populaires\u00a0\u00bb - Vintage French Finds","isPartOf":{"@id":"https:\/\/vintagefrenchfinds.com\/#website"},"datePublished":"2020-12-23T14:17:30+00:00","dateModified":"2025-03-05T15:57:37+00:00","description":"The best of French vintage delivered to your doorstep direct from France : fashion, furniture, decoration, table art, curiosities, collections and art work.","breadcrumb":{"@id":"https:\/\/vintagefrenchfinds.com\/product\/12-anciennes-assiettes-parlantes-en-terre-de-fer-hb-cie-collection-chansons-populaires#breadcrumb"},"inLanguage":"en-GB","potentialAction":[{"@type":"ReadAction","target":["https:\/\/vintagefrenchfinds.com\/product\/12-anciennes-assiettes-parlantes-en-terre-de-fer-hb-cie-collection-chansons-populaires"]}]},{"@type":"BreadcrumbList","@id":"https:\/\/vintagefrenchfinds.com\/product\/12-anciennes-assiettes-parlantes-en-terre-de-fer-hb-cie-collection-chansons-populaires#breadcrumb","itemListElement":[{"@type":"ListItem","position":1,"name":"Home","item":"https:\/\/vintagefrenchfinds.com\/"},{"@type":"ListItem","position":2,"name":"BOUTIQUE","item":"https:\/\/vintagefrenchfinds.com\/shop"},{"@type":"ListItem","position":3,"name":"12 Anciennes Assiettes Parlantes en Terre de Fer HB &#038; Cie : Collection \u00ab\u00a0Chansons Populaires\u00a0\u00bb"}]},{"@type":"WebSite","@id":"https:\/\/vintagefrenchfinds.com\/#website","url":"https:\/\/vintagefrenchfinds.com\/","name":"Vintage French Finds\u00a0","description":"The best of French vintage delivered to your doorstep direct from France : fashion, furniture, decoration, table art, curiosities, collections and art work.","potentialAction":[{"@type":"SearchAction","target":{"@type":"EntryPoint","urlTemplate":"https:\/\/vintagefrenchfinds.com\/?s={search_term_string}"},"query-input":"required name=search_term_string"}],"inLanguage":"en-GB"}]}},"post_mailing_queue_ids":[],"_links":{"self":[{"href":"https:\/\/vintagefrenchfinds.com\/en\/wp-json\/wp\/v2\/product\/7240"}],"collection":[{"href":"https:\/\/vintagefrenchfinds.com\/en\/wp-json\/wp\/v2\/product"}],"about":[{"href":"https:\/\/vintagefrenchfinds.com\/en\/wp-json\/wp\/v2\/types\/product"}],"wp:featuredmedia":[{"embeddable":true,"href":"https:\/\/vintagefrenchfinds.com\/en\/wp-json\/wp\/v2\/media\/7256"}],"wp:attachment":[{"href":"https:\/\/vintagefrenchfinds.com\/en\/wp-json\/wp\/v2\/media?parent=7240"}],"wp:term":[{"taxonomy":"product_cat","embeddable":true,"href":"https:\/\/vintagefrenchfinds.com\/en\/wp-json\/wp\/v2\/product_cat?post=7240"},{"taxonomy":"product_tag","embeddable":true,"href":"https:\/\/vintagefrenchfinds.com\/en\/wp-json\/wp\/v2\/product_tag?post=7240"}],"curies":[{"name":"wp","href":"https:\/\/api.w.org\/{rel}","templated":true}]}}