{"id":7466,"date":"2021-01-12T16:20:42","date_gmt":"2021-01-12T16:20:42","guid":{"rendered":"https:\/\/vintagefrenchfinds.com\/?post_type=product&#038;p=7466"},"modified":"2025-03-17T16:06:28","modified_gmt":"2025-03-17T16:06:28","slug":"7-anciennes-assiettes-a-dessert-moulin-des-loups-decor-oiseau","status":"publish","type":"product","link":"https:\/\/vintagefrenchfinds.com\/en\/product\/7-anciennes-assiettes-a-dessert-moulin-des-loups-decor-oiseau","title":{"rendered":"7 Antique French \u00ab\u00a0Moulin des Loups\u00a0\u00bb Dessert Plates : Bird Decor"},"content":{"rendered":"<p class=\"p1\"><span class=\"s1\">Set of 7 vintage dessert \/ cheese plates from the Moulin des Loups earthenware factory, based in Orchies, France.<\/span><\/p>\n<p class=\"p1\"><span class=\"s1\">The plate is in white ceramic with a golden rim and a polychrome decoration of a lyre bird and flowers.<\/span><\/p>\n<p class=\"p1\"><span class=\"s1\">Chacune est estampill\u00e9e sur le revers : MOULIN DES LOUPS . FRANCE<\/span><\/p>\n<p class=\"p1\"><span class=\"s1\">The items are in good condition ; however the gilding has faded in places over time.<\/span><\/p>\n<p class=\"p1\"><span class=\"s1\">D 19 cm<\/span><\/p>","protected":false},"excerpt":{"rendered":"<p>Ensemble de 7 assiettes \u00e0 dessert \/ fromage vintage de la fa\u00efencerie du Moulin des Loups, Orchies. L\u2019assiette est en c\u00e9ramique blanche au pourtour dor\u00e9 avec un d\u00e9cor polychrome d\u2019oiseau lyre et de fleurs. Chacune est estampill\u00e9e sur le revers : MOULIN DES LOUPS . FRANCE Les articles sont en bon \u00e9tat g\u00e9n\u00e9ral ; simplement [&hellip;]<\/p>\n","protected":false},"featured_media":7467,"template":"","meta":{"site-sidebar-layout":"default","site-content-layout":"default","ast-site-content-layout":"default","site-content-style":"default","site-sidebar-style":"default","ast-global-header-display":"","ast-banner-title-visibility":"","ast-main-header-display":"","ast-hfb-above-header-display":"","ast-hfb-below-header-display":"","ast-hfb-mobile-header-display":"","site-post-title":"","ast-breadcrumbs-content":"","ast-featured-img":"","footer-sml-layout":"","ast-disable-related-posts":"","theme-transparent-header-meta":"default","adv-header-id-meta":"","stick-header-meta":"","header-above-stick-meta":"","header-main-stick-meta":"","header-below-stick-meta":"","astra-migrate-meta-layouts":"set","ast-page-background-enabled":"default","ast-page-background-meta":{"desktop":{"background-color":"var(--ast-global-color-4)","background-image":"","background-repeat":"repeat","background-position":"center center","background-size":"auto","background-attachment":"scroll","background-type":"","background-media":"","overlay-type":"","overlay-color":"","overlay-opacity":"","overlay-gradient":""},"tablet":{"background-color":"","background-image":"","background-repeat":"repeat","background-position":"center center","background-size":"auto","background-attachment":"scroll","background-type":"","background-media":"","overlay-type":"","overlay-color":"","overlay-opacity":"","overlay-gradient":""},"mobile":{"background-color":"","background-image":"","background-repeat":"repeat","background-position":"center center","background-size":"auto","background-attachment":"scroll","background-type":"","background-media":"","overlay-type":"","overlay-color":"","overlay-opacity":"","overlay-gradient":""}},"ast-content-background-meta":{"desktop":{"background-color":"var(--ast-global-color-5)","background-image":"","background-repeat":"repeat","background-position":"center center","background-size":"auto","background-attachment":"scroll","background-type":"","background-media":"","overlay-type":"","overlay-color":"","overlay-opacity":"","overlay-gradient":""},"tablet":{"background-color":"var(--ast-global-color-5)","background-image":"","background-repeat":"repeat","background-position":"center center","background-size":"auto","background-attachment":"scroll","background-type":"","background-media":"","overlay-type":"","overlay-color":"","overlay-opacity":"","overlay-gradient":""},"mobile":{"background-color":"var(--ast-global-color-5)","background-image":"","background-repeat":"repeat","background-position":"center center","background-size":"auto","background-attachment":"scroll","background-type":"","background-media":"","overlay-type":"","overlay-color":"","overlay-opacity":"","overlay-gradient":""}}},"product_cat":[3542,3546],"product_tag":[1197,1115,1845,1501,1920,1238,1251,1011],"yoast_head":"<!-- This site is optimized with the Yoast SEO plugin v20.8 - https:\/\/yoast.com\/wordpress\/plugins\/seo\/ -->\n<title>7 Anciennes Assiettes \u00e0 Dessert Moulin des Loups D\u00e9cor Oiseau - Vintage French Finds<\/title>\n<meta name=\"description\" content=\"The best of French vintage delivered to your doorstep direct from France : fashion, furniture, decoration, table art, curiosities, collections and art work.\" \/>\n<meta name=\"robots\" content=\"index, follow, max-snippet:-1, max-image-preview:large, max-video-preview:-1\" \/>\n<link rel=\"canonical\" href=\"https:\/\/vintagefrenchfinds.com\/en\/product\/7-anciennes-assiettes-a-dessert-moulin-des-loups-decor-oiseau\/\" \/>\n<meta property=\"og:locale\" content=\"en_GB\" \/>\n<meta property=\"og:type\" content=\"article\" \/>\n<meta property=\"og:title\" content=\"7 Anciennes Assiettes \u00e0 Dessert Moulin des Loups D\u00e9cor Oiseau - Vintage French Finds\" \/>\n<meta property=\"og:description\" content=\"The best of French vintage delivered to your doorstep direct from France : fashion, furniture, decoration, table art, curiosities, collections and art work.\" \/>\n<meta property=\"og:url\" content=\"https:\/\/vintagefrenchfinds.com\/en\/product\/7-anciennes-assiettes-a-dessert-moulin-des-loups-decor-oiseau\/\" \/>\n<meta property=\"og:site_name\" content=\"Vintage French Finds\" \/>\n<meta property=\"article:modified_time\" content=\"2025-03-17T16:06:28+00:00\" \/>\n<meta property=\"og:image\" content=\"https:\/\/vintagefrenchfinds.com\/wp-content\/uploads\/2021\/01\/DSCN0430.jpg\" \/>\n\t<meta property=\"og:image:width\" content=\"645\" \/>\n\t<meta property=\"og:image:height\" content=\"886\" \/>\n\t<meta property=\"og:image:type\" content=\"image\/jpeg\" \/>\n<meta name=\"twitter:card\" content=\"summary_large_image\" \/>\n<meta name=\"twitter:label1\" content=\"Estimated reading time\" \/>\n\t<meta name=\"twitter:data1\" content=\"1 minute\" \/>\n<script type=\"application\/ld+json\" class=\"yoast-schema-graph\">{\"@context\":\"https:\/\/schema.org\",\"@graph\":[{\"@type\":\"WebPage\",\"@id\":\"https:\/\/vintagefrenchfinds.com\/product\/7-anciennes-assiettes-a-dessert-moulin-des-loups-decor-oiseau\",\"url\":\"https:\/\/vintagefrenchfinds.com\/product\/7-anciennes-assiettes-a-dessert-moulin-des-loups-decor-oiseau\",\"name\":\"7 Anciennes Assiettes \u00e0 Dessert Moulin des Loups D\u00e9cor Oiseau - Vintage French Finds\",\"isPartOf\":{\"@id\":\"https:\/\/vintagefrenchfinds.com\/#website\"},\"datePublished\":\"2021-01-12T16:20:42+00:00\",\"dateModified\":\"2025-03-17T16:06:28+00:00\",\"description\":\"The best of French vintage delivered to your doorstep direct from France : fashion, furniture, decoration, table art, curiosities, collections and art work.\",\"breadcrumb\":{\"@id\":\"https:\/\/vintagefrenchfinds.com\/product\/7-anciennes-assiettes-a-dessert-moulin-des-loups-decor-oiseau#breadcrumb\"},\"inLanguage\":\"en-GB\",\"potentialAction\":[{\"@type\":\"ReadAction\",\"target\":[\"https:\/\/vintagefrenchfinds.com\/product\/7-anciennes-assiettes-a-dessert-moulin-des-loups-decor-oiseau\"]}]},{\"@type\":\"BreadcrumbList\",\"@id\":\"https:\/\/vintagefrenchfinds.com\/product\/7-anciennes-assiettes-a-dessert-moulin-des-loups-decor-oiseau#breadcrumb\",\"itemListElement\":[{\"@type\":\"ListItem\",\"position\":1,\"name\":\"Home\",\"item\":\"https:\/\/vintagefrenchfinds.com\/\"},{\"@type\":\"ListItem\",\"position\":2,\"name\":\"BOUTIQUE\",\"item\":\"https:\/\/vintagefrenchfinds.com\/shop\"},{\"@type\":\"ListItem\",\"position\":3,\"name\":\"7 Anciennes Assiettes \u00e0 Dessert Moulin des Loups D\u00e9cor Oiseau\"}]},{\"@type\":\"WebSite\",\"@id\":\"https:\/\/vintagefrenchfinds.com\/#website\",\"url\":\"https:\/\/vintagefrenchfinds.com\/\",\"name\":\"Vintage French Finds\",\"description\":\"The best of French vintage delivered to your doorstep direct from France : fashion, furniture, decoration, table art, curiosities, collections and art work.\",\"potentialAction\":[{\"@type\":\"SearchAction\",\"target\":{\"@type\":\"EntryPoint\",\"urlTemplate\":\"https:\/\/vintagefrenchfinds.com\/?s={search_term_string}\"},\"query-input\":\"required name=search_term_string\"}],\"inLanguage\":\"en-GB\"}]}<\/script>\n<!-- \/ Yoast SEO plugin. -->","yoast_head_json":{"title":"7 Anciennes Assiettes \u00e0 Dessert Moulin des Loups D\u00e9cor Oiseau - Vintage French Finds","description":"The best of French vintage delivered to your doorstep direct from France : fashion, furniture, decoration, table art, curiosities, collections and art work.","robots":{"index":"index","follow":"follow","max-snippet":"max-snippet:-1","max-image-preview":"max-image-preview:large","max-video-preview":"max-video-preview:-1"},"canonical":"https:\/\/vintagefrenchfinds.com\/en\/product\/7-anciennes-assiettes-a-dessert-moulin-des-loups-decor-oiseau\/","og_locale":"en_GB","og_type":"article","og_title":"7 Anciennes Assiettes \u00e0 Dessert Moulin des Loups D\u00e9cor Oiseau - Vintage French Finds","og_description":"The best of French vintage delivered to your doorstep direct from France : fashion, furniture, decoration, table art, curiosities, collections and art work.","og_url":"https:\/\/vintagefrenchfinds.com\/en\/product\/7-anciennes-assiettes-a-dessert-moulin-des-loups-decor-oiseau\/","og_site_name":"Vintage French Finds","article_modified_time":"2025-03-17T16:06:28+00:00","og_image":[{"width":645,"height":886,"url":"https:\/\/vintagefrenchfinds.com\/wp-content\/uploads\/2021\/01\/DSCN0430.jpg","type":"image\/jpeg"}],"twitter_card":"summary_large_image","twitter_misc":{"Estimated reading time":"1 minute"},"schema":{"@context":"https:\/\/schema.org","@graph":[{"@type":"WebPage","@id":"https:\/\/vintagefrenchfinds.com\/product\/7-anciennes-assiettes-a-dessert-moulin-des-loups-decor-oiseau","url":"https:\/\/vintagefrenchfinds.com\/product\/7-anciennes-assiettes-a-dessert-moulin-des-loups-decor-oiseau","name":"7 Anciennes Assiettes \u00e0 Dessert Moulin des Loups D\u00e9cor Oiseau - Vintage French Finds","isPartOf":{"@id":"https:\/\/vintagefrenchfinds.com\/#website"},"datePublished":"2021-01-12T16:20:42+00:00","dateModified":"2025-03-17T16:06:28+00:00","description":"The best of French vintage delivered to your doorstep direct from France : fashion, furniture, decoration, table art, curiosities, collections and art work.","breadcrumb":{"@id":"https:\/\/vintagefrenchfinds.com\/product\/7-anciennes-assiettes-a-dessert-moulin-des-loups-decor-oiseau#breadcrumb"},"inLanguage":"en-GB","potentialAction":[{"@type":"ReadAction","target":["https:\/\/vintagefrenchfinds.com\/product\/7-anciennes-assiettes-a-dessert-moulin-des-loups-decor-oiseau"]}]},{"@type":"BreadcrumbList","@id":"https:\/\/vintagefrenchfinds.com\/product\/7-anciennes-assiettes-a-dessert-moulin-des-loups-decor-oiseau#breadcrumb","itemListElement":[{"@type":"ListItem","position":1,"name":"Home","item":"https:\/\/vintagefrenchfinds.com\/"},{"@type":"ListItem","position":2,"name":"BOUTIQUE","item":"https:\/\/vintagefrenchfinds.com\/shop"},{"@type":"ListItem","position":3,"name":"7 Anciennes Assiettes \u00e0 Dessert Moulin des Loups D\u00e9cor Oiseau"}]},{"@type":"WebSite","@id":"https:\/\/vintagefrenchfinds.com\/#website","url":"https:\/\/vintagefrenchfinds.com\/","name":"Vintage French Finds\u00a0","description":"The best of French vintage delivered to your doorstep direct from France : fashion, furniture, decoration, table art, curiosities, collections and art work.","potentialAction":[{"@type":"SearchAction","target":{"@type":"EntryPoint","urlTemplate":"https:\/\/vintagefrenchfinds.com\/?s={search_term_string}"},"query-input":"required name=search_term_string"}],"inLanguage":"en-GB"}]}},"post_mailing_queue_ids":[],"_links":{"self":[{"href":"https:\/\/vintagefrenchfinds.com\/en\/wp-json\/wp\/v2\/product\/7466"}],"collection":[{"href":"https:\/\/vintagefrenchfinds.com\/en\/wp-json\/wp\/v2\/product"}],"about":[{"href":"https:\/\/vintagefrenchfinds.com\/en\/wp-json\/wp\/v2\/types\/product"}],"wp:featuredmedia":[{"embeddable":true,"href":"https:\/\/vintagefrenchfinds.com\/en\/wp-json\/wp\/v2\/media\/7467"}],"wp:attachment":[{"href":"https:\/\/vintagefrenchfinds.com\/en\/wp-json\/wp\/v2\/media?parent=7466"}],"wp:term":[{"taxonomy":"product_cat","embeddable":true,"href":"https:\/\/vintagefrenchfinds.com\/en\/wp-json\/wp\/v2\/product_cat?post=7466"},{"taxonomy":"product_tag","embeddable":true,"href":"https:\/\/vintagefrenchfinds.com\/en\/wp-json\/wp\/v2\/product_tag?post=7466"}],"curies":[{"name":"wp","href":"https:\/\/api.w.org\/{rel}","templated":true}]}}