{"id":7677,"date":"2021-02-06T17:07:18","date_gmt":"2021-02-06T17:07:18","guid":{"rendered":"https:\/\/vintagefrenchfinds.com\/?post_type=product&#038;p=7677"},"modified":"2025-03-03T13:50:59","modified_gmt":"2025-03-03T13:50:59","slug":"2-anciennes-assiettes-decor-oiseau-en-porcelaine-signees-cnp-france","status":"publish","type":"product","link":"https:\/\/vintagefrenchfinds.com\/en\/product\/2-anciennes-assiettes-decor-oiseau-en-porcelaine-signees-cnp-france","title":{"rendered":"2 Antique Porcelain Bird Decor Plates By CNP France"},"content":{"rendered":"<p class=\"p1\"><span class=\"s1\">2 superb vintage cheese-dessert plates from the Compagnie Nationale de Porcelaine, a Manufacture based in Vierzon, France.<\/span><\/p>\n<p class=\"p1\"><span class=\"s1\">Sur un fond bleu ciel est peint un d\u00e9cor polychrome d&rsquo;oiseaux et de fleurs. 2 bandes dor\u00e9es font le tour de l&rsquo;ext\u00e9rieur de l&rsquo;assiette ainsi que de son centre. <\/span><\/p>\n<p class=\"p1\"><span class=\"s1\">Chaque assiettes portent un d\u00e9cor diff\u00e9rent et j&rsquo;ai l&rsquo;impression qu&rsquo;il s&rsquo;agit d&rsquo;une oeuvre originale peinte main sur un support de la CNP.<\/span><\/p>\n<p class=\"p1\"><span class=\"s1\">The result is magnificent !<\/span><\/p>\n<p class=\"p1\"><span class=\"s1\">Stamped on the reverse: CNP France - Porcelaine de Luxe de la Compagnie Nationale<\/span><\/p>\n<p class=\"p1\"><span class=\"s1\">A beautiful gift for ornithologists and lovers of porcelain.<\/br><\/br>Very good condition.<\/span><\/p>\n<p class=\"p1\"><span class=\"s1\">Very good state.<\/span><\/p>\n<p class=\"p1\"><span class=\"s1\">D 23.5<\/span><\/p>","protected":false},"excerpt":{"rendered":"<p>2 superbes assiettes \u00e0 dessert-fromage vintage de la Compagnie Nationale de Porcelaine, une manufacture vierzonnaise. Sur un fond bleu ciel est peint un d\u00e9cor polychrome d&rsquo;oiseaux et de fleurs. 2 bandes dor\u00e9es font le tour de l&rsquo;ext\u00e9rieur de l&rsquo;assiette ainsi que de son centre. Chaque assiettes portent un d\u00e9cor diff\u00e9rent et j&rsquo;ai l&rsquo;impression qu&rsquo;il s&rsquo;agit [&hellip;]<\/p>\n","protected":false},"featured_media":7678,"template":"","meta":{"site-sidebar-layout":"default","site-content-layout":"default","ast-site-content-layout":"default","site-content-style":"default","site-sidebar-style":"default","ast-global-header-display":"","ast-banner-title-visibility":"","ast-main-header-display":"","ast-hfb-above-header-display":"","ast-hfb-below-header-display":"","ast-hfb-mobile-header-display":"","site-post-title":"","ast-breadcrumbs-content":"","ast-featured-img":"","footer-sml-layout":"","ast-disable-related-posts":"","theme-transparent-header-meta":"default","adv-header-id-meta":"","stick-header-meta":"","header-above-stick-meta":"","header-main-stick-meta":"","header-below-stick-meta":"","astra-migrate-meta-layouts":"set","ast-page-background-enabled":"default","ast-page-background-meta":{"desktop":{"background-color":"var(--ast-global-color-4)","background-image":"","background-repeat":"repeat","background-position":"center center","background-size":"auto","background-attachment":"scroll","background-type":"","background-media":"","overlay-type":"","overlay-color":"","overlay-opacity":"","overlay-gradient":""},"tablet":{"background-color":"","background-image":"","background-repeat":"repeat","background-position":"center center","background-size":"auto","background-attachment":"scroll","background-type":"","background-media":"","overlay-type":"","overlay-color":"","overlay-opacity":"","overlay-gradient":""},"mobile":{"background-color":"","background-image":"","background-repeat":"repeat","background-position":"center center","background-size":"auto","background-attachment":"scroll","background-type":"","background-media":"","overlay-type":"","overlay-color":"","overlay-opacity":"","overlay-gradient":""}},"ast-content-background-meta":{"desktop":{"background-color":"var(--ast-global-color-5)","background-image":"","background-repeat":"repeat","background-position":"center center","background-size":"auto","background-attachment":"scroll","background-type":"","background-media":"","overlay-type":"","overlay-color":"","overlay-opacity":"","overlay-gradient":""},"tablet":{"background-color":"var(--ast-global-color-5)","background-image":"","background-repeat":"repeat","background-position":"center center","background-size":"auto","background-attachment":"scroll","background-type":"","background-media":"","overlay-type":"","overlay-color":"","overlay-opacity":"","overlay-gradient":""},"mobile":{"background-color":"var(--ast-global-color-5)","background-image":"","background-repeat":"repeat","background-position":"center center","background-size":"auto","background-attachment":"scroll","background-type":"","background-media":"","overlay-type":"","overlay-color":"","overlay-opacity":"","overlay-gradient":""}}},"product_cat":[3542,3544],"product_tag":[1197,1238,1251,1304,1021,1011],"yoast_head":"<!-- This site is optimized with the Yoast SEO plugin v20.8 - https:\/\/yoast.com\/wordpress\/plugins\/seo\/ -->\n<title>2 Anciennes Assiettes D\u00e9cor Oiseau en Porcelaine Sign\u00e9es CNP France - Vintage French Finds<\/title>\n<meta name=\"description\" content=\"The best of French vintage delivered to your doorstep direct from France : fashion, furniture, decoration, table art, curiosities, collections and art work.\" \/>\n<meta name=\"robots\" content=\"index, follow, max-snippet:-1, max-image-preview:large, max-video-preview:-1\" \/>\n<link rel=\"canonical\" href=\"https:\/\/vintagefrenchfinds.com\/en\/product\/2-anciennes-assiettes-decor-oiseau-en-porcelaine-signees-cnp-france\/\" \/>\n<meta property=\"og:locale\" content=\"en_GB\" \/>\n<meta property=\"og:type\" content=\"article\" \/>\n<meta property=\"og:title\" content=\"2 Anciennes Assiettes D\u00e9cor Oiseau en Porcelaine Sign\u00e9es CNP France - Vintage French Finds\" \/>\n<meta property=\"og:description\" content=\"The best of French vintage delivered to your doorstep direct from France : fashion, furniture, decoration, table art, curiosities, collections and art work.\" \/>\n<meta property=\"og:url\" content=\"https:\/\/vintagefrenchfinds.com\/en\/product\/2-anciennes-assiettes-decor-oiseau-en-porcelaine-signees-cnp-france\/\" \/>\n<meta property=\"og:site_name\" content=\"Vintage French Finds\" \/>\n<meta property=\"article:modified_time\" content=\"2025-03-03T13:50:59+00:00\" \/>\n<meta property=\"og:image\" content=\"https:\/\/vintagefrenchfinds.com\/wp-content\/uploads\/2021\/02\/DSCN0566.jpg\" \/>\n\t<meta property=\"og:image:width\" content=\"886\" \/>\n\t<meta property=\"og:image:height\" content=\"504\" \/>\n\t<meta property=\"og:image:type\" content=\"image\/jpeg\" \/>\n<meta name=\"twitter:card\" content=\"summary_large_image\" \/>\n<meta name=\"twitter:label1\" content=\"Estimated reading time\" \/>\n\t<meta name=\"twitter:data1\" content=\"1 minute\" \/>\n<script type=\"application\/ld+json\" class=\"yoast-schema-graph\">{\"@context\":\"https:\/\/schema.org\",\"@graph\":[{\"@type\":\"WebPage\",\"@id\":\"https:\/\/vintagefrenchfinds.com\/product\/2-anciennes-assiettes-decor-oiseau-en-porcelaine-signees-cnp-france\",\"url\":\"https:\/\/vintagefrenchfinds.com\/product\/2-anciennes-assiettes-decor-oiseau-en-porcelaine-signees-cnp-france\",\"name\":\"2 Anciennes Assiettes D\u00e9cor Oiseau en Porcelaine Sign\u00e9es CNP France - Vintage French Finds\",\"isPartOf\":{\"@id\":\"https:\/\/vintagefrenchfinds.com\/#website\"},\"datePublished\":\"2021-02-06T17:07:18+00:00\",\"dateModified\":\"2025-03-03T13:50:59+00:00\",\"description\":\"The best of French vintage delivered to your doorstep direct from France : fashion, furniture, decoration, table art, curiosities, collections and art work.\",\"breadcrumb\":{\"@id\":\"https:\/\/vintagefrenchfinds.com\/product\/2-anciennes-assiettes-decor-oiseau-en-porcelaine-signees-cnp-france#breadcrumb\"},\"inLanguage\":\"en-GB\",\"potentialAction\":[{\"@type\":\"ReadAction\",\"target\":[\"https:\/\/vintagefrenchfinds.com\/product\/2-anciennes-assiettes-decor-oiseau-en-porcelaine-signees-cnp-france\"]}]},{\"@type\":\"BreadcrumbList\",\"@id\":\"https:\/\/vintagefrenchfinds.com\/product\/2-anciennes-assiettes-decor-oiseau-en-porcelaine-signees-cnp-france#breadcrumb\",\"itemListElement\":[{\"@type\":\"ListItem\",\"position\":1,\"name\":\"Home\",\"item\":\"https:\/\/vintagefrenchfinds.com\/\"},{\"@type\":\"ListItem\",\"position\":2,\"name\":\"BOUTIQUE\",\"item\":\"https:\/\/vintagefrenchfinds.com\/shop\"},{\"@type\":\"ListItem\",\"position\":3,\"name\":\"2 Anciennes Assiettes D\u00e9cor Oiseau en Porcelaine Sign\u00e9es CNP France\"}]},{\"@type\":\"WebSite\",\"@id\":\"https:\/\/vintagefrenchfinds.com\/#website\",\"url\":\"https:\/\/vintagefrenchfinds.com\/\",\"name\":\"Vintage French Finds\",\"description\":\"The best of French vintage delivered to your doorstep direct from France : fashion, furniture, decoration, table art, curiosities, collections and art work.\",\"potentialAction\":[{\"@type\":\"SearchAction\",\"target\":{\"@type\":\"EntryPoint\",\"urlTemplate\":\"https:\/\/vintagefrenchfinds.com\/?s={search_term_string}\"},\"query-input\":\"required name=search_term_string\"}],\"inLanguage\":\"en-GB\"}]}<\/script>\n<!-- \/ Yoast SEO plugin. -->","yoast_head_json":{"title":"2 Anciennes Assiettes D\u00e9cor Oiseau en Porcelaine Sign\u00e9es CNP France - Vintage French Finds","description":"The best of French vintage delivered to your doorstep direct from France : fashion, furniture, decoration, table art, curiosities, collections and art work.","robots":{"index":"index","follow":"follow","max-snippet":"max-snippet:-1","max-image-preview":"max-image-preview:large","max-video-preview":"max-video-preview:-1"},"canonical":"https:\/\/vintagefrenchfinds.com\/en\/product\/2-anciennes-assiettes-decor-oiseau-en-porcelaine-signees-cnp-france\/","og_locale":"en_GB","og_type":"article","og_title":"2 Anciennes Assiettes D\u00e9cor Oiseau en Porcelaine Sign\u00e9es CNP France - Vintage French Finds","og_description":"The best of French vintage delivered to your doorstep direct from France : fashion, furniture, decoration, table art, curiosities, collections and art work.","og_url":"https:\/\/vintagefrenchfinds.com\/en\/product\/2-anciennes-assiettes-decor-oiseau-en-porcelaine-signees-cnp-france\/","og_site_name":"Vintage French Finds","article_modified_time":"2025-03-03T13:50:59+00:00","og_image":[{"width":886,"height":504,"url":"https:\/\/vintagefrenchfinds.com\/wp-content\/uploads\/2021\/02\/DSCN0566.jpg","type":"image\/jpeg"}],"twitter_card":"summary_large_image","twitter_misc":{"Estimated reading time":"1 minute"},"schema":{"@context":"https:\/\/schema.org","@graph":[{"@type":"WebPage","@id":"https:\/\/vintagefrenchfinds.com\/product\/2-anciennes-assiettes-decor-oiseau-en-porcelaine-signees-cnp-france","url":"https:\/\/vintagefrenchfinds.com\/product\/2-anciennes-assiettes-decor-oiseau-en-porcelaine-signees-cnp-france","name":"2 Anciennes Assiettes D\u00e9cor Oiseau en Porcelaine Sign\u00e9es CNP France - Vintage French Finds","isPartOf":{"@id":"https:\/\/vintagefrenchfinds.com\/#website"},"datePublished":"2021-02-06T17:07:18+00:00","dateModified":"2025-03-03T13:50:59+00:00","description":"The best of French vintage delivered to your doorstep direct from France : fashion, furniture, decoration, table art, curiosities, collections and art work.","breadcrumb":{"@id":"https:\/\/vintagefrenchfinds.com\/product\/2-anciennes-assiettes-decor-oiseau-en-porcelaine-signees-cnp-france#breadcrumb"},"inLanguage":"en-GB","potentialAction":[{"@type":"ReadAction","target":["https:\/\/vintagefrenchfinds.com\/product\/2-anciennes-assiettes-decor-oiseau-en-porcelaine-signees-cnp-france"]}]},{"@type":"BreadcrumbList","@id":"https:\/\/vintagefrenchfinds.com\/product\/2-anciennes-assiettes-decor-oiseau-en-porcelaine-signees-cnp-france#breadcrumb","itemListElement":[{"@type":"ListItem","position":1,"name":"Home","item":"https:\/\/vintagefrenchfinds.com\/"},{"@type":"ListItem","position":2,"name":"BOUTIQUE","item":"https:\/\/vintagefrenchfinds.com\/shop"},{"@type":"ListItem","position":3,"name":"2 Anciennes Assiettes D\u00e9cor Oiseau en Porcelaine Sign\u00e9es CNP France"}]},{"@type":"WebSite","@id":"https:\/\/vintagefrenchfinds.com\/#website","url":"https:\/\/vintagefrenchfinds.com\/","name":"Vintage French Finds\u00a0","description":"The best of French vintage delivered to your doorstep direct from France : fashion, furniture, decoration, table art, curiosities, collections and art work.","potentialAction":[{"@type":"SearchAction","target":{"@type":"EntryPoint","urlTemplate":"https:\/\/vintagefrenchfinds.com\/?s={search_term_string}"},"query-input":"required name=search_term_string"}],"inLanguage":"en-GB"}]}},"post_mailing_queue_ids":[],"_links":{"self":[{"href":"https:\/\/vintagefrenchfinds.com\/en\/wp-json\/wp\/v2\/product\/7677"}],"collection":[{"href":"https:\/\/vintagefrenchfinds.com\/en\/wp-json\/wp\/v2\/product"}],"about":[{"href":"https:\/\/vintagefrenchfinds.com\/en\/wp-json\/wp\/v2\/types\/product"}],"wp:featuredmedia":[{"embeddable":true,"href":"https:\/\/vintagefrenchfinds.com\/en\/wp-json\/wp\/v2\/media\/7678"}],"wp:attachment":[{"href":"https:\/\/vintagefrenchfinds.com\/en\/wp-json\/wp\/v2\/media?parent=7677"}],"wp:term":[{"taxonomy":"product_cat","embeddable":true,"href":"https:\/\/vintagefrenchfinds.com\/en\/wp-json\/wp\/v2\/product_cat?post=7677"},{"taxonomy":"product_tag","embeddable":true,"href":"https:\/\/vintagefrenchfinds.com\/en\/wp-json\/wp\/v2\/product_tag?post=7677"}],"curies":[{"name":"wp","href":"https:\/\/api.w.org\/{rel}","templated":true}]}}