{"id":7737,"date":"2021-02-06T18:06:13","date_gmt":"2021-02-06T18:06:13","guid":{"rendered":"https:\/\/vintagefrenchfinds.com\/?post_type=product&#038;p=7737"},"modified":"2025-03-03T14:48:24","modified_gmt":"2025-03-03T14:48:24","slug":"ancien-service-de-vaisselle-kg-luneville-france-decor-oiseau-35-pieces","status":"publish","type":"product","link":"https:\/\/vintagefrenchfinds.com\/en\/product\/ancien-service-de-vaisselle-kg-luneville-france-decor-oiseau-35-pieces","title":{"rendered":"Antique KG Lun\u00e9ville FRANCE Dinnerware Set - Bird Decor (35 Pieces)"},"content":{"rendered":"<p class=\"p1\">Elegant vintage dinner service from the KG Lun\u00e9ville pottery factory whose origins date back to 1786.<\/p>\n<p class=\"p1\">Each piece is adorned with a polychrome floral decoration and a \"lyre\" bird. Gold bands and motifs can be found around the rim.<span class=\"Apple-converted-space\">\u00a0 <\/span>sur le pourtour.<\/p>\n<p class=\"p1\">The set includes a total of 35 pieces, most of which are in excellent condition:<\/p>\n<p class=\"p1\">Large Round Serving Dish: D 30 cm<\/p>\n<p class=\"p1\">Large Round Serving Dish with Handles: D 29 cm<\/p>\n<p class=\"p1\">Large Oval Serving Dish: LO 35 x LA 25 cm<\/p>\n<p class=\"p1\">12 Dessert \/ Cheese Plates: D 19.5 cm<\/p>\n<p class=\"p1\">7 Soup Plates: D 23.5 cm<\/p>\n<p>**** 11 Assiettes Plates (dont 1 avec petit \u00e9clat) : D 24 cm *** (VENDU DEJA)<\/p>\n<p class=\"p1\">The pieces are stamped on the reverse<\/p>\n<p class=\"p1\">It is possible to sell the pieces separately.<\/p>","protected":false},"excerpt":{"rendered":"<p>Tr\u00e8s jolie partie de service vintage de la fa\u00efencerie de KG Lun\u00e9ville dont les origines remontent \u00e0 1786. Chaque pi\u00e8ce est orn\u00e9e d\u2019un d\u00e9cor polychrome floral avec un oiseau \u00ab\u00a0lyre\u00a0\u00bb. Une lisi\u00e8re et des motifs dor\u00e9s se rajoutent\u00a0 sur le pourtour. Le lot comprend un total de 35 pi\u00e8ces, pour la plupart en excellent \u00e9tat [&hellip;]<\/p>\n","protected":false},"featured_media":7738,"template":"","meta":{"site-sidebar-layout":"default","site-content-layout":"default","ast-site-content-layout":"default","site-content-style":"default","site-sidebar-style":"default","ast-global-header-display":"","ast-banner-title-visibility":"","ast-main-header-display":"","ast-hfb-above-header-display":"","ast-hfb-below-header-display":"","ast-hfb-mobile-header-display":"","site-post-title":"","ast-breadcrumbs-content":"","ast-featured-img":"","footer-sml-layout":"","ast-disable-related-posts":"","theme-transparent-header-meta":"default","adv-header-id-meta":"","stick-header-meta":"","header-above-stick-meta":"","header-main-stick-meta":"","header-below-stick-meta":"","astra-migrate-meta-layouts":"set","ast-page-background-enabled":"default","ast-page-background-meta":{"desktop":{"background-color":"var(--ast-global-color-4)","background-image":"","background-repeat":"repeat","background-position":"center center","background-size":"auto","background-attachment":"scroll","background-type":"","background-media":"","overlay-type":"","overlay-color":"","overlay-opacity":"","overlay-gradient":""},"tablet":{"background-color":"","background-image":"","background-repeat":"repeat","background-position":"center center","background-size":"auto","background-attachment":"scroll","background-type":"","background-media":"","overlay-type":"","overlay-color":"","overlay-opacity":"","overlay-gradient":""},"mobile":{"background-color":"","background-image":"","background-repeat":"repeat","background-position":"center center","background-size":"auto","background-attachment":"scroll","background-type":"","background-media":"","overlay-type":"","overlay-color":"","overlay-opacity":"","overlay-gradient":""}},"ast-content-background-meta":{"desktop":{"background-color":"var(--ast-global-color-5)","background-image":"","background-repeat":"repeat","background-position":"center center","background-size":"auto","background-attachment":"scroll","background-type":"","background-media":"","overlay-type":"","overlay-color":"","overlay-opacity":"","overlay-gradient":""},"tablet":{"background-color":"var(--ast-global-color-5)","background-image":"","background-repeat":"repeat","background-position":"center center","background-size":"auto","background-attachment":"scroll","background-type":"","background-media":"","overlay-type":"","overlay-color":"","overlay-opacity":"","overlay-gradient":""},"mobile":{"background-color":"var(--ast-global-color-5)","background-image":"","background-repeat":"repeat","background-position":"center center","background-size":"auto","background-attachment":"scroll","background-type":"","background-media":"","overlay-type":"","overlay-color":"","overlay-opacity":"","overlay-gradient":""}}},"product_cat":[3542,3543],"product_tag":[1197,1115,1845,1023,1920,1174,1642,1324,1217,1251,1662,1011],"yoast_head":"<!-- This site is optimized with the Yoast SEO plugin v20.8 - https:\/\/yoast.com\/wordpress\/plugins\/seo\/ -->\n<title>Ancien Service de Vaisselle KG Lun\u00e9ville FRANCE - D\u00e9cor Oiseau (35 Pi\u00e8ces) - Vintage French Finds<\/title>\n<meta name=\"description\" content=\"The best of French vintage delivered to your doorstep direct from France : fashion, furniture, decoration, table art, curiosities, collections and art work.\" \/>\n<meta name=\"robots\" content=\"index, follow, max-snippet:-1, max-image-preview:large, max-video-preview:-1\" \/>\n<link rel=\"canonical\" href=\"https:\/\/vintagefrenchfinds.com\/en\/product\/ancien-service-de-vaisselle-kg-luneville-france-decor-oiseau-35-pieces\/\" \/>\n<meta property=\"og:locale\" content=\"en_GB\" \/>\n<meta property=\"og:type\" content=\"article\" \/>\n<meta property=\"og:title\" content=\"Ancien Service de Vaisselle KG Lun\u00e9ville FRANCE - D\u00e9cor Oiseau (35 Pi\u00e8ces) - Vintage French Finds\" \/>\n<meta property=\"og:description\" content=\"The best of French vintage delivered to your doorstep direct from France : fashion, furniture, decoration, table art, curiosities, collections and art work.\" \/>\n<meta property=\"og:url\" content=\"https:\/\/vintagefrenchfinds.com\/en\/product\/ancien-service-de-vaisselle-kg-luneville-france-decor-oiseau-35-pieces\/\" \/>\n<meta property=\"og:site_name\" content=\"Vintage French Finds\" \/>\n<meta property=\"article:modified_time\" content=\"2025-03-03T14:48:24+00:00\" \/>\n<meta property=\"og:image\" content=\"https:\/\/vintagefrenchfinds.com\/wp-content\/uploads\/2021\/02\/DSCN0458.jpg\" \/>\n\t<meta property=\"og:image:width\" content=\"886\" \/>\n\t<meta property=\"og:image:height\" content=\"745\" \/>\n\t<meta property=\"og:image:type\" content=\"image\/jpeg\" \/>\n<meta name=\"twitter:card\" content=\"summary_large_image\" \/>\n<meta name=\"twitter:label1\" content=\"Estimated reading time\" \/>\n\t<meta name=\"twitter:data1\" content=\"1 minute\" \/>\n<script type=\"application\/ld+json\" class=\"yoast-schema-graph\">{\"@context\":\"https:\/\/schema.org\",\"@graph\":[{\"@type\":\"WebPage\",\"@id\":\"https:\/\/vintagefrenchfinds.com\/product\/ancien-service-de-vaisselle-kg-luneville-france-decor-oiseau-35-pieces\",\"url\":\"https:\/\/vintagefrenchfinds.com\/product\/ancien-service-de-vaisselle-kg-luneville-france-decor-oiseau-35-pieces\",\"name\":\"Ancien Service de Vaisselle KG Lun\u00e9ville FRANCE - D\u00e9cor Oiseau (35 Pi\u00e8ces) - Vintage French Finds\",\"isPartOf\":{\"@id\":\"https:\/\/vintagefrenchfinds.com\/#website\"},\"datePublished\":\"2021-02-06T18:06:13+00:00\",\"dateModified\":\"2025-03-03T14:48:24+00:00\",\"description\":\"The best of French vintage delivered to your doorstep direct from France : fashion, furniture, decoration, table art, curiosities, collections and art work.\",\"breadcrumb\":{\"@id\":\"https:\/\/vintagefrenchfinds.com\/product\/ancien-service-de-vaisselle-kg-luneville-france-decor-oiseau-35-pieces#breadcrumb\"},\"inLanguage\":\"en-GB\",\"potentialAction\":[{\"@type\":\"ReadAction\",\"target\":[\"https:\/\/vintagefrenchfinds.com\/product\/ancien-service-de-vaisselle-kg-luneville-france-decor-oiseau-35-pieces\"]}]},{\"@type\":\"BreadcrumbList\",\"@id\":\"https:\/\/vintagefrenchfinds.com\/product\/ancien-service-de-vaisselle-kg-luneville-france-decor-oiseau-35-pieces#breadcrumb\",\"itemListElement\":[{\"@type\":\"ListItem\",\"position\":1,\"name\":\"Home\",\"item\":\"https:\/\/vintagefrenchfinds.com\/\"},{\"@type\":\"ListItem\",\"position\":2,\"name\":\"BOUTIQUE\",\"item\":\"https:\/\/vintagefrenchfinds.com\/shop\"},{\"@type\":\"ListItem\",\"position\":3,\"name\":\"Ancien Service de Vaisselle KG Lun\u00e9ville FRANCE &#8211; D\u00e9cor Oiseau (35 Pi\u00e8ces)\"}]},{\"@type\":\"WebSite\",\"@id\":\"https:\/\/vintagefrenchfinds.com\/#website\",\"url\":\"https:\/\/vintagefrenchfinds.com\/\",\"name\":\"Vintage French Finds\",\"description\":\"The best of French vintage delivered to your doorstep direct from France : fashion, furniture, decoration, table art, curiosities, collections and art work.\",\"potentialAction\":[{\"@type\":\"SearchAction\",\"target\":{\"@type\":\"EntryPoint\",\"urlTemplate\":\"https:\/\/vintagefrenchfinds.com\/?s={search_term_string}\"},\"query-input\":\"required name=search_term_string\"}],\"inLanguage\":\"en-GB\"}]}<\/script>\n<!-- \/ Yoast SEO plugin. -->","yoast_head_json":{"title":"Ancien Service de Vaisselle KG Lun\u00e9ville FRANCE - D\u00e9cor Oiseau (35 Pi\u00e8ces) - Vintage French Finds","description":"The best of French vintage delivered to your doorstep direct from France : fashion, furniture, decoration, table art, curiosities, collections and art work.","robots":{"index":"index","follow":"follow","max-snippet":"max-snippet:-1","max-image-preview":"max-image-preview:large","max-video-preview":"max-video-preview:-1"},"canonical":"https:\/\/vintagefrenchfinds.com\/en\/product\/ancien-service-de-vaisselle-kg-luneville-france-decor-oiseau-35-pieces\/","og_locale":"en_GB","og_type":"article","og_title":"Ancien Service de Vaisselle KG Lun\u00e9ville FRANCE - D\u00e9cor Oiseau (35 Pi\u00e8ces) - Vintage French Finds","og_description":"The best of French vintage delivered to your doorstep direct from France : fashion, furniture, decoration, table art, curiosities, collections and art work.","og_url":"https:\/\/vintagefrenchfinds.com\/en\/product\/ancien-service-de-vaisselle-kg-luneville-france-decor-oiseau-35-pieces\/","og_site_name":"Vintage French Finds","article_modified_time":"2025-03-03T14:48:24+00:00","og_image":[{"width":886,"height":745,"url":"https:\/\/vintagefrenchfinds.com\/wp-content\/uploads\/2021\/02\/DSCN0458.jpg","type":"image\/jpeg"}],"twitter_card":"summary_large_image","twitter_misc":{"Estimated reading time":"1 minute"},"schema":{"@context":"https:\/\/schema.org","@graph":[{"@type":"WebPage","@id":"https:\/\/vintagefrenchfinds.com\/product\/ancien-service-de-vaisselle-kg-luneville-france-decor-oiseau-35-pieces","url":"https:\/\/vintagefrenchfinds.com\/product\/ancien-service-de-vaisselle-kg-luneville-france-decor-oiseau-35-pieces","name":"Ancien Service de Vaisselle KG Lun\u00e9ville FRANCE - D\u00e9cor Oiseau (35 Pi\u00e8ces) - Vintage French Finds","isPartOf":{"@id":"https:\/\/vintagefrenchfinds.com\/#website"},"datePublished":"2021-02-06T18:06:13+00:00","dateModified":"2025-03-03T14:48:24+00:00","description":"The best of French vintage delivered to your doorstep direct from France : fashion, furniture, decoration, table art, curiosities, collections and art work.","breadcrumb":{"@id":"https:\/\/vintagefrenchfinds.com\/product\/ancien-service-de-vaisselle-kg-luneville-france-decor-oiseau-35-pieces#breadcrumb"},"inLanguage":"en-GB","potentialAction":[{"@type":"ReadAction","target":["https:\/\/vintagefrenchfinds.com\/product\/ancien-service-de-vaisselle-kg-luneville-france-decor-oiseau-35-pieces"]}]},{"@type":"BreadcrumbList","@id":"https:\/\/vintagefrenchfinds.com\/product\/ancien-service-de-vaisselle-kg-luneville-france-decor-oiseau-35-pieces#breadcrumb","itemListElement":[{"@type":"ListItem","position":1,"name":"Home","item":"https:\/\/vintagefrenchfinds.com\/"},{"@type":"ListItem","position":2,"name":"BOUTIQUE","item":"https:\/\/vintagefrenchfinds.com\/shop"},{"@type":"ListItem","position":3,"name":"Ancien Service de Vaisselle KG Lun\u00e9ville FRANCE &#8211; D\u00e9cor Oiseau (35 Pi\u00e8ces)"}]},{"@type":"WebSite","@id":"https:\/\/vintagefrenchfinds.com\/#website","url":"https:\/\/vintagefrenchfinds.com\/","name":"Vintage French Finds\u00a0","description":"The best of French vintage delivered to your doorstep direct from France : fashion, furniture, decoration, table art, curiosities, collections and art work.","potentialAction":[{"@type":"SearchAction","target":{"@type":"EntryPoint","urlTemplate":"https:\/\/vintagefrenchfinds.com\/?s={search_term_string}"},"query-input":"required name=search_term_string"}],"inLanguage":"en-GB"}]}},"post_mailing_queue_ids":[],"_links":{"self":[{"href":"https:\/\/vintagefrenchfinds.com\/en\/wp-json\/wp\/v2\/product\/7737"}],"collection":[{"href":"https:\/\/vintagefrenchfinds.com\/en\/wp-json\/wp\/v2\/product"}],"about":[{"href":"https:\/\/vintagefrenchfinds.com\/en\/wp-json\/wp\/v2\/types\/product"}],"wp:featuredmedia":[{"embeddable":true,"href":"https:\/\/vintagefrenchfinds.com\/en\/wp-json\/wp\/v2\/media\/7738"}],"wp:attachment":[{"href":"https:\/\/vintagefrenchfinds.com\/en\/wp-json\/wp\/v2\/media?parent=7737"}],"wp:term":[{"taxonomy":"product_cat","embeddable":true,"href":"https:\/\/vintagefrenchfinds.com\/en\/wp-json\/wp\/v2\/product_cat?post=7737"},{"taxonomy":"product_tag","embeddable":true,"href":"https:\/\/vintagefrenchfinds.com\/en\/wp-json\/wp\/v2\/product_tag?post=7737"}],"curies":[{"name":"wp","href":"https:\/\/api.w.org\/{rel}","templated":true}]}}