{"id":8384,"date":"2021-03-28T16:23:43","date_gmt":"2021-03-28T16:23:43","guid":{"rendered":"https:\/\/vintagefrenchfinds.com\/?post_type=product&#038;p=8384"},"modified":"2025-03-14T08:00:14","modified_gmt":"2025-03-14T08:00:14","slug":"ancien-sabots-pointus-en-bois-t-36-37","status":"publish","type":"product","link":"https:\/\/vintagefrenchfinds.com\/en\/product\/ancien-sabots-pointus-en-bois-t-36-37","title":{"rendered":"Antique French Pointed Wooden Clogs - 36\/37"},"content":{"rendered":"<p class=\"p1\"><span class=\"s1\">Superb pair of vintage wooden clogs with a heel and a pointed toe.<\/span><\/p>\n<p class=\"p1\"><span class=\"s1\">These shoes are made by hand from a single piece of wood that is hollowed out to allow the foot to slip in.<\/span><\/p>\n<p class=\"p1\"><span class=\"s1\">LO 27 cm<\/span><\/p>","protected":false},"excerpt":{"rendered":"<p>Superbe paire de sabots vintage en bois avec un talon et un bout pointu. Ces chaussures sont r\u00e9alis\u00e9es \u00e0 la main \u00e0 partir d\u2019un seul morceau de bois que l\u2019on creuse afin que le pied puisse s\u2019y glisser. LO 27 cm<\/p>","protected":false},"featured_media":8386,"template":"","meta":{"site-sidebar-layout":"default","site-content-layout":"","ast-site-content-layout":"default","site-content-style":"default","site-sidebar-style":"default","ast-global-header-display":"","ast-banner-title-visibility":"","ast-main-header-display":"","ast-hfb-above-header-display":"","ast-hfb-below-header-display":"","ast-hfb-mobile-header-display":"","site-post-title":"","ast-breadcrumbs-content":"","ast-featured-img":"","footer-sml-layout":"","ast-disable-related-posts":"","theme-transparent-header-meta":"","adv-header-id-meta":"","stick-header-meta":"","header-above-stick-meta":"","header-main-stick-meta":"","header-below-stick-meta":"","astra-migrate-meta-layouts":"default","ast-page-background-enabled":"default","ast-page-background-meta":{"desktop":{"background-color":"var(--ast-global-color-4)","background-image":"","background-repeat":"repeat","background-position":"center center","background-size":"auto","background-attachment":"scroll","background-type":"","background-media":"","overlay-type":"","overlay-color":"","overlay-opacity":"","overlay-gradient":""},"tablet":{"background-color":"","background-image":"","background-repeat":"repeat","background-position":"center center","background-size":"auto","background-attachment":"scroll","background-type":"","background-media":"","overlay-type":"","overlay-color":"","overlay-opacity":"","overlay-gradient":""},"mobile":{"background-color":"","background-image":"","background-repeat":"repeat","background-position":"center center","background-size":"auto","background-attachment":"scroll","background-type":"","background-media":"","overlay-type":"","overlay-color":"","overlay-opacity":"","overlay-gradient":""}},"ast-content-background-meta":{"desktop":{"background-color":"var(--ast-global-color-5)","background-image":"","background-repeat":"repeat","background-position":"center center","background-size":"auto","background-attachment":"scroll","background-type":"","background-media":"","overlay-type":"","overlay-color":"","overlay-opacity":"","overlay-gradient":""},"tablet":{"background-color":"var(--ast-global-color-5)","background-image":"","background-repeat":"repeat","background-position":"center center","background-size":"auto","background-attachment":"scroll","background-type":"","background-media":"","overlay-type":"","overlay-color":"","overlay-opacity":"","overlay-gradient":""},"mobile":{"background-color":"var(--ast-global-color-5)","background-image":"","background-repeat":"repeat","background-position":"center center","background-size":"auto","background-attachment":"scroll","background-type":"","background-media":"","overlay-type":"","overlay-color":"","overlay-opacity":"","overlay-gradient":""}}},"product_cat":[31,3588],"product_tag":[1197,1326,1011],"yoast_head":"<!-- This site is optimized with the Yoast SEO plugin v20.8 - https:\/\/yoast.com\/wordpress\/plugins\/seo\/ -->\n<title>Ancien Sabots Pointus en Bois T 36\/37 - Vintage French Finds<\/title>\n<meta name=\"description\" content=\"The best of French vintage delivered to your doorstep direct from France : fashion, furniture, decoration, table art, curiosities, collections and art work.\" \/>\n<meta name=\"robots\" content=\"index, follow, max-snippet:-1, max-image-preview:large, max-video-preview:-1\" \/>\n<link rel=\"canonical\" href=\"https:\/\/vintagefrenchfinds.com\/en\/product\/ancien-sabots-pointus-en-bois-t-36-37\/\" \/>\n<meta property=\"og:locale\" content=\"en_GB\" \/>\n<meta property=\"og:type\" content=\"article\" \/>\n<meta property=\"og:title\" content=\"Ancien Sabots Pointus en Bois T 36\/37 - Vintage French Finds\" \/>\n<meta property=\"og:description\" content=\"The best of French vintage delivered to your doorstep direct from France : fashion, furniture, decoration, table art, curiosities, collections and art work.\" \/>\n<meta property=\"og:url\" content=\"https:\/\/vintagefrenchfinds.com\/en\/product\/ancien-sabots-pointus-en-bois-t-36-37\/\" \/>\n<meta property=\"og:site_name\" content=\"Vintage French Finds\" \/>\n<meta property=\"article:modified_time\" content=\"2025-03-14T08:00:14+00:00\" \/>\n<meta property=\"og:image\" content=\"https:\/\/vintagefrenchfinds.com\/wp-content\/uploads\/2021\/03\/DSCN0881.jpg\" \/>\n\t<meta property=\"og:image:width\" content=\"886\" \/>\n\t<meta property=\"og:image:height\" content=\"690\" \/>\n\t<meta property=\"og:image:type\" content=\"image\/jpeg\" \/>\n<meta name=\"twitter:card\" content=\"summary_large_image\" \/>\n<script type=\"application\/ld+json\" class=\"yoast-schema-graph\">{\"@context\":\"https:\/\/schema.org\",\"@graph\":[{\"@type\":\"WebPage\",\"@id\":\"https:\/\/vintagefrenchfinds.com\/product\/ancien-sabots-pointus-en-bois-t-36-37\",\"url\":\"https:\/\/vintagefrenchfinds.com\/product\/ancien-sabots-pointus-en-bois-t-36-37\",\"name\":\"Ancien Sabots Pointus en Bois T 36\/37 - Vintage French Finds\",\"isPartOf\":{\"@id\":\"https:\/\/vintagefrenchfinds.com\/#website\"},\"datePublished\":\"2021-03-28T16:23:43+00:00\",\"dateModified\":\"2025-03-14T08:00:14+00:00\",\"description\":\"The best of French vintage delivered to your doorstep direct from France : fashion, furniture, decoration, table art, curiosities, collections and art work.\",\"breadcrumb\":{\"@id\":\"https:\/\/vintagefrenchfinds.com\/product\/ancien-sabots-pointus-en-bois-t-36-37#breadcrumb\"},\"inLanguage\":\"en-GB\",\"potentialAction\":[{\"@type\":\"ReadAction\",\"target\":[\"https:\/\/vintagefrenchfinds.com\/product\/ancien-sabots-pointus-en-bois-t-36-37\"]}]},{\"@type\":\"BreadcrumbList\",\"@id\":\"https:\/\/vintagefrenchfinds.com\/product\/ancien-sabots-pointus-en-bois-t-36-37#breadcrumb\",\"itemListElement\":[{\"@type\":\"ListItem\",\"position\":1,\"name\":\"Home\",\"item\":\"https:\/\/vintagefrenchfinds.com\/\"},{\"@type\":\"ListItem\",\"position\":2,\"name\":\"BOUTIQUE\",\"item\":\"https:\/\/vintagefrenchfinds.com\/shop\"},{\"@type\":\"ListItem\",\"position\":3,\"name\":\"Ancien Sabots Pointus en Bois T 36\/37\"}]},{\"@type\":\"WebSite\",\"@id\":\"https:\/\/vintagefrenchfinds.com\/#website\",\"url\":\"https:\/\/vintagefrenchfinds.com\/\",\"name\":\"Vintage French Finds\",\"description\":\"The best of French vintage delivered to your doorstep direct from France : fashion, furniture, decoration, table art, curiosities, collections and art work.\",\"potentialAction\":[{\"@type\":\"SearchAction\",\"target\":{\"@type\":\"EntryPoint\",\"urlTemplate\":\"https:\/\/vintagefrenchfinds.com\/?s={search_term_string}\"},\"query-input\":\"required name=search_term_string\"}],\"inLanguage\":\"en-GB\"}]}<\/script>\n<!-- \/ Yoast SEO plugin. -->","yoast_head_json":{"title":"Ancien Sabots Pointus en Bois T 36\/37 - Vintage French Finds","description":"The best of French vintage delivered to your doorstep direct from France : fashion, furniture, decoration, table art, curiosities, collections and art work.","robots":{"index":"index","follow":"follow","max-snippet":"max-snippet:-1","max-image-preview":"max-image-preview:large","max-video-preview":"max-video-preview:-1"},"canonical":"https:\/\/vintagefrenchfinds.com\/en\/product\/ancien-sabots-pointus-en-bois-t-36-37\/","og_locale":"en_GB","og_type":"article","og_title":"Ancien Sabots Pointus en Bois T 36\/37 - Vintage French Finds","og_description":"The best of French vintage delivered to your doorstep direct from France : fashion, furniture, decoration, table art, curiosities, collections and art work.","og_url":"https:\/\/vintagefrenchfinds.com\/en\/product\/ancien-sabots-pointus-en-bois-t-36-37\/","og_site_name":"Vintage French Finds","article_modified_time":"2025-03-14T08:00:14+00:00","og_image":[{"width":886,"height":690,"url":"https:\/\/vintagefrenchfinds.com\/wp-content\/uploads\/2021\/03\/DSCN0881.jpg","type":"image\/jpeg"}],"twitter_card":"summary_large_image","schema":{"@context":"https:\/\/schema.org","@graph":[{"@type":"WebPage","@id":"https:\/\/vintagefrenchfinds.com\/product\/ancien-sabots-pointus-en-bois-t-36-37","url":"https:\/\/vintagefrenchfinds.com\/product\/ancien-sabots-pointus-en-bois-t-36-37","name":"Ancien Sabots Pointus en Bois T 36\/37 - Vintage French Finds","isPartOf":{"@id":"https:\/\/vintagefrenchfinds.com\/#website"},"datePublished":"2021-03-28T16:23:43+00:00","dateModified":"2025-03-14T08:00:14+00:00","description":"The best of French vintage delivered to your doorstep direct from France : fashion, furniture, decoration, table art, curiosities, collections and art work.","breadcrumb":{"@id":"https:\/\/vintagefrenchfinds.com\/product\/ancien-sabots-pointus-en-bois-t-36-37#breadcrumb"},"inLanguage":"en-GB","potentialAction":[{"@type":"ReadAction","target":["https:\/\/vintagefrenchfinds.com\/product\/ancien-sabots-pointus-en-bois-t-36-37"]}]},{"@type":"BreadcrumbList","@id":"https:\/\/vintagefrenchfinds.com\/product\/ancien-sabots-pointus-en-bois-t-36-37#breadcrumb","itemListElement":[{"@type":"ListItem","position":1,"name":"Home","item":"https:\/\/vintagefrenchfinds.com\/"},{"@type":"ListItem","position":2,"name":"BOUTIQUE","item":"https:\/\/vintagefrenchfinds.com\/shop"},{"@type":"ListItem","position":3,"name":"Ancien Sabots Pointus en Bois T 36\/37"}]},{"@type":"WebSite","@id":"https:\/\/vintagefrenchfinds.com\/#website","url":"https:\/\/vintagefrenchfinds.com\/","name":"Vintage French Finds\u00a0","description":"The best of French vintage delivered to your doorstep direct from France : fashion, furniture, decoration, table art, curiosities, collections and art work.","potentialAction":[{"@type":"SearchAction","target":{"@type":"EntryPoint","urlTemplate":"https:\/\/vintagefrenchfinds.com\/?s={search_term_string}"},"query-input":"required name=search_term_string"}],"inLanguage":"en-GB"}]}},"post_mailing_queue_ids":[],"_links":{"self":[{"href":"https:\/\/vintagefrenchfinds.com\/en\/wp-json\/wp\/v2\/product\/8384"}],"collection":[{"href":"https:\/\/vintagefrenchfinds.com\/en\/wp-json\/wp\/v2\/product"}],"about":[{"href":"https:\/\/vintagefrenchfinds.com\/en\/wp-json\/wp\/v2\/types\/product"}],"wp:featuredmedia":[{"embeddable":true,"href":"https:\/\/vintagefrenchfinds.com\/en\/wp-json\/wp\/v2\/media\/8386"}],"wp:attachment":[{"href":"https:\/\/vintagefrenchfinds.com\/en\/wp-json\/wp\/v2\/media?parent=8384"}],"wp:term":[{"taxonomy":"product_cat","embeddable":true,"href":"https:\/\/vintagefrenchfinds.com\/en\/wp-json\/wp\/v2\/product_cat?post=8384"},{"taxonomy":"product_tag","embeddable":true,"href":"https:\/\/vintagefrenchfinds.com\/en\/wp-json\/wp\/v2\/product_tag?post=8384"}],"curies":[{"name":"wp","href":"https:\/\/api.w.org\/{rel}","templated":true}]}}