{"id":8492,"date":"2021-04-11T16:00:16","date_gmt":"2021-04-11T16:00:16","guid":{"rendered":"https:\/\/vintagefrenchfinds.com\/?post_type=product&#038;p=8492"},"modified":"2025-03-19T12:46:34","modified_gmt":"2025-03-19T12:46:34","slug":"ancienne-couverture-du-chasseur-francais-encadree-no-655-sept-1951-2","status":"publish","type":"product","link":"https:\/\/vintagefrenchfinds.com\/en\/product\/ancienne-couverture-du-chasseur-francais-encadree-no-655-sept-1951-2","title":{"rendered":"Framed Cover of the Antique French Magazine \u00ab\u00a0Le \u00ab\u00a0Chasseur Fran\u00e7ais\u00a0\u00bb No 655 (Sept 1951)"},"content":{"rendered":"<p class=\"p1\"><span class=\"s1\">Authentic vintage cover from the old magazine \"Le Chasseur Fran\u00e7ais\" No 655 dated 1951.<\/span><\/p>\n<p class=\"p1\"><span class=\"s1\">Original illustration representing a football match signed Paul Ordner.<\/span><\/p>\n<p class=\"p1\"><span class=\"s1\">Below the magazine\u2019s values printed in red capitals:<\/span><\/p>\n<p class=\"p1\"><span class=\"s1\">\"All Sports - Life Outdoors - The Family\"<\/span><\/p>\n<p class=\"p1\"><span class=\"s1\">The print is framed under glass.<\/span><\/p>\n<p class=\"p1\"><span class=\"s1\">With its beautiful polychrome retro graphics, this poster will bring a very decorative touch to your interior.<\/span><\/p>\n<p class=\"p1\"><span class=\"s1\">It will also make an original gift for fans of soccer and old fashioned objects.<\/span><\/p>\n<p class=\"p1\"><span class=\"s1\">Frame (L 24 x H 30 cm)<\/span><\/p>\n<p class=\"p1\"><span class=\"s1\">Print (L 18.5 x 25.5 cm)<\/span><\/p>","protected":false},"excerpt":{"rendered":"<p>Authentique couverture vintage provenant de l\u2019ancien magazine \u00ab\u00a0Le Chasseur Fran\u00e7ais\u00a0\u00bb No 655 dat\u00e9 de 1951. Illustration originale repr\u00e9sentant un match de football sign\u00e9e Paul Ordner. En dessous les valeurs du magazines imprim\u00e9es en majuscules rouges : \u00ab\u00a0Tous les Sports &#8211; La Vie en Plaine Air &#8211; La Famille\u00a0\u00bb L\u2019estampe est encadr\u00e9e sous verre. Avec son [&hellip;]<\/p>\n","protected":false},"featured_media":8493,"template":"","meta":{"site-sidebar-layout":"default","site-content-layout":"","ast-site-content-layout":"default","site-content-style":"default","site-sidebar-style":"default","ast-global-header-display":"","ast-banner-title-visibility":"","ast-main-header-display":"","ast-hfb-above-header-display":"","ast-hfb-below-header-display":"","ast-hfb-mobile-header-display":"","site-post-title":"","ast-breadcrumbs-content":"","ast-featured-img":"","footer-sml-layout":"","ast-disable-related-posts":"","theme-transparent-header-meta":"","adv-header-id-meta":"","stick-header-meta":"","header-above-stick-meta":"","header-main-stick-meta":"","header-below-stick-meta":"","astra-migrate-meta-layouts":"default","ast-page-background-enabled":"default","ast-page-background-meta":{"desktop":{"background-color":"var(--ast-global-color-4)","background-image":"","background-repeat":"repeat","background-position":"center center","background-size":"auto","background-attachment":"scroll","background-type":"","background-media":"","overlay-type":"","overlay-color":"","overlay-opacity":"","overlay-gradient":""},"tablet":{"background-color":"","background-image":"","background-repeat":"repeat","background-position":"center center","background-size":"auto","background-attachment":"scroll","background-type":"","background-media":"","overlay-type":"","overlay-color":"","overlay-opacity":"","overlay-gradient":""},"mobile":{"background-color":"","background-image":"","background-repeat":"repeat","background-position":"center center","background-size":"auto","background-attachment":"scroll","background-type":"","background-media":"","overlay-type":"","overlay-color":"","overlay-opacity":"","overlay-gradient":""}},"ast-content-background-meta":{"desktop":{"background-color":"var(--ast-global-color-5)","background-image":"","background-repeat":"repeat","background-position":"center center","background-size":"auto","background-attachment":"scroll","background-type":"","background-media":"","overlay-type":"","overlay-color":"","overlay-opacity":"","overlay-gradient":""},"tablet":{"background-color":"var(--ast-global-color-5)","background-image":"","background-repeat":"repeat","background-position":"center center","background-size":"auto","background-attachment":"scroll","background-type":"","background-media":"","overlay-type":"","overlay-color":"","overlay-opacity":"","overlay-gradient":""},"mobile":{"background-color":"var(--ast-global-color-5)","background-image":"","background-repeat":"repeat","background-position":"center center","background-size":"auto","background-attachment":"scroll","background-type":"","background-media":"","overlay-type":"","overlay-color":"","overlay-opacity":"","overlay-gradient":""}}},"product_cat":[27,3516],"product_tag":[1424,1197,3870,1426,1011],"yoast_head":"<!-- This site is optimized with the Yoast SEO plugin v20.8 - https:\/\/yoast.com\/wordpress\/plugins\/seo\/ -->\n<title>Ancienne Couverture du \u00ab\u00a0 Chasseur Fran\u00e7ais\u00a0\u00bb Encadr\u00e9e : No 655 (Sept 1951) - Vintage French Finds<\/title>\n<meta name=\"description\" content=\"The best of French vintage delivered to your doorstep direct from France : fashion, furniture, decoration, table art, curiosities, collections and art work.\" \/>\n<meta name=\"robots\" content=\"index, follow, max-snippet:-1, max-image-preview:large, max-video-preview:-1\" \/>\n<link rel=\"canonical\" href=\"https:\/\/vintagefrenchfinds.com\/en\/product\/ancienne-couverture-du-chasseur-francais-encadree-no-655-sept-1951-2\/\" \/>\n<meta property=\"og:locale\" content=\"en_GB\" \/>\n<meta property=\"og:type\" content=\"article\" \/>\n<meta property=\"og:title\" content=\"Ancienne Couverture du \u00ab\u00a0 Chasseur Fran\u00e7ais\u00a0\u00bb Encadr\u00e9e : No 655 (Sept 1951) - Vintage French Finds\" \/>\n<meta property=\"og:description\" content=\"The best of French vintage delivered to your doorstep direct from France : fashion, furniture, decoration, table art, curiosities, collections and art work.\" \/>\n<meta property=\"og:url\" content=\"https:\/\/vintagefrenchfinds.com\/en\/product\/ancienne-couverture-du-chasseur-francais-encadree-no-655-sept-1951-2\/\" \/>\n<meta property=\"og:site_name\" content=\"Vintage French Finds\" \/>\n<meta property=\"article:modified_time\" content=\"2025-03-19T12:46:34+00:00\" \/>\n<meta property=\"og:image\" content=\"https:\/\/vintagefrenchfinds.com\/wp-content\/uploads\/2021\/04\/DSCN1010.jpg\" \/>\n\t<meta property=\"og:image:width\" content=\"684\" \/>\n\t<meta property=\"og:image:height\" content=\"886\" \/>\n\t<meta property=\"og:image:type\" content=\"image\/jpeg\" \/>\n<meta name=\"twitter:card\" content=\"summary_large_image\" \/>\n<meta name=\"twitter:label1\" content=\"Estimated reading time\" \/>\n\t<meta name=\"twitter:data1\" content=\"1 minute\" \/>\n<script type=\"application\/ld+json\" class=\"yoast-schema-graph\">{\"@context\":\"https:\/\/schema.org\",\"@graph\":[{\"@type\":\"WebPage\",\"@id\":\"https:\/\/vintagefrenchfinds.com\/product\/ancienne-couverture-du-chasseur-francais-encadree-no-655-sept-1951-2\",\"url\":\"https:\/\/vintagefrenchfinds.com\/product\/ancienne-couverture-du-chasseur-francais-encadree-no-655-sept-1951-2\",\"name\":\"Ancienne Couverture du \u00ab\u00a0 Chasseur Fran\u00e7ais\u00a0\u00bb Encadr\u00e9e : No 655 (Sept 1951) - Vintage French Finds\",\"isPartOf\":{\"@id\":\"https:\/\/vintagefrenchfinds.com\/#website\"},\"datePublished\":\"2021-04-11T16:00:16+00:00\",\"dateModified\":\"2025-03-19T12:46:34+00:00\",\"description\":\"The best of French vintage delivered to your doorstep direct from France : fashion, furniture, decoration, table art, curiosities, collections and art work.\",\"breadcrumb\":{\"@id\":\"https:\/\/vintagefrenchfinds.com\/product\/ancienne-couverture-du-chasseur-francais-encadree-no-655-sept-1951-2#breadcrumb\"},\"inLanguage\":\"en-GB\",\"potentialAction\":[{\"@type\":\"ReadAction\",\"target\":[\"https:\/\/vintagefrenchfinds.com\/product\/ancienne-couverture-du-chasseur-francais-encadree-no-655-sept-1951-2\"]}]},{\"@type\":\"BreadcrumbList\",\"@id\":\"https:\/\/vintagefrenchfinds.com\/product\/ancienne-couverture-du-chasseur-francais-encadree-no-655-sept-1951-2#breadcrumb\",\"itemListElement\":[{\"@type\":\"ListItem\",\"position\":1,\"name\":\"Home\",\"item\":\"https:\/\/vintagefrenchfinds.com\/\"},{\"@type\":\"ListItem\",\"position\":2,\"name\":\"BOUTIQUE\",\"item\":\"https:\/\/vintagefrenchfinds.com\/shop\"},{\"@type\":\"ListItem\",\"position\":3,\"name\":\"Ancienne Couverture du \u00ab\u00a0 Chasseur Fran\u00e7ais\u00a0\u00bb Encadr\u00e9e : No 655 (Sept 1951)\"}]},{\"@type\":\"WebSite\",\"@id\":\"https:\/\/vintagefrenchfinds.com\/#website\",\"url\":\"https:\/\/vintagefrenchfinds.com\/\",\"name\":\"Vintage French Finds\",\"description\":\"The best of French vintage delivered to your doorstep direct from France : fashion, furniture, decoration, table art, curiosities, collections and art work.\",\"potentialAction\":[{\"@type\":\"SearchAction\",\"target\":{\"@type\":\"EntryPoint\",\"urlTemplate\":\"https:\/\/vintagefrenchfinds.com\/?s={search_term_string}\"},\"query-input\":\"required name=search_term_string\"}],\"inLanguage\":\"en-GB\"}]}<\/script>\n<!-- \/ Yoast SEO plugin. -->","yoast_head_json":{"title":"Ancienne Couverture du \u00ab\u00a0 Chasseur Fran\u00e7ais\u00a0\u00bb Encadr\u00e9e : No 655 (Sept 1951) - Vintage French Finds","description":"The best of French vintage delivered to your doorstep direct from France : fashion, furniture, decoration, table art, curiosities, collections and art work.","robots":{"index":"index","follow":"follow","max-snippet":"max-snippet:-1","max-image-preview":"max-image-preview:large","max-video-preview":"max-video-preview:-1"},"canonical":"https:\/\/vintagefrenchfinds.com\/en\/product\/ancienne-couverture-du-chasseur-francais-encadree-no-655-sept-1951-2\/","og_locale":"en_GB","og_type":"article","og_title":"Ancienne Couverture du \u00ab\u00a0 Chasseur Fran\u00e7ais\u00a0\u00bb Encadr\u00e9e : No 655 (Sept 1951) - Vintage French Finds","og_description":"The best of French vintage delivered to your doorstep direct from France : fashion, furniture, decoration, table art, curiosities, collections and art work.","og_url":"https:\/\/vintagefrenchfinds.com\/en\/product\/ancienne-couverture-du-chasseur-francais-encadree-no-655-sept-1951-2\/","og_site_name":"Vintage French Finds","article_modified_time":"2025-03-19T12:46:34+00:00","og_image":[{"width":684,"height":886,"url":"https:\/\/vintagefrenchfinds.com\/wp-content\/uploads\/2021\/04\/DSCN1010.jpg","type":"image\/jpeg"}],"twitter_card":"summary_large_image","twitter_misc":{"Estimated reading time":"1 minute"},"schema":{"@context":"https:\/\/schema.org","@graph":[{"@type":"WebPage","@id":"https:\/\/vintagefrenchfinds.com\/product\/ancienne-couverture-du-chasseur-francais-encadree-no-655-sept-1951-2","url":"https:\/\/vintagefrenchfinds.com\/product\/ancienne-couverture-du-chasseur-francais-encadree-no-655-sept-1951-2","name":"Ancienne Couverture du \u00ab\u00a0 Chasseur Fran\u00e7ais\u00a0\u00bb Encadr\u00e9e : No 655 (Sept 1951) - Vintage French Finds","isPartOf":{"@id":"https:\/\/vintagefrenchfinds.com\/#website"},"datePublished":"2021-04-11T16:00:16+00:00","dateModified":"2025-03-19T12:46:34+00:00","description":"The best of French vintage delivered to your doorstep direct from France : fashion, furniture, decoration, table art, curiosities, collections and art work.","breadcrumb":{"@id":"https:\/\/vintagefrenchfinds.com\/product\/ancienne-couverture-du-chasseur-francais-encadree-no-655-sept-1951-2#breadcrumb"},"inLanguage":"en-GB","potentialAction":[{"@type":"ReadAction","target":["https:\/\/vintagefrenchfinds.com\/product\/ancienne-couverture-du-chasseur-francais-encadree-no-655-sept-1951-2"]}]},{"@type":"BreadcrumbList","@id":"https:\/\/vintagefrenchfinds.com\/product\/ancienne-couverture-du-chasseur-francais-encadree-no-655-sept-1951-2#breadcrumb","itemListElement":[{"@type":"ListItem","position":1,"name":"Home","item":"https:\/\/vintagefrenchfinds.com\/"},{"@type":"ListItem","position":2,"name":"BOUTIQUE","item":"https:\/\/vintagefrenchfinds.com\/shop"},{"@type":"ListItem","position":3,"name":"Ancienne Couverture du \u00ab\u00a0 Chasseur Fran\u00e7ais\u00a0\u00bb Encadr\u00e9e : No 655 (Sept 1951)"}]},{"@type":"WebSite","@id":"https:\/\/vintagefrenchfinds.com\/#website","url":"https:\/\/vintagefrenchfinds.com\/","name":"Vintage French Finds\u00a0","description":"The best of French vintage delivered to your doorstep direct from France : fashion, furniture, decoration, table art, curiosities, collections and art work.","potentialAction":[{"@type":"SearchAction","target":{"@type":"EntryPoint","urlTemplate":"https:\/\/vintagefrenchfinds.com\/?s={search_term_string}"},"query-input":"required name=search_term_string"}],"inLanguage":"en-GB"}]}},"post_mailing_queue_ids":[],"_links":{"self":[{"href":"https:\/\/vintagefrenchfinds.com\/en\/wp-json\/wp\/v2\/product\/8492"}],"collection":[{"href":"https:\/\/vintagefrenchfinds.com\/en\/wp-json\/wp\/v2\/product"}],"about":[{"href":"https:\/\/vintagefrenchfinds.com\/en\/wp-json\/wp\/v2\/types\/product"}],"wp:featuredmedia":[{"embeddable":true,"href":"https:\/\/vintagefrenchfinds.com\/en\/wp-json\/wp\/v2\/media\/8493"}],"wp:attachment":[{"href":"https:\/\/vintagefrenchfinds.com\/en\/wp-json\/wp\/v2\/media?parent=8492"}],"wp:term":[{"taxonomy":"product_cat","embeddable":true,"href":"https:\/\/vintagefrenchfinds.com\/en\/wp-json\/wp\/v2\/product_cat?post=8492"},{"taxonomy":"product_tag","embeddable":true,"href":"https:\/\/vintagefrenchfinds.com\/en\/wp-json\/wp\/v2\/product_tag?post=8492"}],"curies":[{"name":"wp","href":"https:\/\/api.w.org\/{rel}","templated":true}]}}