{"id":8536,"date":"2021-04-11T17:05:30","date_gmt":"2021-04-11T17:05:30","guid":{"rendered":"https:\/\/vintagefrenchfinds.com\/?post_type=product&#038;p=8536"},"modified":"2025-03-14T22:09:40","modified_gmt":"2025-03-14T22:09:40","slug":"missel-romain-reliure-cuir-maison-alfred-mame-et-fils","status":"publish","type":"product","link":"https:\/\/vintagefrenchfinds.com\/en\/product\/missel-romain-reliure-cuir-maison-alfred-mame-et-fils","title":{"rendered":"Antique French Leather-Bound Roman Missal : Maison Alfred Mame et Fils"},"content":{"rendered":"<p class=\"p1\"><span class=\"s1\">Missel Romain no 61 contenant les offices de tous les dimanches et des principales f\u00eates de l&rsquo; ann\u00e9e.<\/span><\/p>\n<p class=\"p1\"><span class=\"s1\">Approved by S G. Mgr N\u00e8gre archbishop of Tours.<\/span><\/p>\n<p class=\"p1\"><span class=\"s1\">Maison Alfred Mame et Fils Pontifical Publishers Tours.<\/span><\/p>\n<p class=\"p1\"><span class=\"s1\">Leather binding with gold printing<\/span><\/p>\n<p class=\"p1\"><span class=\"s1\">This devotional object comes in its original box (damaged) as well as with various bookmarks, prayers, mementos and dried flowers.<\/span><\/p>\n<p class=\"p1\"><span class=\"s1\">Please look at the photos to judge its condition.<\/span><\/p>\n<p class=\"p1\"><span class=\"s1\">W 10.5 x H 14.2 cm<\/span><\/p>","protected":false},"excerpt":{"rendered":"<p>Missel Romain no 61 contenant les offices de tous les dimanches et des principales f\u00eates de l&rsquo; ann\u00e9e. Approuv\u00e9 par S G. Mgr N\u00e8gre archev\u00eaque de Tours. Maison Alfred Mame et Fils \u00e9diteurs pontificaux Tours. Reliure pleine peau, titrage dor\u00e9. Cet objet d\u00e9votionnel est ropos\u00e9 dans sa bo\u00eete d\u2019origine (ab\u00eem\u00e9) ainsi qu\u2019avec divers marque pages, [&hellip;]<\/p>\n","protected":false},"featured_media":8541,"template":"","meta":{"site-sidebar-layout":"default","site-content-layout":"","ast-site-content-layout":"default","site-content-style":"default","site-sidebar-style":"default","ast-global-header-display":"","ast-banner-title-visibility":"","ast-main-header-display":"","ast-hfb-above-header-display":"","ast-hfb-below-header-display":"","ast-hfb-mobile-header-display":"","site-post-title":"","ast-breadcrumbs-content":"","ast-featured-img":"","footer-sml-layout":"","ast-disable-related-posts":"","theme-transparent-header-meta":"","adv-header-id-meta":"","stick-header-meta":"","header-above-stick-meta":"","header-main-stick-meta":"","header-below-stick-meta":"","astra-migrate-meta-layouts":"default","ast-page-background-enabled":"default","ast-page-background-meta":{"desktop":{"background-color":"var(--ast-global-color-4)","background-image":"","background-repeat":"repeat","background-position":"center center","background-size":"auto","background-attachment":"scroll","background-type":"","background-media":"","overlay-type":"","overlay-color":"","overlay-opacity":"","overlay-gradient":""},"tablet":{"background-color":"","background-image":"","background-repeat":"repeat","background-position":"center center","background-size":"auto","background-attachment":"scroll","background-type":"","background-media":"","overlay-type":"","overlay-color":"","overlay-opacity":"","overlay-gradient":""},"mobile":{"background-color":"","background-image":"","background-repeat":"repeat","background-position":"center center","background-size":"auto","background-attachment":"scroll","background-type":"","background-media":"","overlay-type":"","overlay-color":"","overlay-opacity":"","overlay-gradient":""}},"ast-content-background-meta":{"desktop":{"background-color":"var(--ast-global-color-5)","background-image":"","background-repeat":"repeat","background-position":"center center","background-size":"auto","background-attachment":"scroll","background-type":"","background-media":"","overlay-type":"","overlay-color":"","overlay-opacity":"","overlay-gradient":""},"tablet":{"background-color":"var(--ast-global-color-5)","background-image":"","background-repeat":"repeat","background-position":"center center","background-size":"auto","background-attachment":"scroll","background-type":"","background-media":"","overlay-type":"","overlay-color":"","overlay-opacity":"","overlay-gradient":""},"mobile":{"background-color":"var(--ast-global-color-5)","background-image":"","background-repeat":"repeat","background-position":"center center","background-size":"auto","background-attachment":"scroll","background-type":"","background-media":"","overlay-type":"","overlay-color":"","overlay-opacity":"","overlay-gradient":""}}},"product_cat":[27,66],"product_tag":[1197,1515,3915,1011],"yoast_head":"<!-- This site is optimized with the Yoast SEO plugin v20.8 - https:\/\/yoast.com\/wordpress\/plugins\/seo\/ -->\n<title>Missel Romain Reliure Cuir : Maison Alfred Mame et Fils - Vintage French Finds<\/title>\n<meta name=\"description\" content=\"The best of French vintage delivered to your doorstep direct from France : fashion, furniture, decoration, table art, curiosities, collections and art work.\" \/>\n<meta name=\"robots\" content=\"index, follow, max-snippet:-1, max-image-preview:large, max-video-preview:-1\" \/>\n<link rel=\"canonical\" href=\"https:\/\/vintagefrenchfinds.com\/en\/product\/missel-romain-reliure-cuir-maison-alfred-mame-et-fils\/\" \/>\n<meta property=\"og:locale\" content=\"en_GB\" \/>\n<meta property=\"og:type\" content=\"article\" \/>\n<meta property=\"og:title\" content=\"Missel Romain Reliure Cuir : Maison Alfred Mame et Fils - Vintage French Finds\" \/>\n<meta property=\"og:description\" content=\"The best of French vintage delivered to your doorstep direct from France : fashion, furniture, decoration, table art, curiosities, collections and art work.\" \/>\n<meta property=\"og:url\" content=\"https:\/\/vintagefrenchfinds.com\/en\/product\/missel-romain-reliure-cuir-maison-alfred-mame-et-fils\/\" \/>\n<meta property=\"og:site_name\" content=\"Vintage French Finds\" \/>\n<meta property=\"article:modified_time\" content=\"2025-03-14T22:09:40+00:00\" \/>\n<meta property=\"og:image\" content=\"https:\/\/vintagefrenchfinds.com\/wp-content\/uploads\/2021\/04\/DSCN1054.jpg\" \/>\n\t<meta property=\"og:image:width\" content=\"886\" \/>\n\t<meta property=\"og:image:height\" content=\"661\" \/>\n\t<meta property=\"og:image:type\" content=\"image\/jpeg\" \/>\n<meta name=\"twitter:card\" content=\"summary_large_image\" \/>\n<script type=\"application\/ld+json\" class=\"yoast-schema-graph\">{\"@context\":\"https:\/\/schema.org\",\"@graph\":[{\"@type\":\"WebPage\",\"@id\":\"https:\/\/vintagefrenchfinds.com\/product\/missel-romain-reliure-cuir-maison-alfred-mame-et-fils\",\"url\":\"https:\/\/vintagefrenchfinds.com\/product\/missel-romain-reliure-cuir-maison-alfred-mame-et-fils\",\"name\":\"Missel Romain Reliure Cuir : Maison Alfred Mame et Fils - Vintage French Finds\",\"isPartOf\":{\"@id\":\"https:\/\/vintagefrenchfinds.com\/#website\"},\"datePublished\":\"2021-04-11T17:05:30+00:00\",\"dateModified\":\"2025-03-14T22:09:40+00:00\",\"description\":\"The best of French vintage delivered to your doorstep direct from France : fashion, furniture, decoration, table art, curiosities, collections and art work.\",\"breadcrumb\":{\"@id\":\"https:\/\/vintagefrenchfinds.com\/product\/missel-romain-reliure-cuir-maison-alfred-mame-et-fils#breadcrumb\"},\"inLanguage\":\"en-GB\",\"potentialAction\":[{\"@type\":\"ReadAction\",\"target\":[\"https:\/\/vintagefrenchfinds.com\/product\/missel-romain-reliure-cuir-maison-alfred-mame-et-fils\"]}]},{\"@type\":\"BreadcrumbList\",\"@id\":\"https:\/\/vintagefrenchfinds.com\/product\/missel-romain-reliure-cuir-maison-alfred-mame-et-fils#breadcrumb\",\"itemListElement\":[{\"@type\":\"ListItem\",\"position\":1,\"name\":\"Home\",\"item\":\"https:\/\/vintagefrenchfinds.com\/\"},{\"@type\":\"ListItem\",\"position\":2,\"name\":\"BOUTIQUE\",\"item\":\"https:\/\/vintagefrenchfinds.com\/shop\"},{\"@type\":\"ListItem\",\"position\":3,\"name\":\"Missel Romain Reliure Cuir : Maison Alfred Mame et Fils\"}]},{\"@type\":\"WebSite\",\"@id\":\"https:\/\/vintagefrenchfinds.com\/#website\",\"url\":\"https:\/\/vintagefrenchfinds.com\/\",\"name\":\"Vintage French Finds\",\"description\":\"The best of French vintage delivered to your doorstep direct from France : fashion, furniture, decoration, table art, curiosities, collections and art work.\",\"potentialAction\":[{\"@type\":\"SearchAction\",\"target\":{\"@type\":\"EntryPoint\",\"urlTemplate\":\"https:\/\/vintagefrenchfinds.com\/?s={search_term_string}\"},\"query-input\":\"required name=search_term_string\"}],\"inLanguage\":\"en-GB\"}]}<\/script>\n<!-- \/ Yoast SEO plugin. -->","yoast_head_json":{"title":"Missel Romain Reliure Cuir : Maison Alfred Mame et Fils - Vintage French Finds","description":"The best of French vintage delivered to your doorstep direct from France : fashion, furniture, decoration, table art, curiosities, collections and art work.","robots":{"index":"index","follow":"follow","max-snippet":"max-snippet:-1","max-image-preview":"max-image-preview:large","max-video-preview":"max-video-preview:-1"},"canonical":"https:\/\/vintagefrenchfinds.com\/en\/product\/missel-romain-reliure-cuir-maison-alfred-mame-et-fils\/","og_locale":"en_GB","og_type":"article","og_title":"Missel Romain Reliure Cuir : Maison Alfred Mame et Fils - Vintage French Finds","og_description":"The best of French vintage delivered to your doorstep direct from France : fashion, furniture, decoration, table art, curiosities, collections and art work.","og_url":"https:\/\/vintagefrenchfinds.com\/en\/product\/missel-romain-reliure-cuir-maison-alfred-mame-et-fils\/","og_site_name":"Vintage French Finds","article_modified_time":"2025-03-14T22:09:40+00:00","og_image":[{"width":886,"height":661,"url":"https:\/\/vintagefrenchfinds.com\/wp-content\/uploads\/2021\/04\/DSCN1054.jpg","type":"image\/jpeg"}],"twitter_card":"summary_large_image","schema":{"@context":"https:\/\/schema.org","@graph":[{"@type":"WebPage","@id":"https:\/\/vintagefrenchfinds.com\/product\/missel-romain-reliure-cuir-maison-alfred-mame-et-fils","url":"https:\/\/vintagefrenchfinds.com\/product\/missel-romain-reliure-cuir-maison-alfred-mame-et-fils","name":"Missel Romain Reliure Cuir : Maison Alfred Mame et Fils - Vintage French Finds","isPartOf":{"@id":"https:\/\/vintagefrenchfinds.com\/#website"},"datePublished":"2021-04-11T17:05:30+00:00","dateModified":"2025-03-14T22:09:40+00:00","description":"The best of French vintage delivered to your doorstep direct from France : fashion, furniture, decoration, table art, curiosities, collections and art work.","breadcrumb":{"@id":"https:\/\/vintagefrenchfinds.com\/product\/missel-romain-reliure-cuir-maison-alfred-mame-et-fils#breadcrumb"},"inLanguage":"en-GB","potentialAction":[{"@type":"ReadAction","target":["https:\/\/vintagefrenchfinds.com\/product\/missel-romain-reliure-cuir-maison-alfred-mame-et-fils"]}]},{"@type":"BreadcrumbList","@id":"https:\/\/vintagefrenchfinds.com\/product\/missel-romain-reliure-cuir-maison-alfred-mame-et-fils#breadcrumb","itemListElement":[{"@type":"ListItem","position":1,"name":"Home","item":"https:\/\/vintagefrenchfinds.com\/"},{"@type":"ListItem","position":2,"name":"BOUTIQUE","item":"https:\/\/vintagefrenchfinds.com\/shop"},{"@type":"ListItem","position":3,"name":"Missel Romain Reliure Cuir : Maison Alfred Mame et Fils"}]},{"@type":"WebSite","@id":"https:\/\/vintagefrenchfinds.com\/#website","url":"https:\/\/vintagefrenchfinds.com\/","name":"Vintage French Finds\u00a0","description":"The best of French vintage delivered to your doorstep direct from France : fashion, furniture, decoration, table art, curiosities, collections and art work.","potentialAction":[{"@type":"SearchAction","target":{"@type":"EntryPoint","urlTemplate":"https:\/\/vintagefrenchfinds.com\/?s={search_term_string}"},"query-input":"required name=search_term_string"}],"inLanguage":"en-GB"}]}},"post_mailing_queue_ids":[],"_links":{"self":[{"href":"https:\/\/vintagefrenchfinds.com\/en\/wp-json\/wp\/v2\/product\/8536"}],"collection":[{"href":"https:\/\/vintagefrenchfinds.com\/en\/wp-json\/wp\/v2\/product"}],"about":[{"href":"https:\/\/vintagefrenchfinds.com\/en\/wp-json\/wp\/v2\/types\/product"}],"wp:featuredmedia":[{"embeddable":true,"href":"https:\/\/vintagefrenchfinds.com\/en\/wp-json\/wp\/v2\/media\/8541"}],"wp:attachment":[{"href":"https:\/\/vintagefrenchfinds.com\/en\/wp-json\/wp\/v2\/media?parent=8536"}],"wp:term":[{"taxonomy":"product_cat","embeddable":true,"href":"https:\/\/vintagefrenchfinds.com\/en\/wp-json\/wp\/v2\/product_cat?post=8536"},{"taxonomy":"product_tag","embeddable":true,"href":"https:\/\/vintagefrenchfinds.com\/en\/wp-json\/wp\/v2\/product_tag?post=8536"}],"curies":[{"name":"wp","href":"https:\/\/api.w.org\/{rel}","templated":true}]}}