{"id":8858,"date":"2021-05-12T14:28:06","date_gmt":"2021-05-12T14:28:06","guid":{"rendered":"https:\/\/vintagefrenchfinds.com\/?post_type=product&#038;p=8858"},"modified":"2025-03-16T12:49:25","modified_gmt":"2025-03-16T12:49:25","slug":"ancien-service-dassiettes-mexicaine-en-terre-cuite-motif-cygne","status":"publish","type":"product","link":"https:\/\/vintagefrenchfinds.com\/en\/product\/ancien-service-dassiettes-mexicaine-en-terre-cuite-motif-cygne","title":{"rendered":"Ancien Service d\u2019Assiettes Mexicaine en Terre Cuite \/ Motif Cygne"},"content":{"rendered":"<p class=\"p1\"><span class=\"s1\">Superbe s<\/span><span class=\"s2\">ervice d\u2019assiettes vintage en terre cuite fabriqu\u00e9 \u00e0 la main par des artisans du peuple indig\u00e8ne Pur\u00e9pecha au Mexique dans les ann\u00e9es 50\/60.<\/span><\/p>\n<p class=\"p3\"><span class=\"s3\">Les plats sont \u00e0 base d\u2019argile rouge (redware pottery) et d\u00e9cor\u00e9 d\u2019un cygne dans une belle gla\u00e7ure de style Majolica vert fonc\u00e9. <\/span><\/p>\n<p class=\"p3\"><span class=\"s3\">The set includes 4 polychrome ceramic plates and a platter, <\/span><\/p>\n<p class=\"p3\"><span class=\"s3\">1 x Assiette D 15 cm<\/span><\/p>\n<p class=\"p3\"><span class=\"s3\">6 x Assiette D 18 cm<\/span><\/p>\n<p class=\"p3\"><span class=\"s3\">4 x Assiette D 21,5 cm<\/span><\/p>\n<p class=\"p3\"><span class=\"s3\">7 x Assiette D 24,8 cm<\/span><\/p>\n<p class=\"p3\"><span class=\"s3\">Chaque pi\u00e8ce est unique, comme bon peut voir sur les photos<\/span><\/p>\n<p class=\"p3\"><span class=\"s3\">Cette poterie \u00e0 vitrage vert, \u00ab\u00a0loza vidriada verde\u00a0\u00bb, avec ses motifs d\u00e9coratifs g\u00e9om\u00e9triques ou zoomorphe,<span class=\"Apple-converted-space\">\u00a0 <\/span>This green-glazed pottery, \"loza vidriada verde\", with its geometric or zoomorphic decorative patterns, has been a specialty of the village of Patamban in Michoac\u00e1n state for centuries.<\/span><\/p>","protected":false},"excerpt":{"rendered":"<p>Superbe service d\u2019assiettes vintage en terre cuite fabriqu\u00e9 \u00e0 la main par des artisans du peuple indig\u00e8ne Pur\u00e9pecha au Mexique dans les ann\u00e9es 50\/60. Les plats sont \u00e0 base d\u2019argile rouge (redware pottery) et d\u00e9cor\u00e9 d\u2019un cygne dans une belle gla\u00e7ure de style Majolica vert fonc\u00e9. Le lot comprend 1 x Assiette D 15 cm [&hellip;]<\/p>\n","protected":false},"featured_media":8859,"template":"","meta":{"site-sidebar-layout":"default","site-content-layout":"default","ast-site-content-layout":"default","site-content-style":"default","site-sidebar-style":"default","ast-global-header-display":"","ast-banner-title-visibility":"","ast-main-header-display":"","ast-hfb-above-header-display":"","ast-hfb-below-header-display":"","ast-hfb-mobile-header-display":"","site-post-title":"","ast-breadcrumbs-content":"","ast-featured-img":"","footer-sml-layout":"","ast-disable-related-posts":"","theme-transparent-header-meta":"default","adv-header-id-meta":"","stick-header-meta":"","header-above-stick-meta":"","header-main-stick-meta":"","header-below-stick-meta":"","astra-migrate-meta-layouts":"default","ast-page-background-enabled":"default","ast-page-background-meta":{"desktop":{"background-color":"var(--ast-global-color-4)","background-image":"","background-repeat":"repeat","background-position":"center center","background-size":"auto","background-attachment":"scroll","background-type":"","background-media":"","overlay-type":"","overlay-color":"","overlay-opacity":"","overlay-gradient":""},"tablet":{"background-color":"","background-image":"","background-repeat":"repeat","background-position":"center center","background-size":"auto","background-attachment":"scroll","background-type":"","background-media":"","overlay-type":"","overlay-color":"","overlay-opacity":"","overlay-gradient":""},"mobile":{"background-color":"","background-image":"","background-repeat":"repeat","background-position":"center center","background-size":"auto","background-attachment":"scroll","background-type":"","background-media":"","overlay-type":"","overlay-color":"","overlay-opacity":"","overlay-gradient":""}},"ast-content-background-meta":{"desktop":{"background-color":"var(--ast-global-color-5)","background-image":"","background-repeat":"repeat","background-position":"center center","background-size":"auto","background-attachment":"scroll","background-type":"","background-media":"","overlay-type":"","overlay-color":"","overlay-opacity":"","overlay-gradient":""},"tablet":{"background-color":"var(--ast-global-color-5)","background-image":"","background-repeat":"repeat","background-position":"center center","background-size":"auto","background-attachment":"scroll","background-type":"","background-media":"","overlay-type":"","overlay-color":"","overlay-opacity":"","overlay-gradient":""},"mobile":{"background-color":"var(--ast-global-color-5)","background-image":"","background-repeat":"repeat","background-position":"center center","background-size":"auto","background-attachment":"scroll","background-type":"","background-media":"","overlay-type":"","overlay-color":"","overlay-opacity":"","overlay-gradient":""}}},"product_cat":[3542,3543],"product_tag":[1197,1115,1845,1920,1490,1174,1662,1484,1011],"yoast_head":"<!-- This site is optimized with the Yoast SEO plugin v20.8 - https:\/\/yoast.com\/wordpress\/plugins\/seo\/ -->\n<title>Ancien Service d\u2019Assiettes Mexicaine en Terre Cuite \/ Motif Cygne - Vintage French Finds<\/title>\n<meta name=\"description\" content=\"The best of French vintage delivered to your doorstep direct from France : fashion, furniture, decoration, table art, curiosities, collections and art work.\" \/>\n<meta name=\"robots\" content=\"index, follow, max-snippet:-1, max-image-preview:large, max-video-preview:-1\" \/>\n<link rel=\"canonical\" href=\"https:\/\/vintagefrenchfinds.com\/en\/product\/ancien-service-dassiettes-mexicaine-en-terre-cuite-motif-cygne\/\" \/>\n<meta property=\"og:locale\" content=\"en_GB\" \/>\n<meta property=\"og:type\" content=\"article\" \/>\n<meta property=\"og:title\" content=\"Ancien Service d\u2019Assiettes Mexicaine en Terre Cuite \/ Motif Cygne - Vintage French Finds\" \/>\n<meta property=\"og:description\" content=\"The best of French vintage delivered to your doorstep direct from France : fashion, furniture, decoration, table art, curiosities, collections and art work.\" \/>\n<meta property=\"og:url\" content=\"https:\/\/vintagefrenchfinds.com\/en\/product\/ancien-service-dassiettes-mexicaine-en-terre-cuite-motif-cygne\/\" \/>\n<meta property=\"og:site_name\" content=\"Vintage French Finds\" \/>\n<meta property=\"article:modified_time\" content=\"2025-03-16T12:49:25+00:00\" \/>\n<meta property=\"og:image\" content=\"https:\/\/vintagefrenchfinds.com\/wp-content\/uploads\/2021\/05\/DSCN1264.jpg\" \/>\n\t<meta property=\"og:image:width\" content=\"886\" \/>\n\t<meta property=\"og:image:height\" content=\"431\" \/>\n\t<meta property=\"og:image:type\" content=\"image\/jpeg\" \/>\n<meta name=\"twitter:card\" content=\"summary_large_image\" \/>\n<meta name=\"twitter:label1\" content=\"Estimated reading time\" \/>\n\t<meta name=\"twitter:data1\" content=\"1 minute\" \/>\n<script type=\"application\/ld+json\" class=\"yoast-schema-graph\">{\"@context\":\"https:\/\/schema.org\",\"@graph\":[{\"@type\":\"WebPage\",\"@id\":\"https:\/\/vintagefrenchfinds.com\/product\/ancien-service-dassiettes-mexicaine-en-terre-cuite-motif-cygne\",\"url\":\"https:\/\/vintagefrenchfinds.com\/product\/ancien-service-dassiettes-mexicaine-en-terre-cuite-motif-cygne\",\"name\":\"Ancien Service d\u2019Assiettes Mexicaine en Terre Cuite \/ Motif Cygne - Vintage French Finds\",\"isPartOf\":{\"@id\":\"https:\/\/vintagefrenchfinds.com\/#website\"},\"datePublished\":\"2021-05-12T14:28:06+00:00\",\"dateModified\":\"2025-03-16T12:49:25+00:00\",\"description\":\"The best of French vintage delivered to your doorstep direct from France : fashion, furniture, decoration, table art, curiosities, collections and art work.\",\"breadcrumb\":{\"@id\":\"https:\/\/vintagefrenchfinds.com\/product\/ancien-service-dassiettes-mexicaine-en-terre-cuite-motif-cygne#breadcrumb\"},\"inLanguage\":\"en-GB\",\"potentialAction\":[{\"@type\":\"ReadAction\",\"target\":[\"https:\/\/vintagefrenchfinds.com\/product\/ancien-service-dassiettes-mexicaine-en-terre-cuite-motif-cygne\"]}]},{\"@type\":\"BreadcrumbList\",\"@id\":\"https:\/\/vintagefrenchfinds.com\/product\/ancien-service-dassiettes-mexicaine-en-terre-cuite-motif-cygne#breadcrumb\",\"itemListElement\":[{\"@type\":\"ListItem\",\"position\":1,\"name\":\"Home\",\"item\":\"https:\/\/vintagefrenchfinds.com\/\"},{\"@type\":\"ListItem\",\"position\":2,\"name\":\"BOUTIQUE\",\"item\":\"https:\/\/vintagefrenchfinds.com\/shop\"},{\"@type\":\"ListItem\",\"position\":3,\"name\":\"Ancien Service d\u2019Assiettes Mexicaine en Terre Cuite \/ Motif Cygne\"}]},{\"@type\":\"WebSite\",\"@id\":\"https:\/\/vintagefrenchfinds.com\/#website\",\"url\":\"https:\/\/vintagefrenchfinds.com\/\",\"name\":\"Vintage French Finds\",\"description\":\"The best of French vintage delivered to your doorstep direct from France : fashion, furniture, decoration, table art, curiosities, collections and art work.\",\"potentialAction\":[{\"@type\":\"SearchAction\",\"target\":{\"@type\":\"EntryPoint\",\"urlTemplate\":\"https:\/\/vintagefrenchfinds.com\/?s={search_term_string}\"},\"query-input\":\"required name=search_term_string\"}],\"inLanguage\":\"en-GB\"}]}<\/script>\n<!-- \/ Yoast SEO plugin. -->","yoast_head_json":{"title":"Ancien Service d\u2019Assiettes Mexicaine en Terre Cuite \/ Motif Cygne - Vintage French Finds","description":"The best of French vintage delivered to your doorstep direct from France : fashion, furniture, decoration, table art, curiosities, collections and art work.","robots":{"index":"index","follow":"follow","max-snippet":"max-snippet:-1","max-image-preview":"max-image-preview:large","max-video-preview":"max-video-preview:-1"},"canonical":"https:\/\/vintagefrenchfinds.com\/en\/product\/ancien-service-dassiettes-mexicaine-en-terre-cuite-motif-cygne\/","og_locale":"en_GB","og_type":"article","og_title":"Ancien Service d\u2019Assiettes Mexicaine en Terre Cuite \/ Motif Cygne - Vintage French Finds","og_description":"The best of French vintage delivered to your doorstep direct from France : fashion, furniture, decoration, table art, curiosities, collections and art work.","og_url":"https:\/\/vintagefrenchfinds.com\/en\/product\/ancien-service-dassiettes-mexicaine-en-terre-cuite-motif-cygne\/","og_site_name":"Vintage French Finds","article_modified_time":"2025-03-16T12:49:25+00:00","og_image":[{"width":886,"height":431,"url":"https:\/\/vintagefrenchfinds.com\/wp-content\/uploads\/2021\/05\/DSCN1264.jpg","type":"image\/jpeg"}],"twitter_card":"summary_large_image","twitter_misc":{"Estimated reading time":"1 minute"},"schema":{"@context":"https:\/\/schema.org","@graph":[{"@type":"WebPage","@id":"https:\/\/vintagefrenchfinds.com\/product\/ancien-service-dassiettes-mexicaine-en-terre-cuite-motif-cygne","url":"https:\/\/vintagefrenchfinds.com\/product\/ancien-service-dassiettes-mexicaine-en-terre-cuite-motif-cygne","name":"Ancien Service d\u2019Assiettes Mexicaine en Terre Cuite \/ Motif Cygne - Vintage French Finds","isPartOf":{"@id":"https:\/\/vintagefrenchfinds.com\/#website"},"datePublished":"2021-05-12T14:28:06+00:00","dateModified":"2025-03-16T12:49:25+00:00","description":"The best of French vintage delivered to your doorstep direct from France : fashion, furniture, decoration, table art, curiosities, collections and art work.","breadcrumb":{"@id":"https:\/\/vintagefrenchfinds.com\/product\/ancien-service-dassiettes-mexicaine-en-terre-cuite-motif-cygne#breadcrumb"},"inLanguage":"en-GB","potentialAction":[{"@type":"ReadAction","target":["https:\/\/vintagefrenchfinds.com\/product\/ancien-service-dassiettes-mexicaine-en-terre-cuite-motif-cygne"]}]},{"@type":"BreadcrumbList","@id":"https:\/\/vintagefrenchfinds.com\/product\/ancien-service-dassiettes-mexicaine-en-terre-cuite-motif-cygne#breadcrumb","itemListElement":[{"@type":"ListItem","position":1,"name":"Home","item":"https:\/\/vintagefrenchfinds.com\/"},{"@type":"ListItem","position":2,"name":"BOUTIQUE","item":"https:\/\/vintagefrenchfinds.com\/shop"},{"@type":"ListItem","position":3,"name":"Ancien Service d\u2019Assiettes Mexicaine en Terre Cuite \/ Motif Cygne"}]},{"@type":"WebSite","@id":"https:\/\/vintagefrenchfinds.com\/#website","url":"https:\/\/vintagefrenchfinds.com\/","name":"Vintage French Finds\u00a0","description":"The best of French vintage delivered to your doorstep direct from France : fashion, furniture, decoration, table art, curiosities, collections and art work.","potentialAction":[{"@type":"SearchAction","target":{"@type":"EntryPoint","urlTemplate":"https:\/\/vintagefrenchfinds.com\/?s={search_term_string}"},"query-input":"required name=search_term_string"}],"inLanguage":"en-GB"}]}},"post_mailing_queue_ids":[],"_links":{"self":[{"href":"https:\/\/vintagefrenchfinds.com\/en\/wp-json\/wp\/v2\/product\/8858"}],"collection":[{"href":"https:\/\/vintagefrenchfinds.com\/en\/wp-json\/wp\/v2\/product"}],"about":[{"href":"https:\/\/vintagefrenchfinds.com\/en\/wp-json\/wp\/v2\/types\/product"}],"wp:featuredmedia":[{"embeddable":true,"href":"https:\/\/vintagefrenchfinds.com\/en\/wp-json\/wp\/v2\/media\/8859"}],"wp:attachment":[{"href":"https:\/\/vintagefrenchfinds.com\/en\/wp-json\/wp\/v2\/media?parent=8858"}],"wp:term":[{"taxonomy":"product_cat","embeddable":true,"href":"https:\/\/vintagefrenchfinds.com\/en\/wp-json\/wp\/v2\/product_cat?post=8858"},{"taxonomy":"product_tag","embeddable":true,"href":"https:\/\/vintagefrenchfinds.com\/en\/wp-json\/wp\/v2\/product_tag?post=8858"}],"curies":[{"name":"wp","href":"https:\/\/api.w.org\/{rel}","templated":true}]}}